{"id":2005,"date":"2023-06-02T14:47:47","date_gmt":"2023-06-02T06:47:47","guid":{"rendered":"http:\/\/203.196.10.64:3021\/?post_type=product&#038;p=2005"},"modified":"2025-01-08T12:49:02","modified_gmt":"2025-01-08T04:49:02","slug":"sk8253-2","status":"publish","type":"product","link":"https:\/\/www.sikortex.com\/vi\/san-pham\/sk8253-2\/","title":{"rendered":"1000D Nylon 66 \u0110\u1ed9 b\u1ec1n cao Oxford"},"content":{"rendered":"<p>1000D <span style=\"color: #3366ff;\"><a style=\"color: #3366ff;\" href=\"https:\/\/www.sikortex.com\/vi\/nha-san-xuat-vai-nylon\/\">Nylon<\/a><\/span> 66 <a href=\"https:\/\/www.sikortex.com\/vi\/vai-nylon-bong-vai-ripstop-ao-gio-vai-5\/\"><span style=\"color: #3366ff;\">Nh\u00e0 m\u00e1y Oxford<\/span><\/a>c, m\u1ed9t l\u1ef1a ch\u1ecdn tuy\u1ec7t v\u1eddi cho c\u00e1c \u1ee9ng d\u1ee5ng \u0111\u00f2i h\u1ecfi \u0111\u1ed9 b\u1ec1n v\u00e0 s\u1ee9c m\u1ea1nh. \u0110\u01b0\u1ee3c d\u1ec7t t\u1eeb 1000 Denier <span style=\"color: #3366ff;\"><a style=\"color: #3366ff;\" href=\"https:\/\/www.sikortex.com\/vi\/nha-san-xuat-vai-nylon\/\">Nylon<\/a><\/span> 66 S\u1ee3i v\u1ea3i c\u00f3 k\u1ebft c\u1ea5u tho\u00e1ng kh\u00ed, lo\u1ea1i v\u1ea3i n\u00e0y c\u00f3 v\u1ebb ngo\u00e0i v\u00e0 c\u1ea3m gi\u00e1c gi\u1ed1ng nh\u01b0 s\u1ee3i cotton nh\u01b0ng v\u1eabn c\u00f3 \u0111\u1ed9 b\u1ec1n v\u01b0\u1ee3t tr\u1ed9i.<\/p>\n<p>C\u00e1c s\u1ee3i trong lo\u1ea1i v\u1ea3i n\u00e0y \u0111\u01b0\u1ee3c li\u00ean k\u1ebft v\u1edbi nhau, \u0111\u1ea3m b\u1ea3o kh\u1ea3 n\u0103ng ch\u1ed1ng ma s\u00e1t b\u00ean ngo\u00e0i t\u1ed1t h\u01a1n v\u00e0 t\u0103ng \u0111\u1ed9 b\u1ec1n t\u1ed5ng th\u1ec3. <span style=\"color: #3366ff;\"><a style=\"color: #3366ff;\" href=\"https:\/\/www.sikortex.com\/vi\/nha-san-xuat-vai-nylon\/\">Nylon<\/a><\/span> S\u1ee3i 66 \u0111\u01b0\u1ee3c bi\u1ebft \u0111\u1ebfn v\u1edbi \u0111\u1eb7c t\u00ednh c\u00f3 \u0111\u1ed9 b\u1ec1n cao, c\u00f3 \u0111\u1ed9 b\u1ec1n g\u1ea5p ba l\u1ea7n polyester v\u00e0 g\u1ea5p \u0111\u00f4i nylon 6, khi\u1ebfn n\u00f3 tr\u1edf th\u00e0nh l\u1ef1a ch\u1ecdn tuy\u1ec7t v\u1eddi cho c\u00e1c \u1ee9ng d\u1ee5ng kh\u1eafc nghi\u1ec7t.<\/p>\n<p>Ngo\u00e0i ra, ch\u00fang t\u00f4i t\u1ef1 h\u00e0o cung c\u1ea5p <a href=\"https:\/\/www.sikortex.com\/vi\/vai-cordura-2\/\"><span style=\"color: #3366ff;\">d\u00e2y th\u1eebng<\/span><\/a> s\u1ee3i s\u1eed d\u1ee5ng c\u00f4ng ngh\u1ec7 INVISTA, do DuPont ph\u00e1t tri\u1ec3n, n\u1ed5i ti\u1ebfng v\u1ec1 hi\u1ec7u su\u1ea5t v\u00e0 ch\u1ea5t l\u01b0\u1ee3ng. V\u1ea3i c\u1ee7a ch\u00fang t\u00f4i c\u00f3 th\u1ec3 \u0111i k\u00e8m v\u1edbi <a href=\"https:\/\/www.sikortex.com\/vi\/vai-cordura-2\/\"><span style=\"color: #3366ff;\">d\u00e2y th\u1eebng<\/span><\/a> th\u1ebb treo, cung c\u1ea5p th\u00eam s\u1ef1 \u0111\u1ea3m b\u1ea3o v\u1ec1 \u0111\u1ed9 b\u1ec1n v\u00e0 \u0111\u1ed9 tin c\u1eady c\u1ee7a ch\u00fang.<\/p>\n<p>1000D <span style=\"color: #3366ff;\"><a style=\"color: #3366ff;\" href=\"https:\/\/www.sikortex.com\/vi\/nha-san-xuat-vai-nylon\/\">Nylon<\/a><\/span> 66 <a href=\"https:\/\/www.sikortex.com\/vi\/vai-nylon-bong-vai-ripstop-ao-gio-vai-5\/\"><span style=\"color: #3366ff;\">Nh\u00e0 m\u00e1y Oxford<\/span><\/a>c \u0111\u01b0\u1ee3c s\u1eed d\u1ee5ng r\u1ed9ng r\u00e3i trong s\u1ea3n xu\u1ea5t \u00e1o vest chi\u1ebfn thu\u1eadt, qu\u00e2n ph\u1ee5c, v\u1ecf khi\u00ean v\u00e0 qu\u1ea7n \u00e1o l\u00e0m vi\u1ec7c ch\u1ed1ng m\u00e0i m\u00f2n trong ng\u00e0nh c\u00f4ng nghi\u1ec7p n\u1eb7ng. H\u00e3y ch\u1ecdn lo\u1ea1i v\u1ea3i c\u1ee7a ch\u00fang t\u00f4i v\u00ec \u0111\u1ed9 b\u1ec1n, tu\u1ed5i th\u1ecd v\u00e0 \u0111\u1ed9 tin c\u1eady \u0111\u1eb7c bi\u1ec7t trong m\u00f4i tr\u01b0\u1eddng kh\u1eafc nghi\u1ec7t.<\/p>\n<p><a href=\"https:\/\/www.sikortex.com\/vi\/2024\/09\/05\/nha-cung-cap-vai-ripstop-vat-lieu-ripstop\/\"><span style=\"color: #3366ff;\">T\u00ecm hi\u1ec3u th\u00eam v\u1ec1 v\u1ea3i ripstop<\/span><\/a><\/p>","protected":false},"excerpt":{"rendered":"<p>600 m\u00e9t (\u0110\u01a1n h\u00e0ng t\u1ed1i thi\u1ec3u)<\/p>","protected":false},"featured_media":3767,"comment_status":"closed","ping_status":"closed","template":"","meta":{"_uag_custom_page_level_css":"","site-sidebar-layout":"default","site-content-layout":"default","ast-site-content-layout":"","site-content-style":"default","site-sidebar-style":"default","ast-global-header-display":"","ast-banner-title-visibility":"","ast-main-header-display":"","ast-hfb-above-header-display":"","ast-hfb-below-header-display":"","ast-hfb-mobile-header-display":"","site-post-title":"","ast-breadcrumbs-content":"","ast-featured-img":"","footer-sml-layout":"","theme-transparent-header-meta":"default","adv-header-id-meta":"","stick-header-meta":"default","header-above-stick-meta":"","header-main-stick-meta":"","header-below-stick-meta":"","astra-migrate-meta-layouts":"default","ast-page-background-enabled":"default","ast-page-background-meta":{"desktop":{"background-color":"","background-image":"","background-repeat":"repeat","background-position":"center center","background-size":"auto","background-attachment":"scroll","background-type":"","background-media":"","overlay-type":"","overlay-color":"","overlay-opacity":"","overlay-gradient":""},"tablet":{"background-color":"","background-image":"","background-repeat":"repeat","background-position":"center center","background-size":"auto","background-attachment":"scroll","background-type":"","background-media":"","overlay-type":"","overlay-color":"","overlay-opacity":"","overlay-gradient":""},"mobile":{"background-color":"","background-image":"","background-repeat":"repeat","background-position":"center center","background-size":"auto","background-attachment":"scroll","background-type":"","background-media":"","overlay-type":"","overlay-color":"","overlay-opacity":"","overlay-gradient":""}},"ast-content-background-meta":{"desktop":{"background-color":"var(--ast-global-color-5)","background-image":"","background-repeat":"repeat","background-position":"center center","background-size":"auto","background-attachment":"scroll","background-type":"","background-media":"","overlay-type":"","overlay-color":"","overlay-opacity":"","overlay-gradient":""},"tablet":{"background-color":"var(--ast-global-color-5)","background-image":"","background-repeat":"repeat","background-position":"center center","background-size":"auto","background-attachment":"scroll","background-type":"","background-media":"","overlay-type":"","overlay-color":"","overlay-opacity":"","overlay-gradient":""},"mobile":{"background-color":"var(--ast-global-color-5)","background-image":"","background-repeat":"repeat","background-position":"center center","background-size":"auto","background-attachment":"scroll","background-type":"","background-media":"","overlay-type":"","overlay-color":"","overlay-opacity":"","overlay-gradient":""}}},"product_brand":[],"product_cat":[419,423,404,414],"product_tag":[],"class_list":{"0":"post-2005","1":"product","2":"type-product","3":"status-publish","4":"has-post-thumbnail","6":"product_cat-anti-infrared-fabrics","7":"product_cat-fabric-for-military-police","8":"product_cat-nylon-fabrics","9":"product_cat-waterproof-fabrics","10":"pa_available_colors-502001-std","11":"pa_available_colors-h-black","12":"pa_available_colors-911052-spc","13":"desktop-align-left","14":"tablet-align-left","15":"mobile-align-left","16":"ast-product-gallery-layout-vertical-slider","17":"ast-product-tabs-layout-horizontal","19":"first","20":"instock","21":"shipping-taxable","22":"product-type-simple"},"uagb_featured_image_src":{"full":["https:\/\/www.sikortex.com\/wp-content\/uploads\/2023\/06\/O1CN01tudKto1JA5cNyAHO7_3828250987-0-cib-3.jpg",1024,1024,false],"thumbnail":["https:\/\/www.sikortex.com\/wp-content\/uploads\/2023\/06\/O1CN01tudKto1JA5cNyAHO7_3828250987-0-cib-3-150x150.jpg",150,150,true],"medium":["https:\/\/www.sikortex.com\/wp-content\/uploads\/2023\/06\/O1CN01tudKto1JA5cNyAHO7_3828250987-0-cib-3-300x300.jpg",300,300,true],"medium_large":["https:\/\/www.sikortex.com\/wp-content\/uploads\/2023\/06\/O1CN01tudKto1JA5cNyAHO7_3828250987-0-cib-3-768x768.jpg",768,768,true],"large":["https:\/\/www.sikortex.com\/wp-content\/uploads\/2023\/06\/O1CN01tudKto1JA5cNyAHO7_3828250987-0-cib-3.jpg",1024,1024,false],"1536x1536":["https:\/\/www.sikortex.com\/wp-content\/uploads\/2023\/06\/O1CN01tudKto1JA5cNyAHO7_3828250987-0-cib-3.jpg",1024,1024,false],"2048x2048":["https:\/\/www.sikortex.com\/wp-content\/uploads\/2023\/06\/O1CN01tudKto1JA5cNyAHO7_3828250987-0-cib-3.jpg",1024,1024,false],"trp-custom-language-flag":["https:\/\/www.sikortex.com\/wp-content\/uploads\/2023\/06\/O1CN01tudKto1JA5cNyAHO7_3828250987-0-cib-3.jpg",12,12,false],"woocommerce_thumbnail":["https:\/\/www.sikortex.com\/wp-content\/uploads\/2023\/06\/O1CN01tudKto1JA5cNyAHO7_3828250987-0-cib-3-300x300.jpg",300,300,true],"woocommerce_single":["https:\/\/www.sikortex.com\/wp-content\/uploads\/2023\/06\/O1CN01tudKto1JA5cNyAHO7_3828250987-0-cib-3-600x600.jpg",600,600,true],"woocommerce_gallery_thumbnail":["https:\/\/www.sikortex.com\/wp-content\/uploads\/2023\/06\/O1CN01tudKto1JA5cNyAHO7_3828250987-0-cib-3-100x100.jpg",100,100,true]},"uagb_author_info":{"display_name":"Perry","author_link":"https:\/\/www.sikortex.com\/vi\/author\/"},"uagb_comment_info":0,"uagb_excerpt":"600 Meters(Min.Order)","_links":{"self":[{"href":"https:\/\/www.sikortex.com\/vi\/wp-json\/wp\/v2\/product\/2005","targetHints":{"allow":["GET"]}}],"collection":[{"href":"https:\/\/www.sikortex.com\/vi\/wp-json\/wp\/v2\/product"}],"about":[{"href":"https:\/\/www.sikortex.com\/vi\/wp-json\/wp\/v2\/types\/product"}],"replies":[{"embeddable":true,"href":"https:\/\/www.sikortex.com\/vi\/wp-json\/wp\/v2\/comments?post=2005"}],"wp:featuredmedia":[{"embeddable":true,"href":"https:\/\/www.sikortex.com\/vi\/wp-json\/wp\/v2\/media\/3767"}],"wp:attachment":[{"href":"https:\/\/www.sikortex.com\/vi\/wp-json\/wp\/v2\/media?parent=2005"}],"wp:term":[{"taxonomy":"product_brand","embeddable":true,"href":"https:\/\/www.sikortex.com\/vi\/wp-json\/wp\/v2\/product_brand?post=2005"},{"taxonomy":"product_cat","embeddable":true,"href":"https:\/\/www.sikortex.com\/vi\/wp-json\/wp\/v2\/product_cat?post=2005"},{"taxonomy":"product_tag","embeddable":true,"href":"https:\/\/www.sikortex.com\/vi\/wp-json\/wp\/v2\/product_tag?post=2005"}],"curies":[{"name":"wp","href":"https:\/\/api.w.org\/{rel}","templated":true}]}}