{"id":1995,"date":"2023-06-02T14:45:41","date_gmt":"2023-06-02T06:45:41","guid":{"rendered":"http:\/\/203.196.10.64:3021\/?post_type=product&#038;p=1995"},"modified":"2025-08-18T14:05:01","modified_gmt":"2025-08-18T06:05:01","slug":"sk8362-2","status":"publish","type":"product","link":"https:\/\/www.sikortex.com\/vi\/san-pham\/sk8362-2\/","title":{"rendered":"V\u1ea3i ch\u1ed1ng ch\u00e1y Polyester Oxford BS5852 L\u1edbp ph\u1ee7 PU ti\u00eau chu\u1ea9n"},"content":{"rendered":"<p>SIKOR-TEX l\u00e0 nh\u00e0 s\u1ea3n xu\u1ea5t v\u1ea3i ch\u1ea5t l\u01b0\u1ee3ng cao c\u00f3 tr\u1ee5 s\u1edf t\u1ea1i Trung Qu\u1ed1c<\/p>\n<p>V\u1ea3i ch\u1ed1ng ch\u00e1y 300D Polyester Oxford BS5852 L\u1edbp ph\u1ee7 PU ti\u00eau chu\u1ea9n l\u00e0 lo\u1ea1i v\u1ea3i cao c\u1ea5p v\u1eeba c\u00f3 kh\u1ea3 n\u0103ng ch\u1ed1ng ch\u00e1y v\u1eeba ch\u1ed1ng th\u1ea5m n\u01b0\u1edbc. N\u00f3 \u0111\u01b0\u1ee3c ph\u1ee7 m\u1ed9t l\u1edbp pu ch\u1ed1ng ch\u00e1y tr\u00ean v\u1ea3i, l\u00fd t\u01b0\u1edfng \u0111\u1ec3 s\u1eed d\u1ee5ng trong c\u00e1c s\u1ea3n ph\u1ea9m y\u00eau c\u1ea7u m\u1ee9c \u0111\u1ed9 an to\u00e0n cao h\u01a1n. Lo\u1ea1i v\u1ea3i n\u00e0y kh\u00f4ng ch\u1ec9 c\u00f3 kh\u1ea3 n\u0103ng ch\u1ed1ng ch\u00e1y m\u00e0 c\u00f2n c\u00f3 kh\u1ea3 n\u0103ng ch\u1ed1ng th\u1ea5m n\u01b0\u1edbc, b\u1ea3o v\u1ec7 kh\u1ecfi t\u00e1c h\u1ea1i c\u1ee7a n\u01b0\u1edbc.<br \/>\nV\u1ea3i FR tu\u00e2n th\u1ee7 ti\u00eau chu\u1ea9n BS5852, \u0111\u1ea3m b\u1ea3o \u0111\u00e1p \u1ee9ng c\u00e1c y\u00eau c\u1ea7u v\u1ec1 an to\u00e0n cho s\u1ea3n ph\u1ea9m d\u00e0nh cho tr\u1ebb em v\u00e0 \u0111\u1ed3 gia d\u1ee5ng. N\u00f3 l\u00e0 m\u1ed9t lo\u1ea1i v\u1ea3i \u0111a n\u0103ng c\u00f3 th\u1ec3 \u0111\u01b0\u1ee3c s\u1eed d\u1ee5ng trong nhi\u1ec1u \u1ee9ng d\u1ee5ng, bao g\u1ed3m thi\u1ebft b\u1ecb ngo\u00e0i tr\u1eddi, s\u1ea3n ph\u1ea9m d\u00e0nh cho tr\u1ebb em v\u00e0 \u0111\u1ed3 n\u1ed9i th\u1ea5t gia \u0111\u00ecnh.<\/p>","protected":false},"excerpt":{"rendered":"<p>1200 m\u00e9t (\u0110\u01a1n h\u00e0ng t\u1ed1i thi\u1ec3u)<\/p>","protected":false},"featured_media":3771,"comment_status":"closed","ping_status":"closed","template":"","meta":{"_uag_custom_page_level_css":"","site-sidebar-layout":"default","site-content-layout":"default","ast-site-content-layout":"","site-content-style":"default","site-sidebar-style":"default","ast-global-header-display":"","ast-banner-title-visibility":"","ast-main-header-display":"","ast-hfb-above-header-display":"","ast-hfb-below-header-display":"","ast-hfb-mobile-header-display":"","site-post-title":"","ast-breadcrumbs-content":"","ast-featured-img":"","footer-sml-layout":"","theme-transparent-header-meta":"default","adv-header-id-meta":"","stick-header-meta":"default","header-above-stick-meta":"","header-main-stick-meta":"","header-below-stick-meta":"","astra-migrate-meta-layouts":"default","ast-page-background-enabled":"default","ast-page-background-meta":{"desktop":{"background-color":"","background-image":"","background-repeat":"repeat","background-position":"center center","background-size":"auto","background-attachment":"scroll","background-type":"","background-media":"","overlay-type":"","overlay-color":"","overlay-opacity":"","overlay-gradient":""},"tablet":{"background-color":"","background-image":"","background-repeat":"repeat","background-position":"center center","background-size":"auto","background-attachment":"scroll","background-type":"","background-media":"","overlay-type":"","overlay-color":"","overlay-opacity":"","overlay-gradient":""},"mobile":{"background-color":"","background-image":"","background-repeat":"repeat","background-position":"center center","background-size":"auto","background-attachment":"scroll","background-type":"","background-media":"","overlay-type":"","overlay-color":"","overlay-opacity":"","overlay-gradient":""}},"ast-content-background-meta":{"desktop":{"background-color":"var(--ast-global-color-5)","background-image":"","background-repeat":"repeat","background-position":"center center","background-size":"auto","background-attachment":"scroll","background-type":"","background-media":"","overlay-type":"","overlay-color":"","overlay-opacity":"","overlay-gradient":""},"tablet":{"background-color":"var(--ast-global-color-5)","background-image":"","background-repeat":"repeat","background-position":"center center","background-size":"auto","background-attachment":"scroll","background-type":"","background-media":"","overlay-type":"","overlay-color":"","overlay-opacity":"","overlay-gradient":""},"mobile":{"background-color":"var(--ast-global-color-5)","background-image":"","background-repeat":"repeat","background-position":"center center","background-size":"auto","background-attachment":"scroll","background-type":"","background-media":"","overlay-type":"","overlay-color":"","overlay-opacity":"","overlay-gradient":""}}},"product_brand":[],"product_cat":[426,1126,432,416,427,403,433,1697,414],"product_tag":[],"class_list":{"0":"post-1995","1":"product","2":"type-product","3":"status-publish","4":"has-post-thumbnail","6":"product_cat-constructionmining","7":"product_cat-fabric-for-awning","8":"product_cat-fabric-for-tent","9":"product_cat-fire-retardant-fabrics","10":"product_cat-petroleum-and-petrochemical","11":"product_cat-polyester-fabrics","12":"product_cat-textile-for-industrial","13":"product_cat-uv-protection-fabric","14":"product_cat-waterproof-fabrics","15":"pa_available_colors-911052-spc","16":"desktop-align-left","17":"tablet-align-left","18":"mobile-align-left","19":"ast-product-gallery-layout-vertical-slider","20":"ast-product-tabs-layout-horizontal","22":"first","23":"instock","24":"shipping-taxable","25":"product-type-simple"},"uagb_featured_image_src":{"full":["https:\/\/www.sikortex.com\/wp-content\/uploads\/2023\/06\/O1CN0170tjFV1vw8hbSZLv3_2215622046236-0-cib-1.jpg",1024,1024,false],"thumbnail":["https:\/\/www.sikortex.com\/wp-content\/uploads\/2023\/06\/O1CN0170tjFV1vw8hbSZLv3_2215622046236-0-cib-1-150x150.jpg",150,150,true],"medium":["https:\/\/www.sikortex.com\/wp-content\/uploads\/2023\/06\/O1CN0170tjFV1vw8hbSZLv3_2215622046236-0-cib-1-300x300.jpg",300,300,true],"medium_large":["https:\/\/www.sikortex.com\/wp-content\/uploads\/2023\/06\/O1CN0170tjFV1vw8hbSZLv3_2215622046236-0-cib-1-768x768.jpg",768,768,true],"large":["https:\/\/www.sikortex.com\/wp-content\/uploads\/2023\/06\/O1CN0170tjFV1vw8hbSZLv3_2215622046236-0-cib-1.jpg",1024,1024,false],"1536x1536":["https:\/\/www.sikortex.com\/wp-content\/uploads\/2023\/06\/O1CN0170tjFV1vw8hbSZLv3_2215622046236-0-cib-1.jpg",1024,1024,false],"2048x2048":["https:\/\/www.sikortex.com\/wp-content\/uploads\/2023\/06\/O1CN0170tjFV1vw8hbSZLv3_2215622046236-0-cib-1.jpg",1024,1024,false],"trp-custom-language-flag":["https:\/\/www.sikortex.com\/wp-content\/uploads\/2023\/06\/O1CN0170tjFV1vw8hbSZLv3_2215622046236-0-cib-1.jpg",12,12,false],"woocommerce_thumbnail":["https:\/\/www.sikortex.com\/wp-content\/uploads\/2023\/06\/O1CN0170tjFV1vw8hbSZLv3_2215622046236-0-cib-1-300x300.jpg",300,300,true],"woocommerce_single":["https:\/\/www.sikortex.com\/wp-content\/uploads\/2023\/06\/O1CN0170tjFV1vw8hbSZLv3_2215622046236-0-cib-1-600x600.jpg",600,600,true],"woocommerce_gallery_thumbnail":["https:\/\/www.sikortex.com\/wp-content\/uploads\/2023\/06\/O1CN0170tjFV1vw8hbSZLv3_2215622046236-0-cib-1-100x100.jpg",100,100,true]},"uagb_author_info":{"display_name":"Perry","author_link":"https:\/\/www.sikortex.com\/vi\/author\/"},"uagb_comment_info":0,"uagb_excerpt":"1200 Meters(Min.Order)","_links":{"self":[{"href":"https:\/\/www.sikortex.com\/vi\/wp-json\/wp\/v2\/product\/1995","targetHints":{"allow":["GET"]}}],"collection":[{"href":"https:\/\/www.sikortex.com\/vi\/wp-json\/wp\/v2\/product"}],"about":[{"href":"https:\/\/www.sikortex.com\/vi\/wp-json\/wp\/v2\/types\/product"}],"replies":[{"embeddable":true,"href":"https:\/\/www.sikortex.com\/vi\/wp-json\/wp\/v2\/comments?post=1995"}],"wp:featuredmedia":[{"embeddable":true,"href":"https:\/\/www.sikortex.com\/vi\/wp-json\/wp\/v2\/media\/3771"}],"wp:attachment":[{"href":"https:\/\/www.sikortex.com\/vi\/wp-json\/wp\/v2\/media?parent=1995"}],"wp:term":[{"taxonomy":"product_brand","embeddable":true,"href":"https:\/\/www.sikortex.com\/vi\/wp-json\/wp\/v2\/product_brand?post=1995"},{"taxonomy":"product_cat","embeddable":true,"href":"https:\/\/www.sikortex.com\/vi\/wp-json\/wp\/v2\/product_cat?post=1995"},{"taxonomy":"product_tag","embeddable":true,"href":"https:\/\/www.sikortex.com\/vi\/wp-json\/wp\/v2\/product_tag?post=1995"}],"curies":[{"name":"wp","href":"https:\/\/api.w.org\/{rel}","templated":true}]}}