{"id":1991,"date":"2023-06-02T14:44:48","date_gmt":"2023-06-02T06:44:48","guid":{"rendered":"http:\/\/203.196.10.64:3021\/?post_type=product&#038;p=1991"},"modified":"2025-01-08T13:00:08","modified_gmt":"2025-01-08T05:00:08","slug":"sk8251-2","status":"publish","type":"product","link":"https:\/\/www.sikortex.com\/vi\/san-pham\/sk8251-2\/","title":{"rendered":"V\u1ea3i Nylon 1000D Oxford c\u01b0\u1eddng \u0111\u1ed9 cao"},"content":{"rendered":"<p>Nh\u00e0 s\u1ea3n xu\u1ea5t v\u1ea3i hi\u1ec7u su\u1ea5t SIKOR-TEX<\/p>\n<p>1000D <a href=\"https:\/\/www.sikortex.com\/vi\/nha-san-xuat-vai-nylon\/\"><span style=\"color: #3366ff;\">Nylon<\/span><\/a>\u00a0 \u0110\u1ed9 b\u1ec1n cao <a href=\"https:\/\/www.sikortex.com\/vi\/vai-nylon-bong-vai-ripstop-ao-gio-vai-5\/\"><span style=\"color: #3366ff;\">V\u1ea3i Oxford<\/span><\/a>, m\u1ed9t lo\u1ea1i v\u1eadt li\u1ec7u m\u1ea1nh m\u1ebd \u0111\u01b0\u1ee3c thi\u1ebft k\u1ebf \u0111\u1ec3 \u0111\u00e1p \u1ee9ng nh\u1eefng y\u00eau c\u1ea7u kh\u1eaft khe c\u1ee7a thi\u1ebft b\u1ecb qu\u00e2n s\u1ef1 v\u00e0 qu\u1ea7n \u00e1o l\u00e0m vi\u1ec7c ch\u1ed1ng m\u00e0i m\u00f2n \u0111\u1eb7c bi\u1ec7t.<\/p>\n<p>\u0110\u01b0\u1ee3c ch\u1ebf t\u00e1c t\u1eeb ch\u1ea5t li\u1ec7u 1000D cao c\u1ea5p <a href=\"https:\/\/www.sikortex.com\/vi\/nha-san-xuat-vai-nylon\/\"><span style=\"color: #3366ff;\">Nylon<\/span><\/a> 6 s\u1ee3i, lo\u1ea1i v\u1ea3i n\u00e0y c\u00f3 \u0111\u1ed9 b\u1ec1n v\u00e0 s\u1ee9c m\u1ea1nh \u0111\u1eb7c bi\u1ec7t. V\u1edbi \u0111\u1ed9 b\u1ec1n g\u1ea5p 1,5 l\u1ea7n polyester, n\u00f3 c\u00f3 th\u1ec3 ch\u1ecbu \u0111\u01b0\u1ee3c vi\u1ec7c s\u1eed d\u1ee5ng nhi\u1ec1u v\u00e0 \u0111i\u1ec1u ki\u1ec7n kh\u1eafc nghi\u1ec7t, khi\u1ebfn n\u00f3 tr\u1edf n\u00ean l\u00fd t\u01b0\u1edfng cho c\u00e1c \u1ee9ng d\u1ee5ng \u0111\u00f2i h\u1ecfi hi\u1ec7u su\u1ea5t m\u1ea1nh m\u1ebd.<\/p>\n<p>\u0110\u1ed9 b\u1ec1n cao c\u1ee7a lo\u1ea1i v\u1ea3i n\u00e0y \u0111\u1ea3m b\u1ea3o r\u1eb1ng n\u00f3 c\u00f3 th\u1ec3 ch\u1ecbu \u0111\u01b0\u1ee3c s\u1ef1 kh\u1eafc nghi\u1ec7t c\u1ee7a c\u00e1c ho\u1ea1t \u0111\u1ed9ng qu\u00e2n s\u1ef1 v\u00e0 cung c\u1ea5p kh\u1ea3 n\u0103ng b\u1ea3o v\u1ec7 \u0111\u00e1ng tin c\u1eady trong c\u00e1c m\u00f4i tr\u01b0\u1eddng \u0111\u1ea7y th\u00e1ch th\u1ee9c. N\u00f3 \u0111\u01b0\u1ee3c thi\u1ebft k\u1ebf \u0111\u1eb7c bi\u1ec7t \u0111\u1ec3 \u0111\u00e1p \u1ee9ng c\u00e1c y\u00eau c\u1ea7u c\u1ee7a<a href=\"https:\/\/www.sikortex.com\/vi\/quan-vai-ripstop-vai\/\"><span style=\"color: #3366ff;\"> qu\u00e2n \u0111\u1ed9i<\/span><\/a> c\u00e1c thi\u1ebft b\u1ecb nh\u01b0 ba l\u00f4, \u00e1o chi\u1ebfn thu\u1eadt v\u00e0 ph\u1ee5 ki\u1ec7n \u0111\u1ed3 d\u00f9ng, trong \u0111\u00f3 \u0111\u1ed9 b\u1ec1n v\u00e0 kh\u1ea3 n\u0103ng ph\u1ee5c h\u1ed3i l\u00e0 t\u1ed1i quan tr\u1ecdng.<\/p>\n<p>Ngo\u00e0i ra, lo\u1ea1i v\u1ea3i n\u00e0y r\u1ea5t ph\u00f9 h\u1ee3p \u0111\u1ec3 s\u1ea3n xu\u1ea5t qu\u1ea7n \u00e1o b\u1ea3o h\u1ed9 lao \u0111\u1ed9ng ch\u1ed1ng m\u00e0i m\u00f2n \u0111\u1eb7c bi\u1ec7t. K\u1ebft c\u1ea5u ch\u1eafc ch\u1eafn v\u00e0 \u0111\u1eb7c t\u00ednh \u0111\u1ed9 b\u1ec1n cao l\u00e0m cho n\u00f3 tr\u1edf th\u00e0nh l\u1ef1a ch\u1ecdn \u0111\u00e1ng tin c\u1eady cho c\u00e1c ng\u00e0nh c\u00f4ng nghi\u1ec7p \u0111\u00f2i h\u1ecfi \u0111\u1ed9 b\u1ec1n v\u01b0\u1ee3t tr\u1ed9i, ch\u1eb3ng h\u1ea1n nh\u01b0 x\u00e2y d\u1ef1ng, khai th\u00e1c m\u1ecf v\u00e0 v\u1eadn h\u00e0nh m\u00e1y m\u00f3c h\u1ea1ng n\u1eb7ng.<\/p>\n<p>Duy\u1ec7t th\u00eam <span style=\"color: #3366ff;\"><a style=\"color: #3366ff;\" href=\"https:\/\/www.sikortex.com\/vi\/vai-cordura-2\/\">V\u1ea3i Cordura<\/a><\/span><\/p>","protected":false},"excerpt":{"rendered":"<p>600 m\u00e9t (\u0110\u01a1n h\u00e0ng t\u1ed1i thi\u1ec3u)<\/p>","protected":false},"featured_media":3765,"comment_status":"closed","ping_status":"closed","template":"","meta":{"_uag_custom_page_level_css":"","site-sidebar-layout":"default","site-content-layout":"default","ast-site-content-layout":"","site-content-style":"default","site-sidebar-style":"default","ast-global-header-display":"","ast-banner-title-visibility":"","ast-main-header-display":"","ast-hfb-above-header-display":"","ast-hfb-below-header-display":"","ast-hfb-mobile-header-display":"","site-post-title":"","ast-breadcrumbs-content":"","ast-featured-img":"","footer-sml-layout":"","theme-transparent-header-meta":"default","adv-header-id-meta":"","stick-header-meta":"default","header-above-stick-meta":"","header-main-stick-meta":"","header-below-stick-meta":"","astra-migrate-meta-layouts":"default","ast-page-background-enabled":"default","ast-page-background-meta":{"desktop":{"background-color":"","background-image":"","background-repeat":"repeat","background-position":"center center","background-size":"auto","background-attachment":"scroll","background-type":"","background-media":"","overlay-type":"","overlay-color":"","overlay-opacity":"","overlay-gradient":""},"tablet":{"background-color":"","background-image":"","background-repeat":"repeat","background-position":"center center","background-size":"auto","background-attachment":"scroll","background-type":"","background-media":"","overlay-type":"","overlay-color":"","overlay-opacity":"","overlay-gradient":""},"mobile":{"background-color":"","background-image":"","background-repeat":"repeat","background-position":"center center","background-size":"auto","background-attachment":"scroll","background-type":"","background-media":"","overlay-type":"","overlay-color":"","overlay-opacity":"","overlay-gradient":""}},"ast-content-background-meta":{"desktop":{"background-color":"var(--ast-global-color-5)","background-image":"","background-repeat":"repeat","background-position":"center center","background-size":"auto","background-attachment":"scroll","background-type":"","background-media":"","overlay-type":"","overlay-color":"","overlay-opacity":"","overlay-gradient":""},"tablet":{"background-color":"var(--ast-global-color-5)","background-image":"","background-repeat":"repeat","background-position":"center center","background-size":"auto","background-attachment":"scroll","background-type":"","background-media":"","overlay-type":"","overlay-color":"","overlay-opacity":"","overlay-gradient":""},"mobile":{"background-color":"var(--ast-global-color-5)","background-image":"","background-repeat":"repeat","background-position":"center center","background-size":"auto","background-attachment":"scroll","background-type":"","background-media":"","overlay-type":"","overlay-color":"","overlay-opacity":"","overlay-gradient":""}}},"product_brand":[],"product_cat":[419,423,404],"product_tag":[],"class_list":{"0":"post-1991","1":"product","2":"type-product","3":"status-publish","4":"has-post-thumbnail","6":"product_cat-anti-infrared-fabrics","7":"product_cat-fabric-for-military-police","8":"product_cat-nylon-fabrics","9":"pa_available_colors-olive-green","10":"pa_available_colors-911052-spc","11":"desktop-align-left","12":"tablet-align-left","13":"mobile-align-left","14":"ast-product-gallery-layout-vertical-slider","15":"ast-product-tabs-layout-horizontal","17":"first","18":"instock","19":"shipping-taxable","20":"product-type-simple"},"uagb_featured_image_src":{"full":["https:\/\/www.sikortex.com\/wp-content\/uploads\/2023\/06\/O1CN01WJli1Q1JA5dxdB96v_3828250987-0-cib-1.jpg",1024,1024,false],"thumbnail":["https:\/\/www.sikortex.com\/wp-content\/uploads\/2023\/06\/O1CN01WJli1Q1JA5dxdB96v_3828250987-0-cib-1-150x150.jpg",150,150,true],"medium":["https:\/\/www.sikortex.com\/wp-content\/uploads\/2023\/06\/O1CN01WJli1Q1JA5dxdB96v_3828250987-0-cib-1-300x300.jpg",300,300,true],"medium_large":["https:\/\/www.sikortex.com\/wp-content\/uploads\/2023\/06\/O1CN01WJli1Q1JA5dxdB96v_3828250987-0-cib-1-768x768.jpg",768,768,true],"large":["https:\/\/www.sikortex.com\/wp-content\/uploads\/2023\/06\/O1CN01WJli1Q1JA5dxdB96v_3828250987-0-cib-1.jpg",1024,1024,false],"1536x1536":["https:\/\/www.sikortex.com\/wp-content\/uploads\/2023\/06\/O1CN01WJli1Q1JA5dxdB96v_3828250987-0-cib-1.jpg",1024,1024,false],"2048x2048":["https:\/\/www.sikortex.com\/wp-content\/uploads\/2023\/06\/O1CN01WJli1Q1JA5dxdB96v_3828250987-0-cib-1.jpg",1024,1024,false],"trp-custom-language-flag":["https:\/\/www.sikortex.com\/wp-content\/uploads\/2023\/06\/O1CN01WJli1Q1JA5dxdB96v_3828250987-0-cib-1.jpg",12,12,false],"woocommerce_thumbnail":["https:\/\/www.sikortex.com\/wp-content\/uploads\/2023\/06\/O1CN01WJli1Q1JA5dxdB96v_3828250987-0-cib-1-300x300.jpg",300,300,true],"woocommerce_single":["https:\/\/www.sikortex.com\/wp-content\/uploads\/2023\/06\/O1CN01WJli1Q1JA5dxdB96v_3828250987-0-cib-1-600x600.jpg",600,600,true],"woocommerce_gallery_thumbnail":["https:\/\/www.sikortex.com\/wp-content\/uploads\/2023\/06\/O1CN01WJli1Q1JA5dxdB96v_3828250987-0-cib-1-100x100.jpg",100,100,true]},"uagb_author_info":{"display_name":"Perry","author_link":"https:\/\/www.sikortex.com\/vi\/author\/"},"uagb_comment_info":0,"uagb_excerpt":"600 Meters(Min.Order)","_links":{"self":[{"href":"https:\/\/www.sikortex.com\/vi\/wp-json\/wp\/v2\/product\/1991","targetHints":{"allow":["GET"]}}],"collection":[{"href":"https:\/\/www.sikortex.com\/vi\/wp-json\/wp\/v2\/product"}],"about":[{"href":"https:\/\/www.sikortex.com\/vi\/wp-json\/wp\/v2\/types\/product"}],"replies":[{"embeddable":true,"href":"https:\/\/www.sikortex.com\/vi\/wp-json\/wp\/v2\/comments?post=1991"}],"wp:featuredmedia":[{"embeddable":true,"href":"https:\/\/www.sikortex.com\/vi\/wp-json\/wp\/v2\/media\/3765"}],"wp:attachment":[{"href":"https:\/\/www.sikortex.com\/vi\/wp-json\/wp\/v2\/media?parent=1991"}],"wp:term":[{"taxonomy":"product_brand","embeddable":true,"href":"https:\/\/www.sikortex.com\/vi\/wp-json\/wp\/v2\/product_brand?post=1991"},{"taxonomy":"product_cat","embeddable":true,"href":"https:\/\/www.sikortex.com\/vi\/wp-json\/wp\/v2\/product_cat?post=1991"},{"taxonomy":"product_tag","embeddable":true,"href":"https:\/\/www.sikortex.com\/vi\/wp-json\/wp\/v2\/product_tag?post=1991"}],"curies":[{"name":"wp","href":"https:\/\/api.w.org\/{rel}","templated":true}]}}