{"id":1980,"date":"2023-06-02T14:43:05","date_gmt":"2023-06-02T06:43:05","guid":{"rendered":"http:\/\/203.196.10.64:3021\/?post_type=product&#038;p=1980"},"modified":"2025-02-17T17:45:45","modified_gmt":"2025-02-17T09:45:45","slug":"vai-pu-phu-chong-chay-bs5852","status":"publish","type":"product","link":"https:\/\/www.sikortex.com\/vi\/san-pham\/vai-pu-phu-chong-chay-bs5852\/","title":{"rendered":"V\u1ea3i Polyester 400D Jacquard ph\u1ee7 PU ch\u1ed1ng ch\u00e1y BS5852"},"content":{"rendered":"<div class=\"auto-hide-last-sibling-br paragraph-JOTKXA paragraph-element br-paragraph-space\">V\u1ea3i PU ch\u1ed1ng ch\u00e1y SIKOR \u2013 TEX polyester 400D jacquard l\u00e0 m\u1eabu v\u1ea3i ch\u1ea5t l\u01b0\u1ee3ng cao. N\u00f3 k\u1ebft h\u1ee3p t\u00ednh ch\u1ea5t ch\u1ed1ng ch\u00e1y v\u00e0 ch\u1ed1ng th\u1ea5m n\u01b0\u1edbc. L\u1edbp ph\u1ee7 PU ch\u1ed1ng ch\u00e1y tr\u00ean b\u1ec1 m\u1eb7t l\u00e0m cho n\u00f3 n\u1ed5i b\u1eadt trong vi\u1ec7c \u0111\u1ea3m b\u1ea3o an to\u00e0n, \u0111\u1eb7c bi\u1ec7t ph\u00f9 h\u1ee3p v\u1edbi c\u00e1c s\u1ea3n ph\u1ea9m c\u00f3 y\u00eau c\u1ea7u an to\u00e0n b\u1ed5 sung.<\/div>\n<p>&nbsp;<\/p>\n<div class=\"auto-hide-last-sibling-br paragraph-JOTKXA paragraph-element br-paragraph-space\">Lo\u1ea1i v\u1ea3i n\u00e0y kh\u00f4ng ch\u1ec9 c\u00f3 kh\u1ea3 n\u0103ng ch\u1ed1ng ch\u00e1y tuy\u1ec7t v\u1eddi m\u00e0 c\u00f2n c\u00f3 \u0111\u1eb7c t\u00ednh ch\u1ed1ng th\u1ea5m n\u01b0\u1edbc t\u1ed1t, c\u00f3 th\u1ec3 ch\u1ed1ng l\u1ea1i hi\u1ec7u qu\u1ea3 thi\u1ec7t h\u1ea1i do n\u01b0\u1edbc g\u00e2y ra v\u00e0 b\u1ea3o v\u1ec7 to\u00e0n di\u1ec7n cho s\u1ea3n ph\u1ea9m.<\/div>\n<p>&nbsp;<\/p>\n<div class=\"auto-hide-last-sibling-br paragraph-JOTKXA paragraph-element br-paragraph-space\">C\u1ea7n l\u01b0u \u00fd r\u1eb1ng lo\u1ea1i v\u1ea3i n\u00e0y tu\u00e2n th\u1ee7 ti\u00eau chu\u1ea9n BS5852. Ti\u00eau chu\u1ea9n n\u00e0y \u0111\u1ea3m b\u1ea3o nghi\u00eam ng\u1eb7t t\u00ednh an to\u00e0n c\u1ee7a n\u00f3 trong l\u0129nh v\u1ef1c s\u1ea3n ph\u1ea9m d\u00e0nh cho tr\u1ebb em v\u00e0 \u0111\u1ed3 gia d\u1ee5ng.<\/div>\n<p>&nbsp;<\/p>\n<div class=\"auto-hide-last-sibling-br paragraph-JOTKXA paragraph-element br-paragraph-space\">\u0110\u00e2y l\u00e0 m\u1ed9t lo\u1ea1i v\u1ea3i c\u1ef1c k\u1ef3 linh ho\u1ea1t v\u1edbi nhi\u1ec1u \u1ee9ng d\u1ee5ng, bao g\u1ed3m nhi\u1ec1u l\u0129nh v\u1ef1c nh\u01b0 thi\u1ebft b\u1ecb ngo\u00e0i tr\u1eddi, s\u1ea3n ph\u1ea9m d\u00e0nh cho tr\u1ebb em v\u00e0 \u0111\u1ed3 gia d\u1ee5ng.<\/div>","protected":false},"excerpt":{"rendered":"<p>3000 m\u00e9t (\u0110\u01a1n h\u00e0ng t\u1ed1i thi\u1ec3u)<\/p>","protected":false},"featured_media":3769,"comment_status":"closed","ping_status":"closed","template":"","meta":{"_uag_custom_page_level_css":"","site-sidebar-layout":"default","site-content-layout":"default","ast-site-content-layout":"","site-content-style":"default","site-sidebar-style":"default","ast-global-header-display":"","ast-banner-title-visibility":"","ast-main-header-display":"","ast-hfb-above-header-display":"","ast-hfb-below-header-display":"","ast-hfb-mobile-header-display":"","site-post-title":"","ast-breadcrumbs-content":"","ast-featured-img":"","footer-sml-layout":"","theme-transparent-header-meta":"default","adv-header-id-meta":"","stick-header-meta":"default","header-above-stick-meta":"","header-main-stick-meta":"","header-below-stick-meta":"","astra-migrate-meta-layouts":"default","ast-page-background-enabled":"default","ast-page-background-meta":{"desktop":{"background-color":"","background-image":"","background-repeat":"repeat","background-position":"center center","background-size":"auto","background-attachment":"scroll","background-type":"","background-media":"","overlay-type":"","overlay-color":"","overlay-opacity":"","overlay-gradient":""},"tablet":{"background-color":"","background-image":"","background-repeat":"repeat","background-position":"center center","background-size":"auto","background-attachment":"scroll","background-type":"","background-media":"","overlay-type":"","overlay-color":"","overlay-opacity":"","overlay-gradient":""},"mobile":{"background-color":"","background-image":"","background-repeat":"repeat","background-position":"center center","background-size":"auto","background-attachment":"scroll","background-type":"","background-media":"","overlay-type":"","overlay-color":"","overlay-opacity":"","overlay-gradient":""}},"ast-content-background-meta":{"desktop":{"background-color":"var(--ast-global-color-5)","background-image":"","background-repeat":"repeat","background-position":"center center","background-size":"auto","background-attachment":"scroll","background-type":"","background-media":"","overlay-type":"","overlay-color":"","overlay-opacity":"","overlay-gradient":""},"tablet":{"background-color":"var(--ast-global-color-5)","background-image":"","background-repeat":"repeat","background-position":"center center","background-size":"auto","background-attachment":"scroll","background-type":"","background-media":"","overlay-type":"","overlay-color":"","overlay-opacity":"","overlay-gradient":""},"mobile":{"background-color":"var(--ast-global-color-5)","background-image":"","background-repeat":"repeat","background-position":"center center","background-size":"auto","background-attachment":"scroll","background-type":"","background-media":"","overlay-type":"","overlay-color":"","overlay-opacity":"","overlay-gradient":""}}},"product_brand":[],"product_cat":[1206,430,432,416,1184,403,433,414],"product_tag":[],"class_list":{"0":"post-1980","1":"product","2":"type-product","3":"status-publish","4":"has-post-thumbnail","6":"product_cat-fabric-for-bag","7":"product_cat-fabric-for-motorwear","8":"product_cat-fabric-for-tent","9":"product_cat-fire-retardant-fabrics","10":"product_cat-oxford-fabric","11":"product_cat-polyester-fabrics","12":"product_cat-textile-for-industrial","13":"product_cat-waterproof-fabrics","14":"pa_available_colors-h-black","15":"desktop-align-left","16":"tablet-align-left","17":"mobile-align-left","18":"ast-product-gallery-layout-vertical-slider","19":"ast-product-tabs-layout-horizontal","21":"first","22":"instock","23":"shipping-taxable","24":"product-type-simple"},"uagb_featured_image_src":{"full":["https:\/\/www.sikortex.com\/wp-content\/uploads\/2023\/06\/O1CN012KV9Xq1EeFkXyhHmo_2214215900376-0-cib-1.jpg",1024,1024,false],"thumbnail":["https:\/\/www.sikortex.com\/wp-content\/uploads\/2023\/06\/O1CN012KV9Xq1EeFkXyhHmo_2214215900376-0-cib-1-150x150.jpg",150,150,true],"medium":["https:\/\/www.sikortex.com\/wp-content\/uploads\/2023\/06\/O1CN012KV9Xq1EeFkXyhHmo_2214215900376-0-cib-1-300x300.jpg",300,300,true],"medium_large":["https:\/\/www.sikortex.com\/wp-content\/uploads\/2023\/06\/O1CN012KV9Xq1EeFkXyhHmo_2214215900376-0-cib-1-768x768.jpg",768,768,true],"large":["https:\/\/www.sikortex.com\/wp-content\/uploads\/2023\/06\/O1CN012KV9Xq1EeFkXyhHmo_2214215900376-0-cib-1.jpg",1024,1024,false],"1536x1536":["https:\/\/www.sikortex.com\/wp-content\/uploads\/2023\/06\/O1CN012KV9Xq1EeFkXyhHmo_2214215900376-0-cib-1.jpg",1024,1024,false],"2048x2048":["https:\/\/www.sikortex.com\/wp-content\/uploads\/2023\/06\/O1CN012KV9Xq1EeFkXyhHmo_2214215900376-0-cib-1.jpg",1024,1024,false],"trp-custom-language-flag":["https:\/\/www.sikortex.com\/wp-content\/uploads\/2023\/06\/O1CN012KV9Xq1EeFkXyhHmo_2214215900376-0-cib-1.jpg",12,12,false],"woocommerce_thumbnail":["https:\/\/www.sikortex.com\/wp-content\/uploads\/2023\/06\/O1CN012KV9Xq1EeFkXyhHmo_2214215900376-0-cib-1-300x300.jpg",300,300,true],"woocommerce_single":["https:\/\/www.sikortex.com\/wp-content\/uploads\/2023\/06\/O1CN012KV9Xq1EeFkXyhHmo_2214215900376-0-cib-1-600x600.jpg",600,600,true],"woocommerce_gallery_thumbnail":["https:\/\/www.sikortex.com\/wp-content\/uploads\/2023\/06\/O1CN012KV9Xq1EeFkXyhHmo_2214215900376-0-cib-1-100x100.jpg",100,100,true]},"uagb_author_info":{"display_name":"Perry","author_link":"https:\/\/www.sikortex.com\/vi\/author\/"},"uagb_comment_info":0,"uagb_excerpt":"3000 Meters(Min.Order)","_links":{"self":[{"href":"https:\/\/www.sikortex.com\/vi\/wp-json\/wp\/v2\/product\/1980","targetHints":{"allow":["GET"]}}],"collection":[{"href":"https:\/\/www.sikortex.com\/vi\/wp-json\/wp\/v2\/product"}],"about":[{"href":"https:\/\/www.sikortex.com\/vi\/wp-json\/wp\/v2\/types\/product"}],"replies":[{"embeddable":true,"href":"https:\/\/www.sikortex.com\/vi\/wp-json\/wp\/v2\/comments?post=1980"}],"wp:featuredmedia":[{"embeddable":true,"href":"https:\/\/www.sikortex.com\/vi\/wp-json\/wp\/v2\/media\/3769"}],"wp:attachment":[{"href":"https:\/\/www.sikortex.com\/vi\/wp-json\/wp\/v2\/media?parent=1980"}],"wp:term":[{"taxonomy":"product_brand","embeddable":true,"href":"https:\/\/www.sikortex.com\/vi\/wp-json\/wp\/v2\/product_brand?post=1980"},{"taxonomy":"product_cat","embeddable":true,"href":"https:\/\/www.sikortex.com\/vi\/wp-json\/wp\/v2\/product_cat?post=1980"},{"taxonomy":"product_tag","embeddable":true,"href":"https:\/\/www.sikortex.com\/vi\/wp-json\/wp\/v2\/product_tag?post=1980"}],"curies":[{"name":"wp","href":"https:\/\/api.w.org\/{rel}","templated":true}]}}