{"id":1976,"date":"2023-06-02T14:41:31","date_gmt":"2023-06-02T06:41:31","guid":{"rendered":"http:\/\/203.196.10.64:3021\/?post_type=product&#038;p=1976"},"modified":"2023-11-05T15:52:25","modified_gmt":"2023-11-05T07:52:25","slug":"sk8250-500d-nylon-66","status":"publish","type":"product","link":"https:\/\/www.sikortex.com\/vi\/san-pham\/sk8250-500d-nylon-66\/","title":{"rendered":"500D Nylon 66 Ng\u1ee5y trang in Tessuto Cordura"},"content":{"rendered":"<p>SIKOR-TEX 500D Nylon 66 Ng\u1ee5y trang in Tessuto Cordura, \u0111\u01b0\u1ee3c thi\u1ebft k\u1ebf \u0111\u1eb7c bi\u1ec7t cho c\u00e1c \u1ee9ng d\u1ee5ng trang ph\u1ee5c th\u1ec3 thao ngo\u00e0i tr\u1eddi v\u00e0 qu\u00e2n s\u1ef1, gi\u1edd \u0111\u00e2y c\u00f3 ch\u1ee9c n\u0103ng ch\u1ed1ng h\u1ed3ng ngo\u1ea1i t\u00f9y ch\u1ecdn \u0111\u1ec3 t\u0103ng c\u01b0\u1eddng kh\u1ea3 n\u0103ng t\u00e0ng h\u00ecnh v\u00e0 b\u1ea3o v\u1ec7.<\/p>\n<p>\u0110\u01b0\u1ee3c ch\u1ebf t\u1ea1o t\u1eeb ch\u1ea5t li\u1ec7u 500D Nylon 66 ch\u1ea5t l\u01b0\u1ee3ng cao, lo\u1ea1i v\u1ea3i Cordura n\u00e0y mang l\u1ea1i \u0111\u1ed9 b\u1ec1n, \u0111\u1ed9 b\u1ec1n v\u00e0 kh\u1ea3 n\u0103ng ch\u1ed1ng m\u00e0i m\u00f2n \u0111\u1eb7c bi\u1ec7t. N\u00f3 c\u00f3 h\u00ecnh in ng\u1ee5y trang kh\u00f4ng ch\u1ec9 gi\u00fap h\u00f2a h\u1ee3p v\u1edbi m\u00f4i tr\u01b0\u1eddng xung quanh m\u00e0 c\u00f2n t\u00edch h\u1ee3p c\u00f4ng ngh\u1ec7 ch\u1ed1ng h\u1ed3ng ngo\u1ea1i, b\u1ea3o v\u1ec7 ch\u1ed1ng l\u1ea1i vi\u1ec7c ph\u00e1t hi\u1ec7n h\u00ecnh \u1ea3nh nhi\u1ec7t.<\/p>\n<p>Ch\u1ee9c n\u0103ng ch\u1ed1ng tia h\u1ed3ng ngo\u1ea1i t\u00f9y ch\u1ecdn \u0111\u1ea3m b\u1ea3o r\u1eb1ng v\u1ea3i gi\u1ea3m thi\u1ec3u c\u00e1c d\u1ea5u hi\u1ec7u nhi\u1ec7t, l\u00e0m cho v\u1ea3i c\u00f3 hi\u1ec7u qu\u1ea3 cao trong c\u00e1c ho\u1ea1t \u0111\u1ed9ng t\u00e0ng h\u00ecnh v\u00e0 t\u0103ng c\u01b0\u1eddng b\u1ea3o m\u1eadt cho qu\u00e2n nh\u00e2n. Cho d\u00f9 b\u1ea1n \u0111ang \u0111i\u1ec1u h\u01b0\u1edbng qua c\u00e1c \u0111\u1ecba h\u00ecnh th\u00f9 \u0111\u1ecbch hay tham gia v\u00e0o c\u00e1c nhi\u1ec7m v\u1ee5 chi\u1ebfn thu\u1eadt, lo\u1ea1i v\u1ea3i n\u00e0y s\u1ebd gi\u00fap b\u1ea1n che gi\u1ea5u v\u00e0 kh\u00f4ng b\u1ecb ph\u00e1t hi\u1ec7n.<\/p>\n<p>Ngo\u00e0i kh\u1ea3 n\u0103ng ch\u1ed1ng tia h\u1ed3ng ngo\u1ea1i, Tessuto Cordura c\u00f2n duy tr\u00ec \u0111\u1eb7c t\u00ednh ch\u1ed1ng n\u01b0\u1edbc, khi\u1ebfn n\u00f3 c\u00f2n ph\u00f9 h\u1ee3p v\u1edbi trang ph\u1ee5c th\u1ec3 thao ngo\u00e0i tr\u1eddi. N\u00f3 cung c\u1ea5p kh\u1ea3 n\u0103ng b\u1ea3o v\u1ec7 kh\u1ecfi m\u01b0a nh\u1eb9 v\u00e0 \u0111\u1ed9 \u1ea9m, \u0111\u1ea3m b\u1ea3o b\u1ea1n lu\u00f4n kh\u00f4 r\u00e1o v\u00e0 tho\u1ea3i m\u00e1i trong c\u00e1c ho\u1ea1t \u0111\u1ed9ng ngo\u00e0i tr\u1eddi c\u01b0\u1eddng \u0111\u1ed9 cao.<\/p>","protected":false},"excerpt":{"rendered":"<p>1000 m\u00e9t (\u0110\u01a1n h\u00e0ng t\u1ed1i thi\u1ec3u)<\/p>","protected":false},"featured_media":3763,"comment_status":"closed","ping_status":"closed","template":"","meta":{"_uag_custom_page_level_css":"","site-sidebar-layout":"default","site-content-layout":"default","ast-site-content-layout":"","site-content-style":"default","site-sidebar-style":"default","ast-global-header-display":"","ast-banner-title-visibility":"","ast-main-header-display":"","ast-hfb-above-header-display":"","ast-hfb-below-header-display":"","ast-hfb-mobile-header-display":"","site-post-title":"","ast-breadcrumbs-content":"","ast-featured-img":"","footer-sml-layout":"","theme-transparent-header-meta":"default","adv-header-id-meta":"","stick-header-meta":"default","header-above-stick-meta":"","header-main-stick-meta":"","header-below-stick-meta":"","astra-migrate-meta-layouts":"default","ast-page-background-enabled":"default","ast-page-background-meta":{"desktop":{"background-color":"","background-image":"","background-repeat":"repeat","background-position":"center center","background-size":"auto","background-attachment":"scroll","background-type":"","background-media":"","overlay-type":"","overlay-color":"","overlay-opacity":"","overlay-gradient":""},"tablet":{"background-color":"","background-image":"","background-repeat":"repeat","background-position":"center center","background-size":"auto","background-attachment":"scroll","background-type":"","background-media":"","overlay-type":"","overlay-color":"","overlay-opacity":"","overlay-gradient":""},"mobile":{"background-color":"","background-image":"","background-repeat":"repeat","background-position":"center center","background-size":"auto","background-attachment":"scroll","background-type":"","background-media":"","overlay-type":"","overlay-color":"","overlay-opacity":"","overlay-gradient":""}},"ast-content-background-meta":{"desktop":{"background-color":"var(--ast-global-color-5)","background-image":"","background-repeat":"repeat","background-position":"center center","background-size":"auto","background-attachment":"scroll","background-type":"","background-media":"","overlay-type":"","overlay-color":"","overlay-opacity":"","overlay-gradient":""},"tablet":{"background-color":"var(--ast-global-color-5)","background-image":"","background-repeat":"repeat","background-position":"center center","background-size":"auto","background-attachment":"scroll","background-type":"","background-media":"","overlay-type":"","overlay-color":"","overlay-opacity":"","overlay-gradient":""},"mobile":{"background-color":"var(--ast-global-color-5)","background-image":"","background-repeat":"repeat","background-position":"center center","background-size":"auto","background-attachment":"scroll","background-type":"","background-media":"","overlay-type":"","overlay-color":"","overlay-opacity":"","overlay-gradient":""}}},"product_brand":[],"product_cat":[419,423,432,404],"product_tag":[],"class_list":{"0":"post-1976","1":"product","2":"type-product","3":"status-publish","4":"has-post-thumbnail","6":"product_cat-anti-infrared-fabrics","7":"product_cat-fabric-for-military-police","8":"product_cat-fabric-for-tent","9":"product_cat-nylon-fabrics","10":"pa_available_colors-911052-spc","11":"desktop-align-left","12":"tablet-align-left","13":"mobile-align-left","14":"ast-product-gallery-layout-vertical-slider","15":"ast-product-tabs-layout-horizontal","17":"first","18":"instock","19":"shipping-taxable","20":"product-type-simple"},"uagb_featured_image_src":{"full":["https:\/\/www.sikortex.com\/wp-content\/uploads\/2023\/06\/O1CN01zp13181JA5cWTL26n_3828250987-0-cib-1.jpg",1024,1024,false],"thumbnail":["https:\/\/www.sikortex.com\/wp-content\/uploads\/2023\/06\/O1CN01zp13181JA5cWTL26n_3828250987-0-cib-1-150x150.jpg",150,150,true],"medium":["https:\/\/www.sikortex.com\/wp-content\/uploads\/2023\/06\/O1CN01zp13181JA5cWTL26n_3828250987-0-cib-1-300x300.jpg",300,300,true],"medium_large":["https:\/\/www.sikortex.com\/wp-content\/uploads\/2023\/06\/O1CN01zp13181JA5cWTL26n_3828250987-0-cib-1-768x768.jpg",768,768,true],"large":["https:\/\/www.sikortex.com\/wp-content\/uploads\/2023\/06\/O1CN01zp13181JA5cWTL26n_3828250987-0-cib-1.jpg",1024,1024,false],"1536x1536":["https:\/\/www.sikortex.com\/wp-content\/uploads\/2023\/06\/O1CN01zp13181JA5cWTL26n_3828250987-0-cib-1.jpg",1024,1024,false],"2048x2048":["https:\/\/www.sikortex.com\/wp-content\/uploads\/2023\/06\/O1CN01zp13181JA5cWTL26n_3828250987-0-cib-1.jpg",1024,1024,false],"trp-custom-language-flag":["https:\/\/www.sikortex.com\/wp-content\/uploads\/2023\/06\/O1CN01zp13181JA5cWTL26n_3828250987-0-cib-1.jpg",12,12,false],"woocommerce_thumbnail":["https:\/\/www.sikortex.com\/wp-content\/uploads\/2023\/06\/O1CN01zp13181JA5cWTL26n_3828250987-0-cib-1-300x300.jpg",300,300,true],"woocommerce_single":["https:\/\/www.sikortex.com\/wp-content\/uploads\/2023\/06\/O1CN01zp13181JA5cWTL26n_3828250987-0-cib-1-600x600.jpg",600,600,true],"woocommerce_gallery_thumbnail":["https:\/\/www.sikortex.com\/wp-content\/uploads\/2023\/06\/O1CN01zp13181JA5cWTL26n_3828250987-0-cib-1-100x100.jpg",100,100,true]},"uagb_author_info":{"display_name":"Perry","author_link":"https:\/\/www.sikortex.com\/vi\/author\/"},"uagb_comment_info":0,"uagb_excerpt":"1000 Meters(Min.Order)","_links":{"self":[{"href":"https:\/\/www.sikortex.com\/vi\/wp-json\/wp\/v2\/product\/1976","targetHints":{"allow":["GET"]}}],"collection":[{"href":"https:\/\/www.sikortex.com\/vi\/wp-json\/wp\/v2\/product"}],"about":[{"href":"https:\/\/www.sikortex.com\/vi\/wp-json\/wp\/v2\/types\/product"}],"replies":[{"embeddable":true,"href":"https:\/\/www.sikortex.com\/vi\/wp-json\/wp\/v2\/comments?post=1976"}],"wp:featuredmedia":[{"embeddable":true,"href":"https:\/\/www.sikortex.com\/vi\/wp-json\/wp\/v2\/media\/3763"}],"wp:attachment":[{"href":"https:\/\/www.sikortex.com\/vi\/wp-json\/wp\/v2\/media?parent=1976"}],"wp:term":[{"taxonomy":"product_brand","embeddable":true,"href":"https:\/\/www.sikortex.com\/vi\/wp-json\/wp\/v2\/product_brand?post=1976"},{"taxonomy":"product_cat","embeddable":true,"href":"https:\/\/www.sikortex.com\/vi\/wp-json\/wp\/v2\/product_cat?post=1976"},{"taxonomy":"product_tag","embeddable":true,"href":"https:\/\/www.sikortex.com\/vi\/wp-json\/wp\/v2\/product_tag?post=1976"}],"curies":[{"name":"wp","href":"https:\/\/api.w.org\/{rel}","templated":true}]}}