{"id":1970,"date":"2023-06-02T14:40:01","date_gmt":"2023-06-02T06:40:01","guid":{"rendered":"http:\/\/203.196.10.64:3021\/?post_type=product&#038;p=1970"},"modified":"2023-11-05T15:53:10","modified_gmt":"2023-11-05T07:53:10","slug":"sk8364-lop-phu-chong-chay","status":"publish","type":"product","link":"https:\/\/www.sikortex.com\/vi\/san-pham\/sk8364-lop-phu-chong-chay\/","title":{"rendered":"L\u1edbp ph\u1ee7 ch\u1ed1ng ch\u00e1y Polyester Taslon 228T Tower PU Vinyl m\u1edd"},"content":{"rendered":"<p>L\u1edbp ph\u1ee7 ch\u1ed1ng ch\u00e1y taslon m\u1edd polyester SIKOR-TEX, \u0111\u01b0\u1ee3c l\u00e0m b\u1eb1ng s\u1ee3i k\u1ebft c\u1ea5u kh\u00f4ng kh\u00ed polyester m\u1edd, c\u00f3 h\u00ecnh d\u00e1ng v\u00e0 k\u1ebft c\u1ea5u c\u1ee7a b\u00f4ng, \u0111\u1ed3ng th\u1eddi l\u00e0 lo\u1ea1i v\u1ea3i ch\u1ea5t l\u01b0\u1ee3ng cao v\u1eeba c\u00f3 kh\u1ea3 n\u0103ng ch\u1ed1ng ch\u00e1y v\u1eeba ch\u1ed1ng th\u1ea5m n\u01b0\u1edbc. N\u00f3 \u0111\u01b0\u1ee3c ph\u1ee7 PU ch\u1ed1ng ch\u00e1y, l\u00fd t\u01b0\u1edfng \u0111\u1ec3 s\u1eed d\u1ee5ng trong c\u00e1c S\u1ea3n ph\u1ea9m y\u00eau c\u1ea7u m\u1ee9c \u0111\u1ed9 an to\u00e0n cao h\u01a1n. Lo\u1ea1i v\u1ea3i n\u00e0y kh\u00f4ng ch\u1ec9 c\u00f3 kh\u1ea3 n\u0103ng ch\u1ed1ng ch\u00e1y m\u00e0 c\u00f2n ch\u1ed1ng th\u1ea5m n\u01b0\u1edbc \u0111\u1ec3 tr\u00e1nh h\u01b0 h\u1ecfng do n\u01b0\u1edbc.<\/p>\n<p>L\u1edbp ph\u1ee7 ch\u1ed1ng ch\u00e1y 228T Taslon Tower PU Vinyl L\u1edbp ph\u1ee7 ch\u1ed1ng ch\u00e1y tu\u00e2n th\u1ee7 ti\u00eau chu\u1ea9n BS5852 \u0111\u1ec3 \u0111\u1ea3m b\u1ea3o tu\u00e2n th\u1ee7 c\u00e1c y\u00eau c\u1ea7u an to\u00e0n \u0111\u1ed1i v\u1edbi s\u1ea3n ph\u1ea9m d\u00e0nh cho tr\u1ebb em v\u00e0 s\u1ea3n ph\u1ea9m gia d\u1ee5ng. N\u00f3 l\u00e0 m\u1ed9t lo\u1ea1i v\u1ea3i \u0111a n\u0103ng c\u00f3 th\u1ec3 \u0111\u01b0\u1ee3c s\u1eed d\u1ee5ng trong nhi\u1ec1u \u1ee9ng d\u1ee5ng bao g\u1ed3m thi\u1ebft b\u1ecb ngo\u00e0i tr\u1eddi, l\u1ec1u, s\u1ea3n ph\u1ea9m d\u00e0nh cho tr\u1ebb em v\u00e0 trang tr\u00ed nh\u00e0 c\u1eeda. \u201c<\/p>","protected":false},"excerpt":{"rendered":"<p>1000 m\u00e9t (\u0110\u01a1n h\u00e0ng t\u1ed1i thi\u1ec3u)<\/p>","protected":false},"featured_media":3760,"comment_status":"closed","ping_status":"closed","template":"","meta":{"_uag_custom_page_level_css":"","site-sidebar-layout":"default","site-content-layout":"default","ast-site-content-layout":"","site-content-style":"default","site-sidebar-style":"default","ast-global-header-display":"","ast-banner-title-visibility":"","ast-main-header-display":"","ast-hfb-above-header-display":"","ast-hfb-below-header-display":"","ast-hfb-mobile-header-display":"","site-post-title":"","ast-breadcrumbs-content":"","ast-featured-img":"","footer-sml-layout":"","theme-transparent-header-meta":"default","adv-header-id-meta":"","stick-header-meta":"default","header-above-stick-meta":"","header-main-stick-meta":"","header-below-stick-meta":"","astra-migrate-meta-layouts":"default","ast-page-background-enabled":"default","ast-page-background-meta":{"desktop":{"background-color":"","background-image":"","background-repeat":"repeat","background-position":"center center","background-size":"auto","background-attachment":"scroll","background-type":"","background-media":"","overlay-type":"","overlay-color":"","overlay-opacity":"","overlay-gradient":""},"tablet":{"background-color":"","background-image":"","background-repeat":"repeat","background-position":"center center","background-size":"auto","background-attachment":"scroll","background-type":"","background-media":"","overlay-type":"","overlay-color":"","overlay-opacity":"","overlay-gradient":""},"mobile":{"background-color":"","background-image":"","background-repeat":"repeat","background-position":"center center","background-size":"auto","background-attachment":"scroll","background-type":"","background-media":"","overlay-type":"","overlay-color":"","overlay-opacity":"","overlay-gradient":""}},"ast-content-background-meta":{"desktop":{"background-color":"var(--ast-global-color-5)","background-image":"","background-repeat":"repeat","background-position":"center center","background-size":"auto","background-attachment":"scroll","background-type":"","background-media":"","overlay-type":"","overlay-color":"","overlay-opacity":"","overlay-gradient":""},"tablet":{"background-color":"var(--ast-global-color-5)","background-image":"","background-repeat":"repeat","background-position":"center center","background-size":"auto","background-attachment":"scroll","background-type":"","background-media":"","overlay-type":"","overlay-color":"","overlay-opacity":"","overlay-gradient":""},"mobile":{"background-color":"var(--ast-global-color-5)","background-image":"","background-repeat":"repeat","background-position":"center center","background-size":"auto","background-attachment":"scroll","background-type":"","background-media":"","overlay-type":"","overlay-color":"","overlay-opacity":"","overlay-gradient":""}}},"product_brand":[],"product_cat":[426,416,427,403,414],"product_tag":[],"class_list":{"0":"post-1970","1":"product","2":"type-product","3":"status-publish","4":"has-post-thumbnail","6":"product_cat-constructionmining","7":"product_cat-fire-retardant-fabrics","8":"product_cat-petroleum-and-petrochemical","9":"product_cat-polyester-fabrics","10":"product_cat-waterproof-fabrics","11":"pa_available_colors-911052-spc","12":"desktop-align-left","13":"tablet-align-left","14":"mobile-align-left","15":"ast-product-gallery-layout-vertical-slider","16":"ast-product-tabs-layout-horizontal","18":"first","19":"instock","20":"shipping-taxable","21":"product-type-simple"},"uagb_featured_image_src":{"full":["https:\/\/www.sikortex.com\/wp-content\/uploads\/2023\/06\/O1CN01qf5Mbq1QaNjTHp1bq_941031992-0-cib-1.jpg",1024,1024,false],"thumbnail":["https:\/\/www.sikortex.com\/wp-content\/uploads\/2023\/06\/O1CN01qf5Mbq1QaNjTHp1bq_941031992-0-cib-1-150x150.jpg",150,150,true],"medium":["https:\/\/www.sikortex.com\/wp-content\/uploads\/2023\/06\/O1CN01qf5Mbq1QaNjTHp1bq_941031992-0-cib-1-300x300.jpg",300,300,true],"medium_large":["https:\/\/www.sikortex.com\/wp-content\/uploads\/2023\/06\/O1CN01qf5Mbq1QaNjTHp1bq_941031992-0-cib-1-768x768.jpg",768,768,true],"large":["https:\/\/www.sikortex.com\/wp-content\/uploads\/2023\/06\/O1CN01qf5Mbq1QaNjTHp1bq_941031992-0-cib-1.jpg",1024,1024,false],"1536x1536":["https:\/\/www.sikortex.com\/wp-content\/uploads\/2023\/06\/O1CN01qf5Mbq1QaNjTHp1bq_941031992-0-cib-1.jpg",1024,1024,false],"2048x2048":["https:\/\/www.sikortex.com\/wp-content\/uploads\/2023\/06\/O1CN01qf5Mbq1QaNjTHp1bq_941031992-0-cib-1.jpg",1024,1024,false],"trp-custom-language-flag":["https:\/\/www.sikortex.com\/wp-content\/uploads\/2023\/06\/O1CN01qf5Mbq1QaNjTHp1bq_941031992-0-cib-1.jpg",12,12,false],"woocommerce_thumbnail":["https:\/\/www.sikortex.com\/wp-content\/uploads\/2023\/06\/O1CN01qf5Mbq1QaNjTHp1bq_941031992-0-cib-1-300x300.jpg",300,300,true],"woocommerce_single":["https:\/\/www.sikortex.com\/wp-content\/uploads\/2023\/06\/O1CN01qf5Mbq1QaNjTHp1bq_941031992-0-cib-1-600x600.jpg",600,600,true],"woocommerce_gallery_thumbnail":["https:\/\/www.sikortex.com\/wp-content\/uploads\/2023\/06\/O1CN01qf5Mbq1QaNjTHp1bq_941031992-0-cib-1-100x100.jpg",100,100,true]},"uagb_author_info":{"display_name":"Perry","author_link":"https:\/\/www.sikortex.com\/vi\/author\/"},"uagb_comment_info":0,"uagb_excerpt":"1000 Meters(Min.Order)","_links":{"self":[{"href":"https:\/\/www.sikortex.com\/vi\/wp-json\/wp\/v2\/product\/1970","targetHints":{"allow":["GET"]}}],"collection":[{"href":"https:\/\/www.sikortex.com\/vi\/wp-json\/wp\/v2\/product"}],"about":[{"href":"https:\/\/www.sikortex.com\/vi\/wp-json\/wp\/v2\/types\/product"}],"replies":[{"embeddable":true,"href":"https:\/\/www.sikortex.com\/vi\/wp-json\/wp\/v2\/comments?post=1970"}],"wp:featuredmedia":[{"embeddable":true,"href":"https:\/\/www.sikortex.com\/vi\/wp-json\/wp\/v2\/media\/3760"}],"wp:attachment":[{"href":"https:\/\/www.sikortex.com\/vi\/wp-json\/wp\/v2\/media?parent=1970"}],"wp:term":[{"taxonomy":"product_brand","embeddable":true,"href":"https:\/\/www.sikortex.com\/vi\/wp-json\/wp\/v2\/product_brand?post=1970"},{"taxonomy":"product_cat","embeddable":true,"href":"https:\/\/www.sikortex.com\/vi\/wp-json\/wp\/v2\/product_cat?post=1970"},{"taxonomy":"product_tag","embeddable":true,"href":"https:\/\/www.sikortex.com\/vi\/wp-json\/wp\/v2\/product_tag?post=1970"}],"curies":[{"name":"wp","href":"https:\/\/api.w.org\/{rel}","templated":true}]}}