{"id":1963,"date":"2023-06-02T14:38:54","date_gmt":"2023-06-02T06:38:54","guid":{"rendered":"http:\/\/203.196.10.64:3021\/?post_type=product&#038;p=1963"},"modified":"2025-01-08T12:55:48","modified_gmt":"2025-01-08T04:55:48","slug":"vai-ripstop-mau-vang-hi-vis-co-do-phan-quang-cao","status":"publish","type":"product","link":"https:\/\/www.sikortex.com\/vi\/san-pham\/vai-ripstop-mau-vang-hi-vis-co-do-phan-quang-cao\/","title":{"rendered":"V\u1ea3i Ripstop HI VIS m\u00e0u v\u00e0ng 500D Nylon c\u00f3 \u0111\u1ed9 hi\u1ec3n th\u1ecb cao"},"content":{"rendered":"<h5>Nh\u00e0 s\u1ea3n xu\u1ea5t v\u1ea3i SIKOR-TEX Hi Vis, v\u1ea3i b\u1ea3o v\u1ec7 c\u00e1 nh\u00e2n ch\u1ed1ng r\u00e1ch<\/h5>\n<p>\u0110\u01b0\u1ee3c l\u00e0m b\u1eb1ng v\u1ea3i Nylon 500D ch\u1ea5t l\u01b0\u1ee3ng cao <a href=\"https:\/\/www.sikortex.com\/vi\/vai-co-kha-nang-hien-thi-cao-2\/\"><span style=\"color: #3366ff;\">XIN CH\u00c0O VIS<\/span><\/a> M\u00e0u v\u00e0ng <a href=\"https:\/\/www.sikortex.com\/vi\/2024\/09\/05\/nha-cung-cap-vai-ripstop-vat-lieu-ripstop\/\"><span style=\"color: #3366ff;\">Ripstop<\/span><\/a> <a href=\"https:\/\/www.sikortex.com\/vi\/vai-co-kha-nang-hien-thi-cao-2\/\"><span style=\"color: #3366ff;\">Kh\u1ea3 n\u0103ng hi\u1ec3n th\u1ecb cao<\/span><\/a> V\u1ea3i c\u00f3 \u0111\u1ed9 b\u1ec1n v\u00e0 s\u1ee9c m\u1ea1nh tuy\u1ec7t v\u1eddi, ph\u00f9 h\u1ee3p v\u1edbi m\u00f4i tr\u01b0\u1eddng ngo\u00e0i tr\u1eddi kh\u1eafc nghi\u1ec7t. M\u00e0u hu\u1ef3nh quang r\u1ef1c r\u1ee1 gi\u00fap t\u0103ng kh\u1ea3 n\u0103ng hi\u1ec3n th\u1ecb, \u0111\u1ea3m b\u1ea3o ng\u01b0\u1eddi lao \u0111\u1ed9ng c\u00f3 th\u1ec3 d\u1ec5 d\u00e0ng \u0111\u01b0\u1ee3c nh\u00ecn th\u1ea5y trong \u0111i\u1ec1u ki\u1ec7n \u00e1nh s\u00e1ng y\u1ebfu ho\u1eb7c m\u00f4i tr\u01b0\u1eddng nguy hi\u1ec3m.<\/p>\n<p>Th\u00e0nh ph\u1ea7n Nylon 500D c\u1ee7a v\u1ea3i cung c\u1ea5p kh\u1ea3 n\u0103ng ch\u1ed1ng m\u00e0i m\u00f2n, r\u00e1ch v\u00e0 hao m\u00f2n n\u00f3i chung, khi\u1ebfn n\u00f3 tr\u1edf n\u00ean l\u00fd t\u01b0\u1edfng cho c\u00e1c \u1ee9ng d\u1ee5ng \u0111\u00f2i h\u1ecfi hi\u1ec7u su\u1ea5t ch\u1eafc ch\u1eafn. N\u00f3 c\u0169ng c\u00f3 kh\u1ea3 n\u0103ng ch\u1ed1ng n\u01b0\u1edbc, gi\u00fap b\u1ea3o v\u1ec7 ch\u1ed1ng l\u1ea1i m\u01b0a nh\u1ecf ho\u1eb7c h\u01a1i \u1ea9m.<\/p>\n<p>Ripstop <a href=\"https:\/\/www.sikortex.com\/vi\/vai-co-kha-nang-hien-thi-cao-2\/\"><span style=\"color: #3366ff;\">Kh\u1ea3 n\u0103ng hi\u1ec3n th\u1ecb cao<\/span><\/a> V\u1ea3i ho\u00e0n h\u1ea3o cho vi\u1ec7c s\u1ea3n xu\u1ea5t qu\u1ea7n \u00e1o cho c\u00f4ng nh\u00e2n ngo\u00e0i tr\u1eddi, bao g\u1ed3m \u00e1o kho\u00e1c, \u00e1o vest v\u00e0 qu\u1ea7n d\u00e0i, c\u0169ng nh\u01b0 c\u00e1c lo\u1ea1i t\u00fai b\u1ec1n nh\u01b0 ba l\u00f4 v\u00e0 t\u00fai \u0111\u1ef1ng d\u1ee5ng c\u1ee5. C\u00e1c \u0111\u1eb7c t\u00ednh c\u00f3 \u0111\u1ed9 b\u1ec1n cao c\u1ee7a n\u00f3 \u0111\u1ea3m b\u1ea3o r\u1eb1ng n\u00f3 c\u00f3 th\u1ec3 ch\u1ecbu \u0111\u01b0\u1ee3c nhu c\u1ea7u s\u1eed d\u1ee5ng nhi\u1ec1u, mang l\u1ea1i hi\u1ec7u su\u1ea5t v\u00e0 \u0111\u1ed9 tin c\u1eady l\u00e2u d\u00e0i.<\/p>\n<p>V\u1edbi m\u00e0u hu\u1ef3nh quang v\u00e0 k\u1ebft c\u1ea5u ch\u1eafc ch\u1eafn, V\u1ea3i m\u00e0u hu\u1ef3nh quang nylon c\u1ee7a ch\u00fang t\u00f4i l\u00e0 s\u1ef1 l\u1ef1a ch\u1ecdn tuy\u1ec7t v\u1eddi cho qu\u1ea7n \u00e1o v\u00e0 t\u00fai x\u00e1ch c\u1ee7a c\u00f4ng nh\u00e2n l\u00e0m vi\u1ec7c ngo\u00e0i tr\u1eddi. N\u00f3 mang l\u1ea1i c\u1ea3 kh\u1ea3 n\u0103ng hi\u1ec3n th\u1ecb v\u00e0 \u0111\u1ed9 b\u1ec1n, \u0111\u1ea3m b\u1ea3o s\u1ef1 an to\u00e0n v\u00e0 tho\u1ea3i m\u00e1i cho ng\u01b0\u1eddi lao \u0111\u1ed9ng trong c\u00e1c ng\u00e0nh c\u00f4ng nghi\u1ec7p kh\u00e1c nhau, bao g\u1ed3m x\u00e2y d\u1ef1ng, l\u00e0m \u0111\u01b0\u1eddng, h\u1eadu c\u1ea7n, v.v.<\/p>","protected":false},"excerpt":{"rendered":"<p>1000 m\u00e9t (\u0110\u01a1n h\u00e0ng t\u1ed1i thi\u1ec3u)<\/p>","protected":false},"featured_media":3758,"comment_status":"closed","ping_status":"closed","template":"","meta":{"_uag_custom_page_level_css":"","site-sidebar-layout":"default","site-content-layout":"default","ast-site-content-layout":"","site-content-style":"default","site-sidebar-style":"default","ast-global-header-display":"","ast-banner-title-visibility":"","ast-main-header-display":"","ast-hfb-above-header-display":"","ast-hfb-below-header-display":"","ast-hfb-mobile-header-display":"","site-post-title":"","ast-breadcrumbs-content":"","ast-featured-img":"","footer-sml-layout":"","theme-transparent-header-meta":"default","adv-header-id-meta":"","stick-header-meta":"default","header-above-stick-meta":"","header-main-stick-meta":"","header-below-stick-meta":"","astra-migrate-meta-layouts":"default","ast-page-background-enabled":"default","ast-page-background-meta":{"desktop":{"background-color":"","background-image":"","background-repeat":"repeat","background-position":"center center","background-size":"auto","background-attachment":"scroll","background-type":"","background-media":"","overlay-type":"","overlay-color":"","overlay-opacity":"","overlay-gradient":""},"tablet":{"background-color":"","background-image":"","background-repeat":"repeat","background-position":"center center","background-size":"auto","background-attachment":"scroll","background-type":"","background-media":"","overlay-type":"","overlay-color":"","overlay-opacity":"","overlay-gradient":""},"mobile":{"background-color":"","background-image":"","background-repeat":"repeat","background-position":"center center","background-size":"auto","background-attachment":"scroll","background-type":"","background-media":"","overlay-type":"","overlay-color":"","overlay-opacity":"","overlay-gradient":""}},"ast-content-background-meta":{"desktop":{"background-color":"var(--ast-global-color-5)","background-image":"","background-repeat":"repeat","background-position":"center center","background-size":"auto","background-attachment":"scroll","background-type":"","background-media":"","overlay-type":"","overlay-color":"","overlay-opacity":"","overlay-gradient":""},"tablet":{"background-color":"var(--ast-global-color-5)","background-image":"","background-repeat":"repeat","background-position":"center center","background-size":"auto","background-attachment":"scroll","background-type":"","background-media":"","overlay-type":"","overlay-color":"","overlay-opacity":"","overlay-gradient":""},"mobile":{"background-color":"var(--ast-global-color-5)","background-image":"","background-repeat":"repeat","background-position":"center center","background-size":"auto","background-attachment":"scroll","background-type":"","background-media":"","overlay-type":"","overlay-color":"","overlay-opacity":"","overlay-gradient":""}}},"product_brand":[],"product_cat":[423,404,425],"product_tag":[],"class_list":{"0":"post-1963","1":"product","2":"type-product","3":"status-publish","4":"has-post-thumbnail","6":"product_cat-fabric-for-military-police","7":"product_cat-nylon-fabrics","8":"product_cat-security-emergencies-road-services","9":"pa_available_colors-fluorescent-orange","10":"pa_available_colors-fluorescent-yellow","11":"desktop-align-left","12":"tablet-align-left","13":"mobile-align-left","14":"ast-product-gallery-layout-vertical-slider","15":"ast-product-tabs-layout-horizontal","17":"first","18":"instock","19":"shipping-taxable","20":"product-type-simple"},"uagb_featured_image_src":{"full":["https:\/\/www.sikortex.com\/wp-content\/uploads\/2023\/06\/11050437838_1388178709-1.jpg",1024,1024,false],"thumbnail":["https:\/\/www.sikortex.com\/wp-content\/uploads\/2023\/06\/11050437838_1388178709-1-150x150.jpg",150,150,true],"medium":["https:\/\/www.sikortex.com\/wp-content\/uploads\/2023\/06\/11050437838_1388178709-1-300x300.jpg",300,300,true],"medium_large":["https:\/\/www.sikortex.com\/wp-content\/uploads\/2023\/06\/11050437838_1388178709-1-768x768.jpg",768,768,true],"large":["https:\/\/www.sikortex.com\/wp-content\/uploads\/2023\/06\/11050437838_1388178709-1.jpg",1024,1024,false],"1536x1536":["https:\/\/www.sikortex.com\/wp-content\/uploads\/2023\/06\/11050437838_1388178709-1.jpg",1024,1024,false],"2048x2048":["https:\/\/www.sikortex.com\/wp-content\/uploads\/2023\/06\/11050437838_1388178709-1.jpg",1024,1024,false],"trp-custom-language-flag":["https:\/\/www.sikortex.com\/wp-content\/uploads\/2023\/06\/11050437838_1388178709-1.jpg",12,12,false],"woocommerce_thumbnail":["https:\/\/www.sikortex.com\/wp-content\/uploads\/2023\/06\/11050437838_1388178709-1-300x300.jpg",300,300,true],"woocommerce_single":["https:\/\/www.sikortex.com\/wp-content\/uploads\/2023\/06\/11050437838_1388178709-1-600x600.jpg",600,600,true],"woocommerce_gallery_thumbnail":["https:\/\/www.sikortex.com\/wp-content\/uploads\/2023\/06\/11050437838_1388178709-1-100x100.jpg",100,100,true]},"uagb_author_info":{"display_name":"Perry","author_link":"https:\/\/www.sikortex.com\/vi\/author\/"},"uagb_comment_info":0,"uagb_excerpt":"1000 Meters(Min.Order)","_links":{"self":[{"href":"https:\/\/www.sikortex.com\/vi\/wp-json\/wp\/v2\/product\/1963","targetHints":{"allow":["GET"]}}],"collection":[{"href":"https:\/\/www.sikortex.com\/vi\/wp-json\/wp\/v2\/product"}],"about":[{"href":"https:\/\/www.sikortex.com\/vi\/wp-json\/wp\/v2\/types\/product"}],"replies":[{"embeddable":true,"href":"https:\/\/www.sikortex.com\/vi\/wp-json\/wp\/v2\/comments?post=1963"}],"wp:featuredmedia":[{"embeddable":true,"href":"https:\/\/www.sikortex.com\/vi\/wp-json\/wp\/v2\/media\/3758"}],"wp:attachment":[{"href":"https:\/\/www.sikortex.com\/vi\/wp-json\/wp\/v2\/media?parent=1963"}],"wp:term":[{"taxonomy":"product_brand","embeddable":true,"href":"https:\/\/www.sikortex.com\/vi\/wp-json\/wp\/v2\/product_brand?post=1963"},{"taxonomy":"product_cat","embeddable":true,"href":"https:\/\/www.sikortex.com\/vi\/wp-json\/wp\/v2\/product_cat?post=1963"},{"taxonomy":"product_tag","embeddable":true,"href":"https:\/\/www.sikortex.com\/vi\/wp-json\/wp\/v2\/product_tag?post=1963"}],"curies":[{"name":"wp","href":"https:\/\/api.w.org\/{rel}","templated":true}]}}