{"id":1950,"date":"2023-06-02T14:30:32","date_gmt":"2023-06-02T06:30:32","guid":{"rendered":"http:\/\/203.196.10.64:3021\/?post_type=product&#038;p=1950"},"modified":"2023-10-20T13:30:27","modified_gmt":"2023-10-20T05:30:27","slug":"sk8367-nylon-66-fabri","status":"publish","type":"product","link":"https:\/\/www.sikortex.com\/vi\/san-pham\/sk8367-nylon-66-fabri\/","title":{"rendered":"V\u1ea3i co gi\u00e3n s\u1ee3i ngang 40D nylon 66 c\u00f3 \u0111\u1ed9 b\u1ec1n cao"},"content":{"rendered":"<p>Nh\u00e0 s\u1ea3n xu\u1ea5t v\u1ea3i hi\u1ec7u su\u1ea5t SIKOR-TEX<\/p>\n<p>V\u1ea3i co gi\u00e3n s\u1ee3i ngang 40D nylon 66 c\u00f3 \u0111\u1ed9 b\u1ec1n cao - ch\u1ea5t li\u1ec7u c\u00f3 \u0111\u1ed9 b\u1ec1n cao v\u00e0 \u0111\u1ed9 b\u1ec1n cao l\u00fd t\u01b0\u1edfng cho \u00e1o kho\u00e1c, qu\u1ea7n d\u00e0i, \u0111\u1ec7m v\u00e0 \u00e1o kho\u00e1c ngo\u00e0i. Kh\u00e1c v\u1edbi s\u1ee3i nylon 40D th\u00f4ng th\u01b0\u1eddng, s\u1ee3i nylon 66 s\u1ee3i ngang trong lo\u1ea1i v\u1ea3i n\u00e0y l\u00e0 m\u1ed9t lo\u1ea1i s\u1ee3i c\u00f3 \u0111\u1ed9 \u0111\u00e0n h\u1ed3i cao n\u00ean lo\u1ea1i v\u1ea3i n\u00e0y l\u00e0 m\u1ed9t lo\u1ea1i v\u1ea3i co gi\u00e3n ngang, \u0111\u1ed9 co gi\u00e3n g\u1ea7n b\u1eb1ng v\u1ea3i thun, \u0111\u1ed9 co gi\u00e3n r\u1ea5t cao. b\u1ec1n ch\u1eb7t; n\u00f3 c\u0169ng c\u00f3 \u0111\u1ed9 b\u1ec1n tuy\u1ec7t v\u1eddi Kh\u1ea3 n\u0103ng ch\u1ed1ng m\u00e0i m\u00f2n v\u00e0 ch\u1ed1ng r\u00e1ch. \u0110i\u1ec1u n\u00e0y khi\u1ebfn n\u00f3 tr\u1edf n\u00ean l\u00fd t\u01b0\u1edfng cho c\u00e1c ho\u1ea1t \u0111\u1ed9ng ngo\u00e0i tr\u1eddi, trang ph\u1ee5c tr\u01b0\u1ee3t tuy\u1ebft v\u00e0 trang ph\u1ee5c th\u01b0\u1eddng ng\u00e0y.<\/p>\n<p>\u0110\u1ed9 b\u1ec1n v\u00e0 \u0111\u1ed9 b\u1ec1n cao c\u1ee7a v\u1ea3i \u0111\u1ea3m b\u1ea3o v\u1ea3i c\u00f3 th\u1ec3 ch\u1ecbu \u0111\u01b0\u1ee3c s\u1ef1 kh\u1eafc nghi\u1ec7t khi s\u1eed d\u1ee5ng ngo\u00e0i tr\u1eddi, khi\u1ebfn v\u1ea3i tr\u1edf th\u00e0nh l\u1ef1a ch\u1ecdn ho\u00e0n h\u1ea3o cho nh\u1eefng ai th\u00edch d\u00e0nh th\u1eddi gian h\u00f2a m\u00ecnh v\u00e0o thi\u00ean nhi\u00ean. V\u1edbi t\u00ednh linh ho\u1ea1t v\u00e0 \u0111\u1eb7c t\u00ednh hi\u1ec7u su\u1ea5t cao, d\u00f2ng v\u1ea3i co gi\u00e3n nh\u1eb9 Nylon 6.6 c\u1ee7a SIKOR-TEX l\u00e0 s\u1ea3n ph\u1ea9m kh\u00f4ng th\u1ec3 b\u1ecf qua cho b\u1ea5t k\u1ef3 ai \u0111ang t\u00ecm ki\u1ebfm lo\u1ea1i v\u1ea3i b\u1ec1n, \u0111\u00e1ng tin c\u1eady cho d\u1ef1 \u00e1n ti\u1ebfp theo c\u1ee7a h\u1ecd.<\/p>","protected":false},"excerpt":{"rendered":"<p>1200 m\u00e9t (\u0110\u01a1n h\u00e0ng t\u1ed1i thi\u1ec3u)<\/p>","protected":false},"featured_media":3748,"comment_status":"closed","ping_status":"closed","template":"","meta":{"_uag_custom_page_level_css":"","site-sidebar-layout":"default","site-content-layout":"default","ast-site-content-layout":"","site-content-style":"default","site-sidebar-style":"default","ast-global-header-display":"","ast-banner-title-visibility":"","ast-main-header-display":"","ast-hfb-above-header-display":"","ast-hfb-below-header-display":"","ast-hfb-mobile-header-display":"","site-post-title":"","ast-breadcrumbs-content":"","ast-featured-img":"","footer-sml-layout":"","theme-transparent-header-meta":"default","adv-header-id-meta":"","stick-header-meta":"default","header-above-stick-meta":"","header-main-stick-meta":"","header-below-stick-meta":"","astra-migrate-meta-layouts":"default","ast-page-background-enabled":"default","ast-page-background-meta":{"desktop":{"background-color":"","background-image":"","background-repeat":"repeat","background-position":"center center","background-size":"auto","background-attachment":"scroll","background-type":"","background-media":"","overlay-type":"","overlay-color":"","overlay-opacity":"","overlay-gradient":""},"tablet":{"background-color":"","background-image":"","background-repeat":"repeat","background-position":"center center","background-size":"auto","background-attachment":"scroll","background-type":"","background-media":"","overlay-type":"","overlay-color":"","overlay-opacity":"","overlay-gradient":""},"mobile":{"background-color":"","background-image":"","background-repeat":"repeat","background-position":"center center","background-size":"auto","background-attachment":"scroll","background-type":"","background-media":"","overlay-type":"","overlay-color":"","overlay-opacity":"","overlay-gradient":""}},"ast-content-background-meta":{"desktop":{"background-color":"var(--ast-global-color-5)","background-image":"","background-repeat":"repeat","background-position":"center center","background-size":"auto","background-attachment":"scroll","background-type":"","background-media":"","overlay-type":"","overlay-color":"","overlay-opacity":"","overlay-gradient":""},"tablet":{"background-color":"var(--ast-global-color-5)","background-image":"","background-repeat":"repeat","background-position":"center center","background-size":"auto","background-attachment":"scroll","background-type":"","background-media":"","overlay-type":"","overlay-color":"","overlay-opacity":"","overlay-gradient":""},"mobile":{"background-color":"var(--ast-global-color-5)","background-image":"","background-repeat":"repeat","background-position":"center center","background-size":"auto","background-attachment":"scroll","background-type":"","background-media":"","overlay-type":"","overlay-color":"","overlay-opacity":"","overlay-gradient":""}}},"product_brand":[],"product_cat":[431,430,428,1145,404,420],"product_tag":[],"class_list":{"0":"post-1950","1":"product","2":"type-product","3":"status-publish","4":"has-post-thumbnail","6":"product_cat-fabric-for-commuting-clothing","7":"product_cat-fabric-for-motorwear","8":"product_cat-fabric-for-outdoor-sports","9":"product_cat-lightweight-fabric","10":"product_cat-nylon-fabrics","11":"product_cat-stretch-fabrics","12":"pa_available_colors-h-black","13":"desktop-align-left","14":"tablet-align-left","15":"mobile-align-left","16":"ast-product-gallery-layout-vertical-slider","17":"ast-product-tabs-layout-horizontal","19":"first","20":"instock","21":"shipping-taxable","22":"product-type-simple"},"uagb_featured_image_src":{"full":["https:\/\/www.sikortex.com\/wp-content\/uploads\/2023\/06\/O1CN01EXgtiy1ncsyNxH3Ii_2201413325111-0-cib-1.jpg",1024,1024,false],"thumbnail":["https:\/\/www.sikortex.com\/wp-content\/uploads\/2023\/06\/O1CN01EXgtiy1ncsyNxH3Ii_2201413325111-0-cib-1-150x150.jpg",150,150,true],"medium":["https:\/\/www.sikortex.com\/wp-content\/uploads\/2023\/06\/O1CN01EXgtiy1ncsyNxH3Ii_2201413325111-0-cib-1-300x300.jpg",300,300,true],"medium_large":["https:\/\/www.sikortex.com\/wp-content\/uploads\/2023\/06\/O1CN01EXgtiy1ncsyNxH3Ii_2201413325111-0-cib-1-768x768.jpg",768,768,true],"large":["https:\/\/www.sikortex.com\/wp-content\/uploads\/2023\/06\/O1CN01EXgtiy1ncsyNxH3Ii_2201413325111-0-cib-1.jpg",1024,1024,false],"1536x1536":["https:\/\/www.sikortex.com\/wp-content\/uploads\/2023\/06\/O1CN01EXgtiy1ncsyNxH3Ii_2201413325111-0-cib-1.jpg",1024,1024,false],"2048x2048":["https:\/\/www.sikortex.com\/wp-content\/uploads\/2023\/06\/O1CN01EXgtiy1ncsyNxH3Ii_2201413325111-0-cib-1.jpg",1024,1024,false],"trp-custom-language-flag":["https:\/\/www.sikortex.com\/wp-content\/uploads\/2023\/06\/O1CN01EXgtiy1ncsyNxH3Ii_2201413325111-0-cib-1.jpg",12,12,false],"woocommerce_thumbnail":["https:\/\/www.sikortex.com\/wp-content\/uploads\/2023\/06\/O1CN01EXgtiy1ncsyNxH3Ii_2201413325111-0-cib-1-300x300.jpg",300,300,true],"woocommerce_single":["https:\/\/www.sikortex.com\/wp-content\/uploads\/2023\/06\/O1CN01EXgtiy1ncsyNxH3Ii_2201413325111-0-cib-1-600x600.jpg",600,600,true],"woocommerce_gallery_thumbnail":["https:\/\/www.sikortex.com\/wp-content\/uploads\/2023\/06\/O1CN01EXgtiy1ncsyNxH3Ii_2201413325111-0-cib-1-100x100.jpg",100,100,true]},"uagb_author_info":{"display_name":"Perry","author_link":"https:\/\/www.sikortex.com\/vi\/author\/"},"uagb_comment_info":0,"uagb_excerpt":"1200 Meters(Min.Order)","_links":{"self":[{"href":"https:\/\/www.sikortex.com\/vi\/wp-json\/wp\/v2\/product\/1950","targetHints":{"allow":["GET"]}}],"collection":[{"href":"https:\/\/www.sikortex.com\/vi\/wp-json\/wp\/v2\/product"}],"about":[{"href":"https:\/\/www.sikortex.com\/vi\/wp-json\/wp\/v2\/types\/product"}],"replies":[{"embeddable":true,"href":"https:\/\/www.sikortex.com\/vi\/wp-json\/wp\/v2\/comments?post=1950"}],"wp:featuredmedia":[{"embeddable":true,"href":"https:\/\/www.sikortex.com\/vi\/wp-json\/wp\/v2\/media\/3748"}],"wp:attachment":[{"href":"https:\/\/www.sikortex.com\/vi\/wp-json\/wp\/v2\/media?parent=1950"}],"wp:term":[{"taxonomy":"product_brand","embeddable":true,"href":"https:\/\/www.sikortex.com\/vi\/wp-json\/wp\/v2\/product_brand?post=1950"},{"taxonomy":"product_cat","embeddable":true,"href":"https:\/\/www.sikortex.com\/vi\/wp-json\/wp\/v2\/product_cat?post=1950"},{"taxonomy":"product_tag","embeddable":true,"href":"https:\/\/www.sikortex.com\/vi\/wp-json\/wp\/v2\/product_tag?post=1950"}],"curies":[{"name":"wp","href":"https:\/\/api.w.org\/{rel}","templated":true}]}}