{"id":1949,"date":"2023-06-02T14:32:16","date_gmt":"2023-06-02T06:32:16","guid":{"rendered":"http:\/\/203.196.10.64:3021\/?post_type=product&#038;p=1949"},"modified":"2023-10-19T10:22:59","modified_gmt":"2023-10-19T02:22:59","slug":"sk8247-2","status":"publish","type":"product","link":"https:\/\/www.sikortex.com\/vi\/san-pham\/sk8247-2\/","title":{"rendered":"V\u1ea3i l\u01b0\u1edbi 650D nylon Ripstop kh\u00f4ng th\u1ea5m n\u01b0\u1edbc 0,7cm"},"content":{"rendered":"<p>Nh\u00e0 s\u1ea3n xu\u1ea5t v\u1ea3i hi\u1ec7u su\u1ea5t SIKOR-TEX<\/p>\n<p>V\u1ea3i l\u01b0\u1edbi 0,7 cm ch\u1ed1ng n\u01b0\u1edbc 650D Nylon Ripstop, m\u1ed9t lo\u1ea1i v\u1ea3i linh ho\u1ea1t v\u00e0 \u0111\u00e1ng tin c\u1eady \u0111\u01b0\u1ee3c thi\u1ebft k\u1ebf cho nhi\u1ec1u \u1ee9ng d\u1ee5ng kh\u00e1c nhau, bao g\u1ed3m \u0111\u1ed3ng ph\u1ee5c qu\u00e2n \u0111\u1ed9i, \u00e1o kho\u00e1c chi\u1ebfn thu\u1eadt, \u0111\u1ed3 th\u1ec3 thao ngo\u00e0i tr\u1eddi v\u00e0 s\u1eed d\u1ee5ng trong c\u00f4ng nghi\u1ec7p.<\/p>\n<p>\u0110\u01b0\u1ee3c ch\u1ebf t\u1ea1o t\u1eeb 650D Nylon Ripstop ch\u1ea5t l\u01b0\u1ee3ng cao, lo\u1ea1i v\u1ea3i n\u00e0y mang l\u1ea1i \u0111\u1ed9 b\u1ec1n v\u00e0 \u0111\u1ed9 b\u1ec1n tuy\u1ec7t v\u1eddi. M\u1eabu ripstop d\u1ea1ng l\u01b0\u1edbi 0,7 cm gi\u00fap t\u0103ng c\u01b0\u1eddng kh\u1ea3 n\u0103ng ch\u1ed1ng r\u00e1ch, khi\u1ebfn n\u00f3 ph\u00f9 h\u1ee3p v\u1edbi nh\u1eefng m\u00f4i tr\u01b0\u1eddng \u0111\u00f2i h\u1ecfi kh\u1eaft khe. Ngo\u00e0i ra, v\u1ea3i c\u00f2n c\u00f3 kh\u1ea3 n\u0103ng ch\u1ed1ng th\u1ea5m n\u01b0\u1edbc, b\u1ea3o v\u1ec7 ch\u1ed1ng \u1ea9m v\u00e0 \u0111\u1ea3m b\u1ea3o s\u1ef1 tho\u1ea3i m\u00e1i trong \u0111i\u1ec1u ki\u1ec7n \u1ea9m \u01b0\u1edbt.<\/p>\n<p>N\u00f3 c\u0169ng th\u00edch h\u1ee3p \u0111\u1ec3 s\u1ea3n xu\u1ea5t \u00e1o gi\u00e1p v\u00e0 \u00e1o kho\u00e1c chi\u1ebfn thu\u1eadt, cung c\u1ea5p kh\u1ea3 n\u0103ng b\u1ea3o v\u1ec7 \u0111\u00e1ng tin c\u1eady trong c\u00e1c t\u00ecnh hu\u1ed1ng r\u1ee7i ro cao. H\u01a1n n\u1eefa, \u0111\u1eb7c t\u00ednh ch\u1ed1ng th\u1ea5m n\u01b0\u1edbc c\u1ee7a n\u00f3 l\u00e0m cho n\u00f3 ph\u00f9 h\u1ee3p v\u1edbi trang ph\u1ee5c th\u1ec3 thao ngo\u00e0i tr\u1eddi, \u0111\u1ea3m b\u1ea3o s\u1ef1 tho\u1ea3i m\u00e1i v\u00e0 hi\u1ec7u su\u1ea5t trong c\u00e1c \u0111i\u1ec1u ki\u1ec7n th\u1eddi ti\u1ebft kh\u00e1c nhau.<\/p>\n<p>Ngo\u00e0i c\u00e1c \u1ee9ng d\u1ee5ng qu\u00e2n s\u1ef1 v\u00e0 qu\u1ea7n \u00e1o th\u1ec3 thao, lo\u1ea1i v\u1ea3i n\u00e0y c\u00f2n c\u00f3 \u00edch trong m\u00f4i tr\u01b0\u1eddng c\u00f4ng nghi\u1ec7p, n\u01a1i c\u1ea7n c\u00f3 \u0111\u1ed9 b\u1ec1n, kh\u1ea3 n\u0103ng ch\u1ed1ng r\u00e1ch v\u00e0 ch\u1ed1ng th\u1ea5m n\u01b0\u1edbc. N\u00f3 c\u00f3 th\u1ec3 ch\u1ecbu \u0111\u01b0\u1ee3c vi\u1ec7c s\u1eed d\u1ee5ng nghi\u00eam ng\u1eb7t, l\u00e0m cho n\u00f3 ph\u00f9 h\u1ee3p v\u1edbi c\u00e1c \u1ee9ng d\u1ee5ng c\u00f4ng nghi\u1ec7p kh\u00e1c nhau.<\/p>","protected":false},"excerpt":{"rendered":"<p>600 m\u00e9t (\u0110\u01a1n h\u00e0ng t\u1ed1i thi\u1ec3u)<\/p>","protected":false},"featured_media":3750,"comment_status":"closed","ping_status":"closed","template":"","meta":{"_uag_custom_page_level_css":"","site-sidebar-layout":"default","site-content-layout":"default","ast-site-content-layout":"","site-content-style":"default","site-sidebar-style":"default","ast-global-header-display":"","ast-banner-title-visibility":"","ast-main-header-display":"","ast-hfb-above-header-display":"","ast-hfb-below-header-display":"","ast-hfb-mobile-header-display":"","site-post-title":"","ast-breadcrumbs-content":"","ast-featured-img":"","footer-sml-layout":"","theme-transparent-header-meta":"default","adv-header-id-meta":"","stick-header-meta":"default","header-above-stick-meta":"","header-main-stick-meta":"","header-below-stick-meta":"","astra-migrate-meta-layouts":"default","ast-page-background-enabled":"default","ast-page-background-meta":{"desktop":{"background-color":"","background-image":"","background-repeat":"repeat","background-position":"center center","background-size":"auto","background-attachment":"scroll","background-type":"","background-media":"","overlay-type":"","overlay-color":"","overlay-opacity":"","overlay-gradient":""},"tablet":{"background-color":"","background-image":"","background-repeat":"repeat","background-position":"center center","background-size":"auto","background-attachment":"scroll","background-type":"","background-media":"","overlay-type":"","overlay-color":"","overlay-opacity":"","overlay-gradient":""},"mobile":{"background-color":"","background-image":"","background-repeat":"repeat","background-position":"center center","background-size":"auto","background-attachment":"scroll","background-type":"","background-media":"","overlay-type":"","overlay-color":"","overlay-opacity":"","overlay-gradient":""}},"ast-content-background-meta":{"desktop":{"background-color":"var(--ast-global-color-5)","background-image":"","background-repeat":"repeat","background-position":"center center","background-size":"auto","background-attachment":"scroll","background-type":"","background-media":"","overlay-type":"","overlay-color":"","overlay-opacity":"","overlay-gradient":""},"tablet":{"background-color":"var(--ast-global-color-5)","background-image":"","background-repeat":"repeat","background-position":"center center","background-size":"auto","background-attachment":"scroll","background-type":"","background-media":"","overlay-type":"","overlay-color":"","overlay-opacity":"","overlay-gradient":""},"mobile":{"background-color":"var(--ast-global-color-5)","background-image":"","background-repeat":"repeat","background-position":"center center","background-size":"auto","background-attachment":"scroll","background-type":"","background-media":"","overlay-type":"","overlay-color":"","overlay-opacity":"","overlay-gradient":""}}},"product_brand":[],"product_cat":[426,423,430,404,414],"product_tag":[],"class_list":{"0":"post-1949","1":"product","2":"type-product","3":"status-publish","4":"has-post-thumbnail","6":"product_cat-constructionmining","7":"product_cat-fabric-for-military-police","8":"product_cat-fabric-for-motorwear","9":"product_cat-nylon-fabrics","10":"product_cat-waterproof-fabrics","11":"pa_available_colors-royal-blue","12":"pa_available_colors-911052-spc","13":"desktop-align-left","14":"tablet-align-left","15":"mobile-align-left","16":"ast-product-gallery-layout-vertical-slider","17":"ast-product-tabs-layout-horizontal","19":"first","20":"instock","21":"shipping-taxable","22":"product-type-simple"},"uagb_featured_image_src":{"full":["https:\/\/www.sikortex.com\/wp-content\/uploads\/2023\/06\/O1CN01VSAOa91b4k7uiPkz0_2213181973412-0-cib-1.jpg",1024,1024,false],"thumbnail":["https:\/\/www.sikortex.com\/wp-content\/uploads\/2023\/06\/O1CN01VSAOa91b4k7uiPkz0_2213181973412-0-cib-1-150x150.jpg",150,150,true],"medium":["https:\/\/www.sikortex.com\/wp-content\/uploads\/2023\/06\/O1CN01VSAOa91b4k7uiPkz0_2213181973412-0-cib-1-300x300.jpg",300,300,true],"medium_large":["https:\/\/www.sikortex.com\/wp-content\/uploads\/2023\/06\/O1CN01VSAOa91b4k7uiPkz0_2213181973412-0-cib-1-768x768.jpg",768,768,true],"large":["https:\/\/www.sikortex.com\/wp-content\/uploads\/2023\/06\/O1CN01VSAOa91b4k7uiPkz0_2213181973412-0-cib-1.jpg",1024,1024,false],"1536x1536":["https:\/\/www.sikortex.com\/wp-content\/uploads\/2023\/06\/O1CN01VSAOa91b4k7uiPkz0_2213181973412-0-cib-1.jpg",1024,1024,false],"2048x2048":["https:\/\/www.sikortex.com\/wp-content\/uploads\/2023\/06\/O1CN01VSAOa91b4k7uiPkz0_2213181973412-0-cib-1.jpg",1024,1024,false],"trp-custom-language-flag":["https:\/\/www.sikortex.com\/wp-content\/uploads\/2023\/06\/O1CN01VSAOa91b4k7uiPkz0_2213181973412-0-cib-1.jpg",12,12,false],"woocommerce_thumbnail":["https:\/\/www.sikortex.com\/wp-content\/uploads\/2023\/06\/O1CN01VSAOa91b4k7uiPkz0_2213181973412-0-cib-1-300x300.jpg",300,300,true],"woocommerce_single":["https:\/\/www.sikortex.com\/wp-content\/uploads\/2023\/06\/O1CN01VSAOa91b4k7uiPkz0_2213181973412-0-cib-1-600x600.jpg",600,600,true],"woocommerce_gallery_thumbnail":["https:\/\/www.sikortex.com\/wp-content\/uploads\/2023\/06\/O1CN01VSAOa91b4k7uiPkz0_2213181973412-0-cib-1-100x100.jpg",100,100,true]},"uagb_author_info":{"display_name":"Perry","author_link":"https:\/\/www.sikortex.com\/vi\/author\/"},"uagb_comment_info":0,"uagb_excerpt":"600 Meters(Min.Order)","_links":{"self":[{"href":"https:\/\/www.sikortex.com\/vi\/wp-json\/wp\/v2\/product\/1949","targetHints":{"allow":["GET"]}}],"collection":[{"href":"https:\/\/www.sikortex.com\/vi\/wp-json\/wp\/v2\/product"}],"about":[{"href":"https:\/\/www.sikortex.com\/vi\/wp-json\/wp\/v2\/types\/product"}],"replies":[{"embeddable":true,"href":"https:\/\/www.sikortex.com\/vi\/wp-json\/wp\/v2\/comments?post=1949"}],"wp:featuredmedia":[{"embeddable":true,"href":"https:\/\/www.sikortex.com\/vi\/wp-json\/wp\/v2\/media\/3750"}],"wp:attachment":[{"href":"https:\/\/www.sikortex.com\/vi\/wp-json\/wp\/v2\/media?parent=1949"}],"wp:term":[{"taxonomy":"product_brand","embeddable":true,"href":"https:\/\/www.sikortex.com\/vi\/wp-json\/wp\/v2\/product_brand?post=1949"},{"taxonomy":"product_cat","embeddable":true,"href":"https:\/\/www.sikortex.com\/vi\/wp-json\/wp\/v2\/product_cat?post=1949"},{"taxonomy":"product_tag","embeddable":true,"href":"https:\/\/www.sikortex.com\/vi\/wp-json\/wp\/v2\/product_tag?post=1949"}],"curies":[{"name":"wp","href":"https:\/\/api.w.org\/{rel}","templated":true}]}}