{"id":1940,"date":"2023-06-02T14:28:47","date_gmt":"2023-06-02T06:28:47","guid":{"rendered":"http:\/\/203.196.10.64:3021\/?post_type=product&#038;p=1940"},"modified":"2025-01-09T10:53:45","modified_gmt":"2025-01-09T02:53:45","slug":"sk8246-nylon-66","status":"publish","type":"product","link":"https:\/\/www.sikortex.com\/vi\/san-pham\/sk8246-nylon-66\/","title":{"rendered":"V\u1ea3i ch\u1ed1ng ch\u00e1y ph\u1ee7 PU 650D Nylon 66 EN ISO 11612"},"content":{"rendered":"<p><a href=\"https:\/\/www.sikortex.com\/vi\/ho-so-cong-ty\/\"><span style=\"color: #3366ff;\">SIKOR-TEX<\/span><\/a> nh\u00e0 s\u1ea3n xu\u1ea5t v\u1ea3i hi\u1ec7u su\u1ea5t<\/p>\n<p>650D <a href=\"https:\/\/www.sikortex.com\/vi\/nha-san-xuat-vai-nylon\/\"><span style=\"color: #3366ff;\">Nylon<\/span><\/a> 66 <a href=\"https:\/\/www.sikortex.com\/vi\/flame-retardant-fabrics\/\"><span style=\"color: #3366ff;\">Ch\u1ed1ng ch\u00e1y<\/span><\/a> V\u1ea3i tr\u00e1ng, m\u1ed9t lo\u1ea1i v\u1ea3i \u0111\u00e1ng tin c\u1eady v\u00e0 b\u1ec1n \u0111\u01b0\u1ee3c thi\u1ebft k\u1ebf cho <a href=\"https:\/\/www.sikortex.com\/vi\/quan-vai-ripstop-vai\/\"><span style=\"color: #3366ff;\">qu\u00e2n \u0111\u1ed9i<\/span><\/a> \u1ee9ng d\u1ee5ng. V\u1ea3i n\u00e0y \u0111\u01b0\u1ee3c thi\u1ebft k\u1ebf \u0111\u1eb7c bi\u1ec7t \u0111\u1ec3 \u0111\u00e1p \u1ee9ng c\u00e1c y\u00eau c\u1ea7u nghi\u00eam ng\u1eb7t c\u1ee7a <a href=\"https:\/\/www.sikortex.com\/vi\/quan-vai-ripstop-vai\/\"><span style=\"color: #3366ff;\">qu\u00e2n \u0111\u1ed9i<\/span><\/a> \u0111\u1ed3ng ph\u1ee5c, <a href=\"https:\/\/www.sikortex.com\/vi\/quan-vai-ripstop-vai\/\"><span style=\"color: #3366ff;\">qu\u00e2n \u0111\u1ed9i<\/span><\/a> thi\u1ebft b\u1ecb v\u00e0 qu\u1ea7n \u00e1o b\u1ea3o h\u1ed9.<\/p>\n<p>\u0110\u01b0\u1ee3c l\u00e0m t\u1eeb ch\u1ea5t li\u1ec7u 650D cao c\u1ea5p <a href=\"https:\/\/www.sikortex.com\/vi\/nha-san-xuat-vai-nylon\/\"><span style=\"color: #3366ff;\">Nylon<\/span><\/a> 66 ch\u1ea5t li\u1ec7u, lo\u1ea1i v\u1ea3i n\u00e0y c\u00f3 \u0111\u1ed9 b\u1ec1n v\u00e0 s\u1ee9c m\u1ea1nh \u0111\u1eb7c bi\u1ec7t. <a href=\"https:\/\/www.sikortex.com\/vi\/nha-san-xuat-vai-chong-chay\/\"><span style=\"color: #3366ff;\">ch\u1ea5t ch\u1ed1ng ch\u00e1y<\/span><\/a> L\u1edbp ph\u1ee7 cung c\u1ea5p th\u00eam m\u1ed9t l\u1edbp b\u1ea3o v\u1ec7, \u0111\u1ea3m b\u1ea3o an to\u00e0n h\u01a1n trong m\u00f4i tr\u01b0\u1eddng nguy hi\u1ec3m. C\u1ea5u tr\u00fac v\u00e0 l\u1edbp ph\u1ee7 c\u1ee7a v\u1ea3i gi\u00fap ch\u1ed1ng ch\u00e1y v\u00e0 ng\u0103n ng\u1eeba s\u1ef1 lan truy\u1ec1n c\u1ee7a l\u1eeda.<\/p>\n<p>M\u00e1y \u1ea3nh 650D <a href=\"https:\/\/www.sikortex.com\/vi\/nha-san-xuat-vai-nylon\/\"><span style=\"color: #3366ff;\">Nylon<\/span><\/a> 66 <a href=\"https:\/\/www.sikortex.com\/vi\/flame-retardant-fabrics\/\"><span style=\"color: #3366ff;\">Ch\u1ed1ng ch\u00e1y<\/span><\/a> V\u1ea3i tr\u00e1ng ph\u1ee7 r\u1ea5t ph\u00f9 h\u1ee3p cho <a href=\"https:\/\/www.sikortex.com\/vi\/quan-vai-ripstop-vai\/\"><span style=\"color: #3366ff;\">qu\u00e2n \u0111\u1ed9i<\/span><\/a> \u0111\u1ed3ng ph\u1ee5c, cung c\u1ea5p \u0111\u1ed9 b\u1ec1n v\u00e0 kh\u1ea3 n\u0103ng b\u1ea3o v\u1ec7 c\u1ea7n thi\u1ebft cho nh\u00e2n vi\u00ean tr\u00ean th\u1ef1c \u0111\u1ecba. N\u00f3 c\u0169ng l\u00fd t\u01b0\u1edfng cho s\u1ea3n xu\u1ea5t <a href=\"https:\/\/www.sikortex.com\/vi\/quan-vai-ripstop-vai\/\"><span style=\"color: #3366ff;\">qu\u00e2n \u0111\u1ed9i<\/span><\/a> thi\u1ebft b\u1ecb v\u00e0 qu\u1ea7n \u00e1o b\u1ea3o h\u1ed9, n\u01a1i m\u00e0 kh\u1ea3 n\u0103ng ch\u1ed1ng ch\u00e1y v\u00e0 ch\u1ed1ng m\u00e0i m\u00f2n l\u00e0 r\u1ea5t c\u1ea7n thi\u1ebft.<\/p>\n<p>Duy\u1ec7t th\u00eam <span style=\"color: #3366ff;\"><a style=\"color: #3366ff;\" href=\"https:\/\/www.sikortex.com\/vi\/vai-cordura-2\/\">V\u1ea3i Cordura<\/a><\/span><\/p>","protected":false},"excerpt":{"rendered":"<p>600 m\u00e9t (\u0110\u01a1n h\u00e0ng t\u1ed1i thi\u1ec3u)<\/p>","protected":false},"featured_media":3729,"comment_status":"closed","ping_status":"closed","template":"","meta":{"_uag_custom_page_level_css":"","site-sidebar-layout":"default","site-content-layout":"default","ast-site-content-layout":"","site-content-style":"default","site-sidebar-style":"default","ast-global-header-display":"","ast-banner-title-visibility":"","ast-main-header-display":"","ast-hfb-above-header-display":"","ast-hfb-below-header-display":"","ast-hfb-mobile-header-display":"","site-post-title":"","ast-breadcrumbs-content":"","ast-featured-img":"","footer-sml-layout":"","theme-transparent-header-meta":"default","adv-header-id-meta":"","stick-header-meta":"default","header-above-stick-meta":"","header-main-stick-meta":"","header-below-stick-meta":"","astra-migrate-meta-layouts":"default","ast-page-background-enabled":"default","ast-page-background-meta":{"desktop":{"background-color":"","background-image":"","background-repeat":"repeat","background-position":"center center","background-size":"auto","background-attachment":"scroll","background-type":"","background-media":"","overlay-type":"","overlay-color":"","overlay-opacity":"","overlay-gradient":""},"tablet":{"background-color":"","background-image":"","background-repeat":"repeat","background-position":"center center","background-size":"auto","background-attachment":"scroll","background-type":"","background-media":"","overlay-type":"","overlay-color":"","overlay-opacity":"","overlay-gradient":""},"mobile":{"background-color":"","background-image":"","background-repeat":"repeat","background-position":"center center","background-size":"auto","background-attachment":"scroll","background-type":"","background-media":"","overlay-type":"","overlay-color":"","overlay-opacity":"","overlay-gradient":""}},"ast-content-background-meta":{"desktop":{"background-color":"var(--ast-global-color-5)","background-image":"","background-repeat":"repeat","background-position":"center center","background-size":"auto","background-attachment":"scroll","background-type":"","background-media":"","overlay-type":"","overlay-color":"","overlay-opacity":"","overlay-gradient":""},"tablet":{"background-color":"var(--ast-global-color-5)","background-image":"","background-repeat":"repeat","background-position":"center center","background-size":"auto","background-attachment":"scroll","background-type":"","background-media":"","overlay-type":"","overlay-color":"","overlay-opacity":"","overlay-gradient":""},"mobile":{"background-color":"var(--ast-global-color-5)","background-image":"","background-repeat":"repeat","background-position":"center center","background-size":"auto","background-attachment":"scroll","background-type":"","background-media":"","overlay-type":"","overlay-color":"","overlay-opacity":"","overlay-gradient":""}}},"product_brand":[],"product_cat":[423,416,404,427],"product_tag":[],"class_list":{"0":"post-1940","1":"product","2":"type-product","3":"status-publish","4":"has-post-thumbnail","6":"product_cat-fabric-for-military-police","7":"product_cat-fire-retardant-fabrics","8":"product_cat-nylon-fabrics","9":"product_cat-petroleum-and-petrochemical","10":"pa_available_colors-911052-spc","11":"desktop-align-left","12":"tablet-align-left","13":"mobile-align-left","14":"ast-product-gallery-layout-vertical-slider","15":"ast-product-tabs-layout-horizontal","17":"first","18":"instock","19":"shipping-taxable","20":"product-type-simple"},"uagb_featured_image_src":{"full":["https:\/\/www.sikortex.com\/wp-content\/uploads\/2023\/06\/O1CN01NGxpd31RbaLiC6Ahx_2206372042130-0-cib-1.jpg",1024,1024,false],"thumbnail":["https:\/\/www.sikortex.com\/wp-content\/uploads\/2023\/06\/O1CN01NGxpd31RbaLiC6Ahx_2206372042130-0-cib-1-150x150.jpg",150,150,true],"medium":["https:\/\/www.sikortex.com\/wp-content\/uploads\/2023\/06\/O1CN01NGxpd31RbaLiC6Ahx_2206372042130-0-cib-1-300x300.jpg",300,300,true],"medium_large":["https:\/\/www.sikortex.com\/wp-content\/uploads\/2023\/06\/O1CN01NGxpd31RbaLiC6Ahx_2206372042130-0-cib-1-768x768.jpg",768,768,true],"large":["https:\/\/www.sikortex.com\/wp-content\/uploads\/2023\/06\/O1CN01NGxpd31RbaLiC6Ahx_2206372042130-0-cib-1.jpg",1024,1024,false],"1536x1536":["https:\/\/www.sikortex.com\/wp-content\/uploads\/2023\/06\/O1CN01NGxpd31RbaLiC6Ahx_2206372042130-0-cib-1.jpg",1024,1024,false],"2048x2048":["https:\/\/www.sikortex.com\/wp-content\/uploads\/2023\/06\/O1CN01NGxpd31RbaLiC6Ahx_2206372042130-0-cib-1.jpg",1024,1024,false],"trp-custom-language-flag":["https:\/\/www.sikortex.com\/wp-content\/uploads\/2023\/06\/O1CN01NGxpd31RbaLiC6Ahx_2206372042130-0-cib-1.jpg",12,12,false],"woocommerce_thumbnail":["https:\/\/www.sikortex.com\/wp-content\/uploads\/2023\/06\/O1CN01NGxpd31RbaLiC6Ahx_2206372042130-0-cib-1-300x300.jpg",300,300,true],"woocommerce_single":["https:\/\/www.sikortex.com\/wp-content\/uploads\/2023\/06\/O1CN01NGxpd31RbaLiC6Ahx_2206372042130-0-cib-1-600x600.jpg",600,600,true],"woocommerce_gallery_thumbnail":["https:\/\/www.sikortex.com\/wp-content\/uploads\/2023\/06\/O1CN01NGxpd31RbaLiC6Ahx_2206372042130-0-cib-1-100x100.jpg",100,100,true]},"uagb_author_info":{"display_name":"Perry","author_link":"https:\/\/www.sikortex.com\/vi\/author\/"},"uagb_comment_info":0,"uagb_excerpt":"600 Meters(Min.Order)","_links":{"self":[{"href":"https:\/\/www.sikortex.com\/vi\/wp-json\/wp\/v2\/product\/1940","targetHints":{"allow":["GET"]}}],"collection":[{"href":"https:\/\/www.sikortex.com\/vi\/wp-json\/wp\/v2\/product"}],"about":[{"href":"https:\/\/www.sikortex.com\/vi\/wp-json\/wp\/v2\/types\/product"}],"replies":[{"embeddable":true,"href":"https:\/\/www.sikortex.com\/vi\/wp-json\/wp\/v2\/comments?post=1940"}],"wp:featuredmedia":[{"embeddable":true,"href":"https:\/\/www.sikortex.com\/vi\/wp-json\/wp\/v2\/media\/3729"}],"wp:attachment":[{"href":"https:\/\/www.sikortex.com\/vi\/wp-json\/wp\/v2\/media?parent=1940"}],"wp:term":[{"taxonomy":"product_brand","embeddable":true,"href":"https:\/\/www.sikortex.com\/vi\/wp-json\/wp\/v2\/product_brand?post=1940"},{"taxonomy":"product_cat","embeddable":true,"href":"https:\/\/www.sikortex.com\/vi\/wp-json\/wp\/v2\/product_cat?post=1940"},{"taxonomy":"product_tag","embeddable":true,"href":"https:\/\/www.sikortex.com\/vi\/wp-json\/wp\/v2\/product_tag?post=1940"}],"curies":[{"name":"wp","href":"https:\/\/api.w.org\/{rel}","templated":true}]}}