{"id":1930,"date":"2023-06-02T14:26:16","date_gmt":"2023-06-02T06:26:16","guid":{"rendered":"http:\/\/203.196.10.64:3021\/?post_type=product&#038;p=1930"},"modified":"2023-10-19T10:18:14","modified_gmt":"2023-10-19T02:18:14","slug":"sk8245-500d-ni-long","status":"publish","type":"product","link":"https:\/\/www.sikortex.com\/vi\/san-pham\/sk8245-500d-ni-long\/","title":{"rendered":"V\u1ea3i c\u0103ng m\u00e0ng TPU nhi\u1ec1u l\u1edbp 500D nylon"},"content":{"rendered":"<p>V\u1ea3i c\u0103ng m\u00e0ng TPU nhi\u1ec1u l\u1edbp nylon 500D, m\u1ed9t lo\u1ea1i v\u1ea3i d\u1ec7t hi\u1ec7u su\u1ea5t cao \u0111\u01b0\u1ee3c thi\u1ebft k\u1ebf cho c\u00e1c \u1ee9ng d\u1ee5ng \u0111\u00f2i h\u1ecfi kh\u1eaft khe. Lo\u1ea1i v\u1ea3i n\u00e0y k\u1ebft h\u1ee3p \u0111\u1ed9 b\u1ec1n v\u00e0 \u0111\u1ed9 b\u1ec1n c\u1ee7a nylon 500D v\u1edbi c\u00e1c l\u1ee3i \u00edch b\u1ed5 sung c\u1ee7a m\u00e0ng TPU nhi\u1ec1u l\u1edbp.<\/p>\n<p>\u0110\u1ed9 b\u1ec1n cao v\u00e0 kh\u1ea3 n\u0103ng ch\u1ed1ng m\u00e0i m\u00f2n c\u1ee7a v\u1ea3i \u0111\u1ea3m b\u1ea3o \u0111\u1ed9 b\u1ec1n v\u01b0\u1ee3t tr\u1ed9i, cho ph\u00e9p v\u1ea3i ch\u1ecbu \u0111\u01b0\u1ee3c m\u00f4i tr\u01b0\u1eddng kh\u1eafc nghi\u1ec7t ngo\u00e0i tr\u1eddi v\u00e0 c\u00e1c ho\u1ea1t \u0111\u1ed9ng th\u1ec3 ch\u1ea5t c\u01b0\u1eddng \u0111\u1ed9 cao. C\u00e1c \u0111\u1eb7c t\u00ednh \u0111\u00e0n h\u1ed3i c\u1ee7a n\u00f3 mang l\u1ea1i s\u1ef1 linh ho\u1ea1t v\u00e0 t\u1ef1 do di chuy\u1ec3n tuy\u1ec7t v\u1eddi, n\u00e2ng cao s\u1ef1 tho\u1ea3i m\u00e1i v\u00e0 hi\u1ec7u su\u1ea5t trong c\u00e1c ho\u1ea1t \u0111\u1ed9ng t\u00edch c\u1ef1c.<\/p>\n<p>V\u1ea3i c\u0103ng m\u00e0ng TPU nhi\u1ec1u l\u1edbp nylon 500D c\u1ee7a ch\u00fang t\u00f4i l\u00e0 l\u00fd t\u01b0\u1edfng cho m\u1ed9t lo\u1ea1t c\u00e1c \u1ee9ng d\u1ee5ng. N\u00f3 r\u1ea5t ph\u00f9 h\u1ee3p v\u1edbi trang ph\u1ee5c th\u1ec3 thao ngo\u00e0i tr\u1eddi, mang l\u1ea1i s\u1ef1 b\u1ea3o v\u1ec7 \u0111\u00e1ng tin c\u1eady v\u00e0 tho\u1ea3i m\u00e1i trong c\u00e1c \u0111i\u1ec1u ki\u1ec7n th\u1eddi ti\u1ebft kh\u00e1c nhau. N\u00f3 c\u0169ng th\u00edch h\u1ee3p cho c\u00e1c b\u1ed9 qu\u1ea7n \u00e1o \u0111ua xe, mang l\u1ea1i hi\u1ec7u su\u1ea5t v\u00e0 \u0111\u1ed9 b\u1ec1n cao h\u01a1n cho c\u00e1c v\u1eadn \u0111\u1ed9ng vi\u00ean thi \u0111\u1ea5u. Ngo\u00e0i ra, c\u00e1c \u0111\u1eb7c t\u00ednh hi\u1ec7u su\u1ea5t c\u1ee7a n\u00f3 l\u00e0m cho n\u00f3 tr\u1edf th\u00e0nh m\u1ed9t l\u1ef1a ch\u1ecdn tuy\u1ec7t v\u1eddi cho trang ph\u1ee5c hu\u1ea5n luy\u1ec7n qu\u00e2n s\u1ef1 v\u00e0 ho\u1ea1t \u0111\u1ed9ng \u0111\u1eb7c bi\u1ec7t, n\u01a1i s\u1ee9c m\u1ea1nh, kh\u1ea3 n\u0103ng ph\u1ee5c h\u1ed3i v\u00e0 t\u00ednh linh ho\u1ea1t l\u00e0 r\u1ea5t quan tr\u1ecdng.<\/p>","protected":false},"excerpt":{"rendered":"<p>600 m\u00e9t (\u0110\u01a1n h\u00e0ng t\u1ed1i thi\u1ec3u)<\/p>","protected":false},"featured_media":3708,"comment_status":"closed","ping_status":"closed","template":"","meta":{"_uag_custom_page_level_css":"","site-sidebar-layout":"default","site-content-layout":"default","ast-site-content-layout":"","site-content-style":"default","site-sidebar-style":"default","ast-global-header-display":"","ast-banner-title-visibility":"","ast-main-header-display":"","ast-hfb-above-header-display":"","ast-hfb-below-header-display":"","ast-hfb-mobile-header-display":"","site-post-title":"","ast-breadcrumbs-content":"","ast-featured-img":"","footer-sml-layout":"","theme-transparent-header-meta":"default","adv-header-id-meta":"","stick-header-meta":"default","header-above-stick-meta":"","header-main-stick-meta":"","header-below-stick-meta":"","astra-migrate-meta-layouts":"default","ast-page-background-enabled":"default","ast-page-background-meta":{"desktop":{"background-color":"","background-image":"","background-repeat":"repeat","background-position":"center center","background-size":"auto","background-attachment":"scroll","background-type":"","background-media":"","overlay-type":"","overlay-color":"","overlay-opacity":"","overlay-gradient":""},"tablet":{"background-color":"","background-image":"","background-repeat":"repeat","background-position":"center center","background-size":"auto","background-attachment":"scroll","background-type":"","background-media":"","overlay-type":"","overlay-color":"","overlay-opacity":"","overlay-gradient":""},"mobile":{"background-color":"","background-image":"","background-repeat":"repeat","background-position":"center center","background-size":"auto","background-attachment":"scroll","background-type":"","background-media":"","overlay-type":"","overlay-color":"","overlay-opacity":"","overlay-gradient":""}},"ast-content-background-meta":{"desktop":{"background-color":"var(--ast-global-color-5)","background-image":"","background-repeat":"repeat","background-position":"center center","background-size":"auto","background-attachment":"scroll","background-type":"","background-media":"","overlay-type":"","overlay-color":"","overlay-opacity":"","overlay-gradient":""},"tablet":{"background-color":"var(--ast-global-color-5)","background-image":"","background-repeat":"repeat","background-position":"center center","background-size":"auto","background-attachment":"scroll","background-type":"","background-media":"","overlay-type":"","overlay-color":"","overlay-opacity":"","overlay-gradient":""},"mobile":{"background-color":"var(--ast-global-color-5)","background-image":"","background-repeat":"repeat","background-position":"center center","background-size":"auto","background-attachment":"scroll","background-type":"","background-media":"","overlay-type":"","overlay-color":"","overlay-opacity":"","overlay-gradient":""}}},"product_brand":[],"product_cat":[423,432,421,404,414],"product_tag":[],"class_list":{"0":"post-1930","1":"product","2":"type-product","3":"status-publish","4":"has-post-thumbnail","6":"product_cat-fabric-for-military-police","7":"product_cat-fabric-for-tent","8":"product_cat-foul-weather-fabrics","9":"product_cat-nylon-fabrics","10":"product_cat-waterproof-fabrics","11":"pa_available_colors-911052-spc","12":"desktop-align-left","13":"tablet-align-left","14":"mobile-align-left","15":"ast-product-gallery-layout-vertical-slider","16":"ast-product-tabs-layout-horizontal","18":"first","19":"instock","20":"shipping-taxable","21":"product-type-simple"},"uagb_featured_image_src":{"full":["https:\/\/www.sikortex.com\/wp-content\/uploads\/2023\/06\/O1CN01tudKto1JA5cNyAHO7_3828250987-0-cib-2.jpg",1024,1024,false],"thumbnail":["https:\/\/www.sikortex.com\/wp-content\/uploads\/2023\/06\/O1CN01tudKto1JA5cNyAHO7_3828250987-0-cib-2-150x150.jpg",150,150,true],"medium":["https:\/\/www.sikortex.com\/wp-content\/uploads\/2023\/06\/O1CN01tudKto1JA5cNyAHO7_3828250987-0-cib-2-300x300.jpg",300,300,true],"medium_large":["https:\/\/www.sikortex.com\/wp-content\/uploads\/2023\/06\/O1CN01tudKto1JA5cNyAHO7_3828250987-0-cib-2-768x768.jpg",768,768,true],"large":["https:\/\/www.sikortex.com\/wp-content\/uploads\/2023\/06\/O1CN01tudKto1JA5cNyAHO7_3828250987-0-cib-2.jpg",1024,1024,false],"1536x1536":["https:\/\/www.sikortex.com\/wp-content\/uploads\/2023\/06\/O1CN01tudKto1JA5cNyAHO7_3828250987-0-cib-2.jpg",1024,1024,false],"2048x2048":["https:\/\/www.sikortex.com\/wp-content\/uploads\/2023\/06\/O1CN01tudKto1JA5cNyAHO7_3828250987-0-cib-2.jpg",1024,1024,false],"trp-custom-language-flag":["https:\/\/www.sikortex.com\/wp-content\/uploads\/2023\/06\/O1CN01tudKto1JA5cNyAHO7_3828250987-0-cib-2.jpg",12,12,false],"woocommerce_thumbnail":["https:\/\/www.sikortex.com\/wp-content\/uploads\/2023\/06\/O1CN01tudKto1JA5cNyAHO7_3828250987-0-cib-2-300x300.jpg",300,300,true],"woocommerce_single":["https:\/\/www.sikortex.com\/wp-content\/uploads\/2023\/06\/O1CN01tudKto1JA5cNyAHO7_3828250987-0-cib-2-600x600.jpg",600,600,true],"woocommerce_gallery_thumbnail":["https:\/\/www.sikortex.com\/wp-content\/uploads\/2023\/06\/O1CN01tudKto1JA5cNyAHO7_3828250987-0-cib-2-100x100.jpg",100,100,true]},"uagb_author_info":{"display_name":"Perry","author_link":"https:\/\/www.sikortex.com\/vi\/author\/"},"uagb_comment_info":0,"uagb_excerpt":"600 Meters(Min.Order)","_links":{"self":[{"href":"https:\/\/www.sikortex.com\/vi\/wp-json\/wp\/v2\/product\/1930","targetHints":{"allow":["GET"]}}],"collection":[{"href":"https:\/\/www.sikortex.com\/vi\/wp-json\/wp\/v2\/product"}],"about":[{"href":"https:\/\/www.sikortex.com\/vi\/wp-json\/wp\/v2\/types\/product"}],"replies":[{"embeddable":true,"href":"https:\/\/www.sikortex.com\/vi\/wp-json\/wp\/v2\/comments?post=1930"}],"wp:featuredmedia":[{"embeddable":true,"href":"https:\/\/www.sikortex.com\/vi\/wp-json\/wp\/v2\/media\/3708"}],"wp:attachment":[{"href":"https:\/\/www.sikortex.com\/vi\/wp-json\/wp\/v2\/media?parent=1930"}],"wp:term":[{"taxonomy":"product_brand","embeddable":true,"href":"https:\/\/www.sikortex.com\/vi\/wp-json\/wp\/v2\/product_brand?post=1930"},{"taxonomy":"product_cat","embeddable":true,"href":"https:\/\/www.sikortex.com\/vi\/wp-json\/wp\/v2\/product_cat?post=1930"},{"taxonomy":"product_tag","embeddable":true,"href":"https:\/\/www.sikortex.com\/vi\/wp-json\/wp\/v2\/product_tag?post=1930"}],"curies":[{"name":"wp","href":"https:\/\/api.w.org\/{rel}","templated":true}]}}