{"id":1919,"date":"2023-06-02T14:22:04","date_gmt":"2023-06-02T06:22:04","guid":{"rendered":"http:\/\/203.196.10.64:3021\/?post_type=product&#038;p=1919"},"modified":"2025-01-08T12:42:37","modified_gmt":"2025-01-08T04:42:37","slug":"sk8244-700d-ni-long","status":"publish","type":"product","link":"https:\/\/www.sikortex.com\/vi\/san-pham\/sk8244-700d-ni-long\/","title":{"rendered":"0,8CM 700D ATY Nylon 66 V\u1ea3i Ripstop k\u1ebb s\u1ecdc"},"content":{"rendered":"<p>Nh\u00e0 s\u1ea3n xu\u1ea5t v\u1ea3i hi\u1ec7u su\u1ea5t SIKOR-TEX<\/p>\n<p>0.8CM 700D ATY <span style=\"color: #3366ff;\"><a style=\"color: #3366ff;\" href=\"https:\/\/www.sikortex.com\/vi\/nha-san-xuat-vai-nylon\/\">Nylon<\/a><\/span> 66 K\u1ebb caro <a href=\"https:\/\/www.sikortex.com\/vi\/2024\/09\/05\/nha-cung-cap-vai-ripstop-vat-lieu-ripstop\/\"><span style=\"color: #3366ff;\">V\u1ea3i Ripstop<\/span><\/a>, m\u1ed9t l\u1ef1a ch\u1ecdn m\u1ea1nh m\u1ebd v\u00e0 linh ho\u1ea1t cho nhi\u1ec1u \u1ee9ng d\u1ee5ng kh\u00e1c nhau. Lo\u1ea1i v\u1ea3i n\u00e0y \u0111\u01b0\u1ee3c d\u1ec7t t\u1eeb s\u1ee3i Nylon 66 Air Textured 500 Denier, mang l\u1ea1i v\u1ebb ngo\u00e0i v\u00e0 c\u1ea3m gi\u00e1c c\u1ee7a s\u1ee3i cotton \u0111\u1ed3ng th\u1eddi c\u00f3 \u0111\u1ed9 b\u1ec1n v\u01b0\u1ee3t tr\u1ed9i.<\/p>\n<p>N66 \u0111\u01b0\u1ee3c bi\u1ebft \u0111\u1ebfn v\u1edbi \u0111\u1eb7c t\u00ednh \u0111\u1ed9 b\u1ec1n cao, v\u01b0\u1ee3t g\u1ea5p ba l\u1ea7n polyester v\u00e0 nylon 6 v\u1ec1 \u0111\u1ed9 b\u1ec1n. V\u1ea3i \u0111\u01b0\u1ee3c thi\u1ebft k\u1ebf v\u1edbi h\u1ecda ti\u1ebft ca-r\u00f4 \u0111\u1eb7c bi\u1ec7t v\u00e0 h\u1ecda ti\u1ebft ca-r\u00f4 n\u1ed5i l\u00ean gi\u00fap t\u0103ng c\u01b0\u1eddng kh\u1ea3 n\u0103ng ch\u1ed1ng r\u00e1ch \u1edf nh\u1eefng khu v\u1ef1c c\u1ee5 th\u1ec3. T\u00ednh n\u0103ng n\u00e0y \u0111\u1ea3m b\u1ea3o v\u1ea3i c\u00f3 th\u1ec3 ch\u1ecbu \u0111\u01b0\u1ee3c vi\u1ec7c s\u1eed d\u1ee5ng nghi\u00eam ng\u1eb7t trong c\u00e1c thi\u1ebft b\u1ecb qu\u00e2n s\u1ef1, \u0111\u00e1p \u1ee9ng c\u00e1c ti\u00eau chu\u1ea9n do qu\u00e2n \u0111\u1ed9i c\u00e1c n\u01b0\u1edbc Ch\u00e2u \u00c2u v\u00e0 Ch\u00e2u M\u1ef9 \u0111\u1eb7t ra.<\/p>\n<p>ATY c\u1ee7a ch\u00fang t\u00f4i <span style=\"color: #3366ff;\"><a style=\"color: #3366ff;\" href=\"https:\/\/www.sikortex.com\/vi\/nha-san-xuat-vai-nylon\/\">Nylon<\/a><\/span> 66 K\u1ebb caro <a href=\"https:\/\/www.sikortex.com\/vi\/2024\/09\/05\/nha-cung-cap-vai-ripstop-vat-lieu-ripstop\/\"><span style=\"color: #3366ff;\">V\u1ea3i Ripstop<\/span><\/a> \u0111\u01b0\u1ee3c \u1ee9ng d\u1ee5ng r\u1ed9ng r\u00e3i trong s\u1ea3n xu\u1ea5t \u00e1o vest chi\u1ebfn thu\u1eadt, qu\u00e2n ph\u1ee5c, v\u1ecf khi\u00ean v\u00e0 qu\u1ea7n \u00e1o l\u00e0m vi\u1ec7c ch\u1ed1ng m\u00e0i m\u00f2n trong c\u00f4ng nghi\u1ec7p n\u1eb7ng. \u0110\u1ed9 b\u1ec1n, kh\u1ea3 n\u0103ng ch\u1ed1ng r\u00e1ch v\u00e0 \u0111\u1ed9 b\u1ec1n c\u1ee7a n\u00f3 khi\u1ebfn n\u00f3 tr\u1edf th\u00e0nh l\u1ef1a ch\u1ecdn \u0111\u00e1ng tin c\u1eady cho c\u00e1c m\u00f4i tr\u01b0\u1eddng kh\u1eafc nghi\u1ec7t.<\/p>\n<p>Duy\u1ec7t th\u00eam <span style=\"color: #3366ff;\"><a style=\"color: #3366ff;\" href=\"https:\/\/www.sikortex.com\/vi\/vai-cordura-2\/\">V\u1ea3i Cordura<\/a><\/span><\/p>\n<p>&nbsp;<\/p>","protected":false},"excerpt":{"rendered":"<p>800 m\u00e9t (\u0110\u01a1n h\u00e0ng t\u1ed1i thi\u1ec3u)<\/p>","protected":false},"featured_media":3706,"comment_status":"closed","ping_status":"closed","template":"","meta":{"_uag_custom_page_level_css":"","site-sidebar-layout":"default","site-content-layout":"default","ast-site-content-layout":"","site-content-style":"default","site-sidebar-style":"default","ast-global-header-display":"","ast-banner-title-visibility":"","ast-main-header-display":"","ast-hfb-above-header-display":"","ast-hfb-below-header-display":"","ast-hfb-mobile-header-display":"","site-post-title":"","ast-breadcrumbs-content":"","ast-featured-img":"","footer-sml-layout":"","theme-transparent-header-meta":"default","adv-header-id-meta":"","stick-header-meta":"default","header-above-stick-meta":"","header-main-stick-meta":"","header-below-stick-meta":"","astra-migrate-meta-layouts":"default","ast-page-background-enabled":"default","ast-page-background-meta":{"desktop":{"background-color":"","background-image":"","background-repeat":"repeat","background-position":"center center","background-size":"auto","background-attachment":"scroll","background-type":"","background-media":"","overlay-type":"","overlay-color":"","overlay-opacity":"","overlay-gradient":""},"tablet":{"background-color":"","background-image":"","background-repeat":"repeat","background-position":"center center","background-size":"auto","background-attachment":"scroll","background-type":"","background-media":"","overlay-type":"","overlay-color":"","overlay-opacity":"","overlay-gradient":""},"mobile":{"background-color":"","background-image":"","background-repeat":"repeat","background-position":"center center","background-size":"auto","background-attachment":"scroll","background-type":"","background-media":"","overlay-type":"","overlay-color":"","overlay-opacity":"","overlay-gradient":""}},"ast-content-background-meta":{"desktop":{"background-color":"var(--ast-global-color-5)","background-image":"","background-repeat":"repeat","background-position":"center center","background-size":"auto","background-attachment":"scroll","background-type":"","background-media":"","overlay-type":"","overlay-color":"","overlay-opacity":"","overlay-gradient":""},"tablet":{"background-color":"var(--ast-global-color-5)","background-image":"","background-repeat":"repeat","background-position":"center center","background-size":"auto","background-attachment":"scroll","background-type":"","background-media":"","overlay-type":"","overlay-color":"","overlay-opacity":"","overlay-gradient":""},"mobile":{"background-color":"var(--ast-global-color-5)","background-image":"","background-repeat":"repeat","background-position":"center center","background-size":"auto","background-attachment":"scroll","background-type":"","background-media":"","overlay-type":"","overlay-color":"","overlay-opacity":"","overlay-gradient":""}}},"product_brand":[],"product_cat":[423,404],"product_tag":[],"class_list":{"0":"post-1919","1":"product","2":"type-product","3":"status-publish","4":"has-post-thumbnail","6":"product_cat-fabric-for-military-police","7":"product_cat-nylon-fabrics","8":"pa_available_colors-olive-green","9":"pa_available_colors-911052-spc","10":"desktop-align-left","11":"tablet-align-left","12":"mobile-align-left","13":"ast-product-gallery-layout-vertical-slider","14":"ast-product-tabs-layout-horizontal","16":"first","17":"instock","18":"shipping-taxable","19":"product-type-simple"},"uagb_featured_image_src":{"full":["https:\/\/www.sikortex.com\/wp-content\/uploads\/2023\/06\/O1CN01ih0r781JA5f6s129X_3828250987-0-cib-1.jpg",1024,1024,false],"thumbnail":["https:\/\/www.sikortex.com\/wp-content\/uploads\/2023\/06\/O1CN01ih0r781JA5f6s129X_3828250987-0-cib-1-150x150.jpg",150,150,true],"medium":["https:\/\/www.sikortex.com\/wp-content\/uploads\/2023\/06\/O1CN01ih0r781JA5f6s129X_3828250987-0-cib-1-300x300.jpg",300,300,true],"medium_large":["https:\/\/www.sikortex.com\/wp-content\/uploads\/2023\/06\/O1CN01ih0r781JA5f6s129X_3828250987-0-cib-1-768x768.jpg",768,768,true],"large":["https:\/\/www.sikortex.com\/wp-content\/uploads\/2023\/06\/O1CN01ih0r781JA5f6s129X_3828250987-0-cib-1.jpg",1024,1024,false],"1536x1536":["https:\/\/www.sikortex.com\/wp-content\/uploads\/2023\/06\/O1CN01ih0r781JA5f6s129X_3828250987-0-cib-1.jpg",1024,1024,false],"2048x2048":["https:\/\/www.sikortex.com\/wp-content\/uploads\/2023\/06\/O1CN01ih0r781JA5f6s129X_3828250987-0-cib-1.jpg",1024,1024,false],"trp-custom-language-flag":["https:\/\/www.sikortex.com\/wp-content\/uploads\/2023\/06\/O1CN01ih0r781JA5f6s129X_3828250987-0-cib-1.jpg",12,12,false],"woocommerce_thumbnail":["https:\/\/www.sikortex.com\/wp-content\/uploads\/2023\/06\/O1CN01ih0r781JA5f6s129X_3828250987-0-cib-1-300x300.jpg",300,300,true],"woocommerce_single":["https:\/\/www.sikortex.com\/wp-content\/uploads\/2023\/06\/O1CN01ih0r781JA5f6s129X_3828250987-0-cib-1-600x600.jpg",600,600,true],"woocommerce_gallery_thumbnail":["https:\/\/www.sikortex.com\/wp-content\/uploads\/2023\/06\/O1CN01ih0r781JA5f6s129X_3828250987-0-cib-1-100x100.jpg",100,100,true]},"uagb_author_info":{"display_name":"Perry","author_link":"https:\/\/www.sikortex.com\/vi\/author\/"},"uagb_comment_info":0,"uagb_excerpt":"800 Meters(Min.Order)","_links":{"self":[{"href":"https:\/\/www.sikortex.com\/vi\/wp-json\/wp\/v2\/product\/1919","targetHints":{"allow":["GET"]}}],"collection":[{"href":"https:\/\/www.sikortex.com\/vi\/wp-json\/wp\/v2\/product"}],"about":[{"href":"https:\/\/www.sikortex.com\/vi\/wp-json\/wp\/v2\/types\/product"}],"replies":[{"embeddable":true,"href":"https:\/\/www.sikortex.com\/vi\/wp-json\/wp\/v2\/comments?post=1919"}],"wp:featuredmedia":[{"embeddable":true,"href":"https:\/\/www.sikortex.com\/vi\/wp-json\/wp\/v2\/media\/3706"}],"wp:attachment":[{"href":"https:\/\/www.sikortex.com\/vi\/wp-json\/wp\/v2\/media?parent=1919"}],"wp:term":[{"taxonomy":"product_brand","embeddable":true,"href":"https:\/\/www.sikortex.com\/vi\/wp-json\/wp\/v2\/product_brand?post=1919"},{"taxonomy":"product_cat","embeddable":true,"href":"https:\/\/www.sikortex.com\/vi\/wp-json\/wp\/v2\/product_cat?post=1919"},{"taxonomy":"product_tag","embeddable":true,"href":"https:\/\/www.sikortex.com\/vi\/wp-json\/wp\/v2\/product_tag?post=1919"}],"curies":[{"name":"wp","href":"https:\/\/api.w.org\/{rel}","templated":true}]}}