{"id":1868,"date":"2023-06-02T13:52:09","date_gmt":"2023-06-02T05:52:09","guid":{"rendered":"http:\/\/203.196.10.64:3021\/?post_type=product&#038;p=1868"},"modified":"2025-01-02T14:42:38","modified_gmt":"2025-01-02T06:42:38","slug":"sk8239-2","status":"publish","type":"product","link":"https:\/\/www.sikortex.com\/vi\/san-pham\/sk8239-2\/","title":{"rendered":"V\u1ea3i ch\u1ed1ng ch\u00e1y FR Oxford 300D NFPA 701"},"content":{"rendered":"<p>Nh\u00e0 s\u1ea3n xu\u1ea5t v\u1ea3i hi\u1ec7u su\u1ea5t SIKOR-TEX<\/p>\n<p>V\u1ea3i ch\u1ed1ng ch\u00e1y c\u1ed1 h\u1eefu Polyester 300D NFPA 701, m\u1ed9t lo\u1ea1i v\u1ea3i \u0111a n\u0103ng v\u1edbi nhi\u1ec1u c\u00f4ng d\u1ee5ng. \u0110\u01b0\u1ee3c l\u00e0m t\u1eeb v\u1eadt li\u1ec7u polyester ch\u1ed1ng ch\u00e1y c\u1ed1 h\u1eefu, lo\u1ea1i v\u1ea3i n\u00e0y c\u00f3 kh\u1ea3 n\u0103ng ch\u1ed1ng ch\u00e1y v\u0129nh vi\u1ec5n v\u00e0 v\u1eabn gi\u1eef \u0111\u01b0\u1ee3c kh\u1ea3 n\u0103ng ch\u1ed1ng ch\u00e1y m\u1eb7c d\u00f9 gi\u1eb7t th\u01b0\u1eddng xuy\u00ean.<\/p>\n<p>Ch\u1ea5t kh\u1eed 300D c\u1ee7a v\u1ea3i l\u00e0m cho v\u1ea3i b\u1ec1n v\u00e0 ch\u1ed1ng r\u00e1ch, l\u00fd t\u01b0\u1edfng cho nhi\u1ec1u m\u1ee5c \u0111\u00edch s\u1eed d\u1ee5ng nh\u01b0 l\u1ec1u, h\u00e0nh l\u00fd, m\u00e0n, \u1ee9ng d\u1ee5ng c\u00f4ng nghi\u1ec7p, d\u1ef1 \u00e1n x\u00e2y d\u1ef1ng, c\u00e1c v\u1eadt d\u1ee5ng li\u00ean quan \u0111\u1ebfn giao th\u00f4ng v\u1eadn t\u1ea3i v\u00e0 m\u00e1i hi\u00ean xe bu\u00fdt. \u0110\u1eb7c t\u00ednh ch\u1ed1ng ch\u00e1y c\u1ee7a n\u00f3 b\u1ed5 sung th\u00eam m\u1ed9t l\u1edbp an to\u00e0n v\u00e0 b\u1ea3o v\u1ec7.<\/p>\n<p>V\u1edbi t\u00ednh linh ho\u1ea1t v\u00e0 \u0111\u1ed9 tin c\u1eady, 300D Polyester FR Oxford c\u1ee7a ch\u00fang t\u00f4i l\u00e0 s\u1ef1 l\u1ef1a ch\u1ecdn tuy\u1ec7t v\u1eddi cho c\u1ea3 d\u1ef1 \u00e1n th\u01b0\u01a1ng m\u1ea1i v\u00e0 c\u00e1 nh\u00e2n. H\u00e3y tin t\u01b0\u1edfng v\u00e0o s\u1ee9c m\u1ea1nh v\u00e0 \u0111\u1ed9 b\u1ec1n c\u1ee7a n\u00f3 \u0111\u1ec3 \u0111\u00e1p \u1ee9ng c\u00e1c nhu c\u1ea7u c\u1ee5 th\u1ec3 c\u1ee7a b\u1ea1n, cho d\u00f9 b\u1ea1n \u0111ang t\u00ecm ki\u1ebfm m\u1ed9t lo\u1ea1i v\u1ea3i cho c\u00e1c \u1ee9ng d\u1ee5ng ngo\u00e0i tr\u1eddi hay s\u1eed d\u1ee5ng trong c\u00f4ng nghi\u1ec7p.<\/p>","protected":false},"excerpt":{"rendered":"<p>3000 m\u00e9t (\u0110\u01a1n h\u00e0ng t\u1ed1i thi\u1ec3u)<\/p>","protected":false},"featured_media":3696,"comment_status":"closed","ping_status":"closed","template":"","meta":{"_uag_custom_page_level_css":"","site-sidebar-layout":"default","site-content-layout":"default","ast-site-content-layout":"","site-content-style":"default","site-sidebar-style":"default","ast-global-header-display":"","ast-banner-title-visibility":"","ast-main-header-display":"","ast-hfb-above-header-display":"","ast-hfb-below-header-display":"","ast-hfb-mobile-header-display":"","site-post-title":"","ast-breadcrumbs-content":"","ast-featured-img":"","footer-sml-layout":"","theme-transparent-header-meta":"default","adv-header-id-meta":"","stick-header-meta":"default","header-above-stick-meta":"","header-main-stick-meta":"","header-below-stick-meta":"","astra-migrate-meta-layouts":"default","ast-page-background-enabled":"default","ast-page-background-meta":{"desktop":{"background-color":"","background-image":"","background-repeat":"repeat","background-position":"center center","background-size":"auto","background-attachment":"scroll","background-type":"","background-media":"","overlay-type":"","overlay-color":"","overlay-opacity":"","overlay-gradient":""},"tablet":{"background-color":"","background-image":"","background-repeat":"repeat","background-position":"center center","background-size":"auto","background-attachment":"scroll","background-type":"","background-media":"","overlay-type":"","overlay-color":"","overlay-opacity":"","overlay-gradient":""},"mobile":{"background-color":"","background-image":"","background-repeat":"repeat","background-position":"center center","background-size":"auto","background-attachment":"scroll","background-type":"","background-media":"","overlay-type":"","overlay-color":"","overlay-opacity":"","overlay-gradient":""}},"ast-content-background-meta":{"desktop":{"background-color":"var(--ast-global-color-5)","background-image":"","background-repeat":"repeat","background-position":"center center","background-size":"auto","background-attachment":"scroll","background-type":"","background-media":"","overlay-type":"","overlay-color":"","overlay-opacity":"","overlay-gradient":""},"tablet":{"background-color":"var(--ast-global-color-5)","background-image":"","background-repeat":"repeat","background-position":"center center","background-size":"auto","background-attachment":"scroll","background-type":"","background-media":"","overlay-type":"","overlay-color":"","overlay-opacity":"","overlay-gradient":""},"mobile":{"background-color":"var(--ast-global-color-5)","background-image":"","background-repeat":"repeat","background-position":"center center","background-size":"auto","background-attachment":"scroll","background-type":"","background-media":"","overlay-type":"","overlay-color":"","overlay-opacity":"","overlay-gradient":""}}},"product_brand":[],"product_cat":[416,427,403],"product_tag":[],"class_list":{"0":"post-1868","1":"product","2":"type-product","3":"status-publish","4":"has-post-thumbnail","6":"product_cat-fire-retardant-fabrics","7":"product_cat-petroleum-and-petrochemical","8":"product_cat-polyester-fabrics","9":"pa_available_colors-1526-62","10":"desktop-align-left","11":"tablet-align-left","12":"mobile-align-left","13":"ast-product-gallery-layout-vertical-slider","14":"ast-product-tabs-layout-horizontal","16":"first","17":"instock","18":"shipping-taxable","19":"product-type-simple"},"uagb_featured_image_src":{"full":["https:\/\/www.sikortex.com\/wp-content\/uploads\/2023\/06\/O1CN01kkDI6S1SRL3ukQoNr_2206398122243-0-cib-1.jpg",1024,1024,false],"thumbnail":["https:\/\/www.sikortex.com\/wp-content\/uploads\/2023\/06\/O1CN01kkDI6S1SRL3ukQoNr_2206398122243-0-cib-1-150x150.jpg",150,150,true],"medium":["https:\/\/www.sikortex.com\/wp-content\/uploads\/2023\/06\/O1CN01kkDI6S1SRL3ukQoNr_2206398122243-0-cib-1-300x300.jpg",300,300,true],"medium_large":["https:\/\/www.sikortex.com\/wp-content\/uploads\/2023\/06\/O1CN01kkDI6S1SRL3ukQoNr_2206398122243-0-cib-1-768x768.jpg",768,768,true],"large":["https:\/\/www.sikortex.com\/wp-content\/uploads\/2023\/06\/O1CN01kkDI6S1SRL3ukQoNr_2206398122243-0-cib-1.jpg",1024,1024,false],"1536x1536":["https:\/\/www.sikortex.com\/wp-content\/uploads\/2023\/06\/O1CN01kkDI6S1SRL3ukQoNr_2206398122243-0-cib-1.jpg",1024,1024,false],"2048x2048":["https:\/\/www.sikortex.com\/wp-content\/uploads\/2023\/06\/O1CN01kkDI6S1SRL3ukQoNr_2206398122243-0-cib-1.jpg",1024,1024,false],"trp-custom-language-flag":["https:\/\/www.sikortex.com\/wp-content\/uploads\/2023\/06\/O1CN01kkDI6S1SRL3ukQoNr_2206398122243-0-cib-1.jpg",12,12,false],"woocommerce_thumbnail":["https:\/\/www.sikortex.com\/wp-content\/uploads\/2023\/06\/O1CN01kkDI6S1SRL3ukQoNr_2206398122243-0-cib-1-300x300.jpg",300,300,true],"woocommerce_single":["https:\/\/www.sikortex.com\/wp-content\/uploads\/2023\/06\/O1CN01kkDI6S1SRL3ukQoNr_2206398122243-0-cib-1-600x600.jpg",600,600,true],"woocommerce_gallery_thumbnail":["https:\/\/www.sikortex.com\/wp-content\/uploads\/2023\/06\/O1CN01kkDI6S1SRL3ukQoNr_2206398122243-0-cib-1-100x100.jpg",100,100,true]},"uagb_author_info":{"display_name":"Perry","author_link":"https:\/\/www.sikortex.com\/vi\/author\/"},"uagb_comment_info":0,"uagb_excerpt":"3000 Meters(Min.Order)","_links":{"self":[{"href":"https:\/\/www.sikortex.com\/vi\/wp-json\/wp\/v2\/product\/1868","targetHints":{"allow":["GET"]}}],"collection":[{"href":"https:\/\/www.sikortex.com\/vi\/wp-json\/wp\/v2\/product"}],"about":[{"href":"https:\/\/www.sikortex.com\/vi\/wp-json\/wp\/v2\/types\/product"}],"replies":[{"embeddable":true,"href":"https:\/\/www.sikortex.com\/vi\/wp-json\/wp\/v2\/comments?post=1868"}],"wp:featuredmedia":[{"embeddable":true,"href":"https:\/\/www.sikortex.com\/vi\/wp-json\/wp\/v2\/media\/3696"}],"wp:attachment":[{"href":"https:\/\/www.sikortex.com\/vi\/wp-json\/wp\/v2\/media?parent=1868"}],"wp:term":[{"taxonomy":"product_brand","embeddable":true,"href":"https:\/\/www.sikortex.com\/vi\/wp-json\/wp\/v2\/product_brand?post=1868"},{"taxonomy":"product_cat","embeddable":true,"href":"https:\/\/www.sikortex.com\/vi\/wp-json\/wp\/v2\/product_cat?post=1868"},{"taxonomy":"product_tag","embeddable":true,"href":"https:\/\/www.sikortex.com\/vi\/wp-json\/wp\/v2\/product_tag?post=1868"}],"curies":[{"name":"wp","href":"https:\/\/api.w.org\/{rel}","templated":true}]}}