{"id":1858,"date":"2023-06-01T15:06:58","date_gmt":"2023-06-01T07:06:58","guid":{"rendered":"http:\/\/203.196.10.64:3021\/?post_type=product&#038;p=1858"},"modified":"2025-02-17T17:46:19","modified_gmt":"2025-02-17T09:46:19","slug":"sk8236","status":"publish","type":"product","link":"https:\/\/www.sikortex.com\/vi\/san-pham\/sk8236\/","title":{"rendered":"V\u1ea3i Oxford ch\u1ed1ng ch\u00e1y 600d Polyester"},"content":{"rendered":"<p>V\u1ea3i Oxford ch\u1ed1ng ch\u00e1y Polyester 600D, m\u1ed9t lo\u1ea1i v\u1ea3i \u0111a n\u0103ng ph\u00f9 h\u1ee3p v\u1edbi nhi\u1ec1u \u1ee9ng d\u1ee5ng. \u0110\u01b0\u1ee3c l\u00e0m t\u1eeb ch\u1ea5t li\u1ec7u polyester ch\u1ea5t l\u01b0\u1ee3ng cao, lo\u1ea1i v\u1ea3i n\u00e0y mang l\u1ea1i \u0111\u1ed9 b\u1ec1n tuy\u1ec7t v\u1eddi v\u00e0 \u0111\u1eb7c t\u00ednh ch\u1ed1ng ch\u00e1y, \u0111\u1ea3m b\u1ea3o an to\u00e0n v\u00e0 tu\u1ed5i th\u1ecd cao.<\/p>\n<p>Ch\u1ec9 s\u1ed1 denier 600D c\u1ee7a v\u1ea3i l\u00e0m cho v\u1ea3i ch\u1eafc ch\u1eafn v\u00e0 ch\u1ed1ng r\u00e1ch, l\u00fd t\u01b0\u1edfng cho nhi\u1ec1u m\u1ee5c \u0111\u00edch s\u1eed d\u1ee5ng kh\u00e1c nhau nh\u01b0 l\u1ec1u, h\u00e0nh l\u00fd, r\u00e8m c\u1eeda, \u1ee9ng d\u1ee5ng c\u00f4ng nghi\u1ec7p, d\u1ef1 \u00e1n x\u00e2y d\u1ef1ng, v\u1eadt d\u1ee5ng li\u00ean quan \u0111\u1ebfn giao th\u00f4ng v\u00e0 t\u1ea5m che n\u1eafng xe bu\u00fdt. T\u00ednh n\u0103ng ch\u1ed1ng ch\u00e1y c\u1ee7a n\u00f3 b\u1ed5 sung th\u00eam m\u1ed9t l\u1edbp an to\u00e0n v\u00e0 b\u1ea3o v\u1ec7.<\/p>\n<p>V\u1edbi t\u00ednh linh ho\u1ea1t v\u00e0 \u0111\u1ed9 tin c\u1eady c\u1ee7a n\u00f3, V\u1ea3i Oxford ch\u1ed1ng ch\u00e1y Polyester 300D\u3001600D,900D c\u1ee7a ch\u00fang t\u00f4i l\u00e0 s\u1ef1 l\u1ef1a ch\u1ecdn tuy\u1ec7t v\u1eddi cho c\u1ea3 c\u00e1c d\u1ef1 \u00e1n th\u01b0\u01a1ng m\u1ea1i v\u00e0 c\u00e1 nh\u00e2n. Tin t\u01b0\u1edfng v\u00e0o s\u1ee9c m\u1ea1nh v\u00e0 \u0111\u1ed9 b\u1ec1n c\u1ee7a n\u00f3 \u0111\u1ec3 \u0111\u00e1p \u1ee9ng c\u00e1c nhu c\u1ea7u c\u1ee5 th\u1ec3 c\u1ee7a b\u1ea1n, cho d\u00f9 b\u1ea1n \u0111ang t\u00ecm ki\u1ebfm m\u1ed9t lo\u1ea1i v\u1ea3i cho c\u00e1c \u1ee9ng d\u1ee5ng ngo\u00e0i tr\u1eddi hay m\u1ee5c \u0111\u00edch c\u00f4ng nghi\u1ec7p.<\/p>","protected":false},"excerpt":{"rendered":"<p>600 m\u00e9t (\u0110\u01a1n h\u00e0ng t\u1ed1i thi\u1ec3u)<\/p>","protected":false},"featured_media":3691,"comment_status":"closed","ping_status":"closed","template":"","meta":{"_uag_custom_page_level_css":"","site-sidebar-layout":"default","site-content-layout":"default","ast-site-content-layout":"","site-content-style":"default","site-sidebar-style":"default","ast-global-header-display":"","ast-banner-title-visibility":"","ast-main-header-display":"","ast-hfb-above-header-display":"","ast-hfb-below-header-display":"","ast-hfb-mobile-header-display":"","site-post-title":"","ast-breadcrumbs-content":"","ast-featured-img":"","footer-sml-layout":"","theme-transparent-header-meta":"default","adv-header-id-meta":"","stick-header-meta":"default","header-above-stick-meta":"","header-main-stick-meta":"","header-below-stick-meta":"","astra-migrate-meta-layouts":"default","ast-page-background-enabled":"default","ast-page-background-meta":{"desktop":{"background-color":"","background-image":"","background-repeat":"repeat","background-position":"center center","background-size":"auto","background-attachment":"scroll","background-type":"","background-media":"","overlay-type":"","overlay-color":"","overlay-opacity":"","overlay-gradient":""},"tablet":{"background-color":"","background-image":"","background-repeat":"repeat","background-position":"center center","background-size":"auto","background-attachment":"scroll","background-type":"","background-media":"","overlay-type":"","overlay-color":"","overlay-opacity":"","overlay-gradient":""},"mobile":{"background-color":"","background-image":"","background-repeat":"repeat","background-position":"center center","background-size":"auto","background-attachment":"scroll","background-type":"","background-media":"","overlay-type":"","overlay-color":"","overlay-opacity":"","overlay-gradient":""}},"ast-content-background-meta":{"desktop":{"background-color":"var(--ast-global-color-5)","background-image":"","background-repeat":"repeat","background-position":"center center","background-size":"auto","background-attachment":"scroll","background-type":"","background-media":"","overlay-type":"","overlay-color":"","overlay-opacity":"","overlay-gradient":""},"tablet":{"background-color":"var(--ast-global-color-5)","background-image":"","background-repeat":"repeat","background-position":"center center","background-size":"auto","background-attachment":"scroll","background-type":"","background-media":"","overlay-type":"","overlay-color":"","overlay-opacity":"","overlay-gradient":""},"mobile":{"background-color":"var(--ast-global-color-5)","background-image":"","background-repeat":"repeat","background-position":"center center","background-size":"auto","background-attachment":"scroll","background-type":"","background-media":"","overlay-type":"","overlay-color":"","overlay-opacity":"","overlay-gradient":""}}},"product_brand":[],"product_cat":[1206,432,416,1184,403,433,414],"product_tag":[],"class_list":{"0":"post-1858","1":"product","2":"type-product","3":"status-publish","4":"has-post-thumbnail","6":"product_cat-fabric-for-bag","7":"product_cat-fabric-for-tent","8":"product_cat-fire-retardant-fabrics","9":"product_cat-oxford-fabric","10":"product_cat-polyester-fabrics","11":"product_cat-textile-for-industrial","12":"product_cat-waterproof-fabrics","13":"pa_available_colors-8236-1","14":"pa_available_colors-8236-10","15":"pa_available_colors-8236-11","16":"pa_available_colors-8236-12","17":"pa_available_colors-8236-13","18":"pa_available_colors-8236-15","19":"pa_available_colors-8236-16","20":"pa_available_colors-8236-17","21":"pa_available_colors-8236-18","22":"pa_available_colors-8236-19","23":"pa_available_colors-8236-2","24":"pa_available_colors-8236-20","25":"pa_available_colors-8236-3","26":"pa_available_colors-8236-4","27":"pa_available_colors-8236-5","28":"pa_available_colors-8236-6","29":"pa_available_colors-8236-7","30":"pa_available_colors-8236-8","31":"pa_available_colors-8236-9","32":"desktop-align-left","33":"tablet-align-left","34":"mobile-align-left","35":"ast-product-gallery-layout-vertical-slider","36":"ast-product-tabs-layout-horizontal","38":"first","39":"instock","40":"shipping-taxable","41":"product-type-simple"},"uagb_featured_image_src":{"full":["https:\/\/www.sikortex.com\/wp-content\/uploads\/2023\/06\/11402928930_417530336-1.jpg",1024,1024,false],"thumbnail":["https:\/\/www.sikortex.com\/wp-content\/uploads\/2023\/06\/11402928930_417530336-1-150x150.jpg",150,150,true],"medium":["https:\/\/www.sikortex.com\/wp-content\/uploads\/2023\/06\/11402928930_417530336-1-300x300.jpg",300,300,true],"medium_large":["https:\/\/www.sikortex.com\/wp-content\/uploads\/2023\/06\/11402928930_417530336-1-768x768.jpg",768,768,true],"large":["https:\/\/www.sikortex.com\/wp-content\/uploads\/2023\/06\/11402928930_417530336-1.jpg",1024,1024,false],"1536x1536":["https:\/\/www.sikortex.com\/wp-content\/uploads\/2023\/06\/11402928930_417530336-1.jpg",1024,1024,false],"2048x2048":["https:\/\/www.sikortex.com\/wp-content\/uploads\/2023\/06\/11402928930_417530336-1.jpg",1024,1024,false],"trp-custom-language-flag":["https:\/\/www.sikortex.com\/wp-content\/uploads\/2023\/06\/11402928930_417530336-1.jpg",12,12,false],"woocommerce_thumbnail":["https:\/\/www.sikortex.com\/wp-content\/uploads\/2023\/06\/11402928930_417530336-1-300x300.jpg",300,300,true],"woocommerce_single":["https:\/\/www.sikortex.com\/wp-content\/uploads\/2023\/06\/11402928930_417530336-1-600x600.jpg",600,600,true],"woocommerce_gallery_thumbnail":["https:\/\/www.sikortex.com\/wp-content\/uploads\/2023\/06\/11402928930_417530336-1-100x100.jpg",100,100,true]},"uagb_author_info":{"display_name":"Perry","author_link":"https:\/\/www.sikortex.com\/vi\/author\/"},"uagb_comment_info":0,"uagb_excerpt":"600 Meters(Min.Order)","_links":{"self":[{"href":"https:\/\/www.sikortex.com\/vi\/wp-json\/wp\/v2\/product\/1858","targetHints":{"allow":["GET"]}}],"collection":[{"href":"https:\/\/www.sikortex.com\/vi\/wp-json\/wp\/v2\/product"}],"about":[{"href":"https:\/\/www.sikortex.com\/vi\/wp-json\/wp\/v2\/types\/product"}],"replies":[{"embeddable":true,"href":"https:\/\/www.sikortex.com\/vi\/wp-json\/wp\/v2\/comments?post=1858"}],"wp:featuredmedia":[{"embeddable":true,"href":"https:\/\/www.sikortex.com\/vi\/wp-json\/wp\/v2\/media\/3691"}],"wp:attachment":[{"href":"https:\/\/www.sikortex.com\/vi\/wp-json\/wp\/v2\/media?parent=1858"}],"wp:term":[{"taxonomy":"product_brand","embeddable":true,"href":"https:\/\/www.sikortex.com\/vi\/wp-json\/wp\/v2\/product_brand?post=1858"},{"taxonomy":"product_cat","embeddable":true,"href":"https:\/\/www.sikortex.com\/vi\/wp-json\/wp\/v2\/product_cat?post=1858"},{"taxonomy":"product_tag","embeddable":true,"href":"https:\/\/www.sikortex.com\/vi\/wp-json\/wp\/v2\/product_tag?post=1858"}],"curies":[{"name":"wp","href":"https:\/\/api.w.org\/{rel}","templated":true}]}}