{"id":1832,"date":"2023-06-01T14:58:37","date_gmt":"2023-06-01T06:58:37","guid":{"rendered":"http:\/\/203.196.10.64:3021\/?post_type=product&#038;p=1832"},"modified":"2025-01-02T14:07:07","modified_gmt":"2025-01-02T06:07:07","slug":"vai-oxford-polyester-ripstop-chong-chay","status":"publish","type":"product","link":"https:\/\/www.sikortex.com\/vi\/san-pham\/vai-oxford-polyester-ripstop-chong-chay\/","title":{"rendered":"V\u1ea3i Oxford ch\u1ed1ng ch\u00e1y Polyester Ripstop"},"content":{"rendered":"<p>Nh\u00e0 s\u1ea3n xu\u1ea5t v\u1ea3i hi\u1ec7u su\u1ea5t SIKOR-TEX<\/p>\n<p>V\u1ea3i Oxford ch\u1ed1ng ch\u00e1y Ripstop Polyester 300D, m\u1ed9t lo\u1ea1i v\u1ea3i \u0111a n\u0103ng ph\u00f9 h\u1ee3p v\u1edbi nhi\u1ec1u \u1ee9ng d\u1ee5ng kh\u00e1c nhau. \u0110\u01b0\u1ee3c l\u00e0m t\u1eeb ch\u1ea5t li\u1ec7u polyester ch\u1ea5t l\u01b0\u1ee3ng cao, lo\u1ea1i v\u1ea3i n\u00e0y c\u00f3 \u0111\u1ed9 b\u1ec1n tuy\u1ec7t v\u1eddi v\u00e0 \u0111\u1eb7c t\u00ednh ch\u1ed1ng ch\u00e1y, \u0111\u1ea3m b\u1ea3o an to\u00e0n v\u00e0 tu\u1ed5i th\u1ecd cao.<\/p>\n<p>Ch\u1ec9 s\u1ed1 kh\u1eed s\u1ee3i 300D c\u1ee7a v\u1ea3i l\u00e0m cho v\u1ea3i ch\u1eafc ch\u1eafn v\u00e0 ch\u1ed1ng r\u00e1ch, khi\u1ebfn v\u1ea3i tr\u1edf n\u00ean l\u00fd t\u01b0\u1edfng cho nhi\u1ec1u m\u1ee5c \u0111\u00edch s\u1eed d\u1ee5ng kh\u00e1c nhau nh\u01b0 l\u1ec1u, h\u00e0nh l\u00fd, r\u00e8m c\u1eeda, \u1ee9ng d\u1ee5ng c\u00f4ng nghi\u1ec7p, d\u1ef1 \u00e1n x\u00e2y d\u1ef1ng, c\u00e1c v\u1eadt d\u1ee5ng li\u00ean quan \u0111\u1ebfn giao th\u00f4ng v\u00e0 t\u1ea5m che n\u1eafng xe bu\u00fdt. T\u00ednh n\u0103ng ch\u1ed1ng ch\u00e1y c\u1ee7a n\u00f3 b\u1ed5 sung th\u00eam m\u1ed9t l\u1edbp an to\u00e0n v\u00e0 b\u1ea3o v\u1ec7.<\/p>\n<p>V\u1edbi t\u00ednh linh ho\u1ea1t v\u00e0 \u0111\u1ed9 tin c\u1eady, V\u1ea3i Oxford ch\u1ed1ng ch\u00e1y Ripstop Polyester 300D c\u1ee7a ch\u00fang t\u00f4i l\u00e0 s\u1ef1 l\u1ef1a ch\u1ecdn tuy\u1ec7t v\u1eddi cho c\u1ea3 d\u1ef1 \u00e1n th\u01b0\u01a1ng m\u1ea1i v\u00e0 c\u00e1 nh\u00e2n. H\u00e3y tin t\u01b0\u1edfng v\u00e0o \u0111\u1ed9 b\u1ec1n v\u00e0 \u0111\u1ed9 ch\u1eafc ch\u1eafn c\u1ee7a n\u00f3 \u0111\u1ec3 \u0111\u00e1p \u1ee9ng nhu c\u1ea7u c\u1ee5 th\u1ec3 c\u1ee7a b\u1ea1n, cho d\u00f9 b\u1ea1n \u0111ang t\u00ecm ki\u1ebfm m\u1ed9t lo\u1ea1i v\u1ea3i cho c\u00e1c \u1ee9ng d\u1ee5ng ngo\u00e0i tr\u1eddi hay m\u1ee5c \u0111\u00edch c\u00f4ng nghi\u1ec7p.<\/p>","protected":false},"excerpt":{"rendered":"<p>1000 m\u00e9t (\u0110\u01a1n h\u00e0ng t\u1ed1i thi\u1ec3u)<\/p>","protected":false},"featured_media":3689,"comment_status":"closed","ping_status":"closed","template":"","meta":{"_uag_custom_page_level_css":"","site-sidebar-layout":"default","site-content-layout":"default","ast-site-content-layout":"","site-content-style":"default","site-sidebar-style":"default","ast-global-header-display":"","ast-banner-title-visibility":"","ast-main-header-display":"","ast-hfb-above-header-display":"","ast-hfb-below-header-display":"","ast-hfb-mobile-header-display":"","site-post-title":"","ast-breadcrumbs-content":"","ast-featured-img":"","footer-sml-layout":"","theme-transparent-header-meta":"default","adv-header-id-meta":"","stick-header-meta":"default","header-above-stick-meta":"","header-main-stick-meta":"","header-below-stick-meta":"","astra-migrate-meta-layouts":"default","ast-page-background-enabled":"default","ast-page-background-meta":{"desktop":{"background-color":"","background-image":"","background-repeat":"repeat","background-position":"center center","background-size":"auto","background-attachment":"scroll","background-type":"","background-media":"","overlay-type":"","overlay-color":"","overlay-opacity":"","overlay-gradient":""},"tablet":{"background-color":"","background-image":"","background-repeat":"repeat","background-position":"center center","background-size":"auto","background-attachment":"scroll","background-type":"","background-media":"","overlay-type":"","overlay-color":"","overlay-opacity":"","overlay-gradient":""},"mobile":{"background-color":"","background-image":"","background-repeat":"repeat","background-position":"center center","background-size":"auto","background-attachment":"scroll","background-type":"","background-media":"","overlay-type":"","overlay-color":"","overlay-opacity":"","overlay-gradient":""}},"ast-content-background-meta":{"desktop":{"background-color":"var(--ast-global-color-5)","background-image":"","background-repeat":"repeat","background-position":"center center","background-size":"auto","background-attachment":"scroll","background-type":"","background-media":"","overlay-type":"","overlay-color":"","overlay-opacity":"","overlay-gradient":""},"tablet":{"background-color":"var(--ast-global-color-5)","background-image":"","background-repeat":"repeat","background-position":"center center","background-size":"auto","background-attachment":"scroll","background-type":"","background-media":"","overlay-type":"","overlay-color":"","overlay-opacity":"","overlay-gradient":""},"mobile":{"background-color":"var(--ast-global-color-5)","background-image":"","background-repeat":"repeat","background-position":"center center","background-size":"auto","background-attachment":"scroll","background-type":"","background-media":"","overlay-type":"","overlay-color":"","overlay-opacity":"","overlay-gradient":""}}},"product_brand":[],"product_cat":[432,416,427,403],"product_tag":[],"class_list":{"0":"post-1832","1":"product","2":"type-product","3":"status-publish","4":"has-post-thumbnail","6":"product_cat-fabric-for-tent","7":"product_cat-fire-retardant-fabrics","8":"product_cat-petroleum-and-petrochemical","9":"product_cat-polyester-fabrics","10":"pa_available_colors-h-black","11":"desktop-align-left","12":"tablet-align-left","13":"mobile-align-left","14":"ast-product-gallery-layout-vertical-slider","15":"ast-product-tabs-layout-horizontal","17":"first","18":"instock","19":"shipping-taxable","20":"product-type-simple"},"uagb_featured_image_src":{"full":["https:\/\/www.sikortex.com\/wp-content\/uploads\/2023\/06\/O1CN01DKeeWp1SRL5EBSiR1_2206398122243-0-cib-1.jpg",1024,1024,false],"thumbnail":["https:\/\/www.sikortex.com\/wp-content\/uploads\/2023\/06\/O1CN01DKeeWp1SRL5EBSiR1_2206398122243-0-cib-1-150x150.jpg",150,150,true],"medium":["https:\/\/www.sikortex.com\/wp-content\/uploads\/2023\/06\/O1CN01DKeeWp1SRL5EBSiR1_2206398122243-0-cib-1-300x300.jpg",300,300,true],"medium_large":["https:\/\/www.sikortex.com\/wp-content\/uploads\/2023\/06\/O1CN01DKeeWp1SRL5EBSiR1_2206398122243-0-cib-1-768x768.jpg",768,768,true],"large":["https:\/\/www.sikortex.com\/wp-content\/uploads\/2023\/06\/O1CN01DKeeWp1SRL5EBSiR1_2206398122243-0-cib-1.jpg",1024,1024,false],"1536x1536":["https:\/\/www.sikortex.com\/wp-content\/uploads\/2023\/06\/O1CN01DKeeWp1SRL5EBSiR1_2206398122243-0-cib-1.jpg",1024,1024,false],"2048x2048":["https:\/\/www.sikortex.com\/wp-content\/uploads\/2023\/06\/O1CN01DKeeWp1SRL5EBSiR1_2206398122243-0-cib-1.jpg",1024,1024,false],"trp-custom-language-flag":["https:\/\/www.sikortex.com\/wp-content\/uploads\/2023\/06\/O1CN01DKeeWp1SRL5EBSiR1_2206398122243-0-cib-1.jpg",12,12,false],"woocommerce_thumbnail":["https:\/\/www.sikortex.com\/wp-content\/uploads\/2023\/06\/O1CN01DKeeWp1SRL5EBSiR1_2206398122243-0-cib-1-300x300.jpg",300,300,true],"woocommerce_single":["https:\/\/www.sikortex.com\/wp-content\/uploads\/2023\/06\/O1CN01DKeeWp1SRL5EBSiR1_2206398122243-0-cib-1-600x600.jpg",600,600,true],"woocommerce_gallery_thumbnail":["https:\/\/www.sikortex.com\/wp-content\/uploads\/2023\/06\/O1CN01DKeeWp1SRL5EBSiR1_2206398122243-0-cib-1-100x100.jpg",100,100,true]},"uagb_author_info":{"display_name":"Perry","author_link":"https:\/\/www.sikortex.com\/vi\/author\/"},"uagb_comment_info":0,"uagb_excerpt":"1000 Meters(Min.Order)","_links":{"self":[{"href":"https:\/\/www.sikortex.com\/vi\/wp-json\/wp\/v2\/product\/1832","targetHints":{"allow":["GET"]}}],"collection":[{"href":"https:\/\/www.sikortex.com\/vi\/wp-json\/wp\/v2\/product"}],"about":[{"href":"https:\/\/www.sikortex.com\/vi\/wp-json\/wp\/v2\/types\/product"}],"replies":[{"embeddable":true,"href":"https:\/\/www.sikortex.com\/vi\/wp-json\/wp\/v2\/comments?post=1832"}],"wp:featuredmedia":[{"embeddable":true,"href":"https:\/\/www.sikortex.com\/vi\/wp-json\/wp\/v2\/media\/3689"}],"wp:attachment":[{"href":"https:\/\/www.sikortex.com\/vi\/wp-json\/wp\/v2\/media?parent=1832"}],"wp:term":[{"taxonomy":"product_brand","embeddable":true,"href":"https:\/\/www.sikortex.com\/vi\/wp-json\/wp\/v2\/product_brand?post=1832"},{"taxonomy":"product_cat","embeddable":true,"href":"https:\/\/www.sikortex.com\/vi\/wp-json\/wp\/v2\/product_cat?post=1832"},{"taxonomy":"product_tag","embeddable":true,"href":"https:\/\/www.sikortex.com\/vi\/wp-json\/wp\/v2\/product_tag?post=1832"}],"curies":[{"name":"wp","href":"https:\/\/api.w.org\/{rel}","templated":true}]}}