{"id":1817,"date":"2023-06-01T14:21:42","date_gmt":"2023-06-01T06:21:42","guid":{"rendered":"http:\/\/203.196.10.64:3021\/?post_type=product&#038;p=1817"},"modified":"2025-01-08T12:28:35","modified_gmt":"2025-01-08T04:28:35","slug":"vai-ppe-polyester-oxford-chong-tinh-dien","status":"publish","type":"product","link":"https:\/\/www.sikortex.com\/vi\/san-pham\/vai-ppe-polyester-oxford-chong-tinh-dien\/","title":{"rendered":"V\u1ea3i Oxford ch\u1ed1ng t\u0129nh \u0111i\u1ec7n 300D V\u1ea3i Polyester PPE"},"content":{"rendered":"<p>Gi\u1edbi thi\u1ec7u s\u1ea3n ph\u1ea9m Polyester 300D ch\u1ed1ng t\u0129nh \u0111i\u1ec7n c\u1ee7a ch\u00fang t\u00f4i <a href=\"https:\/\/www.sikortex.com\/vi\/vai-nylon-bong-vai-ripstop-ao-gio-vai-5\/\"><span style=\"color: #3366ff;\">Oxford<\/span><\/a> <a href=\"https:\/\/www.sikortex.com\/vi\/nha-san-xuat-vai-chong-chay\/\"><span style=\"color: #3366ff;\">Ch\u1ea5t ch\u1ed1ng ch\u00e1y<\/span><\/a>t V\u1ea3i l\u01b0\u1edbi (t\u00f9y ch\u1ecdn 600D, 900D), m\u1ed9t l\u1ef1a ch\u1ecdn \u0111\u00e1ng tin c\u1eady cho nhi\u1ec1u ng\u00e0nh c\u00f4ng nghi\u1ec7p kh\u00e1c nhau. V\u1ea3i polyester PPE n\u00e0y \u0111\u01b0\u1ee3c l\u00e0m t\u1eeb polyester 98% v\u00e0 s\u1ee3i carbon 2%, mang l\u1ea1i kh\u1ea3 n\u0103ng ch\u1ed1ng t\u0129nh \u0111i\u1ec7n v\u00e0<a href=\"https:\/\/www.sikortex.com\/vi\/nha-san-xuat-vai-chong-chay\/\"><span style=\"color: #3366ff;\"> ch\u1ea5t ch\u1ed1ng ch\u00e1y<\/span><\/a> t\u00ednh ch\u1ea5t. B\u1ea1n c\u00f3 th\u1ec3 l\u1ef1a ch\u1ecdn gi\u1eefa s\u1ee3i d\u1eabn \u0111i\u1ec7n m\u00e0u \u0111en ho\u1eb7c m\u00e0u x\u00e1m, cho ph\u00e9p t\u00f9y ch\u1ec9nh d\u1ef1a tr\u00ean s\u1edf th\u00edch c\u1ee7a b\u1ea1n.<\/p>\n<p>Ch\u1ed1ng t\u0129nh \u0111i\u1ec7n <a href=\"https:\/\/www.sikortex.com\/vi\/vai-nylon-bong-vai-ripstop-ao-gio-vai-5\/\"><span style=\"color: #3366ff;\">Oxford<\/span><\/a> V\u1ea3i \u0111\u01b0\u1ee3c thi\u1ebft k\u1ebf d\u00e0y v\u00e0 b\u1ec1n, \u0111\u1ea3m b\u1ea3o hi\u1ec7u su\u1ea5t l\u00e2u d\u00e0i trong m\u00f4i tr\u01b0\u1eddng kh\u1eafc nghi\u1ec7t. N\u00f3 c\u00f3 th\u1ec3 tr\u1ea3i qua c\u00e1c quy tr\u00ecnh sau ho\u00e0n thi\u1ec7n nh\u01b0 x\u1eed l\u00fd ch\u1ed1ng th\u1ea5m n\u01b0\u1edbc v\u00e0 ph\u1ee7 PU, gi\u00fap t\u0103ng c\u01b0\u1eddng h\u01a1n n\u1eefa ch\u1ee9c n\u0103ng v\u00e0 kh\u1ea3 n\u0103ng b\u1ea3o v\u1ec7.<\/p>\n<p>L\u00fd t\u01b0\u1edfng cho qu\u1ea7n \u00e1o l\u00e0m vi\u1ec7c v\u00e0 qu\u1ea7n \u00e1o b\u1ea3o h\u1ed9, lo\u1ea1i v\u1ea3i n\u00e0y r\u1ea5t ph\u00f9 h\u1ee3p cho nh\u00e2n vi\u00ean trong c\u00e1c nh\u00e0 m\u00e1y \u0111i\u1ec7n t\u1eed, ng\u01b0\u1eddi v\u1eadn h\u00e0nh c\u00e1c thi\u1ebft b\u1ecb ch\u00ednh x\u00e1c, nh\u00e2n vi\u00ean trong ph\u00f2ng s\u1ea1ch kh\u00f4ng b\u1ee5i v\u00e0 nh\u00e2n vi\u00ean ph\u00f2ng ph\u1eabu thu\u1eadt. Tin t\u01b0\u1edfng v\u00e0o ch\u1ea5t l\u01b0\u1ee3ng v\u00e0 \u0111\u1ed9 tin c\u1eady c\u1ee7a Polyester 300D Ch\u1ed1ng t\u0129nh \u0111i\u1ec7n c\u1ee7a ch\u00fang t\u00f4i <a href=\"https:\/\/www.sikortex.com\/vi\/vai-nylon-bong-vai-ripstop-ao-gio-vai-5\/\"><span style=\"color: #3366ff;\">Oxford<\/span><\/a> V\u1ea3i \u0111\u00e1p \u1ee9ng c\u00e1c y\u00eau c\u1ea7u v\u1ec1 an to\u00e0n v\u00e0 hi\u1ec7u su\u1ea5t c\u1ee7a b\u1ea1n.<\/p>","protected":false},"excerpt":{"rendered":"<p>1000 m\u00e9t (\u0110\u01a1n h\u00e0ng t\u1ed1i thi\u1ec3u)<\/p>","protected":false},"featured_media":3756,"comment_status":"closed","ping_status":"closed","template":"","meta":{"_uag_custom_page_level_css":"","site-sidebar-layout":"default","site-content-layout":"default","ast-site-content-layout":"","site-content-style":"default","site-sidebar-style":"default","ast-global-header-display":"","ast-banner-title-visibility":"","ast-main-header-display":"","ast-hfb-above-header-display":"","ast-hfb-below-header-display":"","ast-hfb-mobile-header-display":"","site-post-title":"","ast-breadcrumbs-content":"","ast-featured-img":"","footer-sml-layout":"","theme-transparent-header-meta":"default","adv-header-id-meta":"","stick-header-meta":"default","header-above-stick-meta":"","header-main-stick-meta":"","header-below-stick-meta":"","astra-migrate-meta-layouts":"default","ast-page-background-enabled":"default","ast-page-background-meta":{"desktop":{"background-color":"","background-image":"","background-repeat":"repeat","background-position":"center center","background-size":"auto","background-attachment":"scroll","background-type":"","background-media":"","overlay-type":"","overlay-color":"","overlay-opacity":"","overlay-gradient":""},"tablet":{"background-color":"","background-image":"","background-repeat":"repeat","background-position":"center center","background-size":"auto","background-attachment":"scroll","background-type":"","background-media":"","overlay-type":"","overlay-color":"","overlay-opacity":"","overlay-gradient":""},"mobile":{"background-color":"","background-image":"","background-repeat":"repeat","background-position":"center center","background-size":"auto","background-attachment":"scroll","background-type":"","background-media":"","overlay-type":"","overlay-color":"","overlay-opacity":"","overlay-gradient":""}},"ast-content-background-meta":{"desktop":{"background-color":"var(--ast-global-color-5)","background-image":"","background-repeat":"repeat","background-position":"center center","background-size":"auto","background-attachment":"scroll","background-type":"","background-media":"","overlay-type":"","overlay-color":"","overlay-opacity":"","overlay-gradient":""},"tablet":{"background-color":"var(--ast-global-color-5)","background-image":"","background-repeat":"repeat","background-position":"center center","background-size":"auto","background-attachment":"scroll","background-type":"","background-media":"","overlay-type":"","overlay-color":"","overlay-opacity":"","overlay-gradient":""},"mobile":{"background-color":"var(--ast-global-color-5)","background-image":"","background-repeat":"repeat","background-position":"center center","background-size":"auto","background-attachment":"scroll","background-type":"","background-media":"","overlay-type":"","overlay-color":"","overlay-opacity":"","overlay-gradient":""}}},"product_brand":[],"product_cat":[413,426,427,414],"product_tag":[],"class_list":{"0":"post-1817","1":"product","2":"type-product","3":"status-publish","4":"has-post-thumbnail","6":"product_cat-antistatic-fabrics","7":"product_cat-constructionmining","8":"product_cat-petroleum-and-petrochemical","9":"product_cat-waterproof-fabrics","10":"pa_available_colors-fluorescent-orange","11":"pa_available_colors-fluorescent-red","12":"pa_available_colors-fluorescent-yellow","13":"pa_available_colors-501001-spc","14":"pa_available_colors-000020-wht","15":"desktop-align-left","16":"tablet-align-left","17":"mobile-align-left","18":"ast-product-gallery-layout-vertical-slider","19":"ast-product-tabs-layout-horizontal","21":"first","22":"instock","23":"shipping-taxable","24":"product-type-simple"},"uagb_featured_image_src":{"full":["https:\/\/www.sikortex.com\/wp-content\/uploads\/2023\/06\/3-6.jpg",734,650,false],"thumbnail":["https:\/\/www.sikortex.com\/wp-content\/uploads\/2023\/06\/3-6-150x150.jpg",150,150,true],"medium":["https:\/\/www.sikortex.com\/wp-content\/uploads\/2023\/06\/3-6-300x266.jpg",300,266,true],"medium_large":["https:\/\/www.sikortex.com\/wp-content\/uploads\/2023\/06\/3-6.jpg",734,650,false],"large":["https:\/\/www.sikortex.com\/wp-content\/uploads\/2023\/06\/3-6.jpg",734,650,false],"1536x1536":["https:\/\/www.sikortex.com\/wp-content\/uploads\/2023\/06\/3-6.jpg",734,650,false],"2048x2048":["https:\/\/www.sikortex.com\/wp-content\/uploads\/2023\/06\/3-6.jpg",734,650,false],"trp-custom-language-flag":["https:\/\/www.sikortex.com\/wp-content\/uploads\/2023\/06\/3-6.jpg",14,12,false],"woocommerce_thumbnail":["https:\/\/www.sikortex.com\/wp-content\/uploads\/2023\/06\/3-6-300x300.jpg",300,300,true],"woocommerce_single":["https:\/\/www.sikortex.com\/wp-content\/uploads\/2023\/06\/3-6-600x531.jpg",600,531,true],"woocommerce_gallery_thumbnail":["https:\/\/www.sikortex.com\/wp-content\/uploads\/2023\/06\/3-6-100x100.jpg",100,100,true]},"uagb_author_info":{"display_name":"Perry","author_link":"https:\/\/www.sikortex.com\/vi\/author\/"},"uagb_comment_info":0,"uagb_excerpt":"1000 Meters(Min.Order)","_links":{"self":[{"href":"https:\/\/www.sikortex.com\/vi\/wp-json\/wp\/v2\/product\/1817","targetHints":{"allow":["GET"]}}],"collection":[{"href":"https:\/\/www.sikortex.com\/vi\/wp-json\/wp\/v2\/product"}],"about":[{"href":"https:\/\/www.sikortex.com\/vi\/wp-json\/wp\/v2\/types\/product"}],"replies":[{"embeddable":true,"href":"https:\/\/www.sikortex.com\/vi\/wp-json\/wp\/v2\/comments?post=1817"}],"wp:featuredmedia":[{"embeddable":true,"href":"https:\/\/www.sikortex.com\/vi\/wp-json\/wp\/v2\/media\/3756"}],"wp:attachment":[{"href":"https:\/\/www.sikortex.com\/vi\/wp-json\/wp\/v2\/media?parent=1817"}],"wp:term":[{"taxonomy":"product_brand","embeddable":true,"href":"https:\/\/www.sikortex.com\/vi\/wp-json\/wp\/v2\/product_brand?post=1817"},{"taxonomy":"product_cat","embeddable":true,"href":"https:\/\/www.sikortex.com\/vi\/wp-json\/wp\/v2\/product_cat?post=1817"},{"taxonomy":"product_tag","embeddable":true,"href":"https:\/\/www.sikortex.com\/vi\/wp-json\/wp\/v2\/product_tag?post=1817"}],"curies":[{"name":"wp","href":"https:\/\/api.w.org\/{rel}","templated":true}]}}