{"id":1791,"date":"2023-06-01T14:16:15","date_gmt":"2023-06-01T06:16:15","guid":{"rendered":"http:\/\/203.196.10.64:3021\/?post_type=product&#038;p=1791"},"modified":"2023-11-05T16:01:11","modified_gmt":"2023-11-05T08:01:11","slug":"sk8232","status":"publish","type":"product","link":"https:\/\/www.sikortex.com\/vi\/san-pham\/sk8232\/","title":{"rendered":"V\u1ea3i ch\u1ed1ng t\u0129nh \u0111i\u1ec7n k\u1ebb s\u1ecdc ch\u1ed1ng ch\u00e1y 0,25 CM Polyester"},"content":{"rendered":"<p>Nh\u00e0 s\u1ea3n xu\u1ea5t v\u1ea3i hi\u1ec7u su\u1ea5t SIKOR-TEX<\/p>\n<p>V\u1ea3i ch\u1ed1ng t\u0129nh \u0111i\u1ec7n k\u1ebb s\u1ecdc polyester ch\u1ed1ng ch\u00e1y, m\u1ed9t gi\u1ea3i ph\u00e1p \u0111\u00e1ng tin c\u1eady v\u00e0 ti\u1ebft ki\u1ec7m chi ph\u00ed cho c\u00e1c ng\u00e0nh c\u00f4ng nghi\u1ec7p kh\u00e1c nhau. Lo\u1ea1i v\u1ea3i n\u00e0y \u0111\u01b0\u1ee3c c\u1ea5u t\u1ea1o t\u1eeb 98% polyester v\u00e0 2% s\u1ee3i carbon, \u0111\u1ea3m b\u1ea3o \u0111\u1eb7c t\u00ednh ch\u1ed1ng t\u0129nh \u0111i\u1ec7n v\u00e0 ch\u1ed1ng ch\u00e1y tuy\u1ec7t v\u1eddi. B\u1ea1n c\u00f3 th\u1ec3 l\u1ef1a ch\u1ecdn gi\u1eefa s\u1ee3i d\u1eabn \u0111i\u1ec7n m\u00e0u \u0111en ho\u1eb7c m\u00e0u x\u00e1m, t\u00f9y theo s\u1edf th\u00edch c\u1ee7a b\u1ea1n.<\/p>\n<p>V\u1ea3i ch\u1ed1ng t\u0129nh \u0111i\u1ec7n c\u1ee7a ch\u00fang t\u00f4i kh\u00f4ng ch\u1ec9 mang l\u1ea1i hi\u1ec7u su\u1ea5t ch\u1ea5t l\u01b0\u1ee3ng cao m\u00e0 c\u00f2n mang l\u1ea1i t\u00ednh linh ho\u1ea1t trong c\u00e1c quy tr\u00ecnh sau ho\u00e0n thi\u1ec7n nh\u01b0 x\u1eed l\u00fd v\u00e0 ph\u1ee7 ch\u1ed1ng th\u1ea5m n\u01b0\u1edbc. \u0110i\u1ec1u n\u00e0y t\u0103ng c\u01b0\u1eddng ch\u1ee9c n\u0103ng v\u00e0 \u0111\u1ed9 b\u1ec1n c\u1ee7a n\u00f3. N\u00f3 \u0111\u1eb7c bi\u1ec7t th\u00edch h\u1ee3p \u0111\u1ec3 may qu\u1ea7n \u00e1o lao \u0111\u1ed9ng ho\u1eb7c qu\u1ea7n \u00e1o b\u1ea3o h\u1ed9 cho nh\u00e2n vi\u00ean trong c\u00e1c nh\u00e0 m\u00e1y \u0111i\u1ec7n t\u1eed, ng\u01b0\u1eddi v\u1eadn h\u00e0nh d\u1ee5ng c\u1ee5 ch\u00ednh x\u00e1c, nh\u00e2n vi\u00ean trong ph\u00f2ng s\u1ea1ch kh\u00f4ng b\u1ee5i v\u00e0 th\u1eadm ch\u00ed c\u1ea3 nh\u00e2n vi\u00ean trong ph\u00f2ng m\u1ed5.<\/p>\n<p>Tr\u1ea3i nghi\u1ec7m s\u1ef1 k\u1ebft h\u1ee3p ho\u00e0n h\u1ea3o gi\u1eefa ch\u1ea5t l\u01b0\u1ee3ng, gi\u00e1 c\u1ea3 ph\u1ea3i ch\u0103ng v\u00e0 ch\u1ee9c n\u0103ng v\u1edbi V\u1ea3i ch\u1ed1ng t\u0129nh \u0111i\u1ec7n Polyester c\u1ee7a ch\u00fang t\u00f4i. \u01afu ti\u00ean s\u1ef1 an to\u00e0n v\u00e0 tho\u1ea3i m\u00e1i cho l\u1ef1c l\u01b0\u1ee3ng lao \u0111\u1ed9ng c\u1ee7a b\u1ea1n b\u1eb1ng c\u00e1ch ch\u1ecdn lo\u1ea1i v\u1ea3i n\u00e0y cho d\u1ef1 \u00e1n ti\u1ebfp theo c\u1ee7a b\u1ea1n.<\/p>","protected":false},"excerpt":{"rendered":"<p>1000 m\u00e9t (\u0110\u01a1n h\u00e0ng t\u1ed1i thi\u1ec3u)<\/p>","protected":false},"featured_media":3685,"comment_status":"closed","ping_status":"closed","template":"","meta":{"_uag_custom_page_level_css":"","site-sidebar-layout":"default","site-content-layout":"default","ast-site-content-layout":"","site-content-style":"default","site-sidebar-style":"default","ast-global-header-display":"","ast-banner-title-visibility":"","ast-main-header-display":"","ast-hfb-above-header-display":"","ast-hfb-below-header-display":"","ast-hfb-mobile-header-display":"","site-post-title":"","ast-breadcrumbs-content":"","ast-featured-img":"","footer-sml-layout":"","theme-transparent-header-meta":"default","adv-header-id-meta":"","stick-header-meta":"default","header-above-stick-meta":"","header-main-stick-meta":"","header-below-stick-meta":"","astra-migrate-meta-layouts":"default","ast-page-background-enabled":"default","ast-page-background-meta":{"desktop":{"background-color":"","background-image":"","background-repeat":"repeat","background-position":"center center","background-size":"auto","background-attachment":"scroll","background-type":"","background-media":"","overlay-type":"","overlay-color":"","overlay-opacity":"","overlay-gradient":""},"tablet":{"background-color":"","background-image":"","background-repeat":"repeat","background-position":"center center","background-size":"auto","background-attachment":"scroll","background-type":"","background-media":"","overlay-type":"","overlay-color":"","overlay-opacity":"","overlay-gradient":""},"mobile":{"background-color":"","background-image":"","background-repeat":"repeat","background-position":"center center","background-size":"auto","background-attachment":"scroll","background-type":"","background-media":"","overlay-type":"","overlay-color":"","overlay-opacity":"","overlay-gradient":""}},"ast-content-background-meta":{"desktop":{"background-color":"var(--ast-global-color-5)","background-image":"","background-repeat":"repeat","background-position":"center center","background-size":"auto","background-attachment":"scroll","background-type":"","background-media":"","overlay-type":"","overlay-color":"","overlay-opacity":"","overlay-gradient":""},"tablet":{"background-color":"var(--ast-global-color-5)","background-image":"","background-repeat":"repeat","background-position":"center center","background-size":"auto","background-attachment":"scroll","background-type":"","background-media":"","overlay-type":"","overlay-color":"","overlay-opacity":"","overlay-gradient":""},"mobile":{"background-color":"var(--ast-global-color-5)","background-image":"","background-repeat":"repeat","background-position":"center center","background-size":"auto","background-attachment":"scroll","background-type":"","background-media":"","overlay-type":"","overlay-color":"","overlay-opacity":"","overlay-gradient":""}}},"product_brand":[],"product_cat":[413,426,427],"product_tag":[],"class_list":{"0":"post-1791","1":"product","2":"type-product","3":"status-publish","4":"has-post-thumbnail","6":"product_cat-antistatic-fabrics","7":"product_cat-constructionmining","8":"product_cat-petroleum-and-petrochemical","9":"pa_available_colors-8236-1","10":"pa_available_colors-8236-2","11":"pa_available_colors-8236-6","12":"pa_available_colors-484002-lgt","13":"pa_available_colors-fluorescent-orange","14":"pa_available_colors-fluorescent-red","15":"pa_available_colors-fluorescent-yellow","16":"pa_available_colors-000014-wht","17":"desktop-align-left","18":"tablet-align-left","19":"mobile-align-left","20":"ast-product-gallery-layout-vertical-slider","21":"ast-product-tabs-layout-horizontal","23":"first","24":"instock","25":"shipping-taxable","26":"product-type-simple"},"uagb_featured_image_src":{"full":["https:\/\/www.sikortex.com\/wp-content\/uploads\/2023\/06\/O1CN01cCR4Cr2054inBXvMe_2210428336797-0-cib-1.jpg",1024,1024,false],"thumbnail":["https:\/\/www.sikortex.com\/wp-content\/uploads\/2023\/06\/O1CN01cCR4Cr2054inBXvMe_2210428336797-0-cib-1-150x150.jpg",150,150,true],"medium":["https:\/\/www.sikortex.com\/wp-content\/uploads\/2023\/06\/O1CN01cCR4Cr2054inBXvMe_2210428336797-0-cib-1-300x300.jpg",300,300,true],"medium_large":["https:\/\/www.sikortex.com\/wp-content\/uploads\/2023\/06\/O1CN01cCR4Cr2054inBXvMe_2210428336797-0-cib-1-768x768.jpg",768,768,true],"large":["https:\/\/www.sikortex.com\/wp-content\/uploads\/2023\/06\/O1CN01cCR4Cr2054inBXvMe_2210428336797-0-cib-1.jpg",1024,1024,false],"1536x1536":["https:\/\/www.sikortex.com\/wp-content\/uploads\/2023\/06\/O1CN01cCR4Cr2054inBXvMe_2210428336797-0-cib-1.jpg",1024,1024,false],"2048x2048":["https:\/\/www.sikortex.com\/wp-content\/uploads\/2023\/06\/O1CN01cCR4Cr2054inBXvMe_2210428336797-0-cib-1.jpg",1024,1024,false],"trp-custom-language-flag":["https:\/\/www.sikortex.com\/wp-content\/uploads\/2023\/06\/O1CN01cCR4Cr2054inBXvMe_2210428336797-0-cib-1.jpg",12,12,false],"woocommerce_thumbnail":["https:\/\/www.sikortex.com\/wp-content\/uploads\/2023\/06\/O1CN01cCR4Cr2054inBXvMe_2210428336797-0-cib-1-300x300.jpg",300,300,true],"woocommerce_single":["https:\/\/www.sikortex.com\/wp-content\/uploads\/2023\/06\/O1CN01cCR4Cr2054inBXvMe_2210428336797-0-cib-1-600x600.jpg",600,600,true],"woocommerce_gallery_thumbnail":["https:\/\/www.sikortex.com\/wp-content\/uploads\/2023\/06\/O1CN01cCR4Cr2054inBXvMe_2210428336797-0-cib-1-100x100.jpg",100,100,true]},"uagb_author_info":{"display_name":"Perry","author_link":"https:\/\/www.sikortex.com\/vi\/author\/"},"uagb_comment_info":0,"uagb_excerpt":"1000 Meters(Min.Order)","_links":{"self":[{"href":"https:\/\/www.sikortex.com\/vi\/wp-json\/wp\/v2\/product\/1791","targetHints":{"allow":["GET"]}}],"collection":[{"href":"https:\/\/www.sikortex.com\/vi\/wp-json\/wp\/v2\/product"}],"about":[{"href":"https:\/\/www.sikortex.com\/vi\/wp-json\/wp\/v2\/types\/product"}],"replies":[{"embeddable":true,"href":"https:\/\/www.sikortex.com\/vi\/wp-json\/wp\/v2\/comments?post=1791"}],"wp:featuredmedia":[{"embeddable":true,"href":"https:\/\/www.sikortex.com\/vi\/wp-json\/wp\/v2\/media\/3685"}],"wp:attachment":[{"href":"https:\/\/www.sikortex.com\/vi\/wp-json\/wp\/v2\/media?parent=1791"}],"wp:term":[{"taxonomy":"product_brand","embeddable":true,"href":"https:\/\/www.sikortex.com\/vi\/wp-json\/wp\/v2\/product_brand?post=1791"},{"taxonomy":"product_cat","embeddable":true,"href":"https:\/\/www.sikortex.com\/vi\/wp-json\/wp\/v2\/product_cat?post=1791"},{"taxonomy":"product_tag","embeddable":true,"href":"https:\/\/www.sikortex.com\/vi\/wp-json\/wp\/v2\/product_tag?post=1791"}],"curies":[{"name":"wp","href":"https:\/\/api.w.org\/{rel}","templated":true}]}}