{"id":8849,"date":"2025-08-20T09:47:01","date_gmt":"2025-08-20T01:47:01","guid":{"rendered":"https:\/\/www.sikortex.com\/?post_type=product&#038;p=8849"},"modified":"2025-08-21T12:41:56","modified_gmt":"2025-08-21T04:41:56","slug":"tecido-de-protecao-solar-em-pvc-e-poliester-600d","status":"publish","type":"product","link":"https:\/\/www.sikortex.com\/pt\/produtos\/tecido-de-protecao-solar-em-pvc-e-poliester-600d\/","title":{"rendered":"Tecido de poli\u00e9ster PVC 600D com prote\u00e7\u00e3o solar para m\u00f3veis de \u00e1rea externa"},"content":{"rendered":"<p>Introdu\u00e7\u00e3o<br \/>\nO tecido de prote\u00e7\u00e3o solar de poli\u00e9ster e PVC 600D \u00e9 resistente \u00e0 abras\u00e3o e a rasgos, enquanto o revestimento de PVC proporciona impermeabiliza\u00e7\u00e3o completa. A prote\u00e7\u00e3o solar profissional FPS 50+ bloqueia eficazmente mais de 98% de raios UV. Adequado para m\u00f3veis de \u00e1rea externa, toldos, tendas e muito mais, este material dur\u00e1vel de prote\u00e7\u00e3o solar para \u00e1reas externas \u00e9 ideal.<\/p>\n<p>Principais caracter\u00edsticas<br \/>\n1. Nossas linhas de produ\u00e7\u00e3o utilizam equipamentos avan\u00e7ados de alta velocidade, garantindo capacidade de produ\u00e7\u00e3o eficiente e est\u00e1vel para atender \u00e0s demandas de pedidos de grande volume.<br \/>\n2. Nossos produtos oferecem desempenho ambiental excepcional. O revestimento de PVC atende integralmente aos mais altos padr\u00f5es ambientais, incluindo o REACH da UE, e atende rigorosamente aos requisitos regulat\u00f3rios relevantes dos Estados Unidos e do Jap\u00e3o.<br \/>\n3. Tamb\u00e9m mantemos um estoque de produtos parcialmente acabados, o que nos permite responder com flexibilidade \u00e0s necessidades urgentes e reduzir significativamente os prazos de entrega.<br \/>\n4. Para controle de qualidade, usamos como padr\u00e3o os padr\u00f5es ASTM dos EUA para classifica\u00e7\u00e3o de apar\u00eancia e qualidade, mas tamb\u00e9m oferecemos suporte a inspe\u00e7\u00f5es personalizadas com base em padr\u00f5es espec\u00edficos do cliente.<br \/>\n5. Para log\u00edstica, oferecemos servi\u00e7os de entrega global, garantindo entrega segura e eficiente para a maioria dos locais do mundo, tanto para pedidos de atacado de grande porte quanto de pequeno volume, ajudando os clientes a otimizar a efici\u00eancia da cadeia de suprimentos.<\/p>\n<p><a href=\"https:\/\/www.sikortex.com\/pt\/contate-nos\/\"><span style=\"color: #0000ff;\">Entre em contato conosco hoje mesmo para solicitar amostras.<\/span><\/a><\/p>","protected":false},"excerpt":{"rendered":"<p>3000 metros (pedido m\u00ednimo)<\/p>","protected":false},"featured_media":8887,"comment_status":"closed","ping_status":"closed","template":"","meta":{"_uag_custom_page_level_css":"","site-sidebar-layout":"default","site-content-layout":"","ast-site-content-layout":"default","site-content-style":"default","site-sidebar-style":"default","ast-global-header-display":"","ast-banner-title-visibility":"","ast-main-header-display":"","ast-hfb-above-header-display":"","ast-hfb-below-header-display":"","ast-hfb-mobile-header-display":"","site-post-title":"","ast-breadcrumbs-content":"","ast-featured-img":"","footer-sml-layout":"","theme-transparent-header-meta":"default","adv-header-id-meta":"","stick-header-meta":"default","header-above-stick-meta":"","header-main-stick-meta":"","header-below-stick-meta":"","astra-migrate-meta-layouts":"set","ast-page-background-enabled":"default","ast-page-background-meta":{"desktop":{"background-color":"","background-image":"","background-repeat":"repeat","background-position":"center center","background-size":"auto","background-attachment":"scroll","background-type":"","background-media":"","overlay-type":"","overlay-color":"","overlay-opacity":"","overlay-gradient":""},"tablet":{"background-color":"","background-image":"","background-repeat":"repeat","background-position":"center center","background-size":"auto","background-attachment":"scroll","background-type":"","background-media":"","overlay-type":"","overlay-color":"","overlay-opacity":"","overlay-gradient":""},"mobile":{"background-color":"","background-image":"","background-repeat":"repeat","background-position":"center center","background-size":"auto","background-attachment":"scroll","background-type":"","background-media":"","overlay-type":"","overlay-color":"","overlay-opacity":"","overlay-gradient":""}},"ast-content-background-meta":{"desktop":{"background-color":"var(--ast-global-color-5)","background-image":"","background-repeat":"repeat","background-position":"center center","background-size":"auto","background-attachment":"scroll","background-type":"","background-media":"","overlay-type":"","overlay-color":"","overlay-opacity":"","overlay-gradient":""},"tablet":{"background-color":"var(--ast-global-color-5)","background-image":"","background-repeat":"repeat","background-position":"center center","background-size":"auto","background-attachment":"scroll","background-type":"","background-media":"","overlay-type":"","overlay-color":"","overlay-opacity":"","overlay-gradient":""},"mobile":{"background-color":"var(--ast-global-color-5)","background-image":"","background-repeat":"repeat","background-position":"center center","background-size":"auto","background-attachment":"scroll","background-type":"","background-media":"","overlay-type":"","overlay-color":"","overlay-opacity":"","overlay-gradient":""}}},"product_brand":[],"product_cat":[432,1218,1185,433,1697],"product_tag":[],"class_list":{"0":"post-8849","1":"product","2":"type-product","3":"status-publish","4":"has-post-thumbnail","6":"product_cat-fabric-for-tent","7":"product_cat-marine-fabrics","8":"product_cat-solution-dyed-polyester-fabrics","9":"product_cat-textile-for-industrial","10":"product_cat-uv-protection-fabric","11":"desktop-align-left","12":"tablet-align-left","13":"mobile-align-left","14":"ast-product-gallery-layout-vertical-slider","15":"ast-product-tabs-layout-horizontal","17":"first","18":"instock","19":"shipping-taxable","20":"product-type-simple"},"uagb_featured_image_src":{"full":["https:\/\/www.sikortex.com\/wp-content\/uploads\/2025\/08\/600Dpolyester-fabric.jpg",800,800,false],"thumbnail":["https:\/\/www.sikortex.com\/wp-content\/uploads\/2025\/08\/600Dpolyester-fabric-150x150.jpg",150,150,true],"medium":["https:\/\/www.sikortex.com\/wp-content\/uploads\/2025\/08\/600Dpolyester-fabric-300x300.jpg",300,300,true],"medium_large":["https:\/\/www.sikortex.com\/wp-content\/uploads\/2025\/08\/600Dpolyester-fabric-768x768.jpg",768,768,true],"large":["https:\/\/www.sikortex.com\/wp-content\/uploads\/2025\/08\/600Dpolyester-fabric.jpg",800,800,false],"1536x1536":["https:\/\/www.sikortex.com\/wp-content\/uploads\/2025\/08\/600Dpolyester-fabric.jpg",800,800,false],"2048x2048":["https:\/\/www.sikortex.com\/wp-content\/uploads\/2025\/08\/600Dpolyester-fabric.jpg",800,800,false],"trp-custom-language-flag":["https:\/\/www.sikortex.com\/wp-content\/uploads\/2025\/08\/600Dpolyester-fabric-12x12.jpg",12,12,true],"woocommerce_thumbnail":["https:\/\/www.sikortex.com\/wp-content\/uploads\/2025\/08\/600Dpolyester-fabric-300x300.jpg",300,300,true],"woocommerce_single":["https:\/\/www.sikortex.com\/wp-content\/uploads\/2025\/08\/600Dpolyester-fabric-600x600.jpg",600,600,true],"woocommerce_gallery_thumbnail":["https:\/\/www.sikortex.com\/wp-content\/uploads\/2025\/08\/600Dpolyester-fabric-100x100.jpg",100,100,true]},"uagb_author_info":{"display_name":"Perry","author_link":"https:\/\/www.sikortex.com\/pt\/author\/"},"uagb_comment_info":0,"uagb_excerpt":"3000 Meters(Min.Order)","_links":{"self":[{"href":"https:\/\/www.sikortex.com\/pt\/wp-json\/wp\/v2\/product\/8849","targetHints":{"allow":["GET"]}}],"collection":[{"href":"https:\/\/www.sikortex.com\/pt\/wp-json\/wp\/v2\/product"}],"about":[{"href":"https:\/\/www.sikortex.com\/pt\/wp-json\/wp\/v2\/types\/product"}],"replies":[{"embeddable":true,"href":"https:\/\/www.sikortex.com\/pt\/wp-json\/wp\/v2\/comments?post=8849"}],"wp:featuredmedia":[{"embeddable":true,"href":"https:\/\/www.sikortex.com\/pt\/wp-json\/wp\/v2\/media\/8887"}],"wp:attachment":[{"href":"https:\/\/www.sikortex.com\/pt\/wp-json\/wp\/v2\/media?parent=8849"}],"wp:term":[{"taxonomy":"product_brand","embeddable":true,"href":"https:\/\/www.sikortex.com\/pt\/wp-json\/wp\/v2\/product_brand?post=8849"},{"taxonomy":"product_cat","embeddable":true,"href":"https:\/\/www.sikortex.com\/pt\/wp-json\/wp\/v2\/product_cat?post=8849"},{"taxonomy":"product_tag","embeddable":true,"href":"https:\/\/www.sikortex.com\/pt\/wp-json\/wp\/v2\/product_tag?post=8849"}],"curies":[{"name":"wp","href":"https:\/\/api.w.org\/{rel}","templated":true}]}}