{"id":8649,"date":"2025-04-26T13:00:33","date_gmt":"2025-04-26T05:00:33","guid":{"rendered":"https:\/\/www.sikortex.com\/?post_type=product&#038;p=8649"},"modified":"2025-04-27T12:10:31","modified_gmt":"2025-04-27T04:10:31","slug":"tecido-impermeavel-elastico-de-3-camadas","status":"publish","type":"product","link":"https:\/\/www.sikortex.com\/pt\/produtos\/tecido-impermeavel-elastico-de-3-camadas\/","title":{"rendered":"Tecido el\u00e1stico imperme\u00e1vel de 3 camadas para jaquetas de desempenho"},"content":{"rendered":"<p>&nbsp;<\/p>\n<h2>Tecido el\u00e1stico imperme\u00e1vel revolucion\u00e1rio para movimentos irrestritos<\/h2>\n<p>SIKOR-TEX avan\u00e7ado <strong>tecido el\u00e1stico imperme\u00e1vel<\/strong> Combina prote\u00e7\u00e3o excepcional contra intemp\u00e9ries com total liberdade de movimentos. A constru\u00e7\u00e3o inovadora de 3 camadas apresenta um exterior flex\u00edvel de nylon\/elastano, membrana de TPU \u00e0 prova d&#039;\u00e1gua e um forro confort\u00e1vel em malha de poli\u00e9ster \u2013 redefinindo o conforto em roupas imperme\u00e1veis.<\/p>\n<h3>Constru\u00e7\u00e3o T\u00e9cnica de Tr\u00eas Camadas<\/h3>\n<p>Este pr\u00eamio <strong>tecido el\u00e1stico imperme\u00e1vel<\/strong> oferece desempenho incompar\u00e1vel por meio de seu design inteligente:<\/p>\n<ul>\n<li><strong>Camada externa:<\/strong> Mistura de nylon 30D + elastano 20D para elasticidade e durabilidade em quatro dire\u00e7\u00f5es<\/li>\n<li><strong>Barreira \u00e0 prova d&#039;\u00e1gua:<\/strong> Lamina\u00e7\u00e3o de membrana TPU sem costura<\/li>\n<li><strong>Camada interna:<\/strong> Malha de poli\u00e9ster respir\u00e1vel para conforto e gerenciamento de umidade<\/li>\n<\/ul>\n<h3>Principais benef\u00edcios de desempenho<\/h3>\n<ul>\n<li>Alongamento verdadeiramente em quatro dire\u00e7\u00f5es para mobilidade completa<\/li>\n<li>Prote\u00e7\u00e3o \u00e0 prova d&#039;\u00e1gua de mais de 6.000 mm<\/li>\n<li>Respirabilidade aprimorada (6.000g\/m\u00b2\/24h)<\/li>\n<li>Leve, com apenas 30D de peso facial<\/li>\n<li>Excelente recupera\u00e7\u00e3o e reten\u00e7\u00e3o da forma<\/li>\n<li>Sensa\u00e7\u00e3o interior macia e confort\u00e1vel<\/li>\n<\/ul>\n<h3>Aplicativos Premium<\/h3>\n<p>Ideal para roupas imperme\u00e1veis de alto desempenho:<\/p>\n<ul>\n<li>Jaquetas para atividades ao ar livre<\/li>\n<li>Roupas de esqui e snowboard de alto desempenho<\/li>\n<li>Vestu\u00e1rio t\u00e9cnico urbano<\/li>\n<li>Vestu\u00e1rio para viagens de aventura<\/li>\n<\/ul>\n<h4>O futuro do conforto \u00e0 prova d&#039;\u00e1gua<\/h4>\n<p>Esse <strong>tecido el\u00e1stico imperme\u00e1vel<\/strong> resolve o tradicional compromisso entre prote\u00e7\u00e3o e mobilidade. A combina\u00e7\u00e3o exclusiva de tecido el\u00e1stico com TPU imperme\u00e1vel e forro de malha cria pe\u00e7as que se movem com o seu corpo, mantendo voc\u00ea completamente seco \u2013 perfeitas para atletas e estilos de vida ativos.<\/p>\n<p>&nbsp;<\/p>","protected":false},"excerpt":{"rendered":"<p>1000 metros (pedido m\u00ednimo)<\/p>","protected":false},"featured_media":8652,"comment_status":"closed","ping_status":"closed","template":"","meta":{"_uag_custom_page_level_css":"","site-sidebar-layout":"default","site-content-layout":"default","ast-site-content-layout":"default","site-content-style":"default","site-sidebar-style":"default","ast-global-header-display":"","ast-banner-title-visibility":"","ast-main-header-display":"","ast-hfb-above-header-display":"","ast-hfb-below-header-display":"","ast-hfb-mobile-header-display":"","site-post-title":"","ast-breadcrumbs-content":"","ast-featured-img":"","footer-sml-layout":"","theme-transparent-header-meta":"default","adv-header-id-meta":"","stick-header-meta":"default","header-above-stick-meta":"","header-main-stick-meta":"","header-below-stick-meta":"","astra-migrate-meta-layouts":"set","ast-page-background-enabled":"default","ast-page-background-meta":{"desktop":{"background-color":"","background-image":"","background-repeat":"repeat","background-position":"center center","background-size":"auto","background-attachment":"scroll","background-type":"","background-media":"","overlay-type":"","overlay-color":"","overlay-opacity":"","overlay-gradient":""},"tablet":{"background-color":"","background-image":"","background-repeat":"repeat","background-position":"center center","background-size":"auto","background-attachment":"scroll","background-type":"","background-media":"","overlay-type":"","overlay-color":"","overlay-opacity":"","overlay-gradient":""},"mobile":{"background-color":"","background-image":"","background-repeat":"repeat","background-position":"center center","background-size":"auto","background-attachment":"scroll","background-type":"","background-media":"","overlay-type":"","overlay-color":"","overlay-opacity":"","overlay-gradient":""}},"ast-content-background-meta":{"desktop":{"background-color":"var(--ast-global-color-5)","background-image":"","background-repeat":"repeat","background-position":"center center","background-size":"auto","background-attachment":"scroll","background-type":"","background-media":"","overlay-type":"","overlay-color":"","overlay-opacity":"","overlay-gradient":""},"tablet":{"background-color":"var(--ast-global-color-5)","background-image":"","background-repeat":"repeat","background-position":"center center","background-size":"auto","background-attachment":"scroll","background-type":"","background-media":"","overlay-type":"","overlay-color":"","overlay-opacity":"","overlay-gradient":""},"mobile":{"background-color":"var(--ast-global-color-5)","background-image":"","background-repeat":"repeat","background-position":"center center","background-size":"auto","background-attachment":"scroll","background-type":"","background-media":"","overlay-type":"","overlay-color":"","overlay-opacity":"","overlay-gradient":""}}},"product_brand":[],"product_cat":[431,428,429,421,404,420],"product_tag":[],"class_list":{"0":"post-8649","1":"product","2":"type-product","3":"status-publish","4":"has-post-thumbnail","6":"product_cat-fabric-for-commuting-clothing","7":"product_cat-fabric-for-outdoor-sports","8":"product_cat-fabric-for-sportswear","9":"product_cat-foul-weather-fabrics","10":"product_cat-nylon-fabrics","11":"product_cat-stretch-fabrics","12":"desktop-align-left","13":"tablet-align-left","14":"mobile-align-left","15":"ast-product-gallery-layout-vertical-slider","16":"ast-product-tabs-layout-horizontal","18":"first","19":"instock","20":"shipping-taxable","21":"product-type-simple"},"uagb_featured_image_src":{"full":["https:\/\/www.sikortex.com\/wp-content\/uploads\/2025\/04\/4-12.jpg",800,800,false],"thumbnail":["https:\/\/www.sikortex.com\/wp-content\/uploads\/2025\/04\/4-12-150x150.jpg",150,150,true],"medium":["https:\/\/www.sikortex.com\/wp-content\/uploads\/2025\/04\/4-12-300x300.jpg",300,300,true],"medium_large":["https:\/\/www.sikortex.com\/wp-content\/uploads\/2025\/04\/4-12-768x768.jpg",768,768,true],"large":["https:\/\/www.sikortex.com\/wp-content\/uploads\/2025\/04\/4-12.jpg",800,800,false],"1536x1536":["https:\/\/www.sikortex.com\/wp-content\/uploads\/2025\/04\/4-12.jpg",800,800,false],"2048x2048":["https:\/\/www.sikortex.com\/wp-content\/uploads\/2025\/04\/4-12.jpg",800,800,false],"trp-custom-language-flag":["https:\/\/www.sikortex.com\/wp-content\/uploads\/2025\/04\/4-12-12x12.jpg",12,12,true],"woocommerce_thumbnail":["https:\/\/www.sikortex.com\/wp-content\/uploads\/2025\/04\/4-12-300x300.jpg",300,300,true],"woocommerce_single":["https:\/\/www.sikortex.com\/wp-content\/uploads\/2025\/04\/4-12-600x600.jpg",600,600,true],"woocommerce_gallery_thumbnail":["https:\/\/www.sikortex.com\/wp-content\/uploads\/2025\/04\/4-12-100x100.jpg",100,100,true]},"uagb_author_info":{"display_name":"Sandy","author_link":"https:\/\/www.sikortex.com\/pt\/author\/"},"uagb_comment_info":0,"uagb_excerpt":"1000 Meters(Min.Order)","_links":{"self":[{"href":"https:\/\/www.sikortex.com\/pt\/wp-json\/wp\/v2\/product\/8649","targetHints":{"allow":["GET"]}}],"collection":[{"href":"https:\/\/www.sikortex.com\/pt\/wp-json\/wp\/v2\/product"}],"about":[{"href":"https:\/\/www.sikortex.com\/pt\/wp-json\/wp\/v2\/types\/product"}],"replies":[{"embeddable":true,"href":"https:\/\/www.sikortex.com\/pt\/wp-json\/wp\/v2\/comments?post=8649"}],"wp:featuredmedia":[{"embeddable":true,"href":"https:\/\/www.sikortex.com\/pt\/wp-json\/wp\/v2\/media\/8652"}],"wp:attachment":[{"href":"https:\/\/www.sikortex.com\/pt\/wp-json\/wp\/v2\/media?parent=8649"}],"wp:term":[{"taxonomy":"product_brand","embeddable":true,"href":"https:\/\/www.sikortex.com\/pt\/wp-json\/wp\/v2\/product_brand?post=8649"},{"taxonomy":"product_cat","embeddable":true,"href":"https:\/\/www.sikortex.com\/pt\/wp-json\/wp\/v2\/product_cat?post=8649"},{"taxonomy":"product_tag","embeddable":true,"href":"https:\/\/www.sikortex.com\/pt\/wp-json\/wp\/v2\/product_tag?post=8649"}],"curies":[{"name":"wp","href":"https:\/\/api.w.org\/{rel}","templated":true}]}}