{"id":8642,"date":"2025-04-26T12:54:41","date_gmt":"2025-04-26T04:54:41","guid":{"rendered":"https:\/\/www.sikortex.com\/?post_type=product&#038;p=8642"},"modified":"2025-04-27T11:22:25","modified_gmt":"2025-04-27T03:22:25","slug":"tecido-leve-de-poliester","status":"publish","type":"product","link":"https:\/\/www.sikortex.com\/pt\/produtos\/tecido-leve-de-poliester\/","title":{"rendered":"Tecido externo de poli\u00e9ster leve, imperme\u00e1vel e respir\u00e1vel"},"content":{"rendered":"<p>&nbsp;<\/p>\n<h2>Tecido externo de poli\u00e9ster leve, imperme\u00e1vel e respir\u00e1vel: a escolha inteligente para vestu\u00e1rio de desempenho<\/h2>\n<p>Os entusiastas de atividades ao ar livre modernas exigem tecidos que combinem prote\u00e7\u00e3o e conforto. Nossos avan\u00e7ados <strong>tecido de poli\u00e9ster<\/strong> oferece desempenho excepcional com sua constru\u00e7\u00e3o leve e est\u00e9tica premium, tornando-o ideal para roupas esportivas e para atividades ao ar livre de alta qualidade.<\/p>\n<h3>Caracter\u00edsticas excepcionais do nosso tecido de poli\u00e9ster<\/h3>\n<p>Projetado para excel\u00eancia, este material inovador oferece:<\/p>\n<ul>\n<li><strong>Ultraleve<\/strong> \u2013 Textura fina premium com apar\u00eancia sofisticada<\/li>\n<li><strong>Isolamento t\u00e9rmico<\/strong> \u2013 Proporciona calor sem volume<\/li>\n<li><strong>\u00c0 prova de vento<\/strong> \u2013 Barreira eficaz contra ventos fortes<\/li>\n<li><strong>\u00c0 prova d&#039;\u00e1gua e respir\u00e1vel<\/strong> \u2013 Mant\u00e9m a chuva afastada e permite a sa\u00edda do vapor<\/li>\n<li><strong>El\u00e1stico<\/strong> \u2013 Mobilidade aprimorada para uso ativo<\/li>\n<\/ul>\n<h3>Aplica\u00e7\u00f5es perfeitas para desempenho vers\u00e1til<\/h3>\n<p>Esta alta qualidade <strong>tecido de poli\u00e9ster<\/strong> destaca-se em m\u00faltiplas aplica\u00e7\u00f5es:<\/p>\n<ul>\n<li>Jaquetas esportivas de performance<\/li>\n<li>Vestu\u00e1rio t\u00e9cnico para atividades ao ar livre<\/li>\n<li>Jaquetas casuais elegantes<\/li>\n<li>Roupas esportivas para todas as esta\u00e7\u00f5es<\/li>\n<\/ul>\n<h4>Por que este tecido se destaca<\/h4>\n<p>A constru\u00e7\u00e3o \u00fanica do nosso <strong>tecido de poli\u00e9ster<\/strong> combina membranas imperme\u00e1veis avan\u00e7adas com tecnologia respir\u00e1vel, criando um material que oferece desempenho em condi\u00e7\u00f5es desafiadoras, mantendo o conforto. A textura refinada da superf\u00edcie confere \u00e0s pe\u00e7as um visual premium, transitando perfeitamente de aventuras ao ar livre para ambientes urbanos.<\/p>\n<p>&nbsp;<\/p>","protected":false},"excerpt":{"rendered":"<p>1000 metros (pedido m\u00ednimo)<\/p>","protected":false},"featured_media":8643,"comment_status":"closed","ping_status":"closed","template":"","meta":{"_uag_custom_page_level_css":"","site-sidebar-layout":"default","site-content-layout":"default","ast-site-content-layout":"default","site-content-style":"default","site-sidebar-style":"default","ast-global-header-display":"","ast-banner-title-visibility":"","ast-main-header-display":"","ast-hfb-above-header-display":"","ast-hfb-below-header-display":"","ast-hfb-mobile-header-display":"","site-post-title":"","ast-breadcrumbs-content":"","ast-featured-img":"","footer-sml-layout":"","theme-transparent-header-meta":"default","adv-header-id-meta":"","stick-header-meta":"default","header-above-stick-meta":"","header-main-stick-meta":"","header-below-stick-meta":"","astra-migrate-meta-layouts":"set","ast-page-background-enabled":"default","ast-page-background-meta":{"desktop":{"background-color":"","background-image":"","background-repeat":"repeat","background-position":"center center","background-size":"auto","background-attachment":"scroll","background-type":"","background-media":"","overlay-type":"","overlay-color":"","overlay-opacity":"","overlay-gradient":""},"tablet":{"background-color":"","background-image":"","background-repeat":"repeat","background-position":"center center","background-size":"auto","background-attachment":"scroll","background-type":"","background-media":"","overlay-type":"","overlay-color":"","overlay-opacity":"","overlay-gradient":""},"mobile":{"background-color":"","background-image":"","background-repeat":"repeat","background-position":"center center","background-size":"auto","background-attachment":"scroll","background-type":"","background-media":"","overlay-type":"","overlay-color":"","overlay-opacity":"","overlay-gradient":""}},"ast-content-background-meta":{"desktop":{"background-color":"var(--ast-global-color-5)","background-image":"","background-repeat":"repeat","background-position":"center center","background-size":"auto","background-attachment":"scroll","background-type":"","background-media":"","overlay-type":"","overlay-color":"","overlay-opacity":"","overlay-gradient":""},"tablet":{"background-color":"var(--ast-global-color-5)","background-image":"","background-repeat":"repeat","background-position":"center center","background-size":"auto","background-attachment":"scroll","background-type":"","background-media":"","overlay-type":"","overlay-color":"","overlay-opacity":"","overlay-gradient":""},"mobile":{"background-color":"var(--ast-global-color-5)","background-image":"","background-repeat":"repeat","background-position":"center center","background-size":"auto","background-attachment":"scroll","background-type":"","background-media":"","overlay-type":"","overlay-color":"","overlay-opacity":"","overlay-gradient":""}}},"product_brand":[],"product_cat":[431,428,429,421,403,420],"product_tag":[],"class_list":{"0":"post-8642","1":"product","2":"type-product","3":"status-publish","4":"has-post-thumbnail","6":"product_cat-fabric-for-commuting-clothing","7":"product_cat-fabric-for-outdoor-sports","8":"product_cat-fabric-for-sportswear","9":"product_cat-foul-weather-fabrics","10":"product_cat-polyester-fabrics","11":"product_cat-stretch-fabrics","12":"desktop-align-left","13":"tablet-align-left","14":"mobile-align-left","15":"ast-product-gallery-layout-vertical-slider","16":"ast-product-tabs-layout-horizontal","18":"first","19":"instock","20":"shipping-taxable","21":"product-type-simple"},"uagb_featured_image_src":{"full":["https:\/\/www.sikortex.com\/wp-content\/uploads\/2025\/04\/1-10.jpg",800,800,false],"thumbnail":["https:\/\/www.sikortex.com\/wp-content\/uploads\/2025\/04\/1-10-150x150.jpg",150,150,true],"medium":["https:\/\/www.sikortex.com\/wp-content\/uploads\/2025\/04\/1-10-300x300.jpg",300,300,true],"medium_large":["https:\/\/www.sikortex.com\/wp-content\/uploads\/2025\/04\/1-10-768x768.jpg",768,768,true],"large":["https:\/\/www.sikortex.com\/wp-content\/uploads\/2025\/04\/1-10.jpg",800,800,false],"1536x1536":["https:\/\/www.sikortex.com\/wp-content\/uploads\/2025\/04\/1-10.jpg",800,800,false],"2048x2048":["https:\/\/www.sikortex.com\/wp-content\/uploads\/2025\/04\/1-10.jpg",800,800,false],"trp-custom-language-flag":["https:\/\/www.sikortex.com\/wp-content\/uploads\/2025\/04\/1-10-12x12.jpg",12,12,true],"woocommerce_thumbnail":["https:\/\/www.sikortex.com\/wp-content\/uploads\/2025\/04\/1-10-300x300.jpg",300,300,true],"woocommerce_single":["https:\/\/www.sikortex.com\/wp-content\/uploads\/2025\/04\/1-10-600x600.jpg",600,600,true],"woocommerce_gallery_thumbnail":["https:\/\/www.sikortex.com\/wp-content\/uploads\/2025\/04\/1-10-100x100.jpg",100,100,true]},"uagb_author_info":{"display_name":"Sandy","author_link":"https:\/\/www.sikortex.com\/pt\/author\/"},"uagb_comment_info":0,"uagb_excerpt":"1000 Meters(Min.Order)","_links":{"self":[{"href":"https:\/\/www.sikortex.com\/pt\/wp-json\/wp\/v2\/product\/8642","targetHints":{"allow":["GET"]}}],"collection":[{"href":"https:\/\/www.sikortex.com\/pt\/wp-json\/wp\/v2\/product"}],"about":[{"href":"https:\/\/www.sikortex.com\/pt\/wp-json\/wp\/v2\/types\/product"}],"replies":[{"embeddable":true,"href":"https:\/\/www.sikortex.com\/pt\/wp-json\/wp\/v2\/comments?post=8642"}],"wp:featuredmedia":[{"embeddable":true,"href":"https:\/\/www.sikortex.com\/pt\/wp-json\/wp\/v2\/media\/8643"}],"wp:attachment":[{"href":"https:\/\/www.sikortex.com\/pt\/wp-json\/wp\/v2\/media?parent=8642"}],"wp:term":[{"taxonomy":"product_brand","embeddable":true,"href":"https:\/\/www.sikortex.com\/pt\/wp-json\/wp\/v2\/product_brand?post=8642"},{"taxonomy":"product_cat","embeddable":true,"href":"https:\/\/www.sikortex.com\/pt\/wp-json\/wp\/v2\/product_cat?post=8642"},{"taxonomy":"product_tag","embeddable":true,"href":"https:\/\/www.sikortex.com\/pt\/wp-json\/wp\/v2\/product_tag?post=8642"}],"curies":[{"name":"wp","href":"https:\/\/api.w.org\/{rel}","templated":true}]}}