{"id":8612,"date":"2025-04-23T13:08:19","date_gmt":"2025-04-23T05:08:19","guid":{"rendered":"https:\/\/www.sikortex.com\/?post_type=product&#038;p=8612"},"modified":"2025-04-25T14:31:38","modified_gmt":"2025-04-25T06:31:38","slug":"tecido-composto-de-tpu-para-jaqueta-impermeavel","status":"publish","type":"product","link":"https:\/\/www.sikortex.com\/pt\/produtos\/tecido-composto-de-tpu-para-jaqueta-impermeavel\/","title":{"rendered":"Tecido el\u00e1stico T800 TPU composto para jaqueta imperme\u00e1vel"},"content":{"rendered":"<div class=\"waterproof-fabric-article\">\n<p>Projetado para desempenho superior, nosso tecido composto de TPU combina durabilidade com conforto excepcional, tornando-o o tecido perfeito para aplica\u00e7\u00f5es em jaquetas imperme\u00e1veis. Este material avan\u00e7ado oferece prote\u00e7\u00e3o premium sem comprometer o estilo ou a mobilidade.<\/p>\n<h3>Propriedades de tecido excepcionais<\/h3>\n<ul class=\"fabric-properties\">\n<li><strong>Estruturado, mas suave<\/strong> \u2013 Mant\u00e9m a forma ao mesmo tempo que oferece um uso confort\u00e1vel<\/li>\n<li><strong>Prote\u00e7\u00e3o completa contra o vento<\/strong> \u2013 Bloqueia ventos fortes de forma eficaz<\/li>\n<li><strong>Imperme\u00e1vel e respir\u00e1vel<\/strong> \u2013 A camada de TPU repele a \u00e1gua ao mesmo tempo que permite a transfer\u00eancia de vapor<\/li>\n<li><strong>Excelente elasticidade<\/strong> \u2013 Alongamento 20-25% para liberdade de movimento<\/li>\n<\/ul>\n<h3>Aplicativos Premium<\/h3>\n<div class=\"applications-grid\">\n<div class=\"application-item\">\n<h4>Roupas de trabalho para clima extremo<\/h4>\n<p>Ideal para vestu\u00e1rio de prote\u00e7\u00e3o nos setores de constru\u00e7\u00e3o e servi\u00e7os p\u00fablicos<\/p>\n<\/div>\n<div class=\"application-item\">\n<h4>Vestu\u00e1rio t\u00e9cnico para atividades ao ar livre<\/h4>\n<p>Perfeito para jaquetas de caminhada e equipamentos de expedi\u00e7\u00e3o<\/p>\n<\/div>\n<div class=\"application-item\">\n<h4>Moda Outerwear<\/h4>\n<p>Parkas elegantes e jaquetas contempor\u00e2neas<\/p>\n<\/div>\n<div class=\"application-item\">\n<h4>Equipamentos Equestres<\/h4>\n<p>Cobertores dur\u00e1veis para prote\u00e7\u00e3o em todas as condi\u00e7\u00f5es clim\u00e1ticas<\/p>\n<\/div>\n<\/div>\n<h3>Por que escolher nosso tecido composto de TPU?<\/h3>\n<p>O tecido composto de TPU el\u00e1stico T800 se destaca por sua combina\u00e7\u00e3o \u00fanica de desempenho t\u00e9cnico e conforto ao usu\u00e1rio. Como um tecido premium para a produ\u00e7\u00e3o de jaquetas imperme\u00e1veis, oferece durabilidade superior aos materiais padr\u00e3o, mantendo excelentes propriedades de elasticidade.<\/p>\n<div class=\"technical-benefits\">\n<p><strong>Vantagens t\u00e9cnicas:<\/strong> Resist\u00eancia ao rasgo \u2022 Adaptabilidade \u00e0 temperatura \u2022 Controle de umidade \u2022 Reten\u00e7\u00e3o de forma \u2022 Desempenho \u00e0 prova d&#039;\u00e1gua de longo prazo<\/p>\n<\/div>\n<\/div>","protected":false},"excerpt":{"rendered":"<p>1000 metros (pedido m\u00ednimo)<\/p>","protected":false},"featured_media":8616,"comment_status":"closed","ping_status":"closed","template":"","meta":{"_uag_custom_page_level_css":"","site-sidebar-layout":"default","site-content-layout":"default","ast-site-content-layout":"default","site-content-style":"default","site-sidebar-style":"default","ast-global-header-display":"","ast-banner-title-visibility":"","ast-main-header-display":"","ast-hfb-above-header-display":"","ast-hfb-below-header-display":"","ast-hfb-mobile-header-display":"","site-post-title":"","ast-breadcrumbs-content":"","ast-featured-img":"","footer-sml-layout":"","theme-transparent-header-meta":"default","adv-header-id-meta":"","stick-header-meta":"default","header-above-stick-meta":"","header-main-stick-meta":"","header-below-stick-meta":"","astra-migrate-meta-layouts":"set","ast-page-background-enabled":"default","ast-page-background-meta":{"desktop":{"background-color":"","background-image":"","background-repeat":"repeat","background-position":"center center","background-size":"auto","background-attachment":"scroll","background-type":"","background-media":"","overlay-type":"","overlay-color":"","overlay-opacity":"","overlay-gradient":""},"tablet":{"background-color":"","background-image":"","background-repeat":"repeat","background-position":"center center","background-size":"auto","background-attachment":"scroll","background-type":"","background-media":"","overlay-type":"","overlay-color":"","overlay-opacity":"","overlay-gradient":""},"mobile":{"background-color":"","background-image":"","background-repeat":"repeat","background-position":"center center","background-size":"auto","background-attachment":"scroll","background-type":"","background-media":"","overlay-type":"","overlay-color":"","overlay-opacity":"","overlay-gradient":""}},"ast-content-background-meta":{"desktop":{"background-color":"var(--ast-global-color-5)","background-image":"","background-repeat":"repeat","background-position":"center center","background-size":"auto","background-attachment":"scroll","background-type":"","background-media":"","overlay-type":"","overlay-color":"","overlay-opacity":"","overlay-gradient":""},"tablet":{"background-color":"var(--ast-global-color-5)","background-image":"","background-repeat":"repeat","background-position":"center center","background-size":"auto","background-attachment":"scroll","background-type":"","background-media":"","overlay-type":"","overlay-color":"","overlay-opacity":"","overlay-gradient":""},"mobile":{"background-color":"var(--ast-global-color-5)","background-image":"","background-repeat":"repeat","background-position":"center center","background-size":"auto","background-attachment":"scroll","background-type":"","background-media":"","overlay-type":"","overlay-color":"","overlay-opacity":"","overlay-gradient":""}}},"product_brand":[],"product_cat":[403,431,1183,428,429,421,420,414],"product_tag":[],"class_list":{"0":"post-8612","1":"product","2":"type-product","3":"status-publish","4":"has-post-thumbnail","6":"product_cat-polyester-fabrics","7":"product_cat-fabric-for-commuting-clothing","8":"product_cat-fabric-for-horse-blankets","9":"product_cat-fabric-for-outdoor-sports","10":"product_cat-fabric-for-sportswear","11":"product_cat-foul-weather-fabrics","12":"product_cat-stretch-fabrics","13":"product_cat-waterproof-fabrics","14":"pa_available_colors-911052-spc","15":"desktop-align-left","16":"tablet-align-left","17":"mobile-align-left","18":"ast-product-gallery-layout-vertical-slider","19":"ast-product-tabs-layout-horizontal","21":"first","22":"instock","23":"shipping-taxable","24":"product-type-simple"},"uagb_featured_image_src":{"full":["https:\/\/www.sikortex.com\/wp-content\/uploads\/2025\/04\/IMG_0746-scaled.jpg",2560,2560,false],"thumbnail":["https:\/\/www.sikortex.com\/wp-content\/uploads\/2025\/04\/IMG_0746-150x150.jpg",150,150,true],"medium":["https:\/\/www.sikortex.com\/wp-content\/uploads\/2025\/04\/IMG_0746-300x300.jpg",300,300,true],"medium_large":["https:\/\/www.sikortex.com\/wp-content\/uploads\/2025\/04\/IMG_0746-768x768.jpg",768,768,true],"large":["https:\/\/www.sikortex.com\/wp-content\/uploads\/2025\/04\/IMG_0746-1024x1024.jpg",1024,1024,true],"1536x1536":["https:\/\/www.sikortex.com\/wp-content\/uploads\/2025\/04\/IMG_0746-1536x1536.jpg",1536,1536,true],"2048x2048":["https:\/\/www.sikortex.com\/wp-content\/uploads\/2025\/04\/IMG_0746-2048x2048.jpg",2048,2048,true],"trp-custom-language-flag":["https:\/\/www.sikortex.com\/wp-content\/uploads\/2025\/04\/IMG_0746-12x12.jpg",12,12,true],"woocommerce_thumbnail":["https:\/\/www.sikortex.com\/wp-content\/uploads\/2025\/04\/IMG_0746-300x300.jpg",300,300,true],"woocommerce_single":["https:\/\/www.sikortex.com\/wp-content\/uploads\/2025\/04\/IMG_0746-600x600.jpg",600,600,true],"woocommerce_gallery_thumbnail":["https:\/\/www.sikortex.com\/wp-content\/uploads\/2025\/04\/IMG_0746-100x100.jpg",100,100,true]},"uagb_author_info":{"display_name":"Sandy","author_link":"https:\/\/www.sikortex.com\/pt\/author\/"},"uagb_comment_info":0,"uagb_excerpt":"1000 Meters(Min.Order)","_links":{"self":[{"href":"https:\/\/www.sikortex.com\/pt\/wp-json\/wp\/v2\/product\/8612","targetHints":{"allow":["GET"]}}],"collection":[{"href":"https:\/\/www.sikortex.com\/pt\/wp-json\/wp\/v2\/product"}],"about":[{"href":"https:\/\/www.sikortex.com\/pt\/wp-json\/wp\/v2\/types\/product"}],"replies":[{"embeddable":true,"href":"https:\/\/www.sikortex.com\/pt\/wp-json\/wp\/v2\/comments?post=8612"}],"wp:featuredmedia":[{"embeddable":true,"href":"https:\/\/www.sikortex.com\/pt\/wp-json\/wp\/v2\/media\/8616"}],"wp:attachment":[{"href":"https:\/\/www.sikortex.com\/pt\/wp-json\/wp\/v2\/media?parent=8612"}],"wp:term":[{"taxonomy":"product_brand","embeddable":true,"href":"https:\/\/www.sikortex.com\/pt\/wp-json\/wp\/v2\/product_brand?post=8612"},{"taxonomy":"product_cat","embeddable":true,"href":"https:\/\/www.sikortex.com\/pt\/wp-json\/wp\/v2\/product_cat?post=8612"},{"taxonomy":"product_tag","embeddable":true,"href":"https:\/\/www.sikortex.com\/pt\/wp-json\/wp\/v2\/product_tag?post=8612"}],"curies":[{"name":"wp","href":"https:\/\/api.w.org\/{rel}","templated":true}]}}