{"id":8577,"date":"2025-04-23T12:32:26","date_gmt":"2025-04-23T04:32:26","guid":{"rendered":"https:\/\/www.sikortex.com\/?post_type=product&#038;p=8577"},"modified":"2025-04-23T13:51:29","modified_gmt":"2025-04-23T05:51:29","slug":"tecido-elastico-de-nylon-para-calcas-esportivas","status":"publish","type":"product","link":"https:\/\/www.sikortex.com\/pt\/produtos\/tecido-elastico-de-nylon-para-calcas-esportivas\/","title":{"rendered":"Tecido el\u00e1stico de nylon para cal\u00e7as e jaquetas esportivas"},"content":{"rendered":"<p>&nbsp;<\/p>\n<style>\n        body {<br \/>            font-family: 'Segoe UI', Roboto, sans-serif;<br \/>            line-height: 1.6;<br \/>            color: #333;<br \/>            max-width: 900px;<br \/>            margin: 0 auto;<br \/>            padding: 25px;<br \/>            background-color: #f8f9fa;<br \/>        }<br \/>        h2 {<br \/>            color: #2c3e50;<br \/>            font-size: 24px;<br \/>            margin-bottom: 20px;<br \/>            padding-bottom: 10px;<br \/>            border-bottom: 2px solid #3498db;<br \/>        }<br \/>        .intro-text {<br \/>            font-size: 16px;<br \/>            margin-bottom: 25px;<br \/>        }<br \/>        .feature-container {<br \/>            background: white;<br \/>            border-radius: 8px;<br \/>            padding: 20px;<br \/>            box-shadow: 0 2px 10px rgba(0,0,0,0.05);<br \/>            margin-bottom: 25px;<br \/>        }<br \/>        .feature-item {<br \/>            margin-bottom: 15px;<br \/>            padding-left: 25px;<br \/>            position: relative;<br \/>            line-height: 1.5;<br \/>        }<br \/>        .feature-item:before {<br \/>            content: \"\u2192\";<br \/>            color: #3498db;<br \/>            position: absolute;<br \/>            left: 5px;<br \/>        }<br \/>        .highlight {<br \/>            color: #2980b9;<br \/>            font-weight: 600;<br \/>        }<br \/>        .conclusion {<br \/>            background-color: #eaf2f8;<br \/>            padding: 15px;<br \/>            border-left: 4px solid #3498db;<br \/>            font-size: 15px;<br \/>        }<br \/>    <\/style>\n<p>&nbsp;<\/p>\n<h2>Tecido el\u00e1stico de nylon para cal\u00e7as e jaquetas esportivas<\/h2>\n<p class=\"intro-text\">Projetados para desempenho e estilo, nossos <span class=\"highlight\">tecido el\u00e1stico de n\u00e1ilon<\/span> \u00e9 a escolha perfeita para roupas esportivas modernas. Projetado especificamente para <span class=\"highlight\">cal\u00e7as e jaquetas esportivas<\/span>, este material inovador combina funcionalidade t\u00e9cnica com est\u00e9tica contempor\u00e2nea para atender \u00e0s demandas de estilos de vida ativos.<\/p>\n<div class=\"feature-container\">\n<div class=\"feature-item\"><strong>Textura da moda, levemente enrugada:<\/strong> A apar\u00eancia texturizada intencional do tecido, com rugas sutis, cria um visual moderno e vivido que atualmente \u00e9 tend\u00eancia na moda esportiva.<\/div>\n<div class=\"feature-item\"><strong>Toque suave com dupla funcionalidade:<\/strong> Toque suave, dupla fun\u00e7\u00e3o: ap\u00f3s tratamento especial, ele tem a fun\u00e7\u00e3o \u00e0 prova d&#039;\u00e1gua necess\u00e1ria para esportes ao ar livre, e tamb\u00e9m podemos personalizar a fun\u00e7\u00e3o de absor\u00e7\u00e3o de umidade e transpira\u00e7\u00e3o para mant\u00ea-lo seco durante exerc\u00edcios de alta intensidade.<\/div>\n<div class=\"feature-item\"><strong>Constru\u00e7\u00e3o el\u00e1stica de trama:<\/strong> Oferece excelente alongamento e recupera\u00e7\u00e3o na dire\u00e7\u00e3o transversal, garantindo liberdade de movimento ideal para desempenho atl\u00e9tico, mantendo a integridade da forma.<\/div>\n<\/div>\n<div class=\"conclusion\">Ideal para vestu\u00e1rio de alto desempenho, este <span class=\"highlight\">tecido el\u00e1stico de n\u00e1ilon<\/span> oferece o equil\u00edbrio perfeito entre conforto, funcionalidade e estilo. Seja criando cal\u00e7as de corrida leves ou jaquetas de treino respir\u00e1veis, a marca oferece aos designers solu\u00e7\u00f5es vers\u00e1teis para o mercado de roupas esportivas atual.<\/div>\n<p>&nbsp;<\/p>","protected":false},"excerpt":{"rendered":"<p>1000 metros (pedido m\u00ednimo)<\/p>","protected":false},"featured_media":8583,"comment_status":"closed","ping_status":"closed","template":"","meta":{"_uag_custom_page_level_css":"","site-sidebar-layout":"default","site-content-layout":"default","ast-site-content-layout":"default","site-content-style":"default","site-sidebar-style":"default","ast-global-header-display":"","ast-banner-title-visibility":"","ast-main-header-display":"","ast-hfb-above-header-display":"","ast-hfb-below-header-display":"","ast-hfb-mobile-header-display":"","site-post-title":"","ast-breadcrumbs-content":"","ast-featured-img":"","footer-sml-layout":"","theme-transparent-header-meta":"default","adv-header-id-meta":"","stick-header-meta":"default","header-above-stick-meta":"","header-main-stick-meta":"","header-below-stick-meta":"","astra-migrate-meta-layouts":"set","ast-page-background-enabled":"default","ast-page-background-meta":{"desktop":{"background-color":"","background-image":"","background-repeat":"repeat","background-position":"center center","background-size":"auto","background-attachment":"scroll","background-type":"","background-media":"","overlay-type":"","overlay-color":"","overlay-opacity":"","overlay-gradient":""},"tablet":{"background-color":"","background-image":"","background-repeat":"repeat","background-position":"center center","background-size":"auto","background-attachment":"scroll","background-type":"","background-media":"","overlay-type":"","overlay-color":"","overlay-opacity":"","overlay-gradient":""},"mobile":{"background-color":"","background-image":"","background-repeat":"repeat","background-position":"center center","background-size":"auto","background-attachment":"scroll","background-type":"","background-media":"","overlay-type":"","overlay-color":"","overlay-opacity":"","overlay-gradient":""}},"ast-content-background-meta":{"desktop":{"background-color":"var(--ast-global-color-5)","background-image":"","background-repeat":"repeat","background-position":"center center","background-size":"auto","background-attachment":"scroll","background-type":"","background-media":"","overlay-type":"","overlay-color":"","overlay-opacity":"","overlay-gradient":""},"tablet":{"background-color":"var(--ast-global-color-5)","background-image":"","background-repeat":"repeat","background-position":"center center","background-size":"auto","background-attachment":"scroll","background-type":"","background-media":"","overlay-type":"","overlay-color":"","overlay-opacity":"","overlay-gradient":""},"mobile":{"background-color":"var(--ast-global-color-5)","background-image":"","background-repeat":"repeat","background-position":"center center","background-size":"auto","background-attachment":"scroll","background-type":"","background-media":"","overlay-type":"","overlay-color":"","overlay-opacity":"","overlay-gradient":""}}},"product_brand":[],"product_cat":[404,431,423,428,429,420],"product_tag":[],"class_list":{"0":"post-8577","1":"product","2":"type-product","3":"status-publish","4":"has-post-thumbnail","6":"product_cat-nylon-fabrics","7":"product_cat-fabric-for-commuting-clothing","8":"product_cat-fabric-for-military-police","9":"product_cat-fabric-for-outdoor-sports","10":"product_cat-fabric-for-sportswear","11":"product_cat-stretch-fabrics","12":"pa_available_colors-911052-spc","13":"desktop-align-left","14":"tablet-align-left","15":"mobile-align-left","16":"ast-product-gallery-layout-vertical-slider","17":"ast-product-tabs-layout-horizontal","19":"first","20":"instock","21":"shipping-taxable","22":"product-type-simple"},"uagb_featured_image_src":{"full":["https:\/\/www.sikortex.com\/wp-content\/uploads\/2025\/04\/5-2.jpg",800,800,false],"thumbnail":["https:\/\/www.sikortex.com\/wp-content\/uploads\/2025\/04\/5-2-150x150.jpg",150,150,true],"medium":["https:\/\/www.sikortex.com\/wp-content\/uploads\/2025\/04\/5-2-300x300.jpg",300,300,true],"medium_large":["https:\/\/www.sikortex.com\/wp-content\/uploads\/2025\/04\/5-2-768x768.jpg",768,768,true],"large":["https:\/\/www.sikortex.com\/wp-content\/uploads\/2025\/04\/5-2.jpg",800,800,false],"1536x1536":["https:\/\/www.sikortex.com\/wp-content\/uploads\/2025\/04\/5-2.jpg",800,800,false],"2048x2048":["https:\/\/www.sikortex.com\/wp-content\/uploads\/2025\/04\/5-2.jpg",800,800,false],"trp-custom-language-flag":["https:\/\/www.sikortex.com\/wp-content\/uploads\/2025\/04\/5-2-12x12.jpg",12,12,true],"woocommerce_thumbnail":["https:\/\/www.sikortex.com\/wp-content\/uploads\/2025\/04\/5-2-300x300.jpg",300,300,true],"woocommerce_single":["https:\/\/www.sikortex.com\/wp-content\/uploads\/2025\/04\/5-2-600x600.jpg",600,600,true],"woocommerce_gallery_thumbnail":["https:\/\/www.sikortex.com\/wp-content\/uploads\/2025\/04\/5-2-100x100.jpg",100,100,true]},"uagb_author_info":{"display_name":"Sandy","author_link":"https:\/\/www.sikortex.com\/pt\/author\/"},"uagb_comment_info":0,"uagb_excerpt":"1000 Meters(Min.Order)","_links":{"self":[{"href":"https:\/\/www.sikortex.com\/pt\/wp-json\/wp\/v2\/product\/8577","targetHints":{"allow":["GET"]}}],"collection":[{"href":"https:\/\/www.sikortex.com\/pt\/wp-json\/wp\/v2\/product"}],"about":[{"href":"https:\/\/www.sikortex.com\/pt\/wp-json\/wp\/v2\/types\/product"}],"replies":[{"embeddable":true,"href":"https:\/\/www.sikortex.com\/pt\/wp-json\/wp\/v2\/comments?post=8577"}],"wp:featuredmedia":[{"embeddable":true,"href":"https:\/\/www.sikortex.com\/pt\/wp-json\/wp\/v2\/media\/8583"}],"wp:attachment":[{"href":"https:\/\/www.sikortex.com\/pt\/wp-json\/wp\/v2\/media?parent=8577"}],"wp:term":[{"taxonomy":"product_brand","embeddable":true,"href":"https:\/\/www.sikortex.com\/pt\/wp-json\/wp\/v2\/product_brand?post=8577"},{"taxonomy":"product_cat","embeddable":true,"href":"https:\/\/www.sikortex.com\/pt\/wp-json\/wp\/v2\/product_cat?post=8577"},{"taxonomy":"product_tag","embeddable":true,"href":"https:\/\/www.sikortex.com\/pt\/wp-json\/wp\/v2\/product_tag?post=8577"}],"curies":[{"name":"wp","href":"https:\/\/api.w.org\/{rel}","templated":true}]}}