{"id":8566,"date":"2025-04-23T11:33:00","date_gmt":"2025-04-23T03:33:00","guid":{"rendered":"https:\/\/www.sikortex.com\/?post_type=product&#038;p=8566"},"modified":"2025-04-23T13:15:27","modified_gmt":"2025-04-23T05:15:27","slug":"tecido-de-la-pu-laminado-de-nylon-elastico-em-4-direcoes","status":"publish","type":"product","link":"https:\/\/www.sikortex.com\/pt\/produtos\/tecido-de-la-pu-laminado-de-nylon-elastico-em-4-direcoes\/","title":{"rendered":"Tecido de l\u00e3 PU laminado de nylon de alta qualidade com elasticidade em 4 dire\u00e7\u00f5es"},"content":{"rendered":"<style>\n        body {<br \/>\n            font-family: 'Arial', sans-serif;<br \/>\n            line-height: 1.6;<br \/>\n            color: #333;<br \/>\n            max-width: 1000px;<br \/>\n            margin: 0 auto;<br \/>\n            padding: 20px;<br \/>\n        }<br \/>\n        h1 {<br \/>\n            color: #2a5885;<br \/>\n            font-size: 28px;<br \/>\n            margin-bottom: 20px;<br \/>\n            border-bottom: 2px solid #f0f0f0;<br \/>\n            padding-bottom: 10px;<br \/>\n        }<br \/>\n        h2 {<br \/>\n            color: #3a6ea5;<br \/>\n            font-size: 22px;<br \/>\n            margin-top: 30px;<br \/>\n        }<br \/>\n        .features-grid {<br \/>\n            display: grid;<br \/>\n            grid-template-columns: repeat(2, 1fr);<br \/>\n            gap: 15px;<br \/>\n            margin: 20px 0;<br \/>\n        }<br \/>\n        .feature-item {<br \/>\n            background: #f9f9f9;<br \/>\n            padding: 15px;<br \/>\n            border-radius: 5px;<br \/>\n            border-left: 4px solid #3a6ea5;<br \/>\n        }<br \/>\n        .feature-title {<br \/>\n            font-weight: bold;<br \/>\n            color: #2a5885;<br \/>\n            margin-bottom: 5px;<br \/>\n        }<br \/>\n        table {<br \/>\n            width: 100%;<br \/>\n            border-collapse: collapse;<br \/>\n            margin: 25px 0;<br \/>\n        }<br \/>\n        th, td {<br \/>\n            padding: 12px 15px;<br \/>\n            text-align: left;<br \/>\n            border-bottom: 1px solid #ddd;<br \/>\n        }<br \/>\n        th {<br \/>\n            background-color: #f2f2f2;<br \/>\n            color: #2a5885;<br \/>\n        }<br \/>\n        .highlight {<br \/>\n            font-weight: bold;<br \/>\n            color: #2a5885;<br \/>\n        }<br \/>\n    <\/style>\n<h2>Tecido de l\u00e3 PU laminado de nylon de alta qualidade com elasticidade em 4 dire\u00e7\u00f5es<\/h2>\n<p>Experimente a combina\u00e7\u00e3o perfeita de desempenho e conforto com nosso <span class=\"highlight\">Tecido de l\u00e3 PU laminado de nylon de alta qualidade com elasticidade em 4 dire\u00e7\u00f5es<\/span>. Projetado para vestu\u00e1rio externo premium e vestu\u00e1rio esportivo, este <span class=\"highlight\">Tecido laminado de 3 camadas<\/span> oferece prote\u00e7\u00e3o e flexibilidade excepcionais, tornando-o ideal para condi\u00e7\u00f5es clim\u00e1ticas extremas e atividades de alta intensidade.<\/p>\n<h3>Desempenho e prote\u00e7\u00e3o incompar\u00e1veis<\/h3>\n<div class=\"features-grid\">\n<div class=\"feature-item\">\n<div class=\"feature-title\">\u00c0 prova de vento e \u00e1gua<\/div>\n<p>O avan\u00e7ado <span class=\"highlight\">Lamina\u00e7\u00e3o de PU<\/span> garante total resist\u00eancia ao vento e <span class=\"highlight\">dur\u00e1vel \u00e0 prova d&#039;\u00e1gua<\/span> desempenho, mantendo voc\u00ea seco em chuva forte e neve.<\/p>\n<\/div>\n<div class=\"feature-item\">\n<div class=\"feature-title\">Respir\u00e1vel<\/div>\n<p>Projetado para fluxo de ar ideal, o tecido permite que a umidade escape, evitando superaquecimento durante o movimento.<\/p>\n<\/div>\n<div class=\"feature-item\">\n<div class=\"feature-title\">Alongamento em quatro dire\u00e7\u00f5es<\/div>\n<p>O <span class=\"highlight\">nylon el\u00e1stico em 4 dire\u00e7\u00f5es<\/span> a constru\u00e7\u00e3o oferece elasticidade superior, garantindo liberdade de movimento sem comprometer a durabilidade.<\/p>\n<\/div>\n<div class=\"feature-item\">\n<div class=\"feature-title\">Resistente \u00e0 abras\u00e3o<\/div>\n<p>Fibras refor\u00e7adas aumentam a tenacidade, tornando-a resistente ao desgaste para uso duradouro.<\/p>\n<\/div>\n<div class=\"feature-item\">\n<div class=\"feature-title\">Calor Excepcional<\/div>\n<p>A camada interna de l\u00e3 macia oferece isolamento superior, mantendo voc\u00ea aquecido em climas frios.<\/p>\n<\/div>\n<div class=\"feature-item\">\n<div class=\"feature-title\">Acabamento luxuoso<\/div>\n<p>O <span class=\"highlight\">superf\u00edcie fina e de alta qualidade<\/span> proporciona um visual elegante e premium, adequado para equipamentos de alta performance e moda de alta qualidade.<\/p>\n<\/div>\n<\/div>\n<h3>Especifica\u00e7\u00f5es t\u00e9cnicas<\/h3>\n<table>\n<thead>\n<tr>\n<th>Propriedade<\/th>\n<th>Classifica\u00e7\u00e3o de desempenho<\/th>\n<\/tr>\n<\/thead>\n<tbody>\n<tr>\n<td>Resist\u00eancia \u00e0 press\u00e3o hidrost\u00e1tica<\/td>\n<td>20.000 (JIS L)<\/td>\n<\/tr>\n<tr>\n<td>Respirabilidade<\/td>\n<td>10.000 (JIS L)<\/td>\n<\/tr>\n<\/tbody>\n<\/table>\n<p>Ideal para jaquetas de esqui, equipamentos para atividades ao ar livre e roupas urbanas, este tecido combina <span class=\"highlight\">flexibilidade do n\u00e1ilon<\/span> com <span class=\"highlight\">conforto de l\u00e3 laminada<\/span> para o m\u00e1ximo desempenho e estilo.<\/p>\n<p>&nbsp;<\/p>","protected":false},"excerpt":{"rendered":"<p>1000 metros (pedido m\u00ednimo)<\/p>","protected":false},"featured_media":8571,"comment_status":"closed","ping_status":"closed","template":"","meta":{"_uag_custom_page_level_css":"","site-sidebar-layout":"default","site-content-layout":"default","ast-site-content-layout":"default","site-content-style":"default","site-sidebar-style":"default","ast-global-header-display":"","ast-banner-title-visibility":"","ast-main-header-display":"","ast-hfb-above-header-display":"","ast-hfb-below-header-display":"","ast-hfb-mobile-header-display":"","site-post-title":"","ast-breadcrumbs-content":"","ast-featured-img":"","footer-sml-layout":"","theme-transparent-header-meta":"default","adv-header-id-meta":"","stick-header-meta":"default","header-above-stick-meta":"","header-main-stick-meta":"","header-below-stick-meta":"","astra-migrate-meta-layouts":"set","ast-page-background-enabled":"default","ast-page-background-meta":{"desktop":{"background-color":"","background-image":"","background-repeat":"repeat","background-position":"center center","background-size":"auto","background-attachment":"scroll","background-type":"","background-media":"","overlay-type":"","overlay-color":"","overlay-opacity":"","overlay-gradient":""},"tablet":{"background-color":"","background-image":"","background-repeat":"repeat","background-position":"center center","background-size":"auto","background-attachment":"scroll","background-type":"","background-media":"","overlay-type":"","overlay-color":"","overlay-opacity":"","overlay-gradient":""},"mobile":{"background-color":"","background-image":"","background-repeat":"repeat","background-position":"center center","background-size":"auto","background-attachment":"scroll","background-type":"","background-media":"","overlay-type":"","overlay-color":"","overlay-opacity":"","overlay-gradient":""}},"ast-content-background-meta":{"desktop":{"background-color":"var(--ast-global-color-5)","background-image":"","background-repeat":"repeat","background-position":"center center","background-size":"auto","background-attachment":"scroll","background-type":"","background-media":"","overlay-type":"","overlay-color":"","overlay-opacity":"","overlay-gradient":""},"tablet":{"background-color":"var(--ast-global-color-5)","background-image":"","background-repeat":"repeat","background-position":"center center","background-size":"auto","background-attachment":"scroll","background-type":"","background-media":"","overlay-type":"","overlay-color":"","overlay-opacity":"","overlay-gradient":""},"mobile":{"background-color":"var(--ast-global-color-5)","background-image":"","background-repeat":"repeat","background-position":"center center","background-size":"auto","background-attachment":"scroll","background-type":"","background-media":"","overlay-type":"","overlay-color":"","overlay-opacity":"","overlay-gradient":""}}},"product_brand":[],"product_cat":[404,414],"product_tag":[],"class_list":{"0":"post-8566","1":"product","2":"type-product","3":"status-publish","4":"has-post-thumbnail","6":"product_cat-nylon-fabrics","7":"product_cat-waterproof-fabrics","8":"pa_available_colors-911052-spc","9":"desktop-align-left","10":"tablet-align-left","11":"mobile-align-left","12":"ast-product-gallery-layout-vertical-slider","13":"ast-product-tabs-layout-horizontal","15":"first","16":"instock","17":"shipping-taxable","18":"product-type-simple"},"uagb_featured_image_src":{"full":["https:\/\/www.sikortex.com\/wp-content\/uploads\/2025\/04\/IMG_0769.jpg",800,800,false],"thumbnail":["https:\/\/www.sikortex.com\/wp-content\/uploads\/2025\/04\/IMG_0769-150x150.jpg",150,150,true],"medium":["https:\/\/www.sikortex.com\/wp-content\/uploads\/2025\/04\/IMG_0769-300x300.jpg",300,300,true],"medium_large":["https:\/\/www.sikortex.com\/wp-content\/uploads\/2025\/04\/IMG_0769-768x768.jpg",768,768,true],"large":["https:\/\/www.sikortex.com\/wp-content\/uploads\/2025\/04\/IMG_0769.jpg",800,800,false],"1536x1536":["https:\/\/www.sikortex.com\/wp-content\/uploads\/2025\/04\/IMG_0769.jpg",800,800,false],"2048x2048":["https:\/\/www.sikortex.com\/wp-content\/uploads\/2025\/04\/IMG_0769.jpg",800,800,false],"trp-custom-language-flag":["https:\/\/www.sikortex.com\/wp-content\/uploads\/2025\/04\/IMG_0769-12x12.jpg",12,12,true],"woocommerce_thumbnail":["https:\/\/www.sikortex.com\/wp-content\/uploads\/2025\/04\/IMG_0769-300x300.jpg",300,300,true],"woocommerce_single":["https:\/\/www.sikortex.com\/wp-content\/uploads\/2025\/04\/IMG_0769-600x600.jpg",600,600,true],"woocommerce_gallery_thumbnail":["https:\/\/www.sikortex.com\/wp-content\/uploads\/2025\/04\/IMG_0769-100x100.jpg",100,100,true]},"uagb_author_info":{"display_name":"Sandy","author_link":"https:\/\/www.sikortex.com\/pt\/author\/"},"uagb_comment_info":0,"uagb_excerpt":"1000 Meters(Min.Order)","_links":{"self":[{"href":"https:\/\/www.sikortex.com\/pt\/wp-json\/wp\/v2\/product\/8566","targetHints":{"allow":["GET"]}}],"collection":[{"href":"https:\/\/www.sikortex.com\/pt\/wp-json\/wp\/v2\/product"}],"about":[{"href":"https:\/\/www.sikortex.com\/pt\/wp-json\/wp\/v2\/types\/product"}],"replies":[{"embeddable":true,"href":"https:\/\/www.sikortex.com\/pt\/wp-json\/wp\/v2\/comments?post=8566"}],"wp:featuredmedia":[{"embeddable":true,"href":"https:\/\/www.sikortex.com\/pt\/wp-json\/wp\/v2\/media\/8571"}],"wp:attachment":[{"href":"https:\/\/www.sikortex.com\/pt\/wp-json\/wp\/v2\/media?parent=8566"}],"wp:term":[{"taxonomy":"product_brand","embeddable":true,"href":"https:\/\/www.sikortex.com\/pt\/wp-json\/wp\/v2\/product_brand?post=8566"},{"taxonomy":"product_cat","embeddable":true,"href":"https:\/\/www.sikortex.com\/pt\/wp-json\/wp\/v2\/product_cat?post=8566"},{"taxonomy":"product_tag","embeddable":true,"href":"https:\/\/www.sikortex.com\/pt\/wp-json\/wp\/v2\/product_tag?post=8566"}],"curies":[{"name":"wp","href":"https:\/\/api.w.org\/{rel}","templated":true}]}}