{"id":8563,"date":"2025-04-23T11:15:38","date_gmt":"2025-04-23T03:15:38","guid":{"rendered":"https:\/\/www.sikortex.com\/?post_type=product&#038;p=8563"},"modified":"2025-04-23T12:46:39","modified_gmt":"2025-04-23T04:46:39","slug":"tecido-de-trico-tpu-laminado-camuflado","status":"publish","type":"product","link":"https:\/\/www.sikortex.com\/pt\/produtos\/tecido-de-trico-tpu-laminado-camuflado\/","title":{"rendered":"Tecido de poli\u00e9ster camuflado laminado TPU tricotado para uniformes militares"},"content":{"rendered":"<h2>Tecido de poli\u00e9ster camuflado laminado TPU de alto desempenho para uniformes militares<\/h2>\n<p>Nosso avan\u00e7ado tecido de tric\u00f4 TPU laminado com camuflagem de poli\u00e9ster foi projetado para atender \u00e0s rigorosas demandas das aplica\u00e7\u00f5es militares modernas. Este tecido premium combina durabilidade excepcional com propriedades superiores de impermeabilidade e respirabilidade, tornando-o ideal para uniformes t\u00e1ticos e equipamentos especializados para atividades ao ar livre.<\/p>\n<h3>Caracter\u00edsticas principais:<\/h3>\n<ul>\n<li><strong>Durabilidade de n\u00edvel militar:<\/strong> A constru\u00e7\u00e3o refor\u00e7ada resiste a condi\u00e7\u00f5es extremas e uso repetido<\/li>\n<li><strong>Desempenho avan\u00e7ado \u00e0 prova d&#039;\u00e1gua\/respir\u00e1vel:<\/strong> Atende aos rigorosos padr\u00f5es industriais japoneses<\/li>\n<li><strong>Designs personaliz\u00e1veis:<\/strong> Dispon\u00edvel com impress\u00e3o digital ou serigr\u00e1fica para padr\u00f5es de camuflagem perfeitos<\/li>\n<li><strong>Funcionalidade t\u00e1tica:<\/strong> Otimizado para mobilidade e conforto em opera\u00e7\u00f5es de campo<\/li>\n<\/ul>\n<div class=\"specs-table\">\n<table>\n<tbody>\n<tr>\n<th>Especifica\u00e7\u00e3o<\/th>\n<th>M\u00e9trica de Desempenho<\/th>\n<th>Padr\u00e3o de teste<\/th>\n<\/tr>\n<tr>\n<td>Resist\u00eancia hidrost\u00e1tica<\/td>\n<td>15.000 mmH\u2082O<\/td>\n<td>Padr\u00e3o Industrial Japon\u00eas<\/td>\n<\/tr>\n<tr>\n<td>Transmiss\u00e3o de vapor de umidade<\/td>\n<td>15.000 g\/m\u00b2\/24h<\/td>\n<td>Padr\u00e3o Industrial Japon\u00eas<\/td>\n<\/tr>\n<\/tbody>\n<\/table>\n<\/div>\n<h3>Op\u00e7\u00f5es de impress\u00e3o personalizadas<\/h3>\n<p>Oferecemos personaliza\u00e7\u00e3o completa de padr\u00f5es de camuflagem por meio de:<\/p>\n<ul>\n<li><strong>Impress\u00e3o digital:<\/strong> Padr\u00f5es de alta resolu\u00e7\u00e3o com op\u00e7\u00f5es de cores ilimitadas e detalhes complexos<\/li>\n<li><strong>Serigrafia:<\/strong> M\u00e9todo tradicional para pedidos de grande volume com correspond\u00eancia de cores consistente<\/li>\n<\/ul>\n<p>Este tecido laminado de poli\u00e9ster\/TPU \u00e9 a escolha ideal para empreiteiros militares, fabricantes de uniformes e fabricantes de equipamentos t\u00e1ticos que exigem desempenho confi\u00e1vel em ambientes desafiadores. O forro de tric\u00f4 proporciona conforto excepcional, mantendo a integridade estrutural necess\u00e1ria para uso prolongado em campo.<\/p>\n<p>Entre em contato conosco hoje mesmo para discutir suas necessidades espec\u00edficas de solu\u00e7\u00f5es personalizadas em tecidos de camuflagem. Nossa equipe t\u00e9cnica pode auxiliar no desenvolvimento de padr\u00f5es, especifica\u00e7\u00f5es de desempenho e produ\u00e7\u00e3o em massa para atender \u00e0s suas necessidades espec\u00edficas.<\/p>\n<p>&nbsp;<\/p>","protected":false},"excerpt":{"rendered":"<p>1000 metros (pedido m\u00ednimo)<\/p>","protected":false},"featured_media":8540,"comment_status":"closed","ping_status":"closed","template":"","meta":{"_uag_custom_page_level_css":"","site-sidebar-layout":"default","site-content-layout":"default","ast-site-content-layout":"default","site-content-style":"default","site-sidebar-style":"default","ast-global-header-display":"","ast-banner-title-visibility":"","ast-main-header-display":"","ast-hfb-above-header-display":"","ast-hfb-below-header-display":"","ast-hfb-mobile-header-display":"","site-post-title":"","ast-breadcrumbs-content":"","ast-featured-img":"","footer-sml-layout":"","theme-transparent-header-meta":"default","adv-header-id-meta":"","stick-header-meta":"default","header-above-stick-meta":"","header-main-stick-meta":"","header-below-stick-meta":"","astra-migrate-meta-layouts":"set","ast-page-background-enabled":"default","ast-page-background-meta":{"desktop":{"background-color":"","background-image":"","background-repeat":"repeat","background-position":"center center","background-size":"auto","background-attachment":"scroll","background-type":"","background-media":"","overlay-type":"","overlay-color":"","overlay-opacity":"","overlay-gradient":""},"tablet":{"background-color":"","background-image":"","background-repeat":"repeat","background-position":"center center","background-size":"auto","background-attachment":"scroll","background-type":"","background-media":"","overlay-type":"","overlay-color":"","overlay-opacity":"","overlay-gradient":""},"mobile":{"background-color":"","background-image":"","background-repeat":"repeat","background-position":"center center","background-size":"auto","background-attachment":"scroll","background-type":"","background-media":"","overlay-type":"","overlay-color":"","overlay-opacity":"","overlay-gradient":""}},"ast-content-background-meta":{"desktop":{"background-color":"var(--ast-global-color-5)","background-image":"","background-repeat":"repeat","background-position":"center center","background-size":"auto","background-attachment":"scroll","background-type":"","background-media":"","overlay-type":"","overlay-color":"","overlay-opacity":"","overlay-gradient":""},"tablet":{"background-color":"var(--ast-global-color-5)","background-image":"","background-repeat":"repeat","background-position":"center center","background-size":"auto","background-attachment":"scroll","background-type":"","background-media":"","overlay-type":"","overlay-color":"","overlay-opacity":"","overlay-gradient":""},"mobile":{"background-color":"var(--ast-global-color-5)","background-image":"","background-repeat":"repeat","background-position":"center center","background-size":"auto","background-attachment":"scroll","background-type":"","background-media":"","overlay-type":"","overlay-color":"","overlay-opacity":"","overlay-gradient":""}}},"product_brand":[],"product_cat":[423,421,403,414],"product_tag":[],"class_list":{"0":"post-8563","1":"product","2":"type-product","3":"status-publish","4":"has-post-thumbnail","6":"product_cat-fabric-for-military-police","7":"product_cat-foul-weather-fabrics","8":"product_cat-polyester-fabrics","9":"product_cat-waterproof-fabrics","10":"pa_available_colors-911052-spc","11":"desktop-align-left","12":"tablet-align-left","13":"mobile-align-left","14":"ast-product-gallery-layout-vertical-slider","15":"ast-product-tabs-layout-horizontal","17":"first","18":"instock","19":"shipping-taxable","20":"product-type-simple"},"uagb_featured_image_src":{"full":["https:\/\/www.sikortex.com\/wp-content\/uploads\/2025\/04\/3-1.jpg",800,800,false],"thumbnail":["https:\/\/www.sikortex.com\/wp-content\/uploads\/2025\/04\/3-1-150x150.jpg",150,150,true],"medium":["https:\/\/www.sikortex.com\/wp-content\/uploads\/2025\/04\/3-1-300x300.jpg",300,300,true],"medium_large":["https:\/\/www.sikortex.com\/wp-content\/uploads\/2025\/04\/3-1-768x768.jpg",768,768,true],"large":["https:\/\/www.sikortex.com\/wp-content\/uploads\/2025\/04\/3-1.jpg",800,800,false],"1536x1536":["https:\/\/www.sikortex.com\/wp-content\/uploads\/2025\/04\/3-1.jpg",800,800,false],"2048x2048":["https:\/\/www.sikortex.com\/wp-content\/uploads\/2025\/04\/3-1.jpg",800,800,false],"trp-custom-language-flag":["https:\/\/www.sikortex.com\/wp-content\/uploads\/2025\/04\/3-1-12x12.jpg",12,12,true],"woocommerce_thumbnail":["https:\/\/www.sikortex.com\/wp-content\/uploads\/2025\/04\/3-1-300x300.jpg",300,300,true],"woocommerce_single":["https:\/\/www.sikortex.com\/wp-content\/uploads\/2025\/04\/3-1-600x600.jpg",600,600,true],"woocommerce_gallery_thumbnail":["https:\/\/www.sikortex.com\/wp-content\/uploads\/2025\/04\/3-1-100x100.jpg",100,100,true]},"uagb_author_info":{"display_name":"Sandy","author_link":"https:\/\/www.sikortex.com\/pt\/author\/"},"uagb_comment_info":0,"uagb_excerpt":"1000 Meters(Min.Order)","_links":{"self":[{"href":"https:\/\/www.sikortex.com\/pt\/wp-json\/wp\/v2\/product\/8563","targetHints":{"allow":["GET"]}}],"collection":[{"href":"https:\/\/www.sikortex.com\/pt\/wp-json\/wp\/v2\/product"}],"about":[{"href":"https:\/\/www.sikortex.com\/pt\/wp-json\/wp\/v2\/types\/product"}],"replies":[{"embeddable":true,"href":"https:\/\/www.sikortex.com\/pt\/wp-json\/wp\/v2\/comments?post=8563"}],"wp:featuredmedia":[{"embeddable":true,"href":"https:\/\/www.sikortex.com\/pt\/wp-json\/wp\/v2\/media\/8540"}],"wp:attachment":[{"href":"https:\/\/www.sikortex.com\/pt\/wp-json\/wp\/v2\/media?parent=8563"}],"wp:term":[{"taxonomy":"product_brand","embeddable":true,"href":"https:\/\/www.sikortex.com\/pt\/wp-json\/wp\/v2\/product_brand?post=8563"},{"taxonomy":"product_cat","embeddable":true,"href":"https:\/\/www.sikortex.com\/pt\/wp-json\/wp\/v2\/product_cat?post=8563"},{"taxonomy":"product_tag","embeddable":true,"href":"https:\/\/www.sikortex.com\/pt\/wp-json\/wp\/v2\/product_tag?post=8563"}],"curies":[{"name":"wp","href":"https:\/\/api.w.org\/{rel}","templated":true}]}}