{"id":8021,"date":"2025-03-03T15:10:59","date_gmt":"2025-03-03T07:10:59","guid":{"rendered":"https:\/\/www.sikortex.com\/?post_type=product&#038;p=8021"},"modified":"2025-03-04T11:07:21","modified_gmt":"2025-03-04T03:07:21","slug":"tecido-revestido-dupla-face-poliester-tpu","status":"publish","type":"product","link":"https:\/\/www.sikortex.com\/pt\/produtos\/tecido-revestido-dupla-face-poliester-tpu\/","title":{"rendered":"Tecido revestido de dupla face TPU de poli\u00e9ster 600D \u2013 dur\u00e1vel, \u00e0 prova d&#039;\u00e1gua e personaliz\u00e1vel"},"content":{"rendered":"<p>Nosso Tecido Revestido Dupla Face TPU Poli\u00e9ster 600D \u00e9 um material de alto desempenho projetado para aplica\u00e7\u00f5es exigentes. Com revestimento TPU em ambos os lados, este tecido oferece durabilidade excepcional, <a href=\"\/pt\/tecido-tingido-em-solucao\/\"><span style=\"color: #3366ff;\">Resist\u00eancia UV<\/span><\/a>, impermeabiliza\u00e7\u00e3o e op\u00e7\u00f5es de personaliza\u00e7\u00e3o. Se voc\u00ea precisa dele para equipamentos para atividades ao ar livre, <a href=\"https:\/\/www.sikortex.com\/pt\/roupa-de-trabalho-para-transporte-e\/\"><span style=\"color: #3366ff;\">capas industriais<\/span><\/a>, ou bolsas para servi\u00e7os pesados, este tecido oferece desempenho e confiabilidade inigual\u00e1veis.<\/p>\n<p>Principais caracter\u00edsticas<br \/>\n1. Revestimento TPU de dupla face:<br \/>\nOferece impermeabiliza\u00e7\u00e3o completa e durabilidade aprimorada para uso prolongado.<\/p>\n<p>2. Resist\u00eancia a UV e corros\u00e3o:<br \/>\nSuporta exposi\u00e7\u00e3o prolongada \u00e0 luz solar e ambientes agressivos, o que o torna ideal para aplica\u00e7\u00f5es mar\u00edtimas e externas.<\/p>\n<p>3. Op\u00e7\u00f5es personaliz\u00e1veis:<br \/>\nDispon\u00edvel em revestimentos transparentes, foscos ou tingidos para atender \u00e0s suas necessidades espec\u00edficas de design.<\/p>\n<p>4. Material ecol\u00f3gico:<br \/>\nO TPU \u00e9 recicl\u00e1vel e livre de produtos qu\u00edmicos nocivos, como ftalatos e cloro, o que o torna uma escolha sustent\u00e1vel.<\/p>\n<p>&nbsp;<\/p>\n<p>Aplica\u00e7\u00f5es<br \/>\nNosso tecido revestido dupla face de poli\u00e9ster TPU 600D \u00e9 perfeito para:<br \/>\nColetes de mergulho: Material resistente \u00e0 corros\u00e3o e \u00e0 prova d&#039;\u00e1gua para equipamentos de mergulho.<br \/>\nEquipamentos para atividades ao ar livre: barracas, mochilas e lonas que exigem durabilidade e resist\u00eancia \u00e0s intemp\u00e9ries.<br \/>\n<a href=\"https:\/\/www.sikortex.com\/pt\/roupa-de-trabalho-para-transporte-e\/\"><span style=\"color: #3366ff;\">Coberturas Industriais<\/span><\/a>: Capas protetoras para m\u00e1quinas e ve\u00edculos.<br \/>\nBolsas para servi\u00e7os pesados: bagagem, kits de ferramentas e equipamentos t\u00e1ticos.<br \/>\nEquipamentos Mar\u00edtimos: Capas para barcos e interiores de navios.<\/p>\n<p>&nbsp;<\/p>\n<p>&nbsp;<\/p>","protected":false},"excerpt":{"rendered":"<p>600 metros (Pedido m\u00edn.)<\/p>","protected":false},"featured_media":8023,"comment_status":"closed","ping_status":"closed","template":"","meta":{"_uag_custom_page_level_css":"","site-sidebar-layout":"default","site-content-layout":"default","ast-site-content-layout":"default","site-content-style":"default","site-sidebar-style":"default","ast-global-header-display":"","ast-banner-title-visibility":"","ast-main-header-display":"","ast-hfb-above-header-display":"","ast-hfb-below-header-display":"","ast-hfb-mobile-header-display":"","site-post-title":"","ast-breadcrumbs-content":"","ast-featured-img":"","footer-sml-layout":"","theme-transparent-header-meta":"default","adv-header-id-meta":"","stick-header-meta":"default","header-above-stick-meta":"","header-main-stick-meta":"","header-below-stick-meta":"","astra-migrate-meta-layouts":"set","ast-page-background-enabled":"default","ast-page-background-meta":{"desktop":{"background-color":"","background-image":"","background-repeat":"repeat","background-position":"center center","background-size":"auto","background-attachment":"scroll","background-type":"","background-media":"","overlay-type":"","overlay-color":"","overlay-opacity":"","overlay-gradient":""},"tablet":{"background-color":"","background-image":"","background-repeat":"repeat","background-position":"center center","background-size":"auto","background-attachment":"scroll","background-type":"","background-media":"","overlay-type":"","overlay-color":"","overlay-opacity":"","overlay-gradient":""},"mobile":{"background-color":"","background-image":"","background-repeat":"repeat","background-position":"center center","background-size":"auto","background-attachment":"scroll","background-type":"","background-media":"","overlay-type":"","overlay-color":"","overlay-opacity":"","overlay-gradient":""}},"ast-content-background-meta":{"desktop":{"background-color":"var(--ast-global-color-5)","background-image":"","background-repeat":"repeat","background-position":"center center","background-size":"auto","background-attachment":"scroll","background-type":"","background-media":"","overlay-type":"","overlay-color":"","overlay-opacity":"","overlay-gradient":""},"tablet":{"background-color":"var(--ast-global-color-5)","background-image":"","background-repeat":"repeat","background-position":"center center","background-size":"auto","background-attachment":"scroll","background-type":"","background-media":"","overlay-type":"","overlay-color":"","overlay-opacity":"","overlay-gradient":""},"mobile":{"background-color":"var(--ast-global-color-5)","background-image":"","background-repeat":"repeat","background-position":"center center","background-size":"auto","background-attachment":"scroll","background-type":"","background-media":"","overlay-type":"","overlay-color":"","overlay-opacity":"","overlay-gradient":""}}},"product_brand":[],"product_cat":[1206,432,1184,403,433,414],"product_tag":[],"class_list":{"0":"post-8021","1":"product","2":"type-product","3":"status-publish","4":"has-post-thumbnail","6":"product_cat-fabric-for-bag","7":"product_cat-fabric-for-tent","8":"product_cat-oxford-fabric","9":"product_cat-polyester-fabrics","10":"product_cat-textile-for-industrial","11":"product_cat-waterproof-fabrics","12":"pa_available_colors-h-black","13":"desktop-align-left","14":"tablet-align-left","15":"mobile-align-left","16":"ast-product-gallery-layout-vertical-slider","17":"ast-product-tabs-layout-horizontal","19":"first","20":"instock","21":"shipping-taxable","22":"product-type-simple"},"uagb_featured_image_src":{"full":["https:\/\/www.sikortex.com\/wp-content\/uploads\/2025\/03\/O1CN01OmJ6yQ1d8yz6ldDNI_2841383692-0-cib.jpg",800,800,false],"thumbnail":["https:\/\/www.sikortex.com\/wp-content\/uploads\/2025\/03\/O1CN01OmJ6yQ1d8yz6ldDNI_2841383692-0-cib-150x150.jpg",150,150,true],"medium":["https:\/\/www.sikortex.com\/wp-content\/uploads\/2025\/03\/O1CN01OmJ6yQ1d8yz6ldDNI_2841383692-0-cib-300x300.jpg",300,300,true],"medium_large":["https:\/\/www.sikortex.com\/wp-content\/uploads\/2025\/03\/O1CN01OmJ6yQ1d8yz6ldDNI_2841383692-0-cib-768x768.jpg",768,768,true],"large":["https:\/\/www.sikortex.com\/wp-content\/uploads\/2025\/03\/O1CN01OmJ6yQ1d8yz6ldDNI_2841383692-0-cib.jpg",800,800,false],"1536x1536":["https:\/\/www.sikortex.com\/wp-content\/uploads\/2025\/03\/O1CN01OmJ6yQ1d8yz6ldDNI_2841383692-0-cib.jpg",800,800,false],"2048x2048":["https:\/\/www.sikortex.com\/wp-content\/uploads\/2025\/03\/O1CN01OmJ6yQ1d8yz6ldDNI_2841383692-0-cib.jpg",800,800,false],"trp-custom-language-flag":["https:\/\/www.sikortex.com\/wp-content\/uploads\/2025\/03\/O1CN01OmJ6yQ1d8yz6ldDNI_2841383692-0-cib-12x12.jpg",12,12,true],"woocommerce_thumbnail":["https:\/\/www.sikortex.com\/wp-content\/uploads\/2025\/03\/O1CN01OmJ6yQ1d8yz6ldDNI_2841383692-0-cib-300x300.jpg",300,300,true],"woocommerce_single":["https:\/\/www.sikortex.com\/wp-content\/uploads\/2025\/03\/O1CN01OmJ6yQ1d8yz6ldDNI_2841383692-0-cib-600x600.jpg",600,600,true],"woocommerce_gallery_thumbnail":["https:\/\/www.sikortex.com\/wp-content\/uploads\/2025\/03\/O1CN01OmJ6yQ1d8yz6ldDNI_2841383692-0-cib-100x100.jpg",100,100,true]},"uagb_author_info":{"display_name":"Perry","author_link":"https:\/\/www.sikortex.com\/pt\/author\/"},"uagb_comment_info":0,"uagb_excerpt":"600 Meters(Min.Order)","_links":{"self":[{"href":"https:\/\/www.sikortex.com\/pt\/wp-json\/wp\/v2\/product\/8021","targetHints":{"allow":["GET"]}}],"collection":[{"href":"https:\/\/www.sikortex.com\/pt\/wp-json\/wp\/v2\/product"}],"about":[{"href":"https:\/\/www.sikortex.com\/pt\/wp-json\/wp\/v2\/types\/product"}],"replies":[{"embeddable":true,"href":"https:\/\/www.sikortex.com\/pt\/wp-json\/wp\/v2\/comments?post=8021"}],"wp:featuredmedia":[{"embeddable":true,"href":"https:\/\/www.sikortex.com\/pt\/wp-json\/wp\/v2\/media\/8023"}],"wp:attachment":[{"href":"https:\/\/www.sikortex.com\/pt\/wp-json\/wp\/v2\/media?parent=8021"}],"wp:term":[{"taxonomy":"product_brand","embeddable":true,"href":"https:\/\/www.sikortex.com\/pt\/wp-json\/wp\/v2\/product_brand?post=8021"},{"taxonomy":"product_cat","embeddable":true,"href":"https:\/\/www.sikortex.com\/pt\/wp-json\/wp\/v2\/product_cat?post=8021"},{"taxonomy":"product_tag","embeddable":true,"href":"https:\/\/www.sikortex.com\/pt\/wp-json\/wp\/v2\/product_tag?post=8021"}],"curies":[{"name":"wp","href":"https:\/\/api.w.org\/{rel}","templated":true}]}}