{"id":8014,"date":"2025-03-03T14:12:52","date_gmt":"2025-03-03T06:12:52","guid":{"rendered":"https:\/\/www.sikortex.com\/?post_type=product&#038;p=8014"},"modified":"2025-03-04T12:22:10","modified_gmt":"2025-03-04T04:22:10","slug":"tecido-soldavel-revestido-com-tpu-de-poliester-600d","status":"publish","type":"product","link":"https:\/\/www.sikortex.com\/pt\/produtos\/tecido-soldavel-revestido-com-tpu-de-poliester-600d\/","title":{"rendered":"Tecido sold\u00e1vel revestido com TPU de poli\u00e9ster 600D"},"content":{"rendered":"<p>Nosso Tecido Sold\u00e1vel Revestido com TPU de Poli\u00e9ster 600D \u00e9 um material de alto desempenho projetado para aplica\u00e7\u00f5es exigentes. Combinando a resist\u00eancia do poli\u00e9ster 600D com um revestimento de Poliuretano Termopl\u00e1stico (TPU), este tecido oferece durabilidade excepcional, resist\u00eancia \u00e0 corros\u00e3o e solidez da cor. Quer voc\u00ea esteja criando bolsas, coletes de mergulho ou equipamentos para atividades ao ar livre, este tecido oferece desempenho confi\u00e1vel e qualidade duradoura.<\/p>\n<p><strong>Principais caracter\u00edsticas<\/strong><br \/>\n1. Resist\u00eancia \u00e0 corros\u00e3o:<br \/>\nO revestimento TPU oferece excelente resist\u00eancia a produtos qu\u00edmicos e corros\u00e3o, tornando-o ideal para ambientes adversos.<\/p>\n<p>2. Alta solidez da cor:<br \/>\nO tecido mant\u00e9m suas cores vibrantes mesmo ap\u00f3s exposi\u00e7\u00e3o prolongada \u00e0 luz solar e lavagens, garantindo um apelo est\u00e9tico duradouro.<\/p>\n<p>3. <a href=\"https:\/\/www.sikortex.com\/pt\/repelente-de-agua-resistente-a-prova-dagua\/\"><span style=\"color: #3366ff;\">\u00c0 prova d&#039;\u00e1gua<\/span><\/a> e dur\u00e1vel:<br \/>\nA camada TPU garante total <a href=\"https:\/\/www.sikortex.com\/pt\/repelente-de-agua-resistente-a-prova-dagua\/\"><span style=\"color: #3366ff;\">impermeabiliza\u00e7\u00e3o<\/span><\/a>, enquanto a base de poli\u00e9ster 600D oferece resist\u00eancia superior e resist\u00eancia \u00e0 abras\u00e3o.<\/p>\n<p>4. Material ecol\u00f3gico:<br \/>\nO TPU \u00e9 livre de produtos qu\u00edmicos nocivos, como ftalatos e cloro, o que o torna uma op\u00e7\u00e3o mais segura e sustent\u00e1vel.<\/p>\n<p>&nbsp;<\/p>\n<h5><strong>Aplica\u00e7\u00f5es<\/strong><br \/>\nTecido sold\u00e1vel revestido com TPU para bolsas<\/h5>\n<p>Dur\u00e1vel e <a href=\"https:\/\/www.sikortex.com\/pt\/repelente-de-agua-resistente-a-prova-dagua\/\"><span style=\"color: #3366ff;\">\u00e0 prova d'\u00e1gua<\/span><\/a> mochilas, bolsas de viagem e bolsas de ferramentas.<\/p>\n<h5>Tecido sold\u00e1vel revestido com TPU para coletes de mergulho<\/h5>\n<p>Resistente \u00e0 corros\u00e3o e <a href=\"https:\/\/www.sikortex.com\/pt\/repelente-de-agua-resistente-a-prova-dagua\/\"><span style=\"color: #3366ff;\">\u00e0 prova d'\u00e1gua<\/span><\/a> material para mergulho e equipamentos mar\u00edtimos.<\/p>\n<h5>Tecido sold\u00e1vel revestido com TPU para equipamentos ao ar livre<\/h5>\n<p>materiais, lonas e capas protetoras que exigem durabilidade e resist\u00eancia \u00e0s intemp\u00e9ries.<\/p>\n<p>&nbsp;<\/p>\n<p><strong>Por que escolher nosso tecido?<\/strong><br \/>\n1. Desempenho comprovado:<br \/>\nFabricantes do mundo inteiro confiam nele por sua durabilidade e funcionalidade.<br \/>\n2. Op\u00e7\u00f5es personaliz\u00e1veis:<br \/>\nDispon\u00edvel em v\u00e1rias cores e acabamentos para atender \u00e0s suas necessidades espec\u00edficas.<br \/>\n3. Escolha ecol\u00f3gica:<br \/>\nFeito de materiais recicl\u00e1veis e n\u00e3o t\u00f3xicos.<\/p>\n<p>Nosso Tecido Sold\u00e1vel Revestido com TPU de Poli\u00e9ster 600D \u00e9 a escolha ideal para criar produtos de alta qualidade, dur\u00e1veis e ecol\u00f3gicos. Entre em contato conosco hoje mesmo para solicitar amostras ou discutir as necessidades do seu projeto!<\/p>\n<p>&nbsp;<\/p>\n<p>&nbsp;<\/p>","protected":false},"excerpt":{"rendered":"<p>600 metros (Pedido m\u00edn.)<\/p>","protected":false},"featured_media":8018,"comment_status":"closed","ping_status":"closed","template":"","meta":{"_uag_custom_page_level_css":"","site-sidebar-layout":"default","site-content-layout":"default","ast-site-content-layout":"default","site-content-style":"default","site-sidebar-style":"default","ast-global-header-display":"","ast-banner-title-visibility":"","ast-main-header-display":"","ast-hfb-above-header-display":"","ast-hfb-below-header-display":"","ast-hfb-mobile-header-display":"","site-post-title":"","ast-breadcrumbs-content":"","ast-featured-img":"","footer-sml-layout":"","theme-transparent-header-meta":"default","adv-header-id-meta":"","stick-header-meta":"default","header-above-stick-meta":"","header-main-stick-meta":"","header-below-stick-meta":"","astra-migrate-meta-layouts":"set","ast-page-background-enabled":"default","ast-page-background-meta":{"desktop":{"background-color":"","background-image":"","background-repeat":"repeat","background-position":"center center","background-size":"auto","background-attachment":"scroll","background-type":"","background-media":"","overlay-type":"","overlay-color":"","overlay-opacity":"","overlay-gradient":""},"tablet":{"background-color":"","background-image":"","background-repeat":"repeat","background-position":"center center","background-size":"auto","background-attachment":"scroll","background-type":"","background-media":"","overlay-type":"","overlay-color":"","overlay-opacity":"","overlay-gradient":""},"mobile":{"background-color":"","background-image":"","background-repeat":"repeat","background-position":"center center","background-size":"auto","background-attachment":"scroll","background-type":"","background-media":"","overlay-type":"","overlay-color":"","overlay-opacity":"","overlay-gradient":""}},"ast-content-background-meta":{"desktop":{"background-color":"var(--ast-global-color-5)","background-image":"","background-repeat":"repeat","background-position":"center center","background-size":"auto","background-attachment":"scroll","background-type":"","background-media":"","overlay-type":"","overlay-color":"","overlay-opacity":"","overlay-gradient":""},"tablet":{"background-color":"var(--ast-global-color-5)","background-image":"","background-repeat":"repeat","background-position":"center center","background-size":"auto","background-attachment":"scroll","background-type":"","background-media":"","overlay-type":"","overlay-color":"","overlay-opacity":"","overlay-gradient":""},"mobile":{"background-color":"var(--ast-global-color-5)","background-image":"","background-repeat":"repeat","background-position":"center center","background-size":"auto","background-attachment":"scroll","background-type":"","background-media":"","overlay-type":"","overlay-color":"","overlay-opacity":"","overlay-gradient":""}}},"product_brand":[],"product_cat":[1206,432,1184,403,433,414],"product_tag":[],"class_list":{"0":"post-8014","1":"product","2":"type-product","3":"status-publish","4":"has-post-thumbnail","6":"product_cat-fabric-for-bag","7":"product_cat-fabric-for-tent","8":"product_cat-oxford-fabric","9":"product_cat-polyester-fabrics","10":"product_cat-textile-for-industrial","11":"product_cat-waterproof-fabrics","12":"pa_available_colors-h-black","13":"desktop-align-left","14":"tablet-align-left","15":"mobile-align-left","16":"ast-product-gallery-layout-vertical-slider","17":"ast-product-tabs-layout-horizontal","19":"first","20":"instock","21":"shipping-taxable","22":"product-type-simple"},"uagb_featured_image_src":{"full":["https:\/\/www.sikortex.com\/wp-content\/uploads\/2025\/03\/600D-oxford-TPU-Cast-Fabric.jpg",800,800,false],"thumbnail":["https:\/\/www.sikortex.com\/wp-content\/uploads\/2025\/03\/600D-oxford-TPU-Cast-Fabric-150x150.jpg",150,150,true],"medium":["https:\/\/www.sikortex.com\/wp-content\/uploads\/2025\/03\/600D-oxford-TPU-Cast-Fabric-300x300.jpg",300,300,true],"medium_large":["https:\/\/www.sikortex.com\/wp-content\/uploads\/2025\/03\/600D-oxford-TPU-Cast-Fabric-768x768.jpg",768,768,true],"large":["https:\/\/www.sikortex.com\/wp-content\/uploads\/2025\/03\/600D-oxford-TPU-Cast-Fabric.jpg",800,800,false],"1536x1536":["https:\/\/www.sikortex.com\/wp-content\/uploads\/2025\/03\/600D-oxford-TPU-Cast-Fabric.jpg",800,800,false],"2048x2048":["https:\/\/www.sikortex.com\/wp-content\/uploads\/2025\/03\/600D-oxford-TPU-Cast-Fabric.jpg",800,800,false],"trp-custom-language-flag":["https:\/\/www.sikortex.com\/wp-content\/uploads\/2025\/03\/600D-oxford-TPU-Cast-Fabric-12x12.jpg",12,12,true],"woocommerce_thumbnail":["https:\/\/www.sikortex.com\/wp-content\/uploads\/2025\/03\/600D-oxford-TPU-Cast-Fabric-300x300.jpg",300,300,true],"woocommerce_single":["https:\/\/www.sikortex.com\/wp-content\/uploads\/2025\/03\/600D-oxford-TPU-Cast-Fabric-600x600.jpg",600,600,true],"woocommerce_gallery_thumbnail":["https:\/\/www.sikortex.com\/wp-content\/uploads\/2025\/03\/600D-oxford-TPU-Cast-Fabric-100x100.jpg",100,100,true]},"uagb_author_info":{"display_name":"Perry","author_link":"https:\/\/www.sikortex.com\/pt\/author\/"},"uagb_comment_info":0,"uagb_excerpt":"600 Meters(Min.Order)","_links":{"self":[{"href":"https:\/\/www.sikortex.com\/pt\/wp-json\/wp\/v2\/product\/8014","targetHints":{"allow":["GET"]}}],"collection":[{"href":"https:\/\/www.sikortex.com\/pt\/wp-json\/wp\/v2\/product"}],"about":[{"href":"https:\/\/www.sikortex.com\/pt\/wp-json\/wp\/v2\/types\/product"}],"replies":[{"embeddable":true,"href":"https:\/\/www.sikortex.com\/pt\/wp-json\/wp\/v2\/comments?post=8014"}],"wp:featuredmedia":[{"embeddable":true,"href":"https:\/\/www.sikortex.com\/pt\/wp-json\/wp\/v2\/media\/8018"}],"wp:attachment":[{"href":"https:\/\/www.sikortex.com\/pt\/wp-json\/wp\/v2\/media?parent=8014"}],"wp:term":[{"taxonomy":"product_brand","embeddable":true,"href":"https:\/\/www.sikortex.com\/pt\/wp-json\/wp\/v2\/product_brand?post=8014"},{"taxonomy":"product_cat","embeddable":true,"href":"https:\/\/www.sikortex.com\/pt\/wp-json\/wp\/v2\/product_cat?post=8014"},{"taxonomy":"product_tag","embeddable":true,"href":"https:\/\/www.sikortex.com\/pt\/wp-json\/wp\/v2\/product_tag?post=8014"}],"curies":[{"name":"wp","href":"https:\/\/api.w.org\/{rel}","templated":true}]}}