{"id":8000,"date":"2025-03-01T11:02:42","date_gmt":"2025-03-01T03:02:42","guid":{"rendered":"https:\/\/www.sikortex.com\/?post_type=product&#038;p=8000"},"modified":"2025-03-04T13:27:30","modified_gmt":"2025-03-04T05:27:30","slug":"tecido-revestido-de-poliester-tpu-1680d","status":"publish","type":"product","link":"https:\/\/www.sikortex.com\/pt\/produtos\/tecido-revestido-de-poliester-tpu-1680d\/","title":{"rendered":"Tecido revestido de TPU de poli\u00e9ster 1680D"},"content":{"rendered":"<p>Nosso\u00a0<strong>Tecido revestido de TPU de poli\u00e9ster 1680D<\/strong>\u00a0\u00e9 um material de alto desempenho projetado para aplica\u00e7\u00f5es exigentes. Combinando a resist\u00eancia do poli\u00e9ster 1680D com as propriedades avan\u00e7adas do revestimento de Poliuretano Termopl\u00e1stico (TPU), este tecido oferece durabilidade excepcional, <a href=\"https:\/\/www.sikortex.com\/pt\/repelente-de-agua-resistente-a-prova-dagua\/\"><span style=\"color: #3366ff;\">impermeabiliza\u00e7\u00e3o<\/span><\/a>, e op\u00e7\u00f5es de personaliza\u00e7\u00e3o. Se voc\u00ea precisa dele para equipamentos para atividades ao ar livre, <a href=\"https:\/\/www.sikortex.com\/pt\/roupa-de-trabalho-para-transporte-e\/\"><span style=\"color: #3366ff;\">capas industriais<\/span><\/a>, ou bolsas para servi\u00e7os pesados, este tecido oferece desempenho e confiabilidade superiores.<\/p>\n<hr \/>\n<h3><strong>Principais caracter\u00edsticas<\/strong><\/h3>\n<ol start=\"1\">\n<li><strong>Durabilidade inigual\u00e1vel<\/strong>:<br \/>\nA base de poli\u00e9ster 1680D oferece resist\u00eancia excepcional e resist\u00eancia \u00e0 abras\u00e3o, tornando-a ideal para uso pesado.<\/li>\n<li><strong><a href=\"https:\/\/www.sikortex.com\/pt\/repelente-de-agua-resistente-a-prova-dagua\/\"><span style=\"color: #3366ff;\">\u00c0 prova d&#039;\u00e1gua<\/span><\/a> e resistente \u00e0s intemp\u00e9ries<\/strong>:<br \/>\nO revestimento TPU garante total <a href=\"https:\/\/www.sikortex.com\/pt\/repelente-de-agua-resistente-a-prova-dagua\/\"><span style=\"color: #3366ff;\">impermeabiliza\u00e7\u00e3o<\/span><\/a>, protegendo seus produtos da chuva, umidade e condi\u00e7\u00f5es clim\u00e1ticas adversas.<\/li>\n<li><strong>Op\u00e7\u00f5es personaliz\u00e1veis<\/strong>:<br \/>\nOferecemos suporte a uma ampla variedade de personaliza\u00e7\u00f5es, incluindo\u00a0<strong>revestimento TPU transparente<\/strong>,\u00a0<strong>revestimento TPU fosco<\/strong>, e\u00a0<strong>revestimento TPU tingido<\/strong>\u00a0em v\u00e1rias cores.<\/li>\n<li><strong>Material ecol\u00f3gico<\/strong>:<br \/>\nO TPU \u00e9 livre de produtos qu\u00edmicos nocivos, como ftalatos e cloro, o que o torna mais seguro e <a href=\"https:\/\/www.sikortex.com\/pt\/criando-moda-ecologica\/\"><span style=\"color: #3366ff;\">sustent\u00e1vel<\/span><\/a> op\u00e7\u00e3o.<\/li>\n<li><a href=\"\/pt\/tecido-tingido-em-solucao\/\"><span style=\"color: #3366ff;\"><strong>Resist\u00eancia UV<\/strong><\/span><\/a>:<br \/>\nProjetado para suportar exposi\u00e7\u00e3o prolongada \u00e0 luz solar, este tecido \u00e9 perfeito para aplica\u00e7\u00f5es externas.<\/li>\n<\/ol>\n<hr \/>\n<h3><strong>Aplica\u00e7\u00f5es<\/strong><\/h3>\n<p>Nosso\u00a0<strong>Tecido revestido de TPU de poli\u00e9ster 1680D<\/strong>\u00a0\u00e9 vers\u00e1til e adequado para:<\/p>\n<ul>\n<li><strong>Equipamento para atividades ao ar livre<\/strong>: <a href=\"https:\/\/www.sikortex.com\/pt\/fabricantes-de-tecidos-para-tendas\/\"><span style=\"color: #3366ff;\">Tendas<\/span><\/a>, mochilas e lonas.<\/li>\n<li><a href=\"https:\/\/www.sikortex.com\/pt\/roupa-de-trabalho-para-transporte-e\/\"><span style=\"color: #3366ff;\"><strong>Coberturas Industriais<\/strong><\/span><\/a>: Capas protetoras para m\u00e1quinas e ve\u00edculos.<\/li>\n<li><strong>Sacos para servi\u00e7os pesados<\/strong>: Bagagem, bolsas de ferramentas e equipamentos t\u00e1ticos.<\/li>\n<li><strong>Equipamentos Mar\u00edtimos<\/strong>: Capas para barcos e estofados mar\u00edtimos.<\/li>\n<\/ul>\n<hr \/>\n<h3><strong>Por que nos escolher?<\/strong><\/h3>\n<ol start=\"1\">\n<li><strong>Fabrica\u00e7\u00e3o Avan\u00e7ada<\/strong>:<br \/>\nSomos especializados em tecnologia de revestimento TPU, garantindo resultados consistentes e de alta qualidade.<\/li>\n<li><strong>Personaliza\u00e7\u00e3o<\/strong>:<br \/>\nDe revestimentos transparentes a foscos ou tingidos, adaptamos nossos tecidos para atender \u00e0s suas necessidades espec\u00edficas.<\/li>\n<li><strong>Ecol\u00f3gico<\/strong>:<br \/>\nNossos revestimentos TPU s\u00e3o <a href=\"https:\/\/www.sikortex.com\/pt\/criando-moda-ecologica\/\"><span style=\"color: #3366ff;\">recicl\u00e1vel<\/span><\/a> e livre de produtos qu\u00edmicos t\u00f3xicos.<\/li>\n<li><strong>Qualidade confi\u00e1vel<\/strong>:<br \/>\nFabricado de acordo com os mais altos padr\u00f5es, nosso tecido garante desempenho duradouro.<\/li>\n<\/ol>\n<hr \/>\n<p>Se voc\u00ea est\u00e1 procurando um tecido dur\u00e1vel, \u00e0 prova d&#039;\u00e1gua e ecol\u00f3gico, nosso **Tecido Revestido de TPU de Poli\u00e9ster 1680D** \u00e9 a solu\u00e7\u00e3o ideal. Perfeito para aplica\u00e7\u00f5es externas, industriais e de servi\u00e7o pesado, este tecido combina resist\u00eancia, flexibilidade e sustentabilidade em um material premium.<\/p>\n<p>Entre em contato conosco hoje para solicitar amostras ou fazer um pedido. Vamos criar produtos de alta qualidade juntos!<\/p>\n<p>&nbsp;<\/p>","protected":false},"excerpt":{"rendered":"<p>600 metros (Pedido m\u00edn.)<\/p>","protected":false},"featured_media":8001,"comment_status":"closed","ping_status":"closed","template":"","meta":{"_uag_custom_page_level_css":"","site-sidebar-layout":"default","site-content-layout":"default","ast-site-content-layout":"default","site-content-style":"default","site-sidebar-style":"default","ast-global-header-display":"","ast-banner-title-visibility":"","ast-main-header-display":"","ast-hfb-above-header-display":"","ast-hfb-below-header-display":"","ast-hfb-mobile-header-display":"","site-post-title":"","ast-breadcrumbs-content":"","ast-featured-img":"","footer-sml-layout":"","theme-transparent-header-meta":"default","adv-header-id-meta":"","stick-header-meta":"default","header-above-stick-meta":"","header-main-stick-meta":"","header-below-stick-meta":"","astra-migrate-meta-layouts":"set","ast-page-background-enabled":"default","ast-page-background-meta":{"desktop":{"background-color":"","background-image":"","background-repeat":"repeat","background-position":"center center","background-size":"auto","background-attachment":"scroll","background-type":"","background-media":"","overlay-type":"","overlay-color":"","overlay-opacity":"","overlay-gradient":""},"tablet":{"background-color":"","background-image":"","background-repeat":"repeat","background-position":"center center","background-size":"auto","background-attachment":"scroll","background-type":"","background-media":"","overlay-type":"","overlay-color":"","overlay-opacity":"","overlay-gradient":""},"mobile":{"background-color":"","background-image":"","background-repeat":"repeat","background-position":"center center","background-size":"auto","background-attachment":"scroll","background-type":"","background-media":"","overlay-type":"","overlay-color":"","overlay-opacity":"","overlay-gradient":""}},"ast-content-background-meta":{"desktop":{"background-color":"var(--ast-global-color-5)","background-image":"","background-repeat":"repeat","background-position":"center center","background-size":"auto","background-attachment":"scroll","background-type":"","background-media":"","overlay-type":"","overlay-color":"","overlay-opacity":"","overlay-gradient":""},"tablet":{"background-color":"var(--ast-global-color-5)","background-image":"","background-repeat":"repeat","background-position":"center center","background-size":"auto","background-attachment":"scroll","background-type":"","background-media":"","overlay-type":"","overlay-color":"","overlay-opacity":"","overlay-gradient":""},"mobile":{"background-color":"var(--ast-global-color-5)","background-image":"","background-repeat":"repeat","background-position":"center center","background-size":"auto","background-attachment":"scroll","background-type":"","background-media":"","overlay-type":"","overlay-color":"","overlay-opacity":"","overlay-gradient":""}}},"product_brand":[],"product_cat":[1206,432,1184,403,433,414],"product_tag":[],"class_list":{"0":"post-8000","1":"product","2":"type-product","3":"status-publish","4":"has-post-thumbnail","6":"product_cat-fabric-for-bag","7":"product_cat-fabric-for-tent","8":"product_cat-oxford-fabric","9":"product_cat-polyester-fabrics","10":"product_cat-textile-for-industrial","11":"product_cat-waterproof-fabrics","12":"pa_available_colors-h-black","13":"desktop-align-left","14":"tablet-align-left","15":"mobile-align-left","16":"ast-product-gallery-layout-vertical-slider","17":"ast-product-tabs-layout-horizontal","19":"first","20":"instock","21":"shipping-taxable","22":"product-type-simple"},"uagb_featured_image_src":{"full":["https:\/\/www.sikortex.com\/wp-content\/uploads\/2025\/03\/Polyester-TPU-coated-fabric.jpg",800,800,false],"thumbnail":["https:\/\/www.sikortex.com\/wp-content\/uploads\/2025\/03\/Polyester-TPU-coated-fabric-150x150.jpg",150,150,true],"medium":["https:\/\/www.sikortex.com\/wp-content\/uploads\/2025\/03\/Polyester-TPU-coated-fabric-300x300.jpg",300,300,true],"medium_large":["https:\/\/www.sikortex.com\/wp-content\/uploads\/2025\/03\/Polyester-TPU-coated-fabric-768x768.jpg",768,768,true],"large":["https:\/\/www.sikortex.com\/wp-content\/uploads\/2025\/03\/Polyester-TPU-coated-fabric.jpg",800,800,false],"1536x1536":["https:\/\/www.sikortex.com\/wp-content\/uploads\/2025\/03\/Polyester-TPU-coated-fabric.jpg",800,800,false],"2048x2048":["https:\/\/www.sikortex.com\/wp-content\/uploads\/2025\/03\/Polyester-TPU-coated-fabric.jpg",800,800,false],"trp-custom-language-flag":["https:\/\/www.sikortex.com\/wp-content\/uploads\/2025\/03\/Polyester-TPU-coated-fabric-12x12.jpg",12,12,true],"woocommerce_thumbnail":["https:\/\/www.sikortex.com\/wp-content\/uploads\/2025\/03\/Polyester-TPU-coated-fabric-300x300.jpg",300,300,true],"woocommerce_single":["https:\/\/www.sikortex.com\/wp-content\/uploads\/2025\/03\/Polyester-TPU-coated-fabric-600x600.jpg",600,600,true],"woocommerce_gallery_thumbnail":["https:\/\/www.sikortex.com\/wp-content\/uploads\/2025\/03\/Polyester-TPU-coated-fabric-100x100.jpg",100,100,true]},"uagb_author_info":{"display_name":"Perry","author_link":"https:\/\/www.sikortex.com\/pt\/author\/"},"uagb_comment_info":0,"uagb_excerpt":"600 Meters(Min.Order)","_links":{"self":[{"href":"https:\/\/www.sikortex.com\/pt\/wp-json\/wp\/v2\/product\/8000","targetHints":{"allow":["GET"]}}],"collection":[{"href":"https:\/\/www.sikortex.com\/pt\/wp-json\/wp\/v2\/product"}],"about":[{"href":"https:\/\/www.sikortex.com\/pt\/wp-json\/wp\/v2\/types\/product"}],"replies":[{"embeddable":true,"href":"https:\/\/www.sikortex.com\/pt\/wp-json\/wp\/v2\/comments?post=8000"}],"wp:featuredmedia":[{"embeddable":true,"href":"https:\/\/www.sikortex.com\/pt\/wp-json\/wp\/v2\/media\/8001"}],"wp:attachment":[{"href":"https:\/\/www.sikortex.com\/pt\/wp-json\/wp\/v2\/media?parent=8000"}],"wp:term":[{"taxonomy":"product_brand","embeddable":true,"href":"https:\/\/www.sikortex.com\/pt\/wp-json\/wp\/v2\/product_brand?post=8000"},{"taxonomy":"product_cat","embeddable":true,"href":"https:\/\/www.sikortex.com\/pt\/wp-json\/wp\/v2\/product_cat?post=8000"},{"taxonomy":"product_tag","embeddable":true,"href":"https:\/\/www.sikortex.com\/pt\/wp-json\/wp\/v2\/product_tag?post=8000"}],"curies":[{"name":"wp","href":"https:\/\/api.w.org\/{rel}","templated":true}]}}