{"id":7833,"date":"2025-01-13T11:12:52","date_gmt":"2025-01-13T03:12:52","guid":{"rendered":"https:\/\/www.sikortex.com\/?post_type=product&#038;p=7833"},"modified":"2025-08-18T14:03:29","modified_gmt":"2025-08-18T06:03:29","slug":"tecido-impermeavel-para-exterior-em-poliester-600d","status":"publish","type":"product","link":"https:\/\/www.sikortex.com\/pt\/produtos\/tecido-impermeavel-para-exterior-em-poliester-600d\/","title":{"rendered":"Tecido imperme\u00e1vel externo de poli\u00e9ster 600D para m\u00f3veis"},"content":{"rendered":"<h1 class=\"header-vfC6AV auto-hide-last-sibling-br\">Tecido imperme\u00e1vel para \u00e1reas externas de poli\u00e9ster 600D: uma escolha pr\u00e1tica para m\u00f3veis de \u00e1rea externa<\/h1>\n<p>&nbsp;<\/p>\n<div class=\"auto-hide-last-sibling-br paragraph-JOTKXA paragraph-element br-paragraph-space\">\n<div class=\"auto-hide-last-sibling-br paragraph-JOTKXA paragraph-element br-paragraph-space\">Ao mobiliar seus espa\u00e7os externos, escolher o material certo \u00e9 crucial e <a href=\"https:\/\/www.sikortex.com\/pt\/tecidos-de-poliester\/\"><span style=\"color: #3366ff;\">poli\u00e9ster<\/span><\/a> 600D ao ar livre <a href=\"https:\/\/www.sikortex.com\/pt\/repelente-de-agua-resistente-a-prova-dagua\/\"><span style=\"color: #3366ff;\">\u00e0 prova d'\u00e1gua<\/span><\/a> surge como a op\u00e7\u00e3o mais adequada. Este tecido \u00e9 uma mistura de praticidade e resili\u00eancia, projetado para suportar os elementos externos severos.<\/div>\n<p>&nbsp;<\/p>\n<div class=\"auto-hide-last-sibling-br paragraph-JOTKXA paragraph-element br-paragraph-space\"><a href=\"https:\/\/www.sikortex.com\/pt\/tecidos-de-poliester\/\">Poli\u00e9ster<\/a> 600D ao ar livre <a href=\"https:\/\/www.sikortex.com\/pt\/repelente-de-agua-resistente-a-prova-dagua\/\"><span style=\"color: #3366ff;\">\u00e0 prova d'\u00e1gua<\/span><\/a> tecido oferece durabilidade not\u00e1vel. A contagem de denier 600D indica a espessura de suas fibras, contribuindo para sua resist\u00eancia. Ele pode suportar o uso regular em ambientes externos, desde os arranh\u00f5es de cadeiras de p\u00e1tio sendo movidas at\u00e9 a exposi\u00e7\u00e3o constante ao vento e \u00e0 chuva. <a href=\"https:\/\/www.sikortex.com\/pt\/repelente-de-agua-resistente-a-prova-dagua\/\"><span style=\"color: #3366ff;\">\u00e0 prova d'\u00e1gua<\/span><\/a> O recurso garante que a umidade n\u00e3o penetre, protegendo o interior do m\u00f3vel e evitando problemas como mofo e apodrecimento.<\/div>\n<p>&nbsp;<\/p>\n<div class=\"auto-hide-last-sibling-br paragraph-JOTKXA paragraph-element br-paragraph-space\">Este tecido \u00e9 <a href=\"https:\/\/www.sikortex.com\/pt\/repelente-de-agua-resistente-a-prova-dagua\/\"><span style=\"color: #3366ff;\">\u00e0 prova d'\u00e1gua<\/span><\/a> qualidade \u00e9 um divisor de \u00e1guas para m\u00f3veis de exterior. Seja uma chuva repentina de ver\u00e3o ou o orvalho da manh\u00e3, poli\u00e9ster 600D para exterior <a href=\"https:\/\/www.sikortex.com\/pt\/repelente-de-agua-resistente-a-prova-dagua\/\"><span style=\"color: #3366ff;\">\u00e0 prova d'\u00e1gua<\/span><\/a> tecido repele \u00e1gua efetivamente. Isso n\u00e3o s\u00f3 aumenta a vida \u00fatil do m\u00f3vel, mas tamb\u00e9m o mant\u00e9m com apar\u00eancia nova e utiliz\u00e1vel. \u00c9 uma escolha confi\u00e1vel para qualquer m\u00f3vel de \u00e1rea externa, seja um banco de jardim aconchegante ou um grande conjunto de jantar de p\u00e1tio.<\/div>\n<p>&nbsp;<\/p>\n<div class=\"auto-hide-last-sibling-br paragraph-JOTKXA paragraph-element br-paragraph-space\">A resist\u00eancia aos raios UV \u00e9 outro benef\u00edcio fundamental desta prote\u00e7\u00e3o para ambientes externos. <a href=\"https:\/\/www.sikortex.com\/pt\/repelente-de-agua-resistente-a-prova-dagua\/\"><span style=\"color: #3366ff;\">\u00e0 prova d'\u00e1gua<\/span><\/a> tecido. A luz solar pode desbotar e danificar os tecidos ao longo do tempo, mas o poli\u00e9ster 600D se mant\u00e9m bem. Ele mant\u00e9m sua cor e integridade estrutural, mesmo ap\u00f3s longas horas de exposi\u00e7\u00e3o ao sol. Isso significa que seus m\u00f3veis de exterior manter\u00e3o seu apelo est\u00e9tico, tornando o poli\u00e9ster 600D para exterior <a href=\"https:\/\/www.sikortex.com\/pt\/repelente-de-agua-resistente-a-prova-dagua\/\"><span style=\"color: #3366ff;\">\u00e0 prova d'\u00e1gua<\/span><\/a> tecido a melhor escolha para criar uma \u00e1rea de estar ao ar livre bonita e duradoura.<\/div>\n<\/div>","protected":false},"excerpt":{"rendered":"<p>1200 metros (pedido m\u00ednimo)<\/p>","protected":false},"featured_media":7731,"comment_status":"closed","ping_status":"closed","template":"","meta":{"_uag_custom_page_level_css":"","site-sidebar-layout":"default","site-content-layout":"default","ast-site-content-layout":"","site-content-style":"default","site-sidebar-style":"default","ast-global-header-display":"","ast-banner-title-visibility":"","ast-main-header-display":"","ast-hfb-above-header-display":"","ast-hfb-below-header-display":"","ast-hfb-mobile-header-display":"","site-post-title":"","ast-breadcrumbs-content":"","ast-featured-img":"","footer-sml-layout":"","theme-transparent-header-meta":"default","adv-header-id-meta":"","stick-header-meta":"default","header-above-stick-meta":"","header-main-stick-meta":"","header-below-stick-meta":"","astra-migrate-meta-layouts":"default","ast-page-background-enabled":"default","ast-page-background-meta":{"desktop":{"background-color":"","background-image":"","background-repeat":"repeat","background-position":"center center","background-size":"auto","background-attachment":"scroll","background-type":"","background-media":"","overlay-type":"","overlay-color":"","overlay-opacity":"","overlay-gradient":""},"tablet":{"background-color":"","background-image":"","background-repeat":"repeat","background-position":"center center","background-size":"auto","background-attachment":"scroll","background-type":"","background-media":"","overlay-type":"","overlay-color":"","overlay-opacity":"","overlay-gradient":""},"mobile":{"background-color":"","background-image":"","background-repeat":"repeat","background-position":"center center","background-size":"auto","background-attachment":"scroll","background-type":"","background-media":"","overlay-type":"","overlay-color":"","overlay-opacity":"","overlay-gradient":""}},"ast-content-background-meta":{"desktop":{"background-color":"var(--ast-global-color-5)","background-image":"","background-repeat":"repeat","background-position":"center center","background-size":"auto","background-attachment":"scroll","background-type":"","background-media":"","overlay-type":"","overlay-color":"","overlay-opacity":"","overlay-gradient":""},"tablet":{"background-color":"var(--ast-global-color-5)","background-image":"","background-repeat":"repeat","background-position":"center center","background-size":"auto","background-attachment":"scroll","background-type":"","background-media":"","overlay-type":"","overlay-color":"","overlay-opacity":"","overlay-gradient":""},"mobile":{"background-color":"var(--ast-global-color-5)","background-image":"","background-repeat":"repeat","background-position":"center center","background-size":"auto","background-attachment":"scroll","background-type":"","background-media":"","overlay-type":"","overlay-color":"","overlay-opacity":"","overlay-gradient":""}}},"product_brand":[],"product_cat":[1126,1206,432,1218,1185,433,1697,414],"product_tag":[],"class_list":{"0":"post-7833","1":"product","2":"type-product","3":"status-publish","4":"has-post-thumbnail","6":"product_cat-fabric-for-awning","7":"product_cat-fabric-for-bag","8":"product_cat-fabric-for-tent","9":"product_cat-marine-fabrics","10":"product_cat-solution-dyed-polyester-fabrics","11":"product_cat-textile-for-industrial","12":"product_cat-uv-protection-fabric","13":"product_cat-waterproof-fabrics","14":"pa_available_colors-911052-spc","15":"desktop-align-left","16":"tablet-align-left","17":"mobile-align-left","18":"ast-product-gallery-layout-vertical-slider","19":"ast-product-tabs-layout-horizontal","21":"first","22":"instock","23":"shipping-taxable","24":"product-type-simple"},"uagb_featured_image_src":{"full":["https:\/\/www.sikortex.com\/wp-content\/uploads\/2025\/01\/300D-Oxford-fabric.jpg",800,800,false],"thumbnail":["https:\/\/www.sikortex.com\/wp-content\/uploads\/2025\/01\/300D-Oxford-fabric-150x150.jpg",150,150,true],"medium":["https:\/\/www.sikortex.com\/wp-content\/uploads\/2025\/01\/300D-Oxford-fabric-300x300.jpg",300,300,true],"medium_large":["https:\/\/www.sikortex.com\/wp-content\/uploads\/2025\/01\/300D-Oxford-fabric-768x768.jpg",768,768,true],"large":["https:\/\/www.sikortex.com\/wp-content\/uploads\/2025\/01\/300D-Oxford-fabric.jpg",800,800,false],"1536x1536":["https:\/\/www.sikortex.com\/wp-content\/uploads\/2025\/01\/300D-Oxford-fabric.jpg",800,800,false],"2048x2048":["https:\/\/www.sikortex.com\/wp-content\/uploads\/2025\/01\/300D-Oxford-fabric.jpg",800,800,false],"trp-custom-language-flag":["https:\/\/www.sikortex.com\/wp-content\/uploads\/2025\/01\/300D-Oxford-fabric-12x12.jpg",12,12,true],"woocommerce_thumbnail":["https:\/\/www.sikortex.com\/wp-content\/uploads\/2025\/01\/300D-Oxford-fabric-300x300.jpg",300,300,true],"woocommerce_single":["https:\/\/www.sikortex.com\/wp-content\/uploads\/2025\/01\/300D-Oxford-fabric-600x600.jpg",600,600,true],"woocommerce_gallery_thumbnail":["https:\/\/www.sikortex.com\/wp-content\/uploads\/2025\/01\/300D-Oxford-fabric-100x100.jpg",100,100,true]},"uagb_author_info":{"display_name":"Perry","author_link":"https:\/\/www.sikortex.com\/pt\/author\/"},"uagb_comment_info":0,"uagb_excerpt":"1200 Meters(Min.Order)","_links":{"self":[{"href":"https:\/\/www.sikortex.com\/pt\/wp-json\/wp\/v2\/product\/7833","targetHints":{"allow":["GET"]}}],"collection":[{"href":"https:\/\/www.sikortex.com\/pt\/wp-json\/wp\/v2\/product"}],"about":[{"href":"https:\/\/www.sikortex.com\/pt\/wp-json\/wp\/v2\/types\/product"}],"replies":[{"embeddable":true,"href":"https:\/\/www.sikortex.com\/pt\/wp-json\/wp\/v2\/comments?post=7833"}],"wp:featuredmedia":[{"embeddable":true,"href":"https:\/\/www.sikortex.com\/pt\/wp-json\/wp\/v2\/media\/7731"}],"wp:attachment":[{"href":"https:\/\/www.sikortex.com\/pt\/wp-json\/wp\/v2\/media?parent=7833"}],"wp:term":[{"taxonomy":"product_brand","embeddable":true,"href":"https:\/\/www.sikortex.com\/pt\/wp-json\/wp\/v2\/product_brand?post=7833"},{"taxonomy":"product_cat","embeddable":true,"href":"https:\/\/www.sikortex.com\/pt\/wp-json\/wp\/v2\/product_cat?post=7833"},{"taxonomy":"product_tag","embeddable":true,"href":"https:\/\/www.sikortex.com\/pt\/wp-json\/wp\/v2\/product_tag?post=7833"}],"curies":[{"name":"wp","href":"https:\/\/api.w.org\/{rel}","templated":true}]}}