{"id":7729,"date":"2025-01-07T13:22:42","date_gmt":"2025-01-07T05:22:42","guid":{"rendered":"https:\/\/www.sikortex.com\/?post_type=product&#038;p=7729"},"modified":"2025-01-09T12:22:03","modified_gmt":"2025-01-09T04:22:03","slug":"tecido-de-revestimento-de-poliester-pu-300d-para-duto-de-ar","status":"publish","type":"product","link":"https:\/\/www.sikortex.com\/pt\/produtos\/tecido-de-revestimento-de-poliester-pu-300d-para-duto-de-ar\/","title":{"rendered":"Tecido de revestimento de poli\u00e9ster PU 300D para duto de ar NFPA 701"},"content":{"rendered":"<div class=\"auto-hide-last-sibling-br paragraph-JOTKXA paragraph-element br-paragraph-space\">Nos setores industrial e comercial, a sele\u00e7\u00e3o do tecido para dutos de ar \u00e9 crucial para o desempenho e a seguran\u00e7a do sistema. <a href=\"https:\/\/www.sikortex.com\/pt\/tecidos-de-poliester\/\"><span style=\"color: #3366ff;\">poli\u00e9ster<\/span><\/a> 300D <span style=\"color: #3366ff;\">O<a style=\"color: #3366ff;\" href=\"https:\/\/www.sikortex.com\/pt\/tecido-nylon-algodao-tecido-corta-vento-ripstop-5\/\">xford<\/a><\/span> tecido, ap\u00f3s ser tratado com poliuretano <a href=\"https:\/\/www.sikortex.com\/pt\/2025\/01\/03\/fabricantes-de-tecidos-revestidos\/\"><span style=\"color: #3366ff;\">revestimento<\/span><\/a>, torna-se um material ideal para dutos de ar, destacando-se especialmente no atendimento ao padr\u00e3o NFPA 701.<\/div>\n<h4><\/h4>\n<div class=\"auto-hide-last-sibling-br paragraph-JOTKXA paragraph-element br-paragraph-space\">O 300D <span style=\"color: #3366ff;\"><a style=\"color: #3366ff;\" href=\"https:\/\/www.sikortex.com\/pt\/tecidos-de-poliester\/\">Poli\u00e9ster<\/a><\/span> Pu <a href=\"https:\/\/www.sikortex.com\/pt\/2025\/01\/03\/fabricantes-de-tecidos-revestidos\/\"><span style=\"color: #3366ff;\">Revestimento<\/span><\/a> O tecido em si oferece excelente resist\u00eancia \u00e0 abras\u00e3o e \u00e0 tra\u00e7\u00e3o. Com uma contagem de fibras de 300D, o tecido \u00e9 leve, por\u00e9m resistente. Durante a opera\u00e7\u00e3o di\u00e1ria de dutos de ar, ele resiste ao atrito e \u00e0 tra\u00e7\u00e3o, e n\u00e3o \u00e9 facilmente danificado por for\u00e7as externas.<\/div>\n<h4><\/h4>\n<div class=\"auto-hide-last-sibling-br paragraph-JOTKXA paragraph-element br-paragraph-space\">O revestimento de poliuretano aprimora ainda mais seu desempenho. Ele n\u00e3o s\u00f3 proporciona excelente impermeabiliza\u00e7\u00e3o, bloqueando eficazmente a entrada de umidade externa nos dutos e mantendo o ar interno seco, como tamb\u00e9m melhora a estanqueidade, reduzindo vazamentos de ar, aumentando a efici\u00eancia do transporte e reduzindo o consumo de energia.<\/div>\n<h4><\/h4>\n<div class=\"auto-hide-last-sibling-br paragraph-JOTKXA paragraph-element br-paragraph-space\">Vale ressaltar que este tecido possui excelente <a href=\"https:\/\/www.sikortex.com\/pt\/fabricante-de-tecido-retardante-de-chamas\/\">retardante de chamas<\/a> propriedades. A combina\u00e7\u00e3o do revestimento de poliuretano e do poli\u00e9ster 300D <span style=\"color: #3366ff;\"><a style=\"color: #3366ff;\" href=\"https:\/\/www.sikortex.com\/pt\/tecido-nylon-algodao-tecido-corta-vento-ripstop-5\/\">Oxford<\/a><\/span> o tecido permite que o material atenda rigorosamente \u00e0s<span style=\"color: #3366ff;\"><a style=\"color: #3366ff;\" href=\"https:\/\/www.sikortex.com\/pt\/fabricante-de-tecido-retardante-de-chamas\/\"> resist\u00eancia ao fogo<\/a><\/span> requisitos da norma NFPA 701. Esta norma possui requisitos rigorosos para o desempenho de resist\u00eancia ao fogo de materiais usados em cortinas, persianas e aplica\u00e7\u00f5es similares. O Tecido para Dutos de Ar pode reduzir eficazmente os riscos de inc\u00eandio e fornecer prote\u00e7\u00e3o de seguran\u00e7a confi\u00e1vel para o ambiente onde os dutos de ar s\u00e3o utilizados. Seja em edif\u00edcios comerciais, plantas industriais ou instala\u00e7\u00f5es p\u00fablicas, os dutos de ar feitos deste <a href=\"https:\/\/www.sikortex.com\/pt\/fabricante-de-tecido-retardante-de-chamas\/\"><span style=\"color: #3366ff;\">retardante de chamas<\/span><\/a> o tecido pode operar de forma est\u00e1vel, tornando-se a melhor escolha que equilibra desempenho e seguran\u00e7a.<\/div>","protected":false},"excerpt":{"rendered":"<p>2.000 metros (pedido m\u00ednimo)<\/p>","protected":false},"featured_media":7732,"comment_status":"closed","ping_status":"closed","template":"","meta":{"_uag_custom_page_level_css":"","site-sidebar-layout":"default","site-content-layout":"default","ast-site-content-layout":"","site-content-style":"default","site-sidebar-style":"default","ast-global-header-display":"","ast-banner-title-visibility":"","ast-main-header-display":"","ast-hfb-above-header-display":"","ast-hfb-below-header-display":"","ast-hfb-mobile-header-display":"","site-post-title":"","ast-breadcrumbs-content":"","ast-featured-img":"","footer-sml-layout":"","theme-transparent-header-meta":"default","adv-header-id-meta":"","stick-header-meta":"default","header-above-stick-meta":"","header-main-stick-meta":"","header-below-stick-meta":"","astra-migrate-meta-layouts":"default","ast-page-background-enabled":"default","ast-page-background-meta":{"desktop":{"background-color":"","background-image":"","background-repeat":"repeat","background-position":"center center","background-size":"auto","background-attachment":"scroll","background-type":"","background-media":"","overlay-type":"","overlay-color":"","overlay-opacity":"","overlay-gradient":""},"tablet":{"background-color":"","background-image":"","background-repeat":"repeat","background-position":"center center","background-size":"auto","background-attachment":"scroll","background-type":"","background-media":"","overlay-type":"","overlay-color":"","overlay-opacity":"","overlay-gradient":""},"mobile":{"background-color":"","background-image":"","background-repeat":"repeat","background-position":"center center","background-size":"auto","background-attachment":"scroll","background-type":"","background-media":"","overlay-type":"","overlay-color":"","overlay-opacity":"","overlay-gradient":""}},"ast-content-background-meta":{"desktop":{"background-color":"var(--ast-global-color-5)","background-image":"","background-repeat":"repeat","background-position":"center center","background-size":"auto","background-attachment":"scroll","background-type":"","background-media":"","overlay-type":"","overlay-color":"","overlay-opacity":"","overlay-gradient":""},"tablet":{"background-color":"var(--ast-global-color-5)","background-image":"","background-repeat":"repeat","background-position":"center center","background-size":"auto","background-attachment":"scroll","background-type":"","background-media":"","overlay-type":"","overlay-color":"","overlay-opacity":"","overlay-gradient":""},"mobile":{"background-color":"var(--ast-global-color-5)","background-image":"","background-repeat":"repeat","background-position":"center center","background-size":"auto","background-attachment":"scroll","background-type":"","background-media":"","overlay-type":"","overlay-color":"","overlay-opacity":"","overlay-gradient":""}}},"product_brand":[],"product_cat":[432,416,1184,403,433,414],"product_tag":[],"class_list":{"0":"post-7729","1":"product","2":"type-product","3":"status-publish","4":"has-post-thumbnail","6":"product_cat-fabric-for-tent","7":"product_cat-fire-retardant-fabrics","8":"product_cat-oxford-fabric","9":"product_cat-polyester-fabrics","10":"product_cat-textile-for-industrial","11":"product_cat-waterproof-fabrics","12":"desktop-align-left","13":"tablet-align-left","14":"mobile-align-left","15":"ast-product-gallery-layout-vertical-slider","16":"ast-product-tabs-layout-horizontal","18":"first","19":"instock","20":"shipping-taxable","21":"product-type-simple"},"uagb_featured_image_src":{"full":["https:\/\/www.sikortex.com\/wp-content\/uploads\/2025\/01\/300D-Oxford-PU.jpg",800,800,false],"thumbnail":["https:\/\/www.sikortex.com\/wp-content\/uploads\/2025\/01\/300D-Oxford-PU-150x150.jpg",150,150,true],"medium":["https:\/\/www.sikortex.com\/wp-content\/uploads\/2025\/01\/300D-Oxford-PU-300x300.jpg",300,300,true],"medium_large":["https:\/\/www.sikortex.com\/wp-content\/uploads\/2025\/01\/300D-Oxford-PU-768x768.jpg",768,768,true],"large":["https:\/\/www.sikortex.com\/wp-content\/uploads\/2025\/01\/300D-Oxford-PU.jpg",800,800,false],"1536x1536":["https:\/\/www.sikortex.com\/wp-content\/uploads\/2025\/01\/300D-Oxford-PU.jpg",800,800,false],"2048x2048":["https:\/\/www.sikortex.com\/wp-content\/uploads\/2025\/01\/300D-Oxford-PU.jpg",800,800,false],"trp-custom-language-flag":["https:\/\/www.sikortex.com\/wp-content\/uploads\/2025\/01\/300D-Oxford-PU-12x12.jpg",12,12,true],"woocommerce_thumbnail":["https:\/\/www.sikortex.com\/wp-content\/uploads\/2025\/01\/300D-Oxford-PU-300x300.jpg",300,300,true],"woocommerce_single":["https:\/\/www.sikortex.com\/wp-content\/uploads\/2025\/01\/300D-Oxford-PU-600x600.jpg",600,600,true],"woocommerce_gallery_thumbnail":["https:\/\/www.sikortex.com\/wp-content\/uploads\/2025\/01\/300D-Oxford-PU-100x100.jpg",100,100,true]},"uagb_author_info":{"display_name":"Perry","author_link":"https:\/\/www.sikortex.com\/pt\/author\/"},"uagb_comment_info":0,"uagb_excerpt":"2000 Meters(Min.Order)","_links":{"self":[{"href":"https:\/\/www.sikortex.com\/pt\/wp-json\/wp\/v2\/product\/7729","targetHints":{"allow":["GET"]}}],"collection":[{"href":"https:\/\/www.sikortex.com\/pt\/wp-json\/wp\/v2\/product"}],"about":[{"href":"https:\/\/www.sikortex.com\/pt\/wp-json\/wp\/v2\/types\/product"}],"replies":[{"embeddable":true,"href":"https:\/\/www.sikortex.com\/pt\/wp-json\/wp\/v2\/comments?post=7729"}],"wp:featuredmedia":[{"embeddable":true,"href":"https:\/\/www.sikortex.com\/pt\/wp-json\/wp\/v2\/media\/7732"}],"wp:attachment":[{"href":"https:\/\/www.sikortex.com\/pt\/wp-json\/wp\/v2\/media?parent=7729"}],"wp:term":[{"taxonomy":"product_brand","embeddable":true,"href":"https:\/\/www.sikortex.com\/pt\/wp-json\/wp\/v2\/product_brand?post=7729"},{"taxonomy":"product_cat","embeddable":true,"href":"https:\/\/www.sikortex.com\/pt\/wp-json\/wp\/v2\/product_cat?post=7729"},{"taxonomy":"product_tag","embeddable":true,"href":"https:\/\/www.sikortex.com\/pt\/wp-json\/wp\/v2\/product_tag?post=7729"}],"curies":[{"name":"wp","href":"https:\/\/api.w.org\/{rel}","templated":true}]}}