{"id":7634,"date":"2025-01-02T13:45:44","date_gmt":"2025-01-02T05:45:44","guid":{"rendered":"https:\/\/www.sikortex.com\/?post_type=product&#038;p=7634"},"modified":"2025-01-09T12:17:37","modified_gmt":"2025-01-09T04:17:37","slug":"tecido-retardante-de-chamas-de-poliester-nfpa-701","status":"publish","type":"product","link":"https:\/\/www.sikortex.com\/pt\/produtos\/tecido-retardante-de-chamas-de-poliester-nfpa-701\/","title":{"rendered":"Tecido retardante de chamas de poli\u00e9ster 600D NFPA 701"},"content":{"rendered":"<h4>Tecido retardante de chamas de poli\u00e9ster 600D NFPA 701<\/h4>\n<p>Em v\u00e1rios campos que exigem prote\u00e7\u00e3o contra inc\u00eandio, o poli\u00e9ster 600D <a href=\"https:\/\/www.sikortex.com\/pt\/fabricante-de-tecido-retardante-de-chamas\/\"><span style=\"color: #3366ff;\">retardante de chamas<\/span> <\/a>os tecidos s\u00e3o muito dur\u00e1veis e <a href=\"https:\/\/www.sikortex.com\/pt\/revista\/a-prova-dagua-e-repelente-de-agua\/\"><span style=\"color: #3366ff;\">imperme\u00e1vel,<\/span><\/a> especialmente produtos que atendem aos padr\u00f5es NFPA 701, que se tornaram uma escolha confi\u00e1vel para muitos setores.<\/p>\n<p>O poli\u00e9ster 600D inerente <a href=\"https:\/\/www.sikortex.com\/pt\/fabricante-de-tecido-retardante-de-chamas\/\"><span style=\"color: #3366ff;\">retardante de chamas<\/span><\/a> os tecidos que fornecemos t\u00eam <span style=\"color: #3366ff;\"><a style=\"color: #3366ff;\" href=\"https:\/\/www.sikortex.com\/pt\/fabricante-de-tecido-retardante-de-chamas\/\">retardante de chamas<\/a><\/span> propriedades integradas ao est\u00e1gio de produ\u00e7\u00e3o da fibra. As propriedades retardantes de chamas deste tecido n\u00e3o s\u00e3o devidas a adi\u00e7\u00f5es posteriores, mas \u00e0s propriedades da pr\u00f3pria fibra, o que a torna est\u00e1vel e confi\u00e1vel em uso e lavagem de longo prazo. \u00c9 como um guarda de seguran\u00e7a leal, sempre mantendo seu posto e fornecendo aos usu\u00e1rios prote\u00e7\u00e3o duradoura contra inc\u00eandio. Seja usado para fazer cortinas de palco ou equipamentos de prote\u00e7\u00e3o em ambientes de trabalho de alta temperatura, os tecidos retardantes de chamas inerentes podem efetivamente reduzir os riscos de inc\u00eandio e garantir a seguran\u00e7a do pessoal e da propriedade com seu desempenho est\u00e1vel.<\/p>\n<p>O <a href=\"https:\/\/www.sikortex.com\/pt\/tecidos-de-poliester\/\"><span style=\"color: #3366ff;\">poli\u00e9ster<\/span><\/a> 600D <span style=\"color: #3366ff;\"><a style=\"color: #3366ff;\" href=\"https:\/\/www.sikortex.com\/pt\/fabricante-de-tecido-retardante-de-chamas\/\">retardante de chamas<\/a><\/span> o tecido \u00e9 feito pela adi\u00e7\u00e3o de <span style=\"color: #3366ff;\"><a style=\"color: #3366ff;\" href=\"https:\/\/www.sikortex.com\/pt\/fabricante-de-tecido-retardante-de-chamas\/\">retardadores de chama<\/a><\/span> durante o processo de processamento do tecido para dar ao tecido boas propriedades retardantes de chamas. Este m\u00e9todo \u00e9 relativamente flex\u00edvel e o custo \u00e9 relativamente control\u00e1vel. O <a href=\"https:\/\/www.sikortex.com\/pt\/fabricante-de-tecido-retardante-de-chamas\/\"><span style=\"color: #3366ff;\">retardante de chamas<\/span><\/a> pode reagir rapidamente quando o tecido entra em contato com a fonte de fogo, inibindo a propaga\u00e7\u00e3o da chama e comprando um tempo precioso de fuga para as pessoas. \u00c9 amplamente utilizado em cortinas de hotel, m\u00f3veis para casa e outros campos, adicionando uma camada de prote\u00e7\u00e3o contra inc\u00eandio ao ambiente de vida di\u00e1ria.<\/p>\n<p>O poli\u00e9ster 600D <a href=\"https:\/\/www.sikortex.com\/pt\/fabricante-de-tecido-retardante-de-chamas\/\"><span style=\"color: #3366ff;\">retardante de chamas<\/span><\/a> tecido que atende ao padr\u00e3o NFPA 701 foi rigorosamente testado para garantir que ele possa atender aos rigorosos requisitos de prote\u00e7\u00e3o contra inc\u00eandio em v\u00e1rios cen\u00e1rios. O padr\u00e3o NFPA 701 simula uma variedade de cen\u00e1rios reais de inc\u00eandio e avalia com precis\u00e3o o <a href=\"https:\/\/www.sikortex.com\/pt\/fabricante-de-tecido-retardante-de-chamas\/\"><span style=\"color: #3366ff;\">retardante de chamas<\/span><\/a> propriedades dos materiais, velocidade de propaga\u00e7\u00e3o da chama e outros indicadores. Os dois tecidos que fornecemos, sejam inerentemente retardantes de chama ou com adi\u00e7\u00e3o <span style=\"color: #3366ff;\"><a style=\"color: #3366ff;\" href=\"https:\/\/www.sikortex.com\/pt\/fabricante-de-tecido-retardante-de-chamas\/\">retardante de chamas<\/a><\/span>s, podem passar com sucesso no teste padr\u00e3o e demonstrar excelentes capacidades de prote\u00e7\u00e3o contra inc\u00eandio.<br \/>\nSeja um campo profissional que busca estabilidade a longo prazo <a href=\"https:\/\/www.sikortex.com\/pt\/fabricante-de-tecido-retardante-de-chamas\/\"><span style=\"color: #3366ff;\">retardante de chamas<\/span><\/a> efeitos ou um cen\u00e1rio de aplica\u00e7\u00e3o di\u00e1ria que se concentra em custo e praticidade, nosso 600D p<a href=\"https:\/\/www.sikortex.com\/pt\/tecidos-de-poliester\/\"><span style=\"color: #3366ff;\">olyester<\/span><\/a> O tecido retardante de chamas pode fornecer uma escolha segura e de alta qualidade com seu desempenho confi\u00e1vel e qualidade que atende ao padr\u00e3o NFPA 701.<\/p>","protected":false},"excerpt":{"rendered":"<p>2.000 metros (pedido m\u00ednimo)<\/p>","protected":false},"featured_media":7635,"comment_status":"closed","ping_status":"closed","template":"","meta":{"_uag_custom_page_level_css":"","site-sidebar-layout":"default","site-content-layout":"default","ast-site-content-layout":"","site-content-style":"default","site-sidebar-style":"default","ast-global-header-display":"","ast-banner-title-visibility":"","ast-main-header-display":"","ast-hfb-above-header-display":"","ast-hfb-below-header-display":"","ast-hfb-mobile-header-display":"","site-post-title":"","ast-breadcrumbs-content":"","ast-featured-img":"","footer-sml-layout":"","theme-transparent-header-meta":"default","adv-header-id-meta":"","stick-header-meta":"default","header-above-stick-meta":"","header-main-stick-meta":"","header-below-stick-meta":"","astra-migrate-meta-layouts":"default","ast-page-background-enabled":"default","ast-page-background-meta":{"desktop":{"background-color":"","background-image":"","background-repeat":"repeat","background-position":"center center","background-size":"auto","background-attachment":"scroll","background-type":"","background-media":"","overlay-type":"","overlay-color":"","overlay-opacity":"","overlay-gradient":""},"tablet":{"background-color":"","background-image":"","background-repeat":"repeat","background-position":"center center","background-size":"auto","background-attachment":"scroll","background-type":"","background-media":"","overlay-type":"","overlay-color":"","overlay-opacity":"","overlay-gradient":""},"mobile":{"background-color":"","background-image":"","background-repeat":"repeat","background-position":"center center","background-size":"auto","background-attachment":"scroll","background-type":"","background-media":"","overlay-type":"","overlay-color":"","overlay-opacity":"","overlay-gradient":""}},"ast-content-background-meta":{"desktop":{"background-color":"var(--ast-global-color-5)","background-image":"","background-repeat":"repeat","background-position":"center center","background-size":"auto","background-attachment":"scroll","background-type":"","background-media":"","overlay-type":"","overlay-color":"","overlay-opacity":"","overlay-gradient":""},"tablet":{"background-color":"var(--ast-global-color-5)","background-image":"","background-repeat":"repeat","background-position":"center center","background-size":"auto","background-attachment":"scroll","background-type":"","background-media":"","overlay-type":"","overlay-color":"","overlay-opacity":"","overlay-gradient":""},"mobile":{"background-color":"var(--ast-global-color-5)","background-image":"","background-repeat":"repeat","background-position":"center center","background-size":"auto","background-attachment":"scroll","background-type":"","background-media":"","overlay-type":"","overlay-color":"","overlay-opacity":"","overlay-gradient":""}}},"product_brand":[],"product_cat":[432,416,1184,403,433,414],"product_tag":[],"class_list":{"0":"post-7634","1":"product","2":"type-product","3":"status-publish","4":"has-post-thumbnail","6":"product_cat-fabric-for-tent","7":"product_cat-fire-retardant-fabrics","8":"product_cat-oxford-fabric","9":"product_cat-polyester-fabrics","10":"product_cat-textile-for-industrial","11":"product_cat-waterproof-fabrics","12":"desktop-align-left","13":"tablet-align-left","14":"mobile-align-left","15":"ast-product-gallery-layout-vertical-slider","16":"ast-product-tabs-layout-horizontal","18":"first","19":"instock","20":"shipping-taxable","21":"product-type-simple"},"uagb_featured_image_src":{"full":["https:\/\/www.sikortex.com\/wp-content\/uploads\/2025\/01\/Flame-Retardant-Oxford-Fabric.jpg",800,747,false],"thumbnail":["https:\/\/www.sikortex.com\/wp-content\/uploads\/2025\/01\/Flame-Retardant-Oxford-Fabric-150x150.jpg",150,150,true],"medium":["https:\/\/www.sikortex.com\/wp-content\/uploads\/2025\/01\/Flame-Retardant-Oxford-Fabric-300x280.jpg",300,280,true],"medium_large":["https:\/\/www.sikortex.com\/wp-content\/uploads\/2025\/01\/Flame-Retardant-Oxford-Fabric-768x717.jpg",768,717,true],"large":["https:\/\/www.sikortex.com\/wp-content\/uploads\/2025\/01\/Flame-Retardant-Oxford-Fabric.jpg",800,747,false],"1536x1536":["https:\/\/www.sikortex.com\/wp-content\/uploads\/2025\/01\/Flame-Retardant-Oxford-Fabric.jpg",800,747,false],"2048x2048":["https:\/\/www.sikortex.com\/wp-content\/uploads\/2025\/01\/Flame-Retardant-Oxford-Fabric.jpg",800,747,false],"trp-custom-language-flag":["https:\/\/www.sikortex.com\/wp-content\/uploads\/2025\/01\/Flame-Retardant-Oxford-Fabric-13x12.jpg",13,12,true],"woocommerce_thumbnail":["https:\/\/www.sikortex.com\/wp-content\/uploads\/2025\/01\/Flame-Retardant-Oxford-Fabric-300x300.jpg",300,300,true],"woocommerce_single":["https:\/\/www.sikortex.com\/wp-content\/uploads\/2025\/01\/Flame-Retardant-Oxford-Fabric-600x560.jpg",600,560,true],"woocommerce_gallery_thumbnail":["https:\/\/www.sikortex.com\/wp-content\/uploads\/2025\/01\/Flame-Retardant-Oxford-Fabric-100x100.jpg",100,100,true]},"uagb_author_info":{"display_name":"Perry","author_link":"https:\/\/www.sikortex.com\/pt\/author\/"},"uagb_comment_info":0,"uagb_excerpt":"2000 Meters(Min.Order)","_links":{"self":[{"href":"https:\/\/www.sikortex.com\/pt\/wp-json\/wp\/v2\/product\/7634","targetHints":{"allow":["GET"]}}],"collection":[{"href":"https:\/\/www.sikortex.com\/pt\/wp-json\/wp\/v2\/product"}],"about":[{"href":"https:\/\/www.sikortex.com\/pt\/wp-json\/wp\/v2\/types\/product"}],"replies":[{"embeddable":true,"href":"https:\/\/www.sikortex.com\/pt\/wp-json\/wp\/v2\/comments?post=7634"}],"wp:featuredmedia":[{"embeddable":true,"href":"https:\/\/www.sikortex.com\/pt\/wp-json\/wp\/v2\/media\/7635"}],"wp:attachment":[{"href":"https:\/\/www.sikortex.com\/pt\/wp-json\/wp\/v2\/media?parent=7634"}],"wp:term":[{"taxonomy":"product_brand","embeddable":true,"href":"https:\/\/www.sikortex.com\/pt\/wp-json\/wp\/v2\/product_brand?post=7634"},{"taxonomy":"product_cat","embeddable":true,"href":"https:\/\/www.sikortex.com\/pt\/wp-json\/wp\/v2\/product_cat?post=7634"},{"taxonomy":"product_tag","embeddable":true,"href":"https:\/\/www.sikortex.com\/pt\/wp-json\/wp\/v2\/product_tag?post=7634"}],"curies":[{"name":"wp","href":"https:\/\/api.w.org\/{rel}","templated":true}]}}