{"id":7415,"date":"2024-12-23T15:14:44","date_gmt":"2024-12-23T07:14:44","guid":{"rendered":"https:\/\/www.sikortex.com\/?post_type=product&#038;p=7415"},"modified":"2025-03-17T15:14:51","modified_gmt":"2025-03-17T07:14:51","slug":"tecido-revestido-em-tpu-para-inflaveis","status":"publish","type":"product","link":"https:\/\/www.sikortex.com\/pt\/produtos\/tecido-revestido-em-tpu-para-inflaveis\/","title":{"rendered":"Tecido revestido de TPU 840D de nylon bal\u00edstico para infl\u00e1vel"},"content":{"rendered":"<h3 class=\"header-vfC6AV auto-hide-last-sibling-br\">Introdu\u00e7\u00e3o ao Nylon Bal\u00edstico 840D<\/h3>\n<p>&nbsp;<\/p>\n<p>SIKOR-TEX como fornecedor de material infl\u00e1vel. Bal\u00edstico <a href=\"https:\/\/www.sikortex.com\/pt\/fabricante-de-tecido-de-nylon\/\"><span style=\"color: #3366ff;\">Nylon<\/span><\/a> 840D \u00e9 um excelente material conhecido por sua excelente resist\u00eancia ao rasgo. Este tecido \u00e9 usado em uma ampla gama de aplica\u00e7\u00f5es, especialmente em produtos infl\u00e1veis ou \u00e0 prova d&#039;\u00e1gua. O Nylon Bal\u00edstico 840D \u00e9 ideal para fazer itens como mochilas, botes de mochila, bolsas secas e equipamentos de embalagem para bicicletas.<br \/>\nTamb\u00e9m oferecemos tecido Nylon 210D, 420D para produtos infl\u00e1veis. Como um material infl\u00e1vel, uma boa estanqueidade \u00e9 especialmente importante, e nosso TPU <a href=\"\/pt\/fabricantes-de-tecidos-revestidos\/\"><span style=\"color: #3366ff;\">revestimento<\/span><\/a> \u00e9 o melhor .<\/p>\n<h3 class=\"header-vfC6AV auto-hide-last-sibling-br\">Op\u00e7\u00f5es de revestimento de TPU<\/h3>\n<p>&nbsp;<\/p>\n<div class=\"auto-hide-last-sibling-br paragraph-JOTKXA paragraph-element br-paragraph-space\">Uma das principais caracter\u00edsticas do Ballistic Nylon 840D \u00e9 seu TPU <a href=\"\/pt\/fabricantes-de-tecidos-revestidos\/\"><span style=\"color: #3366ff;\">Tecido revestido<\/span><\/a>. O tecido est\u00e1 dispon\u00edvel com TPU unilateral <a href=\"\/pt\/fabricantes-de-tecidos-revestidos\/\"><span style=\"color: #3366ff;\">revestimento<\/span> <\/a>(acabamento fosco), que proporciona melhor <a href=\"https:\/\/www.sikortex.com\/pt\/repelente-de-agua-resistente-a-prova-dagua\/\"><span style=\"color: #3366ff;\">\u00e0 prova d'\u00e1gua<\/span><\/a> capacidades. A espessura do revestimento TPU no Nylon Bal\u00edstico 840D \u00e9 relativamente significativa, dotando-o de uma estrutura<\/div>\n<p><span style=\"font-size: 16px;\">barreira imperme\u00e1vel de n\u00edvel superior. Al\u00e9m disso, tamb\u00e9m pode ser produzido com um revestimento TPU de dupla face, melhorando ainda mais<\/span><\/p>\n<p>&nbsp;<\/p>\n<p><span style=\"font-size: 16px;\">aumentando seu desempenho \u00e0 prova d&#039;\u00e1gua e durabilidade.<\/span><\/p>\n<p style=\"font-size: 16px; font-style: normal; font-weight: 400;\"><span style=\"font-size: 1.5em; font-weight: bold;\">Compara\u00e7\u00e3o com o revestimento de PU<\/span><\/p>\n<p><img loading=\"lazy\" decoding=\"async\" class=\"wp-image-7599 alignright\" src=\"https:\/\/www.sikortex.com\/wp-content\/uploads\/2024\/12\/inflatable-fabric-e1735620650635-300x164.jpg\" alt=\"Tecido para insufl\u00e1vel\" width=\"542\" height=\"296\" title=\"\" srcset=\"https:\/\/www.sikortex.com\/wp-content\/uploads\/2024\/12\/inflatable-fabric-e1735620650635-300x164.jpg 300w, https:\/\/www.sikortex.com\/wp-content\/uploads\/2024\/12\/inflatable-fabric-e1735620650635-18x10.jpg 18w, https:\/\/www.sikortex.com\/wp-content\/uploads\/2024\/12\/inflatable-fabric-e1735620650635-600x328.jpg 600w, https:\/\/www.sikortex.com\/wp-content\/uploads\/2024\/12\/inflatable-fabric-e1735620650635.jpg 742w\" sizes=\"auto, (max-width: 542px) 100vw, 542px\" \/><\/p>\n<div class=\"auto-hide-last-sibling-br paragraph-JOTKXA paragraph-element br-paragraph-space\">Al\u00e9m do revestimento TPU, o Ballistic Nylon 840D tamb\u00e9m pode ser revestido com PU. No entanto, ao usar o revestimento PU, a espessura do tecido \u00e9 significativamente reduzida em compara\u00e7\u00e3o com o TPU-<a href=\"\/pt\/fabricantes-de-tecidos-revestidos\/\"><span style=\"color: #3366ff;\">revestido<\/span><\/a> vers\u00e3o. A escolha entre revestimento TPU e PU depende dos requisitos espec\u00edficos do produto final. Para aplica\u00e7\u00f5es onde a m\u00e1xima durabilidade e prote\u00e7\u00e3o espessa \u00e0 prova d&#039;\u00e1gua s\u00e3o cruciais, o revestimento TPU em Nylon Bal\u00edstico 840D \u00e9 frequentemente preferido.<\/div>\n<h3 class=\"header-vfC6AV auto-hide-last-sibling-br\">Durabilidade e aplica\u00e7\u00f5es<\/h3>\n<p>&nbsp;<\/p>\n<div class=\"auto-hide-last-sibling-br paragraph-JOTKXA paragraph-element br-paragraph-space\">A durabilidade do Ballistic <a href=\"https:\/\/www.sikortex.com\/pt\/fabricante-de-tecido-de-nylon\/\"><span style=\"color: #3366ff;\">Nylon<\/span><\/a> 840D o torna uma escolha ideal para equipamentos para atividades ao ar livre. Seja uma mochila que precisa suportar terrenos acidentados e cargas pesadas ou um packraft que precisa suportar os rigores das atividades aqu\u00e1ticas, a Ballistic <a href=\"https:\/\/www.sikortex.com\/pt\/fabricante-de-tecido-de-nylon\/\"><span style=\"color: #3366ff;\">Nylon<\/span><\/a> 840D prova seu valor. As propriedades de resist\u00eancia a rasgos deste tecido garantem que os produtos feitos com ele tenham uma longa vida \u00fatil.<\/div>\n<h3 class=\"header-vfC6AV auto-hide-last-sibling-br\">Desempenho \u00e0 prova d'\u00e1gua em produtos espec\u00edficos<\/h3>\n<p>&nbsp;<\/p>\n<div class=\"auto-hide-last-sibling-br paragraph-JOTKXA paragraph-element br-paragraph-space\">Para <a href=\"https:\/\/www.sikortex.com\/pt\/repelente-de-agua-resistente-a-prova-dagua\/\"><span style=\"color: #3366ff;\">\u00e0 prova d'\u00e1gua<\/span><\/a> bolsas e equipamentos de embalagem para bicicletas, Bal\u00edstico <a href=\"https:\/\/www.sikortex.com\/pt\/fabricante-de-tecido-de-nylon\/\"><span style=\"color: #3366ff;\">Nylon<\/span> <\/a>840D com seu TPU <a href=\"\/pt\/fabricantes-de-tecidos-revestidos\/\"><span style=\"color: #3366ff;\">revestimento<\/span><\/a> fornece prote\u00e7\u00e3o confi\u00e1vel contra \u00e1gua. O acabamento fosco do TPU de um lado <a href=\"\/pt\/fabricantes-de-tecidos-revestidos\/\"><span style=\"color: #3366ff;\">revestimento<\/span><\/a> d\u00e1 uma apar\u00eancia elegante e profissional aos produtos. No geral, Ballistic <a href=\"https:\/\/www.sikortex.com\/pt\/fabricante-de-tecido-de-nylon\/\"><span style=\"color: #3366ff;\">Nylon<\/span> <\/a>O 840D, com suas diversas op\u00e7\u00f5es de revestimento e excelente resist\u00eancia a rasgos, \u00e9 o melhor material infl\u00e1vel e \u00e0 prova d&#039;\u00e1gua.<\/div>","protected":false},"excerpt":{"rendered":"<p>1200 metros (pedido m\u00ednimo)<\/p>","protected":false},"featured_media":7418,"comment_status":"closed","ping_status":"closed","template":"","meta":{"_uag_custom_page_level_css":"","site-sidebar-layout":"default","site-content-layout":"default","ast-site-content-layout":"default","site-content-style":"default","site-sidebar-style":"default","ast-global-header-display":"","ast-banner-title-visibility":"","ast-main-header-display":"","ast-hfb-above-header-display":"","ast-hfb-below-header-display":"","ast-hfb-mobile-header-display":"","site-post-title":"","ast-breadcrumbs-content":"","ast-featured-img":"","footer-sml-layout":"","theme-transparent-header-meta":"default","adv-header-id-meta":"","stick-header-meta":"default","header-above-stick-meta":"","header-main-stick-meta":"","header-below-stick-meta":"","astra-migrate-meta-layouts":"set","ast-page-background-enabled":"default","ast-page-background-meta":{"desktop":{"background-color":"","background-image":"","background-repeat":"repeat","background-position":"center center","background-size":"auto","background-attachment":"scroll","background-type":"","background-media":"","overlay-type":"","overlay-color":"","overlay-opacity":"","overlay-gradient":""},"tablet":{"background-color":"","background-image":"","background-repeat":"repeat","background-position":"center center","background-size":"auto","background-attachment":"scroll","background-type":"","background-media":"","overlay-type":"","overlay-color":"","overlay-opacity":"","overlay-gradient":""},"mobile":{"background-color":"","background-image":"","background-repeat":"repeat","background-position":"center center","background-size":"auto","background-attachment":"scroll","background-type":"","background-media":"","overlay-type":"","overlay-color":"","overlay-opacity":"","overlay-gradient":""}},"ast-content-background-meta":{"desktop":{"background-color":"var(--ast-global-color-5)","background-image":"","background-repeat":"repeat","background-position":"center center","background-size":"auto","background-attachment":"scroll","background-type":"","background-media":"","overlay-type":"","overlay-color":"","overlay-opacity":"","overlay-gradient":""},"tablet":{"background-color":"var(--ast-global-color-5)","background-image":"","background-repeat":"repeat","background-position":"center center","background-size":"auto","background-attachment":"scroll","background-type":"","background-media":"","overlay-type":"","overlay-color":"","overlay-opacity":"","overlay-gradient":""},"mobile":{"background-color":"var(--ast-global-color-5)","background-image":"","background-repeat":"repeat","background-position":"center center","background-size":"auto","background-attachment":"scroll","background-type":"","background-media":"","overlay-type":"","overlay-color":"","overlay-opacity":"","overlay-gradient":""}}},"product_brand":[],"product_cat":[1206,423,432,404,1184,433,414],"product_tag":[],"class_list":{"0":"post-7415","1":"product","2":"type-product","3":"status-publish","4":"has-post-thumbnail","6":"product_cat-fabric-for-bag","7":"product_cat-fabric-for-military-police","8":"product_cat-fabric-for-tent","9":"product_cat-nylon-fabrics","10":"product_cat-oxford-fabric","11":"product_cat-textile-for-industrial","12":"product_cat-waterproof-fabrics","13":"pa_available_colors-h-black","14":"desktop-align-left","15":"tablet-align-left","16":"mobile-align-left","17":"ast-product-gallery-layout-vertical-slider","18":"ast-product-tabs-layout-horizontal","20":"first","21":"instock","22":"shipping-taxable","23":"product-type-simple"},"uagb_featured_image_src":{"full":["https:\/\/www.sikortex.com\/wp-content\/uploads\/2024\/12\/Nylon-840D-TPU-Coated.jpg",800,800,false],"thumbnail":["https:\/\/www.sikortex.com\/wp-content\/uploads\/2024\/12\/Nylon-840D-TPU-Coated-150x150.jpg",150,150,true],"medium":["https:\/\/www.sikortex.com\/wp-content\/uploads\/2024\/12\/Nylon-840D-TPU-Coated-300x300.jpg",300,300,true],"medium_large":["https:\/\/www.sikortex.com\/wp-content\/uploads\/2024\/12\/Nylon-840D-TPU-Coated-768x768.jpg",768,768,true],"large":["https:\/\/www.sikortex.com\/wp-content\/uploads\/2024\/12\/Nylon-840D-TPU-Coated.jpg",800,800,false],"1536x1536":["https:\/\/www.sikortex.com\/wp-content\/uploads\/2024\/12\/Nylon-840D-TPU-Coated.jpg",800,800,false],"2048x2048":["https:\/\/www.sikortex.com\/wp-content\/uploads\/2024\/12\/Nylon-840D-TPU-Coated.jpg",800,800,false],"trp-custom-language-flag":["https:\/\/www.sikortex.com\/wp-content\/uploads\/2024\/12\/Nylon-840D-TPU-Coated-12x12.jpg",12,12,true],"woocommerce_thumbnail":["https:\/\/www.sikortex.com\/wp-content\/uploads\/2024\/12\/Nylon-840D-TPU-Coated-300x300.jpg",300,300,true],"woocommerce_single":["https:\/\/www.sikortex.com\/wp-content\/uploads\/2024\/12\/Nylon-840D-TPU-Coated-600x600.jpg",600,600,true],"woocommerce_gallery_thumbnail":["https:\/\/www.sikortex.com\/wp-content\/uploads\/2024\/12\/Nylon-840D-TPU-Coated-100x100.jpg",100,100,true]},"uagb_author_info":{"display_name":"Perry","author_link":"https:\/\/www.sikortex.com\/pt\/author\/"},"uagb_comment_info":0,"uagb_excerpt":"1200 Meters(Min.Order)","_links":{"self":[{"href":"https:\/\/www.sikortex.com\/pt\/wp-json\/wp\/v2\/product\/7415","targetHints":{"allow":["GET"]}}],"collection":[{"href":"https:\/\/www.sikortex.com\/pt\/wp-json\/wp\/v2\/product"}],"about":[{"href":"https:\/\/www.sikortex.com\/pt\/wp-json\/wp\/v2\/types\/product"}],"replies":[{"embeddable":true,"href":"https:\/\/www.sikortex.com\/pt\/wp-json\/wp\/v2\/comments?post=7415"}],"wp:featuredmedia":[{"embeddable":true,"href":"https:\/\/www.sikortex.com\/pt\/wp-json\/wp\/v2\/media\/7418"}],"wp:attachment":[{"href":"https:\/\/www.sikortex.com\/pt\/wp-json\/wp\/v2\/media?parent=7415"}],"wp:term":[{"taxonomy":"product_brand","embeddable":true,"href":"https:\/\/www.sikortex.com\/pt\/wp-json\/wp\/v2\/product_brand?post=7415"},{"taxonomy":"product_cat","embeddable":true,"href":"https:\/\/www.sikortex.com\/pt\/wp-json\/wp\/v2\/product_cat?post=7415"},{"taxonomy":"product_tag","embeddable":true,"href":"https:\/\/www.sikortex.com\/pt\/wp-json\/wp\/v2\/product_tag?post=7415"}],"curies":[{"name":"wp","href":"https:\/\/api.w.org\/{rel}","templated":true}]}}