{"id":7409,"date":"2024-12-23T13:34:08","date_gmt":"2024-12-23T05:34:08","guid":{"rendered":"https:\/\/www.sikortex.com\/?post_type=product&#038;p=7409"},"modified":"2024-12-27T14:14:53","modified_gmt":"2024-12-27T06:14:53","slug":"tecido-oxford-poliester-420d-revestimento-de-poliuretano","status":"publish","type":"product","link":"https:\/\/www.sikortex.com\/pt\/produtos\/tecido-oxford-poliester-420d-revestimento-de-poliuretano\/","title":{"rendered":"Tecido Oxford de poli\u00e9ster 420D Revestimento de poliuretano \u00e0 prova d&#039;\u00e1gua Retardante de chamas para barraca"},"content":{"rendered":"<h4 class=\"header-vfC6AV auto-hide-last-sibling-br\">Caracter\u00edsticas do tecido Oxford 420D de poli\u00e9ster<\/h4>\n<p>&nbsp;<\/p>\n<div class=\"auto-hide-last-sibling-br paragraph-JOTKXA paragraph-element br-paragraph-space\">O tecido Oxford 420D de poli\u00e9ster compartilha algumas caracter\u00edsticas comuns com o tecido Oxford 600D. No entanto, ele tem uma classifica\u00e7\u00e3o de denier mais baixa, 420. Geralmente \u00e9 revestido com PU ou PVC, o que confere ao tecido Oxford 420D de poli\u00e9ster propriedades \u00e0 prova d'\u00e1gua e maior resist\u00eancia. Esse tecido atinge um equil\u00edbrio entre durabilidade e peso, o que o torna uma escolha popular para produtos relativamente mais leves, como bolsas, capas de chuva e pequenos equipamentos para atividades ao ar livre. Embora possa n\u00e3o ser t\u00e3o espesso quanto o <a href=\"https:\/\/www.sikortex.com\/pt\/produtos\/sk8362-oxford-flame-retardant-tecido-13\/\"><span style=\"color: #3366ff;\">Tecido Oxford 600D<\/span><\/a>O tecido Oxford 420D de poli\u00e9ster ainda oferece desempenho e prote\u00e7\u00e3o confi\u00e1veis.<\/div>\n<div><\/div>\n<h4 class=\"header-vfC6AV auto-hide-last-sibling-br\">Aplica\u00e7\u00f5es do tecido Oxford 420D de poli\u00e9ster<\/h4>\n<p><strong>Bolsas pequenas<\/strong>: O tecido Oxford de poli\u00e9ster 420D \u00e9 altamente adequado para a fabrica\u00e7\u00e3o de bolsas pequenas, como mochilas di\u00e1rias, bolsas de mensageiro e bolsas de m\u00e3o. Seu peso leve o torna a melhor op\u00e7\u00e3o para o transporte di\u00e1rio.<\/p>\n<p><strong>Capas de chuva<\/strong>: As capas de chuva e capas feitas de tecido Oxford 420D de poli\u00e9ster possuem <a href=\"https:\/\/www.sikortex.com\/pt\/revista\/a-prova-dagua-e-repelente-de-agua\/\"><span style=\"color: #3366ff;\">\u00e0 prova d'\u00e1gua<\/span><\/a> prote\u00e7\u00e3o. Eles n\u00e3o s\u00e3o excessivamente volumosos e permanecem confort\u00e1veis e pr\u00e1ticos mesmo em condi\u00e7\u00f5es de tempo \u00famido.<\/p>\n<p><strong>Acess\u00f3rios<\/strong>: Esse tecido \u00e9 comumente usado para produzir acess\u00f3rios para atividades ao ar livre, como pequenas bolsas, carteiras e capas de telefone, em que o equil\u00edbrio entre a durabilidade e o peso do tecido Oxford 420D de poli\u00e9ster \u00e9 de extrema import\u00e2ncia.<\/p>\n<p><strong>Tendas<\/strong>: O tecido Oxford 420D de poli\u00e9ster, com boa resist\u00eancia, peso leve e capacidade \u00e0 prova d'\u00e1gua relativamente boa, \u00e9 mais adequado para a fabrica\u00e7\u00e3o de tendas para ambientes externos.<\/p>\n<h4 class=\"header-vfC6AV auto-hide-last-sibling-br\">Desempenho do tecido Oxford 420D de poli\u00e9ster<\/h4>\n<p><strong>Durabilidade equilibrada<\/strong>: Oferece durabilidade sem ser excessivamente pesado.<\/p>\n<p><strong>\u00c0 prova d&#039;\u00e1gua<\/strong>: Ele pode ser revestido para obter impermeabilidade. O revestimento do tecido Oxford 420D de poli\u00e9ster desempenha um papel importante no aprimoramento de sua fun\u00e7\u00e3o \u00e0 prova d'\u00e1gua.<\/p>\n<p><strong>Versatilidade<\/strong>: \u00c9 aplic\u00e1vel a uma ampla variedade de usos, especialmente quando o peso \u00e9 um fator crucial. O tecido Oxford 420D de poli\u00e9ster pode ser bem utilizado em diferentes situa\u00e7\u00f5es.<\/p>\n<h4 class=\"header-vfC6AV auto-hide-last-sibling-br\">Tratamentos de acabamento opcionais<\/h4>\n<div class=\"auto-hide-last-sibling-br paragraph-JOTKXA paragraph-element br-paragraph-space\">O tecido Oxford 420D de poli\u00e9ster pode ser submetido a revestimento de PVC, revestimento de PU e <a href=\"https:\/\/www.sikortex.com\/pt\/tecidos-ignifugos\/\"><span style=\"color: #3366ff;\">retardante de chamas<\/span><\/a> acabamento. Esses tratamentos aprimoram ainda mais o desempenho do tecido Oxford 420D de poli\u00e9ster e expandem sua gama de aplica\u00e7\u00f5es.<\/div>","protected":false},"excerpt":{"rendered":"<p>1200 metros (pedido m\u00ednimo)<\/p>","protected":false},"featured_media":7413,"comment_status":"closed","ping_status":"closed","template":"","meta":{"_uag_custom_page_level_css":"","site-sidebar-layout":"default","site-content-layout":"default","ast-site-content-layout":"","site-content-style":"default","site-sidebar-style":"default","ast-global-header-display":"","ast-banner-title-visibility":"","ast-main-header-display":"","ast-hfb-above-header-display":"","ast-hfb-below-header-display":"","ast-hfb-mobile-header-display":"","site-post-title":"","ast-breadcrumbs-content":"","ast-featured-img":"","footer-sml-layout":"","theme-transparent-header-meta":"default","adv-header-id-meta":"","stick-header-meta":"default","header-above-stick-meta":"","header-main-stick-meta":"","header-below-stick-meta":"","astra-migrate-meta-layouts":"default","ast-page-background-enabled":"default","ast-page-background-meta":{"desktop":{"background-color":"","background-image":"","background-repeat":"repeat","background-position":"center center","background-size":"auto","background-attachment":"scroll","background-type":"","background-media":"","overlay-type":"","overlay-color":"","overlay-opacity":"","overlay-gradient":""},"tablet":{"background-color":"","background-image":"","background-repeat":"repeat","background-position":"center center","background-size":"auto","background-attachment":"scroll","background-type":"","background-media":"","overlay-type":"","overlay-color":"","overlay-opacity":"","overlay-gradient":""},"mobile":{"background-color":"","background-image":"","background-repeat":"repeat","background-position":"center center","background-size":"auto","background-attachment":"scroll","background-type":"","background-media":"","overlay-type":"","overlay-color":"","overlay-opacity":"","overlay-gradient":""}},"ast-content-background-meta":{"desktop":{"background-color":"var(--ast-global-color-5)","background-image":"","background-repeat":"repeat","background-position":"center center","background-size":"auto","background-attachment":"scroll","background-type":"","background-media":"","overlay-type":"","overlay-color":"","overlay-opacity":"","overlay-gradient":""},"tablet":{"background-color":"var(--ast-global-color-5)","background-image":"","background-repeat":"repeat","background-position":"center center","background-size":"auto","background-attachment":"scroll","background-type":"","background-media":"","overlay-type":"","overlay-color":"","overlay-opacity":"","overlay-gradient":""},"mobile":{"background-color":"var(--ast-global-color-5)","background-image":"","background-repeat":"repeat","background-position":"center center","background-size":"auto","background-attachment":"scroll","background-type":"","background-media":"","overlay-type":"","overlay-color":"","overlay-opacity":"","overlay-gradient":""}}},"product_brand":[],"product_cat":[432,1184,403,433,414],"product_tag":[],"class_list":{"0":"post-7409","1":"product","2":"type-product","3":"status-publish","4":"has-post-thumbnail","6":"product_cat-fabric-for-tent","7":"product_cat-oxford-fabric","8":"product_cat-polyester-fabrics","9":"product_cat-textile-for-industrial","10":"product_cat-waterproof-fabrics","11":"pa_available_colors-911052-spc","12":"desktop-align-left","13":"tablet-align-left","14":"mobile-align-left","15":"ast-product-gallery-layout-vertical-slider","16":"ast-product-tabs-layout-horizontal","18":"first","19":"instock","20":"shipping-taxable","21":"product-type-simple"},"uagb_featured_image_src":{"full":["https:\/\/www.sikortex.com\/wp-content\/uploads\/2024\/12\/Polyester-420D-Oxford-Fabric.jpg",800,800,false],"thumbnail":["https:\/\/www.sikortex.com\/wp-content\/uploads\/2024\/12\/Polyester-420D-Oxford-Fabric-150x150.jpg",150,150,true],"medium":["https:\/\/www.sikortex.com\/wp-content\/uploads\/2024\/12\/Polyester-420D-Oxford-Fabric-300x300.jpg",300,300,true],"medium_large":["https:\/\/www.sikortex.com\/wp-content\/uploads\/2024\/12\/Polyester-420D-Oxford-Fabric-768x768.jpg",768,768,true],"large":["https:\/\/www.sikortex.com\/wp-content\/uploads\/2024\/12\/Polyester-420D-Oxford-Fabric.jpg",800,800,false],"1536x1536":["https:\/\/www.sikortex.com\/wp-content\/uploads\/2024\/12\/Polyester-420D-Oxford-Fabric.jpg",800,800,false],"2048x2048":["https:\/\/www.sikortex.com\/wp-content\/uploads\/2024\/12\/Polyester-420D-Oxford-Fabric.jpg",800,800,false],"trp-custom-language-flag":["https:\/\/www.sikortex.com\/wp-content\/uploads\/2024\/12\/Polyester-420D-Oxford-Fabric-12x12.jpg",12,12,true],"woocommerce_thumbnail":["https:\/\/www.sikortex.com\/wp-content\/uploads\/2024\/12\/Polyester-420D-Oxford-Fabric-300x300.jpg",300,300,true],"woocommerce_single":["https:\/\/www.sikortex.com\/wp-content\/uploads\/2024\/12\/Polyester-420D-Oxford-Fabric-600x600.jpg",600,600,true],"woocommerce_gallery_thumbnail":["https:\/\/www.sikortex.com\/wp-content\/uploads\/2024\/12\/Polyester-420D-Oxford-Fabric-100x100.jpg",100,100,true]},"uagb_author_info":{"display_name":"Perry","author_link":"https:\/\/www.sikortex.com\/pt\/author\/"},"uagb_comment_info":0,"uagb_excerpt":"1200 Meters(Min.Order)","_links":{"self":[{"href":"https:\/\/www.sikortex.com\/pt\/wp-json\/wp\/v2\/product\/7409","targetHints":{"allow":["GET"]}}],"collection":[{"href":"https:\/\/www.sikortex.com\/pt\/wp-json\/wp\/v2\/product"}],"about":[{"href":"https:\/\/www.sikortex.com\/pt\/wp-json\/wp\/v2\/types\/product"}],"replies":[{"embeddable":true,"href":"https:\/\/www.sikortex.com\/pt\/wp-json\/wp\/v2\/comments?post=7409"}],"wp:featuredmedia":[{"embeddable":true,"href":"https:\/\/www.sikortex.com\/pt\/wp-json\/wp\/v2\/media\/7413"}],"wp:attachment":[{"href":"https:\/\/www.sikortex.com\/pt\/wp-json\/wp\/v2\/media?parent=7409"}],"wp:term":[{"taxonomy":"product_brand","embeddable":true,"href":"https:\/\/www.sikortex.com\/pt\/wp-json\/wp\/v2\/product_brand?post=7409"},{"taxonomy":"product_cat","embeddable":true,"href":"https:\/\/www.sikortex.com\/pt\/wp-json\/wp\/v2\/product_cat?post=7409"},{"taxonomy":"product_tag","embeddable":true,"href":"https:\/\/www.sikortex.com\/pt\/wp-json\/wp\/v2\/product_tag?post=7409"}],"curies":[{"name":"wp","href":"https:\/\/api.w.org\/{rel}","templated":true}]}}