{"id":7364,"date":"2024-12-21T11:14:12","date_gmt":"2024-12-21T03:14:12","guid":{"rendered":"https:\/\/www.sikortex.com\/?post_type=product&#038;p=7364"},"modified":"2025-04-02T10:32:30","modified_gmt":"2025-04-02T02:32:30","slug":"tecido-oxford-tingido-com-solucao-de-tecido-de-poliester-600d","status":"publish","type":"product","link":"https:\/\/www.sikortex.com\/pt\/produtos\/tecido-oxford-tingido-com-solucao-de-tecido-de-poliester-600d\/","title":{"rendered":"Tecido Oxford tingido em solu\u00e7\u00e3o de poli\u00e9ster 600D"},"content":{"rendered":"<h4>Tecido Oxford tingido em solu\u00e7\u00e3o de poli\u00e9ster 600D<\/h4>\n<p>Nosso tecido imperme\u00e1vel de poli\u00e9ster 600D \u00e9 um verdadeiro denier 600\u00d7600, e n\u00e3o o 600\u00d7300, mais leve e menos dur\u00e1vel. Nosso material 600D n\u00e3o \u00e9 apenas forte e resistente \u00e0 abras\u00e3o, mas tamb\u00e9m tem maior flexibilidade e melhor impermeabiliza\u00e7\u00e3o devido ao revestimento de PU ap\u00f3s a lamina\u00e7\u00e3o a quente. Nosso tecido de poli\u00e9ster 600D tem uma resist\u00eancia \u00e0 press\u00e3o hidrost\u00e1tica de mais de 1.000 mm.<\/p>\n<h4>Poli\u00e9ster tingido em solu\u00e7\u00e3o, cor duradoura<\/h4>\n<p>Nosso 600D \u00e9 tingido em solu\u00e7\u00e3o - diferente da maioria dos tecidos comuns do mercado! Por que isso \u00e9 t\u00e3o importante? Isso significa que a cor n\u00e3o \u00e9 aplicada \u00e0 superf\u00edcie, mas faz parte da linha usada para fabricar o tecido. A cor percorre todo o material. A cor dos materiais tingidos por solu\u00e7\u00e3o dura mais tempo e, na maioria dos casos, nosso tecido 600D tingido por solu\u00e7\u00e3o pode ser usado ao ar livre por mais de 3 anos sem desbotar! (Isso \u00e9 semelhante ao nosso <a href=\"https:\/\/www.sikortex.com\/pt\/tecidos-anti-infravermelho-3\/\"><span style=\"color: #3366ff;\">tecido acr\u00edlico tingido em solu\u00e7\u00e3o<\/span><\/a>Outra \u00f3tima op\u00e7\u00e3o para materiais externos ou \u00e0 prova d'\u00e1gua).<\/p>\n<h4>Aplica\u00e7\u00e3o de tecido de poli\u00e9ster 600D<\/h4>\n<p>O 600D \u00e9 provavelmente mais comumente usado em mochilas, equipamentos para atividades ao ar livre, m\u00f3veis para atividades ao ar livre, constru\u00e7\u00f5es para atividades ao ar livre e v\u00e1rios equipamentos industriais, mas os clientes tamb\u00e9m o utilizam para fazer coberturas para barcos e <a href=\"https:\/\/www.sikortex.com\/pt\/tecido-nylon-algodao-tecido-corta-vento-ripstop-2\/\"><span style=\"color: #3366ff;\">toldos<\/span><\/a> devido \u00e0s suas propriedades \u00e0 prova d'\u00e1gua e resistentes ao mofo.<\/p>\n<h4>A SIKOR-TEX \u00e9 sua melhor fonte de poli\u00e9ster 600D no atacado!<\/h4>\n<h4 style=\"font-style: normal;\"><img loading=\"lazy\" decoding=\"async\" class=\"wp-image-7060 alignright\" src=\"https:\/\/www.sikortex.com\/wp-content\/uploads\/2024\/09\/Solution-dyed-acrylic-fiber-e1726019567653-300x190.png\" alt=\"\" width=\"364\" height=\"230\" title=\"\" srcset=\"https:\/\/www.sikortex.com\/wp-content\/uploads\/2024\/09\/Solution-dyed-acrylic-fiber-e1726019567653-300x190.png 300w, https:\/\/www.sikortex.com\/wp-content\/uploads\/2024\/09\/Solution-dyed-acrylic-fiber-e1726019567653-18x12.png 18w, https:\/\/www.sikortex.com\/wp-content\/uploads\/2024\/09\/Solution-dyed-acrylic-fiber-e1726019567653.png 520w\" sizes=\"auto, (max-width: 364px) 100vw, 364px\" \/><\/h4>\n<p>Nossa fabrica\u00e7\u00e3o come\u00e7a com fibras tingidas em solu\u00e7\u00e3o, abrangendo fia\u00e7\u00e3o, fabrica\u00e7\u00e3o e acabamento, o que \u00e9 essencial para garantir que nossos tecidos tenham a melhor resist\u00eancia \u00e0 luz e aos raios UV; tamb\u00e9m oferecemos processamento retardador de chamas que<\/p>\n<p>pode se encontrar <a href=\"https:\/\/www.sikortex.com\/pt\/tecidos-ignifugos\/\">retardante de chamas<\/a> normas como NFPA 701, CPAI-84, EN 13773, etc. Oferecemos servi\u00e7os de personaliza\u00e7\u00e3o em massa (incluindo <a href=\"https:\/\/www.sikortex.com\/pt\/produtos\/tecidos-antibacterianos-600d-dty-oxford\/\"><span style=\"color: #3366ff;\">1200D<\/span><\/a> tecido, <a href=\"https:\/\/www.sikortex.com\/pt\/produtos\/sk8362-oxford-flame-retardant-tecido-9\/\"><span style=\"color: #3366ff;\">900D<\/span><\/a> 600D ou tecido acr\u00edlico tingido em solu\u00e7\u00e3o) com alta qualidade e pre\u00e7os competitivos.<\/p>\n<h4 style=\"font-style: normal;\"><img loading=\"lazy\" decoding=\"async\" class=\"alignright wp-image-7241\" src=\"https:\/\/www.sikortex.com\/wp-content\/uploads\/2024\/12\/Solution-dyed-polyester-150D-300x200.jpg\" alt=\"\" width=\"383\" height=\"255\" title=\"\" srcset=\"https:\/\/www.sikortex.com\/wp-content\/uploads\/2024\/12\/Solution-dyed-polyester-150D-300x200.jpg 300w, https:\/\/www.sikortex.com\/wp-content\/uploads\/2024\/12\/Solution-dyed-polyester-150D-768x511.jpg 768w, https:\/\/www.sikortex.com\/wp-content\/uploads\/2024\/12\/Solution-dyed-polyester-150D-18x12.jpg 18w, https:\/\/www.sikortex.com\/wp-content\/uploads\/2024\/12\/Solution-dyed-polyester-150D-600x399.jpg 600w, https:\/\/www.sikortex.com\/wp-content\/uploads\/2024\/12\/Solution-dyed-polyester-150D.jpg 796w\" sizes=\"auto, (max-width: 383px) 100vw, 383px\" \/><\/h4>\n<p>Nosso tecido de poli\u00e9ster 600D usa tecnologia de solu\u00e7\u00e3o, e o tecido n\u00e3o requer o uso de \u00e1gua durante o processo de fabrica\u00e7\u00e3o, o que \u00e9 ecologicamente correto, economiza energia e reduz as emiss\u00f5es de carbono. Em linha com a tend\u00eancia de desenvolvimento t\u00eaxtil sustent\u00e1vel<\/p>\n<p><a href=\"https:\/\/www.sikortex.com\/pt\/tecidos-impermeaveis\/\"><span style=\"color: #3366ff;\">O tecido Oxford \u00e9 \u00e0 prova d'\u00e1gua?<\/span><\/a><\/p>\n<p>Nosso <a href=\"https:\/\/www.sikortex.com\/pt\/tecido-nylon-algodao-tecido-corta-vento-ripstop-5\/\"><span style=\"color: #3366ff;\">Tecido oxford<\/span><\/a> n\u00e3o \u00e9 apenas \u00e0 prova d'\u00e1gua, mas tamb\u00e9m tem resist\u00eancia \u00e0 umidade da superf\u00edcie (leitura adicional)<\/p>","protected":false},"excerpt":{"rendered":"<p>1200 metros (pedido m\u00ednimo)<\/p>","protected":false},"featured_media":7366,"comment_status":"closed","ping_status":"closed","template":"","meta":{"_uag_custom_page_level_css":"","site-sidebar-layout":"default","site-content-layout":"default","ast-site-content-layout":"","site-content-style":"default","site-sidebar-style":"default","ast-global-header-display":"","ast-banner-title-visibility":"","ast-main-header-display":"","ast-hfb-above-header-display":"","ast-hfb-below-header-display":"","ast-hfb-mobile-header-display":"","site-post-title":"","ast-breadcrumbs-content":"","ast-featured-img":"","footer-sml-layout":"","theme-transparent-header-meta":"default","adv-header-id-meta":"","stick-header-meta":"default","header-above-stick-meta":"","header-main-stick-meta":"","header-below-stick-meta":"","astra-migrate-meta-layouts":"default","ast-page-background-enabled":"default","ast-page-background-meta":{"desktop":{"background-color":"","background-image":"","background-repeat":"repeat","background-position":"center center","background-size":"auto","background-attachment":"scroll","background-type":"","background-media":"","overlay-type":"","overlay-color":"","overlay-opacity":"","overlay-gradient":""},"tablet":{"background-color":"","background-image":"","background-repeat":"repeat","background-position":"center center","background-size":"auto","background-attachment":"scroll","background-type":"","background-media":"","overlay-type":"","overlay-color":"","overlay-opacity":"","overlay-gradient":""},"mobile":{"background-color":"","background-image":"","background-repeat":"repeat","background-position":"center center","background-size":"auto","background-attachment":"scroll","background-type":"","background-media":"","overlay-type":"","overlay-color":"","overlay-opacity":"","overlay-gradient":""}},"ast-content-background-meta":{"desktop":{"background-color":"var(--ast-global-color-5)","background-image":"","background-repeat":"repeat","background-position":"center center","background-size":"auto","background-attachment":"scroll","background-type":"","background-media":"","overlay-type":"","overlay-color":"","overlay-opacity":"","overlay-gradient":""},"tablet":{"background-color":"var(--ast-global-color-5)","background-image":"","background-repeat":"repeat","background-position":"center center","background-size":"auto","background-attachment":"scroll","background-type":"","background-media":"","overlay-type":"","overlay-color":"","overlay-opacity":"","overlay-gradient":""},"mobile":{"background-color":"var(--ast-global-color-5)","background-image":"","background-repeat":"repeat","background-position":"center center","background-size":"auto","background-attachment":"scroll","background-type":"","background-media":"","overlay-type":"","overlay-color":"","overlay-opacity":"","overlay-gradient":""}}},"product_brand":[],"product_cat":[1126,432,1218,1184,1185,433,414],"product_tag":[],"class_list":{"0":"post-7364","1":"product","2":"type-product","3":"status-publish","4":"has-post-thumbnail","6":"product_cat-fabric-for-awning","7":"product_cat-fabric-for-tent","8":"product_cat-marine-fabrics","9":"product_cat-oxford-fabric","10":"product_cat-solution-dyed-polyester-fabrics","11":"product_cat-textile-for-industrial","12":"product_cat-waterproof-fabrics","13":"pa_available_colors-911052-spc","14":"desktop-align-left","15":"tablet-align-left","16":"mobile-align-left","17":"ast-product-gallery-layout-vertical-slider","18":"ast-product-tabs-layout-horizontal","20":"first","21":"instock","22":"shipping-taxable","23":"product-type-simple"},"uagb_featured_image_src":{"full":["https:\/\/www.sikortex.com\/wp-content\/uploads\/2024\/12\/600D-Polyester-Fabric.jpg",800,800,false],"thumbnail":["https:\/\/www.sikortex.com\/wp-content\/uploads\/2024\/12\/600D-Polyester-Fabric-150x150.jpg",150,150,true],"medium":["https:\/\/www.sikortex.com\/wp-content\/uploads\/2024\/12\/600D-Polyester-Fabric-300x300.jpg",300,300,true],"medium_large":["https:\/\/www.sikortex.com\/wp-content\/uploads\/2024\/12\/600D-Polyester-Fabric-768x768.jpg",768,768,true],"large":["https:\/\/www.sikortex.com\/wp-content\/uploads\/2024\/12\/600D-Polyester-Fabric.jpg",800,800,false],"1536x1536":["https:\/\/www.sikortex.com\/wp-content\/uploads\/2024\/12\/600D-Polyester-Fabric.jpg",800,800,false],"2048x2048":["https:\/\/www.sikortex.com\/wp-content\/uploads\/2024\/12\/600D-Polyester-Fabric.jpg",800,800,false],"trp-custom-language-flag":["https:\/\/www.sikortex.com\/wp-content\/uploads\/2024\/12\/600D-Polyester-Fabric-12x12.jpg",12,12,true],"woocommerce_thumbnail":["https:\/\/www.sikortex.com\/wp-content\/uploads\/2024\/12\/600D-Polyester-Fabric-300x300.jpg",300,300,true],"woocommerce_single":["https:\/\/www.sikortex.com\/wp-content\/uploads\/2024\/12\/600D-Polyester-Fabric-600x600.jpg",600,600,true],"woocommerce_gallery_thumbnail":["https:\/\/www.sikortex.com\/wp-content\/uploads\/2024\/12\/600D-Polyester-Fabric-100x100.jpg",100,100,true]},"uagb_author_info":{"display_name":"Perry","author_link":"https:\/\/www.sikortex.com\/pt\/author\/"},"uagb_comment_info":0,"uagb_excerpt":"1200 Meters(Min.Order)","_links":{"self":[{"href":"https:\/\/www.sikortex.com\/pt\/wp-json\/wp\/v2\/product\/7364","targetHints":{"allow":["GET"]}}],"collection":[{"href":"https:\/\/www.sikortex.com\/pt\/wp-json\/wp\/v2\/product"}],"about":[{"href":"https:\/\/www.sikortex.com\/pt\/wp-json\/wp\/v2\/types\/product"}],"replies":[{"embeddable":true,"href":"https:\/\/www.sikortex.com\/pt\/wp-json\/wp\/v2\/comments?post=7364"}],"wp:featuredmedia":[{"embeddable":true,"href":"https:\/\/www.sikortex.com\/pt\/wp-json\/wp\/v2\/media\/7366"}],"wp:attachment":[{"href":"https:\/\/www.sikortex.com\/pt\/wp-json\/wp\/v2\/media?parent=7364"}],"wp:term":[{"taxonomy":"product_brand","embeddable":true,"href":"https:\/\/www.sikortex.com\/pt\/wp-json\/wp\/v2\/product_brand?post=7364"},{"taxonomy":"product_cat","embeddable":true,"href":"https:\/\/www.sikortex.com\/pt\/wp-json\/wp\/v2\/product_cat?post=7364"},{"taxonomy":"product_tag","embeddable":true,"href":"https:\/\/www.sikortex.com\/pt\/wp-json\/wp\/v2\/product_tag?post=7364"}],"curies":[{"name":"wp","href":"https:\/\/api.w.org\/{rel}","templated":true}]}}