{"id":7320,"date":"2024-12-16T16:34:43","date_gmt":"2024-12-16T08:34:43","guid":{"rendered":"https:\/\/www.sikortex.com\/?post_type=product&#038;p=7320"},"modified":"2025-03-21T14:14:26","modified_gmt":"2025-03-21T06:14:26","slug":"sk8362-oxford-flame-retardant-tecido-14","status":"publish","type":"product","link":"https:\/\/www.sikortex.com\/pt\/produtos\/sk8362-oxford-flame-retardant-tecido-14\/","title":{"rendered":"Tecidos Ripstop de Nylon Bal\u00edstico 1000D 1680D"},"content":{"rendered":"<p>Nylon bal\u00edstico - um tecido dur\u00e1vel e vers\u00e1til<br \/>\nO n\u00e1ilon bal\u00edstico, um tecido extraordin\u00e1rio com uma hist\u00f3ria rica, foi desenvolvido pela DuPont durante a Segunda Guerra Mundial. Ele foi projetado para ter durabilidade e resist\u00eancia extraordin\u00e1rias, inicialmente com a inten\u00e7\u00e3o de proteger o pessoal militar. Especificamente, ele foi projetado para ser usado em jaquetas \u00e0 prova de balas para tripulantes de aeronaves, protegendo-os dos perigos de balas, estilha\u00e7os e impactos bal\u00edsticos. A constru\u00e7\u00e3o envolveu a lamina\u00e7\u00e3o de v\u00e1rias camadas de tecido grosso para aprimorar seus recursos de prote\u00e7\u00e3o.<\/p>\n<p>No entanto, com o avan\u00e7o da tecnologia, no final da d\u00e9cada de 1970, a <a href=\"https:\/\/www.sikortex.com\/pt\/tecido-militar-tecido-ripstop\/\"><span style=\"color: #3366ff;\">militares<\/span><\/a> transitou para armaduras mais avan\u00e7adas, como Kevlar\u00ae, polietileno de ultra-alto peso molecular e tecnologias de placas de cer\u00e2mica. Esses novos materiais provaram ser muito mais eficazes em realmente parar balas e estilha\u00e7os, tornando o nylon bal\u00edstico menos adequado para seu prop\u00f3sito original de prote\u00e7\u00e3o bal\u00edstica. No entanto, ele encontrou uma nova vida em uma infinidade de outras aplica\u00e7\u00f5es.<\/p>\n<p>Na d\u00e9cada de 1980, o termo \u201cbal\u00edstico\u201d ganhou for\u00e7a significativa no mercado de consumo, especialmente na ind\u00fastria de malas. A trama resistente, combinada com sua conhecida resist\u00eancia e superf\u00edcie lisa, tornou-a uma escolha atraente. Desde ent\u00e3o, tornou-se um item b\u00e1sico na produ\u00e7\u00e3o de v\u00e1rios itens. Por exemplo, \u00e9 comumente utilizado em malas, bolsas de lona, pastas, camas para animais de estima\u00e7\u00e3o, <a href=\"https:\/\/www.sikortex.com\/pt\/revista\/tecidos-para-roupas-de-trabalho\/\"><span style=\"color: #3366ff;\">roupa de trabalho<\/span><\/a>, cadeiras, mochilas, cobertores para cavalos e estojos personalizados. A exclusiva \u201ctrama bal\u00edstica\u201d, que \u00e9 uma trama de cesta 2\u00d72, desempenha um papel crucial na maximiza\u00e7\u00e3o da resist\u00eancia ao rasgo e da durabilidade geral do tecido. Este padr\u00e3o de trama transforma os fios de nylon individuais em um material altamente resiliente.<img loading=\"lazy\" decoding=\"async\" class=\"wp-image-7349 alignright\" src=\"https:\/\/www.sikortex.com\/wp-content\/uploads\/2024\/12\/Ballistic-Nylon-1680D-300x124.jpg\" alt=\"\" width=\"799\" height=\"330\" title=\"\" srcset=\"https:\/\/www.sikortex.com\/wp-content\/uploads\/2024\/12\/Ballistic-Nylon-1680D-300x124.jpg 300w, https:\/\/www.sikortex.com\/wp-content\/uploads\/2024\/12\/Ballistic-Nylon-1680D-768x318.jpg 768w, https:\/\/www.sikortex.com\/wp-content\/uploads\/2024\/12\/Ballistic-Nylon-1680D-18x7.jpg 18w, https:\/\/www.sikortex.com\/wp-content\/uploads\/2024\/12\/Ballistic-Nylon-1680D-600x248.jpg 600w, https:\/\/www.sikortex.com\/wp-content\/uploads\/2024\/12\/Ballistic-Nylon-1680D.jpg 800w\" sizes=\"auto, (max-width: 799px) 100vw, 799px\" \/><\/p>\n<p>Tecidos de nylon bal\u00edstico s\u00e3o tipicamente feitos de fios de nylon de ultra-alto denier. Entre eles, os nylons bal\u00edsticos 1680D e 1000D s\u00e3o particularmente populares e amplamente utilizados. \u00c9 importante notar que muitas pessoas frequentemente entendem mal a rela\u00e7\u00e3o entre as caracter\u00edsticas do nylon bal\u00edstico e o peso do fio denier. A trama de cesta 2\u00d72 \u00e9 o que realmente o distingue. <a href=\"https:\/\/www.sikortex.com\/pt\/perfil-de-companhia\/\"><span style=\"color: #3366ff;\">SIKOR-TEX<\/span><\/a> \u00e9 um renomado produtor de alta qualidade de armas bal\u00edsticas <a href=\"https:\/\/www.sikortex.com\/pt\/fabricante-de-tecido-de-nylon\/\"><span style=\"color: #3366ff;\">tecidos de nylon<\/span><\/a>, contribuindo para a disponibilidade de materiais de primeira qualidade no mercado.<\/p>\n<p>Nosso material bal\u00edstico de nylon 1680D se destaca por sua alta resist\u00eancia e durabilidade. Ele \u00e9 ainda mais refor\u00e7ado com um revestimento de poliuretano, dotando-o de <a href=\"https:\/\/www.sikortex.com\/pt\/repelente-de-agua-resistente-a-prova-dagua\/\"><span style=\"color: #3366ff;\">\u00e0 prova d'\u00e1gua<\/span><\/a> propriedades. Isso o torna adequado para uma ampla gama de aplica\u00e7\u00f5es onde tanto a durabilidade quanto <a href=\"\/pt\/sobre-o-tecido-oxford-a-prova-dagua\/\"><span style=\"color: #3366ff;\">resist\u00eancia \u00e0 \u00e1gua<\/span><\/a> s\u00e3o essenciais. Por outro lado, o nylon bal\u00edstico 1680D \u00e9 o preferido para projetos que exigem n\u00e3o apenas resist\u00eancia, mas tamb\u00e9m <a href=\"https:\/\/www.sikortex.com\/pt\/repelente-de-agua-resistente-a-prova-dagua\/\"><span style=\"color: #3366ff;\">\u00e0 prova d'\u00e1gua<\/span><\/a> e recursos \u00e0 prova de mofo. \u00c9 um material sint\u00e9tico de trama de cesta altamente resiliente que pode suportar condi\u00e7\u00f5es adversas e uso pesado.<\/p>\n<p>Concluindo, se voc\u00ea est\u00e1 em busca de um tecido que combine durabilidade excepcional, resist\u00eancia ao desgaste e versatilidade, o nylon bal\u00edstico \u00e9 uma op\u00e7\u00e3o excelente. Sua ampla gama de aplica\u00e7\u00f5es e desempenho comprovado ao longo dos anos o tornam uma escolha confi\u00e1vel para v\u00e1rios setores e consumidores. Seja para criar equipamentos de viagem de longa dura\u00e7\u00e3o ou dur\u00e1veis <a href=\"https:\/\/www.sikortex.com\/pt\/revista\/tecidos-para-roupas-de-trabalho\/\"><span style=\"color: #3366ff;\">roupa de trabalho,<\/span><\/a> O nylon bal\u00edstico continua a provar seu valor.<\/p>\n<p><a href=\"\/pt\/fornecedor-de-tecido-ripstop\/\"><span style=\"color: #3366ff;\">Saiba mais sobre tecidos ripstop<\/span><\/a><\/p>","protected":false},"excerpt":{"rendered":"<p>1200 metros (pedido m\u00ednimo)<\/p>","protected":false},"featured_media":7352,"comment_status":"closed","ping_status":"closed","template":"","meta":{"_uag_custom_page_level_css":"","site-sidebar-layout":"default","site-content-layout":"default","ast-site-content-layout":"default","site-content-style":"default","site-sidebar-style":"default","ast-global-header-display":"","ast-banner-title-visibility":"","ast-main-header-display":"","ast-hfb-above-header-display":"","ast-hfb-below-header-display":"","ast-hfb-mobile-header-display":"","site-post-title":"","ast-breadcrumbs-content":"","ast-featured-img":"","footer-sml-layout":"","theme-transparent-header-meta":"default","adv-header-id-meta":"","stick-header-meta":"default","header-above-stick-meta":"","header-main-stick-meta":"","header-below-stick-meta":"","astra-migrate-meta-layouts":"set","ast-page-background-enabled":"default","ast-page-background-meta":{"desktop":{"background-color":"","background-image":"","background-repeat":"repeat","background-position":"center center","background-size":"auto","background-attachment":"scroll","background-type":"","background-media":"","overlay-type":"","overlay-color":"","overlay-opacity":"","overlay-gradient":""},"tablet":{"background-color":"","background-image":"","background-repeat":"repeat","background-position":"center center","background-size":"auto","background-attachment":"scroll","background-type":"","background-media":"","overlay-type":"","overlay-color":"","overlay-opacity":"","overlay-gradient":""},"mobile":{"background-color":"","background-image":"","background-repeat":"repeat","background-position":"center center","background-size":"auto","background-attachment":"scroll","background-type":"","background-media":"","overlay-type":"","overlay-color":"","overlay-opacity":"","overlay-gradient":""}},"ast-content-background-meta":{"desktop":{"background-color":"var(--ast-global-color-5)","background-image":"","background-repeat":"repeat","background-position":"center center","background-size":"auto","background-attachment":"scroll","background-type":"","background-media":"","overlay-type":"","overlay-color":"","overlay-opacity":"","overlay-gradient":""},"tablet":{"background-color":"var(--ast-global-color-5)","background-image":"","background-repeat":"repeat","background-position":"center center","background-size":"auto","background-attachment":"scroll","background-type":"","background-media":"","overlay-type":"","overlay-color":"","overlay-opacity":"","overlay-gradient":""},"mobile":{"background-color":"var(--ast-global-color-5)","background-image":"","background-repeat":"repeat","background-position":"center center","background-size":"auto","background-attachment":"scroll","background-type":"","background-media":"","overlay-type":"","overlay-color":"","overlay-opacity":"","overlay-gradient":""}}},"product_brand":[],"product_cat":[1206,1183,423,430,428,432,404,1184,427,433,414],"product_tag":[],"class_list":{"0":"post-7320","1":"product","2":"type-product","3":"status-publish","4":"has-post-thumbnail","6":"product_cat-fabric-for-bag","7":"product_cat-fabric-for-horse-blankets","8":"product_cat-fabric-for-military-police","9":"product_cat-fabric-for-motorwear","10":"product_cat-fabric-for-outdoor-sports","11":"product_cat-fabric-for-tent","12":"product_cat-nylon-fabrics","13":"product_cat-oxford-fabric","14":"product_cat-petroleum-and-petrochemical","15":"product_cat-textile-for-industrial","16":"product_cat-waterproof-fabrics","17":"pa_available_colors-1526-52","18":"desktop-align-left","19":"tablet-align-left","20":"mobile-align-left","21":"ast-product-gallery-layout-vertical-slider","22":"ast-product-tabs-layout-horizontal","24":"first","25":"instock","26":"shipping-taxable","27":"product-type-simple"},"uagb_featured_image_src":{"full":["https:\/\/www.sikortex.com\/wp-content\/uploads\/2024\/12\/Ballistic-Nylon-1680D-PU-Coated.jpg",800,800,false],"thumbnail":["https:\/\/www.sikortex.com\/wp-content\/uploads\/2024\/12\/Ballistic-Nylon-1680D-PU-Coated-150x150.jpg",150,150,true],"medium":["https:\/\/www.sikortex.com\/wp-content\/uploads\/2024\/12\/Ballistic-Nylon-1680D-PU-Coated-300x300.jpg",300,300,true],"medium_large":["https:\/\/www.sikortex.com\/wp-content\/uploads\/2024\/12\/Ballistic-Nylon-1680D-PU-Coated-768x768.jpg",768,768,true],"large":["https:\/\/www.sikortex.com\/wp-content\/uploads\/2024\/12\/Ballistic-Nylon-1680D-PU-Coated.jpg",800,800,false],"1536x1536":["https:\/\/www.sikortex.com\/wp-content\/uploads\/2024\/12\/Ballistic-Nylon-1680D-PU-Coated.jpg",800,800,false],"2048x2048":["https:\/\/www.sikortex.com\/wp-content\/uploads\/2024\/12\/Ballistic-Nylon-1680D-PU-Coated.jpg",800,800,false],"trp-custom-language-flag":["https:\/\/www.sikortex.com\/wp-content\/uploads\/2024\/12\/Ballistic-Nylon-1680D-PU-Coated-12x12.jpg",12,12,true],"woocommerce_thumbnail":["https:\/\/www.sikortex.com\/wp-content\/uploads\/2024\/12\/Ballistic-Nylon-1680D-PU-Coated-300x300.jpg",300,300,true],"woocommerce_single":["https:\/\/www.sikortex.com\/wp-content\/uploads\/2024\/12\/Ballistic-Nylon-1680D-PU-Coated-600x600.jpg",600,600,true],"woocommerce_gallery_thumbnail":["https:\/\/www.sikortex.com\/wp-content\/uploads\/2024\/12\/Ballistic-Nylon-1680D-PU-Coated-100x100.jpg",100,100,true]},"uagb_author_info":{"display_name":"Perry","author_link":"https:\/\/www.sikortex.com\/pt\/author\/"},"uagb_comment_info":0,"uagb_excerpt":"1200 Meters(Min.Order)","_links":{"self":[{"href":"https:\/\/www.sikortex.com\/pt\/wp-json\/wp\/v2\/product\/7320","targetHints":{"allow":["GET"]}}],"collection":[{"href":"https:\/\/www.sikortex.com\/pt\/wp-json\/wp\/v2\/product"}],"about":[{"href":"https:\/\/www.sikortex.com\/pt\/wp-json\/wp\/v2\/types\/product"}],"replies":[{"embeddable":true,"href":"https:\/\/www.sikortex.com\/pt\/wp-json\/wp\/v2\/comments?post=7320"}],"wp:featuredmedia":[{"embeddable":true,"href":"https:\/\/www.sikortex.com\/pt\/wp-json\/wp\/v2\/media\/7352"}],"wp:attachment":[{"href":"https:\/\/www.sikortex.com\/pt\/wp-json\/wp\/v2\/media?parent=7320"}],"wp:term":[{"taxonomy":"product_brand","embeddable":true,"href":"https:\/\/www.sikortex.com\/pt\/wp-json\/wp\/v2\/product_brand?post=7320"},{"taxonomy":"product_cat","embeddable":true,"href":"https:\/\/www.sikortex.com\/pt\/wp-json\/wp\/v2\/product_cat?post=7320"},{"taxonomy":"product_tag","embeddable":true,"href":"https:\/\/www.sikortex.com\/pt\/wp-json\/wp\/v2\/product_tag?post=7320"}],"curies":[{"name":"wp","href":"https:\/\/api.w.org\/{rel}","templated":true}]}}