{"id":7316,"date":"2024-12-16T11:08:06","date_gmt":"2024-12-16T03:08:06","guid":{"rendered":"https:\/\/www.sikortex.com\/?post_type=product&#038;p=7316"},"modified":"2025-02-17T17:40:24","modified_gmt":"2025-02-17T09:40:24","slug":"sk8362-oxford-flame-retardant-tecido-13","status":"publish","type":"product","link":"https:\/\/www.sikortex.com\/pt\/produtos\/sk8362-oxford-flame-retardant-tecido-13\/","title":{"rendered":"Tecido de poli\u00e9ster 600D com revestimento de PU \u00e0 prova d'\u00e1gua"},"content":{"rendered":"<h4 class=\"header-vfC6AV auto-hide-last-sibling-br\">Tecido de poli\u00e9ster 600D: Composi\u00e7\u00e3o e processo de tecelagem<\/h4>\n<div class=\"auto-hide-last-sibling-br paragraph-JOTKXA paragraph-element br-paragraph-space\">Poli\u00e9ster 600D <a href=\"https:\/\/www.sikortex.com\/pt\/2024\/09\/05\/fornecedor-de-tecido-ripstop-material-ripstop\/\"><span style=\"color: #3366ff;\">ripstop<\/span><\/a> <a href=\"\/pt\/fabricantes-de-tecidos-revestidos\/\"><span style=\"color: #3366ff;\">revestido de PU<\/span><\/a> O tecido \u00e9 feito pela duplica\u00e7\u00e3o e tecelagem de dois fios 300D. Este m\u00e9todo de produ\u00e7\u00e3o confere ao tecido uma apar\u00eancia mais texturizada. O fio duplo confere ao tecido alta resist\u00eancia e permite que ele seja adequado para uma variedade de processos de acabamento, como a fabrica\u00e7\u00e3o de fios 600D. <a href=\"\/pt\/fabricantes-de-tecidos-revestidos\/\"><span style=\"color: #3366ff;\">revestido de PU<\/span><\/a> tecido, tecido de poli\u00e9ster 600D com revestimento retardante de chamas e 600D <a href=\"https:\/\/www.sikortex.com\/pt\/repelente-de-agua-resistente-a-prova-dagua\/\"><span style=\"color: #3366ff;\">\u00e0 prova d'\u00e1gua<\/span> <\/a><a href=\"\/pt\/fabricantes-de-tecidos-revestidos\/\"><span style=\"color: #3366ff;\">tecido revestido<\/span><\/a>.<\/div>\n<div><\/div>\n<h4 class=\"header-vfC6AV auto-hide-last-sibling-br\">Tecido de poli\u00e9ster 600D: Especifica\u00e7\u00f5es de propriedades f\u00edsicas<\/h4>\n<div class=\"auto-hide-last-sibling-br paragraph-JOTKXA paragraph-element br-paragraph-space\">O tecido 600D para roupas externas \u00e9 um tecido de peso m\u00e9dio com excelente durabilidade e resist\u00eancia \u00e0 abras\u00e3o. De acordo com o m\u00e9todo de teste AS 2001.2.16, esse tecido pesa aproximadamente 230 g\/m\u00b2, com uma for\u00e7a de ruptura de urdidura de cerca de 2.400 N e uma for\u00e7a de ruptura de trama de 1.500 N. O m\u00e9todo de teste AS 2001.2.10 tamb\u00e9m mostra que ele pode suportar uma for\u00e7a de rasgo de 145N nas dire\u00e7\u00f5es do urdume e da trama.<\/div>\n<h4 class=\"header-vfC6AV auto-hide-last-sibling-br\"><\/h4>\n<h4 class=\"header-vfC6AV auto-hide-last-sibling-br\">Tecido de poli\u00e9ster 600D: Caracter\u00edsticas e origens do material<\/h4>\n<div class=\"auto-hide-last-sibling-br paragraph-JOTKXA paragraph-element br-paragraph-space\">O tecido de poli\u00e9ster 600D \u00e9 feito de poli\u00e9ster 100%. Este tecido \u00e9 reconhecido mundialmente por sua alta resist\u00eancia e durabilidade e \u00e9 um dos t\u00eaxteis mais populares do mundo. \u00c9 comumente usado em milhares de aplica\u00e7\u00f5es industriais e de consumo. \u00c9 um tecido sint\u00e9tico, geralmente derivado do petr\u00f3leo, mas tamb\u00e9m existem alguns produtos feitos de <a href=\"https:\/\/www.sikortex.com\/pt\/revista\/criando-moda-ecologica\/\"><span style=\"color: #3366ff;\">recicl\u00e1vel<\/span><\/a> e materiais biodegrad\u00e1veis. Al\u00e9m de resist\u00eancia e durabilidade, o tecido de poli\u00e9ster 600D tamb\u00e9m possui propriedades respir\u00e1veis.<\/div>\n<div><\/div>\n<h4 class=\"header-vfC6AV auto-hide-last-sibling-br\">Tecido de poli\u00e9ster 600D: Revestimento de PU \u00e0 prova d'\u00e1gua<\/h4>\n<div class=\"auto-hide-last-sibling-br paragraph-JOTKXA paragraph-element br-paragraph-space\">A superf\u00edcie do ripstop de poli\u00e9ster 600D <a href=\"\/pt\/fabricantes-de-tecidos-revestidos\/\"><span style=\"color: #3366ff;\">revestido de PU<\/span><\/a> o tecido \u00e9 revestido com poliuretano, o que confere excelente <a href=\"https:\/\/www.sikortex.com\/pt\/repelente-de-agua-resistente-a-prova-dagua\/\"><span style=\"color: #3366ff;\">\u00e0 prova d'\u00e1gua<\/span> <\/a>propriedades ao tecido e ajuda a prevenir o ac\u00famulo de sujeira. Al\u00e9m disso, por ser mais leve que a lona, \u00e9 mais f\u00e1cil de limpar e manter. Al\u00e9m disso, o revestimento torna o tecido altamente resistente \u00e0 abras\u00e3o, impacto e rasgos. O revestimento de PU tamb\u00e9m adiciona resist\u00eancia \u00e0 tra\u00e7\u00e3o e aos raios UV ao tecido, tornando-o uma escolha ideal para produtos para \u00e1reas externas.<\/div>\n<div><\/div>\n<h4 class=\"header-vfC6AV auto-hide-last-sibling-br\">Tecido de poli\u00e9ster 600D: Custo e praticidade<\/h4>\n<div class=\"auto-hide-last-sibling-br paragraph-JOTKXA paragraph-element br-paragraph-space\">Mesmo depois <a href=\"\/pt\/fabricantes-de-tecidos-revestidos\/\"><span style=\"color: #3366ff;\">Revestimento PU<\/span><\/a> tratamento, o tecido 600D \u00e9 um tecido leve, compacto e vers\u00e1til, al\u00e9m de ser altamente econ\u00f4mico. Por um lado, o custo de <a href=\"https:\/\/www.sikortex.com\/pt\/tecidos-de-poliester\/\"><span style=\"color: #3366ff;\">poli\u00e9ster<\/span><\/a> \u00e9 menor que a de<span style=\"color: #3366ff;\"><a style=\"color: #3366ff;\" href=\"https:\/\/www.sikortex.com\/pt\/fabricante-de-tecido-de-nylon\/\"> nylo<\/a>n<\/span>; por outro lado, seu processo de produ\u00e7\u00e3o \u00e9 mais simples, exigindo menos recursos e energia, reduzindo assim os custos de produ\u00e7\u00e3o. Aliado \u00e0s suas caracter\u00edsticas leves e compactas, o custo de transporte deste tecido tamb\u00e9m \u00e9 menor.<\/div>\n<div><\/div>\n<h4 class=\"header-vfC6AV auto-hide-last-sibling-br\">Tecido de poli\u00e9ster 600D: Diversos cen\u00e1rios de aplica\u00e7\u00e3o<\/h4>\n<div class=\"auto-hide-last-sibling-br paragraph-JOTKXA paragraph-element br-paragraph-space\">Poliuretano ripstop de poli\u00e9ster 600D <a href=\"\/pt\/fabricantes-de-tecidos-revestidos\/\"><span style=\"color: #3366ff;\">revestimento<\/span><\/a> O tecido \u00e9, sem d\u00favida, um tecido excepcional, por isso possui uma gama extremamente ampla de aplica\u00e7\u00f5es. \u00c9 usado em tudo, desde acess\u00f3rios simples como porta-moedas at\u00e9 mochilas, mochilas e bolsas para c\u00e2meras. Tamb\u00e9m \u00e9 um tecido comumente usado na ind\u00fastria equestre para a confec\u00e7\u00e3o de mantas e acess\u00f3rios para cavalos. \u00c9 uma escolha popular para a confec\u00e7\u00e3o de casacos e acess\u00f3rios para c\u00e3es. Este tecido tamb\u00e9m \u00e9 adequado para capas de barcos e carros, sendo um material ideal para a fabrica\u00e7\u00e3o de barracas, bolsas e malas.<\/div>\n<div><a href=\"https:\/\/www.sikortex.com\/pt\/tecido-nylon-algodao-tecido-corta-vento-ripstop-5\/\"><span style=\"color: #3366ff;\">saber mais<\/span><\/a><\/div>","protected":false},"excerpt":{"rendered":"<p>1200 metros (pedido m\u00ednimo)<\/p>","protected":false},"featured_media":7235,"comment_status":"closed","ping_status":"closed","template":"","meta":{"_uag_custom_page_level_css":"","site-sidebar-layout":"default","site-content-layout":"default","ast-site-content-layout":"","site-content-style":"default","site-sidebar-style":"default","ast-global-header-display":"","ast-banner-title-visibility":"","ast-main-header-display":"","ast-hfb-above-header-display":"","ast-hfb-below-header-display":"","ast-hfb-mobile-header-display":"","site-post-title":"","ast-breadcrumbs-content":"","ast-featured-img":"","footer-sml-layout":"","theme-transparent-header-meta":"default","adv-header-id-meta":"","stick-header-meta":"default","header-above-stick-meta":"","header-main-stick-meta":"","header-below-stick-meta":"","astra-migrate-meta-layouts":"default","ast-page-background-enabled":"default","ast-page-background-meta":{"desktop":{"background-color":"","background-image":"","background-repeat":"repeat","background-position":"center center","background-size":"auto","background-attachment":"scroll","background-type":"","background-media":"","overlay-type":"","overlay-color":"","overlay-opacity":"","overlay-gradient":""},"tablet":{"background-color":"","background-image":"","background-repeat":"repeat","background-position":"center center","background-size":"auto","background-attachment":"scroll","background-type":"","background-media":"","overlay-type":"","overlay-color":"","overlay-opacity":"","overlay-gradient":""},"mobile":{"background-color":"","background-image":"","background-repeat":"repeat","background-position":"center center","background-size":"auto","background-attachment":"scroll","background-type":"","background-media":"","overlay-type":"","overlay-color":"","overlay-opacity":"","overlay-gradient":""}},"ast-content-background-meta":{"desktop":{"background-color":"var(--ast-global-color-5)","background-image":"","background-repeat":"repeat","background-position":"center center","background-size":"auto","background-attachment":"scroll","background-type":"","background-media":"","overlay-type":"","overlay-color":"","overlay-opacity":"","overlay-gradient":""},"tablet":{"background-color":"var(--ast-global-color-5)","background-image":"","background-repeat":"repeat","background-position":"center center","background-size":"auto","background-attachment":"scroll","background-type":"","background-media":"","overlay-type":"","overlay-color":"","overlay-opacity":"","overlay-gradient":""},"mobile":{"background-color":"var(--ast-global-color-5)","background-image":"","background-repeat":"repeat","background-position":"center center","background-size":"auto","background-attachment":"scroll","background-type":"","background-media":"","overlay-type":"","overlay-color":"","overlay-opacity":"","overlay-gradient":""}}},"product_brand":[],"product_cat":[1206,1183,432,1184,403,433,414],"product_tag":[],"class_list":{"0":"post-7316","1":"product","2":"type-product","3":"status-publish","4":"has-post-thumbnail","6":"product_cat-fabric-for-bag","7":"product_cat-fabric-for-horse-blankets","8":"product_cat-fabric-for-tent","9":"product_cat-oxford-fabric","10":"product_cat-polyester-fabrics","11":"product_cat-textile-for-industrial","12":"product_cat-waterproof-fabrics","13":"pa_available_colors-911052-spc","14":"desktop-align-left","15":"tablet-align-left","16":"mobile-align-left","17":"ast-product-gallery-layout-vertical-slider","18":"ast-product-tabs-layout-horizontal","20":"first","21":"instock","22":"shipping-taxable","23":"product-type-simple"},"uagb_featured_image_src":{"full":["https:\/\/www.sikortex.com\/wp-content\/uploads\/2024\/11\/polyester-ripstop-oxford.jpg",800,800,false],"thumbnail":["https:\/\/www.sikortex.com\/wp-content\/uploads\/2024\/11\/polyester-ripstop-oxford-150x150.jpg",150,150,true],"medium":["https:\/\/www.sikortex.com\/wp-content\/uploads\/2024\/11\/polyester-ripstop-oxford-300x300.jpg",300,300,true],"medium_large":["https:\/\/www.sikortex.com\/wp-content\/uploads\/2024\/11\/polyester-ripstop-oxford-768x768.jpg",768,768,true],"large":["https:\/\/www.sikortex.com\/wp-content\/uploads\/2024\/11\/polyester-ripstop-oxford.jpg",800,800,false],"1536x1536":["https:\/\/www.sikortex.com\/wp-content\/uploads\/2024\/11\/polyester-ripstop-oxford.jpg",800,800,false],"2048x2048":["https:\/\/www.sikortex.com\/wp-content\/uploads\/2024\/11\/polyester-ripstop-oxford.jpg",800,800,false],"trp-custom-language-flag":["https:\/\/www.sikortex.com\/wp-content\/uploads\/2024\/11\/polyester-ripstop-oxford-12x12.jpg",12,12,true],"woocommerce_thumbnail":["https:\/\/www.sikortex.com\/wp-content\/uploads\/2024\/11\/polyester-ripstop-oxford-300x300.jpg",300,300,true],"woocommerce_single":["https:\/\/www.sikortex.com\/wp-content\/uploads\/2024\/11\/polyester-ripstop-oxford-600x600.jpg",600,600,true],"woocommerce_gallery_thumbnail":["https:\/\/www.sikortex.com\/wp-content\/uploads\/2024\/11\/polyester-ripstop-oxford-100x100.jpg",100,100,true]},"uagb_author_info":{"display_name":"Perry","author_link":"https:\/\/www.sikortex.com\/pt\/author\/"},"uagb_comment_info":0,"uagb_excerpt":"1200 Meters(Min.Order)","_links":{"self":[{"href":"https:\/\/www.sikortex.com\/pt\/wp-json\/wp\/v2\/product\/7316","targetHints":{"allow":["GET"]}}],"collection":[{"href":"https:\/\/www.sikortex.com\/pt\/wp-json\/wp\/v2\/product"}],"about":[{"href":"https:\/\/www.sikortex.com\/pt\/wp-json\/wp\/v2\/types\/product"}],"replies":[{"embeddable":true,"href":"https:\/\/www.sikortex.com\/pt\/wp-json\/wp\/v2\/comments?post=7316"}],"wp:featuredmedia":[{"embeddable":true,"href":"https:\/\/www.sikortex.com\/pt\/wp-json\/wp\/v2\/media\/7235"}],"wp:attachment":[{"href":"https:\/\/www.sikortex.com\/pt\/wp-json\/wp\/v2\/media?parent=7316"}],"wp:term":[{"taxonomy":"product_brand","embeddable":true,"href":"https:\/\/www.sikortex.com\/pt\/wp-json\/wp\/v2\/product_brand?post=7316"},{"taxonomy":"product_cat","embeddable":true,"href":"https:\/\/www.sikortex.com\/pt\/wp-json\/wp\/v2\/product_cat?post=7316"},{"taxonomy":"product_tag","embeddable":true,"href":"https:\/\/www.sikortex.com\/pt\/wp-json\/wp\/v2\/product_tag?post=7316"}],"curies":[{"name":"wp","href":"https:\/\/api.w.org\/{rel}","templated":true}]}}