{"id":7281,"date":"2024-12-11T11:40:27","date_gmt":"2024-12-11T03:40:27","guid":{"rendered":"https:\/\/www.sikortex.com\/?post_type=product&#038;p=7281"},"modified":"2024-12-27T14:16:58","modified_gmt":"2024-12-27T06:16:58","slug":"sk8362-oxford-flame-retardant-tecido-11","status":"publish","type":"product","link":"https:\/\/www.sikortex.com\/pt\/produtos\/sk8362-oxford-flame-retardant-tecido-11\/","title":{"rendered":"Tecido imperme\u00e1vel e respir\u00e1vel de alta resist\u00eancia para cobertores de cavalo"},"content":{"rendered":"<div class=\"auto-hide-last-sibling-br paragraph-u1TS5p paragraph-element br-paragraph-space\">Nosso tecido de poli\u00e9ster de alta resist\u00eancia, \u00e0 prova d'\u00e1gua e respir\u00e1vel para cobertores de cavalos. Esse tecido \u00e9 fabricado com poli\u00e9ster 900D, proporcionando uma espessura que atinge o equil\u00edbrio perfeito. A t\u00e9cnica de tecelagem ripstop \u00e9 uma caracter\u00edstica fundamental, dotando o tecido de not\u00e1vel resist\u00eancia \u00e0 tra\u00e7\u00e3o e ao rasgo. Mesmo quando os cavalos se envolvem em corridas vigorosas ou brincadeiras de rolar, o tecido permanece intacto, eliminando preocupa\u00e7\u00f5es com rasgos.<\/div>\n<p>&nbsp;<\/p>\n<div class=\"auto-hide-last-sibling-br paragraph-u1TS5p paragraph-element br-paragraph-space\">A adi\u00e7\u00e3o de um revestimento de PU \u00e0 prova d'\u00e1gua e respir\u00e1vel aprimora ainda mais sua funcionalidade. Ele funciona como um escudo confi\u00e1vel contra tempestades, mantendo os cavalos secos e confort\u00e1veis. A alta respirabilidade do processo de revestimento permite que a umidade escape, evitando o ac\u00famulo de umidade e garantindo que a pele do cavalo permane\u00e7a em condi\u00e7\u00f5es saud\u00e1veis.<\/div>\n<p>&nbsp;<\/p>\n<div class=\"auto-hide-last-sibling-br paragraph-u1TS5p paragraph-element br-paragraph-space\">Outra vantagem not\u00e1vel \u00e9 sua maciez. Apesar de sua durabilidade, o tecido \u00e9 suave para a pelagem e a pele do cavalo, evitando qualquer atrito ou desconforto. Isso \u00e9 fundamental, pois os cavalos t\u00eam pele sens\u00edvel e precisam de um tecido que seja resistente e macio ao mesmo tempo.<\/div>\n<p>&nbsp;<\/p>\n<div class=\"auto-hide-last-sibling-br paragraph-u1TS5p paragraph-element br-paragraph-space\">Al\u00e9m disso, nosso tecido imperme\u00e1vel e respir\u00e1vel de alta resist\u00eancia para cobertores de cavalos tamb\u00e9m \u00e9 ecologicamente correto. Ele \u00e9 fabricado usando processos de produ\u00e7\u00e3o avan\u00e7ados que minimizam o desperd\u00edcio e o consumo de energia. Os materiais usados s\u00e3o recicl\u00e1veis, reduzindo o impacto ambiental e contribuindo para a produ\u00e7\u00e3o t\u00eaxtil sustent\u00e1vel. Isso o torna uma \u00f3tima op\u00e7\u00e3o n\u00e3o apenas para o bem-estar dos cavalos, mas tamb\u00e9m para a sa\u00fade do nosso planeta.<\/div>\n<p>&nbsp;<\/p>\n<div class=\"auto-hide-last-sibling-br paragraph-u1TS5p paragraph-element br-paragraph-space\">Al\u00e9m disso, o tecido dos cobertores para cavalos tem excelentes propriedades anti-UV. Ele bloqueia com efic\u00e1cia os raios ultravioleta prejudiciais, protegendo os cavalos de poss\u00edveis danos causados pelo sol, especialmente durante longas horas de atividades ao ar livre. Em resumo, nosso tecido de poli\u00e9ster 900D combina resist\u00eancia, impermeabilidade, respirabilidade, maciez, prote\u00e7\u00e3o contra raios UV e respeito ao meio ambiente, o que o torna o material ideal para cobertores para cavalos, capaz de atender \u00e0s diversas necessidades dos cavalos e proporcionar-lhes o melhor cuidado e prote\u00e7\u00e3o.<\/div>","protected":false},"excerpt":{"rendered":"<p>1200 metros (pedido m\u00ednimo)<\/p>","protected":false},"featured_media":7286,"comment_status":"closed","ping_status":"closed","template":"","meta":{"_uag_custom_page_level_css":"","site-sidebar-layout":"default","site-content-layout":"default","ast-site-content-layout":"","site-content-style":"default","site-sidebar-style":"default","ast-global-header-display":"","ast-banner-title-visibility":"","ast-main-header-display":"","ast-hfb-above-header-display":"","ast-hfb-below-header-display":"","ast-hfb-mobile-header-display":"","site-post-title":"","ast-breadcrumbs-content":"","ast-featured-img":"","footer-sml-layout":"","theme-transparent-header-meta":"default","adv-header-id-meta":"","stick-header-meta":"default","header-above-stick-meta":"","header-main-stick-meta":"","header-below-stick-meta":"","astra-migrate-meta-layouts":"default","ast-page-background-enabled":"default","ast-page-background-meta":{"desktop":{"background-color":"","background-image":"","background-repeat":"repeat","background-position":"center center","background-size":"auto","background-attachment":"scroll","background-type":"","background-media":"","overlay-type":"","overlay-color":"","overlay-opacity":"","overlay-gradient":""},"tablet":{"background-color":"","background-image":"","background-repeat":"repeat","background-position":"center center","background-size":"auto","background-attachment":"scroll","background-type":"","background-media":"","overlay-type":"","overlay-color":"","overlay-opacity":"","overlay-gradient":""},"mobile":{"background-color":"","background-image":"","background-repeat":"repeat","background-position":"center center","background-size":"auto","background-attachment":"scroll","background-type":"","background-media":"","overlay-type":"","overlay-color":"","overlay-opacity":"","overlay-gradient":""}},"ast-content-background-meta":{"desktop":{"background-color":"var(--ast-global-color-5)","background-image":"","background-repeat":"repeat","background-position":"center center","background-size":"auto","background-attachment":"scroll","background-type":"","background-media":"","overlay-type":"","overlay-color":"","overlay-opacity":"","overlay-gradient":""},"tablet":{"background-color":"var(--ast-global-color-5)","background-image":"","background-repeat":"repeat","background-position":"center center","background-size":"auto","background-attachment":"scroll","background-type":"","background-media":"","overlay-type":"","overlay-color":"","overlay-opacity":"","overlay-gradient":""},"mobile":{"background-color":"var(--ast-global-color-5)","background-image":"","background-repeat":"repeat","background-position":"center center","background-size":"auto","background-attachment":"scroll","background-type":"","background-media":"","overlay-type":"","overlay-color":"","overlay-opacity":"","overlay-gradient":""}}},"product_brand":[],"product_cat":[1183,432,1184,433,414],"product_tag":[],"class_list":{"0":"post-7281","1":"product","2":"type-product","3":"status-publish","4":"has-post-thumbnail","6":"product_cat-fabric-for-horse-blankets","7":"product_cat-fabric-for-tent","8":"product_cat-oxford-fabric","9":"product_cat-textile-for-industrial","10":"product_cat-waterproof-fabrics","11":"pa_available_colors-911052-spc","12":"desktop-align-left","13":"tablet-align-left","14":"mobile-align-left","15":"ast-product-gallery-layout-vertical-slider","16":"ast-product-tabs-layout-horizontal","18":"first","19":"instock","20":"shipping-taxable","21":"product-type-simple"},"uagb_featured_image_src":{"full":["https:\/\/www.sikortex.com\/wp-content\/uploads\/2024\/12\/Ripstop-Horse-Rug-Fabric.jpg",800,800,false],"thumbnail":["https:\/\/www.sikortex.com\/wp-content\/uploads\/2024\/12\/Ripstop-Horse-Rug-Fabric-150x150.jpg",150,150,true],"medium":["https:\/\/www.sikortex.com\/wp-content\/uploads\/2024\/12\/Ripstop-Horse-Rug-Fabric-300x300.jpg",300,300,true],"medium_large":["https:\/\/www.sikortex.com\/wp-content\/uploads\/2024\/12\/Ripstop-Horse-Rug-Fabric-768x768.jpg",768,768,true],"large":["https:\/\/www.sikortex.com\/wp-content\/uploads\/2024\/12\/Ripstop-Horse-Rug-Fabric.jpg",800,800,false],"1536x1536":["https:\/\/www.sikortex.com\/wp-content\/uploads\/2024\/12\/Ripstop-Horse-Rug-Fabric.jpg",800,800,false],"2048x2048":["https:\/\/www.sikortex.com\/wp-content\/uploads\/2024\/12\/Ripstop-Horse-Rug-Fabric.jpg",800,800,false],"trp-custom-language-flag":["https:\/\/www.sikortex.com\/wp-content\/uploads\/2024\/12\/Ripstop-Horse-Rug-Fabric-12x12.jpg",12,12,true],"woocommerce_thumbnail":["https:\/\/www.sikortex.com\/wp-content\/uploads\/2024\/12\/Ripstop-Horse-Rug-Fabric-300x300.jpg",300,300,true],"woocommerce_single":["https:\/\/www.sikortex.com\/wp-content\/uploads\/2024\/12\/Ripstop-Horse-Rug-Fabric-600x600.jpg",600,600,true],"woocommerce_gallery_thumbnail":["https:\/\/www.sikortex.com\/wp-content\/uploads\/2024\/12\/Ripstop-Horse-Rug-Fabric-100x100.jpg",100,100,true]},"uagb_author_info":{"display_name":"Perry","author_link":"https:\/\/www.sikortex.com\/pt\/author\/"},"uagb_comment_info":0,"uagb_excerpt":"1200 Meters(Min.Order)","_links":{"self":[{"href":"https:\/\/www.sikortex.com\/pt\/wp-json\/wp\/v2\/product\/7281","targetHints":{"allow":["GET"]}}],"collection":[{"href":"https:\/\/www.sikortex.com\/pt\/wp-json\/wp\/v2\/product"}],"about":[{"href":"https:\/\/www.sikortex.com\/pt\/wp-json\/wp\/v2\/types\/product"}],"replies":[{"embeddable":true,"href":"https:\/\/www.sikortex.com\/pt\/wp-json\/wp\/v2\/comments?post=7281"}],"wp:featuredmedia":[{"embeddable":true,"href":"https:\/\/www.sikortex.com\/pt\/wp-json\/wp\/v2\/media\/7286"}],"wp:attachment":[{"href":"https:\/\/www.sikortex.com\/pt\/wp-json\/wp\/v2\/media?parent=7281"}],"wp:term":[{"taxonomy":"product_brand","embeddable":true,"href":"https:\/\/www.sikortex.com\/pt\/wp-json\/wp\/v2\/product_brand?post=7281"},{"taxonomy":"product_cat","embeddable":true,"href":"https:\/\/www.sikortex.com\/pt\/wp-json\/wp\/v2\/product_cat?post=7281"},{"taxonomy":"product_tag","embeddable":true,"href":"https:\/\/www.sikortex.com\/pt\/wp-json\/wp\/v2\/product_tag?post=7281"}],"curies":[{"name":"wp","href":"https:\/\/api.w.org\/{rel}","templated":true}]}}