{"id":7174,"date":"2024-11-20T15:56:44","date_gmt":"2024-11-20T07:56:44","guid":{"rendered":"https:\/\/www.sikortex.com\/?post_type=product&#038;p=7174"},"modified":"2025-01-07T10:23:17","modified_gmt":"2025-01-07T02:23:17","slug":"sk8362-oxford-flame-retardant-tecido-8","status":"publish","type":"product","link":"https:\/\/www.sikortex.com\/pt\/produtos\/sk8362-oxford-flame-retardant-tecido-8\/","title":{"rendered":"Tecido oxford ripstop de poli\u00e9ster para tapetes de cavalo"},"content":{"rendered":"<h4>Tecido oxford ripstop de poli\u00e9ster para tapetes de cavalo<\/h4>\n<p>Nosso tecido oxford ripstop de poli\u00e9ster pode ser usado para fazer cobertores para cavalos. Este tecido \u00e9 feito de poli\u00e9ster 300D, 500D, 600D, 900D, 120D para atender a diferentes requisitos de espessura. A tecnologia de tecelagem ripstop \u00e9 uma caracter\u00edstica fundamental que d\u00e1 ao tecido extraordin\u00e1ria resist\u00eancia \u00e0 tra\u00e7\u00e3o e resist\u00eancia ao rasgo. Mesmo que o cavalo esteja correndo vigorosamente ou rolando na brincadeira, o tecido permanece intacto sem se preocupar com rasgos.<\/p>\n<p>A adi\u00e7\u00e3o de um revestimento de PU \u00e0 prova d'\u00e1gua e respir\u00e1vel aprimora ainda mais sua funcionalidade. Ele funciona como uma barreira confi\u00e1vel contra intemp\u00e9ries, mantendo os cavalos secos e confort\u00e1veis. A alta respirabilidade do processo de revestimento permite que a umidade escape, evitando o ac\u00famulo de umidade e garantindo que a pele do cavalo permane\u00e7a em um estado saud\u00e1vel.<\/p>\n<p>Outra vantagem significativa \u00e9 sua maciez. Apesar de ser dur\u00e1vel, esse tecido \u00e9 suave para o pelo e a pele do cavalo, evitando qualquer atrito ou desconforto. Isso \u00e9 fundamental porque a pele do cavalo \u00e9 sens\u00edvel e requer um tecido que seja resistente e macio ao mesmo tempo.<\/p>\n<p>Al\u00e9m disso, nosso tecido oxford ripstop de poli\u00e9ster tamb\u00e9m \u00e9 ecologicamente correto. Ele \u00e9 fabricado usando processos de produ\u00e7\u00e3o avan\u00e7ados que minimizam o desperd\u00edcio e o consumo de energia. Os materiais usados s\u00e3o recicl\u00e1veis, reduzindo o impacto sobre o meio ambiente e contribuindo para a produ\u00e7\u00e3o t\u00eaxtil sustent\u00e1vel. Isso n\u00e3o apenas o torna uma excelente op\u00e7\u00e3o para o bem-estar dos cavalos, mas tamb\u00e9m para a sa\u00fade do planeta.<\/p>\n<p>Al\u00e9m disso, o tecido do cobertor para cavalos tem excelente resist\u00eancia aos raios UV. Ele bloqueia efetivamente os raios UV prejudiciais, protegendo os cavalos de poss\u00edveis danos causados pelo sol, especialmente durante longos per\u00edodos de atividades ao ar livre. Em resumo, nosso tecido oxford ripstop de poli\u00e9ster combina resist\u00eancia, impermeabilidade, respirabilidade, maciez, prote\u00e7\u00e3o contra raios UV e prote\u00e7\u00e3o ambiental, o que o torna o material ideal para cobertores para cavalos, capaz de atender \u00e0s diversas necessidades dos cavalos e proporcionar-lhes o melhor cuidado e prote\u00e7\u00e3o.<\/p>\n<p>&nbsp;<\/p>","protected":false},"excerpt":{"rendered":"<p>1200 metros (pedido m\u00ednimo)<\/p>","protected":false},"featured_media":7234,"comment_status":"closed","ping_status":"closed","template":"","meta":{"_uag_custom_page_level_css":"","site-sidebar-layout":"default","site-content-layout":"default","ast-site-content-layout":"","site-content-style":"default","site-sidebar-style":"default","ast-global-header-display":"","ast-banner-title-visibility":"","ast-main-header-display":"","ast-hfb-above-header-display":"","ast-hfb-below-header-display":"","ast-hfb-mobile-header-display":"","site-post-title":"","ast-breadcrumbs-content":"","ast-featured-img":"","footer-sml-layout":"","theme-transparent-header-meta":"default","adv-header-id-meta":"","stick-header-meta":"default","header-above-stick-meta":"","header-main-stick-meta":"","header-below-stick-meta":"","astra-migrate-meta-layouts":"default","ast-page-background-enabled":"default","ast-page-background-meta":{"desktop":{"background-color":"","background-image":"","background-repeat":"repeat","background-position":"center center","background-size":"auto","background-attachment":"scroll","background-type":"","background-media":"","overlay-type":"","overlay-color":"","overlay-opacity":"","overlay-gradient":""},"tablet":{"background-color":"","background-image":"","background-repeat":"repeat","background-position":"center center","background-size":"auto","background-attachment":"scroll","background-type":"","background-media":"","overlay-type":"","overlay-color":"","overlay-opacity":"","overlay-gradient":""},"mobile":{"background-color":"","background-image":"","background-repeat":"repeat","background-position":"center center","background-size":"auto","background-attachment":"scroll","background-type":"","background-media":"","overlay-type":"","overlay-color":"","overlay-opacity":"","overlay-gradient":""}},"ast-content-background-meta":{"desktop":{"background-color":"var(--ast-global-color-5)","background-image":"","background-repeat":"repeat","background-position":"center center","background-size":"auto","background-attachment":"scroll","background-type":"","background-media":"","overlay-type":"","overlay-color":"","overlay-opacity":"","overlay-gradient":""},"tablet":{"background-color":"var(--ast-global-color-5)","background-image":"","background-repeat":"repeat","background-position":"center center","background-size":"auto","background-attachment":"scroll","background-type":"","background-media":"","overlay-type":"","overlay-color":"","overlay-opacity":"","overlay-gradient":""},"mobile":{"background-color":"var(--ast-global-color-5)","background-image":"","background-repeat":"repeat","background-position":"center center","background-size":"auto","background-attachment":"scroll","background-type":"","background-media":"","overlay-type":"","overlay-color":"","overlay-opacity":"","overlay-gradient":""}}},"product_brand":[],"product_cat":[1183,432,1184,427,433,414],"product_tag":[],"class_list":{"0":"post-7174","1":"product","2":"type-product","3":"status-publish","4":"has-post-thumbnail","6":"product_cat-fabric-for-horse-blankets","7":"product_cat-fabric-for-tent","8":"product_cat-oxford-fabric","9":"product_cat-petroleum-and-petrochemical","10":"product_cat-textile-for-industrial","11":"product_cat-waterproof-fabrics","12":"pa_available_colors-911052-spc","13":"desktop-align-left","14":"tablet-align-left","15":"mobile-align-left","16":"ast-product-gallery-layout-vertical-slider","17":"ast-product-tabs-layout-horizontal","19":"first","20":"instock","21":"shipping-taxable","22":"product-type-simple"},"uagb_featured_image_src":{"full":["https:\/\/www.sikortex.com\/wp-content\/uploads\/2024\/11\/fabric-for-Horse-Rugs-2.jpg",800,734,false],"thumbnail":["https:\/\/www.sikortex.com\/wp-content\/uploads\/2024\/11\/fabric-for-Horse-Rugs-2-150x150.jpg",150,150,true],"medium":["https:\/\/www.sikortex.com\/wp-content\/uploads\/2024\/11\/fabric-for-Horse-Rugs-2-300x275.jpg",300,275,true],"medium_large":["https:\/\/www.sikortex.com\/wp-content\/uploads\/2024\/11\/fabric-for-Horse-Rugs-2-768x705.jpg",768,705,true],"large":["https:\/\/www.sikortex.com\/wp-content\/uploads\/2024\/11\/fabric-for-Horse-Rugs-2.jpg",800,734,false],"1536x1536":["https:\/\/www.sikortex.com\/wp-content\/uploads\/2024\/11\/fabric-for-Horse-Rugs-2.jpg",800,734,false],"2048x2048":["https:\/\/www.sikortex.com\/wp-content\/uploads\/2024\/11\/fabric-for-Horse-Rugs-2.jpg",800,734,false],"trp-custom-language-flag":["https:\/\/www.sikortex.com\/wp-content\/uploads\/2024\/11\/fabric-for-Horse-Rugs-2-13x12.jpg",13,12,true],"woocommerce_thumbnail":["https:\/\/www.sikortex.com\/wp-content\/uploads\/2024\/11\/fabric-for-Horse-Rugs-2-300x300.jpg",300,300,true],"woocommerce_single":["https:\/\/www.sikortex.com\/wp-content\/uploads\/2024\/11\/fabric-for-Horse-Rugs-2-600x551.jpg",600,551,true],"woocommerce_gallery_thumbnail":["https:\/\/www.sikortex.com\/wp-content\/uploads\/2024\/11\/fabric-for-Horse-Rugs-2-100x100.jpg",100,100,true]},"uagb_author_info":{"display_name":"Sandy","author_link":"https:\/\/www.sikortex.com\/pt\/author\/"},"uagb_comment_info":0,"uagb_excerpt":"1200 Meters(Min.Order)","_links":{"self":[{"href":"https:\/\/www.sikortex.com\/pt\/wp-json\/wp\/v2\/product\/7174","targetHints":{"allow":["GET"]}}],"collection":[{"href":"https:\/\/www.sikortex.com\/pt\/wp-json\/wp\/v2\/product"}],"about":[{"href":"https:\/\/www.sikortex.com\/pt\/wp-json\/wp\/v2\/types\/product"}],"replies":[{"embeddable":true,"href":"https:\/\/www.sikortex.com\/pt\/wp-json\/wp\/v2\/comments?post=7174"}],"wp:featuredmedia":[{"embeddable":true,"href":"https:\/\/www.sikortex.com\/pt\/wp-json\/wp\/v2\/media\/7234"}],"wp:attachment":[{"href":"https:\/\/www.sikortex.com\/pt\/wp-json\/wp\/v2\/media?parent=7174"}],"wp:term":[{"taxonomy":"product_brand","embeddable":true,"href":"https:\/\/www.sikortex.com\/pt\/wp-json\/wp\/v2\/product_brand?post=7174"},{"taxonomy":"product_cat","embeddable":true,"href":"https:\/\/www.sikortex.com\/pt\/wp-json\/wp\/v2\/product_cat?post=7174"},{"taxonomy":"product_tag","embeddable":true,"href":"https:\/\/www.sikortex.com\/pt\/wp-json\/wp\/v2\/product_tag?post=7174"}],"curies":[{"name":"wp","href":"https:\/\/api.w.org\/{rel}","templated":true}]}}