{"id":7165,"date":"2024-11-19T15:13:55","date_gmt":"2024-11-19T07:13:55","guid":{"rendered":"https:\/\/www.sikortex.com\/?post_type=product&#038;p=7165"},"modified":"2025-01-07T10:19:40","modified_gmt":"2025-01-07T02:19:40","slug":"sk8362-oxford-flame-retardant-tecido-5","status":"publish","type":"product","link":"https:\/\/www.sikortex.com\/pt\/produtos\/sk8362-oxford-flame-retardant-tecido-5\/","title":{"rendered":"Tecido de manta de cavalo Ripstop de nylon 650D com revestimento de PU"},"content":{"rendered":"<h4>Tecido para manta de cavalo Ripstop de nylon 650D, revestido em PU: a combina\u00e7\u00e3o perfeita de durabilidade e estilo<\/h4>\n<p>&nbsp;<\/p>\n<p>Em termos de sele\u00e7\u00e3o de material para manta de cavalo, o tecido ripstop de nylon 650D revestido com PU \u00e9 a primeira escolha. Este tecido combina for\u00e7a, resist\u00eancia \u00e0 \u00e1gua e resist\u00eancia \u00e0 abras\u00e3o com uma est\u00e9tica vibrante e \u00e9 projetado para fornecer desempenho duradouro em todos os ambientes.<\/p>\n<p>Caracter\u00edsticas do material: qualidade superior para durabilidade ao ar livre<\/p>\n<p>1. Propriedades do material de nylon<\/p>\n<p>Alta resist\u00eancia: Este tecido de alta resist\u00eancia suporta melhor o calor e n\u00e3o \u00e9 facilmente danificado ou quebrado, garantindo a durabilidade do cobertor para cavalo.<\/p>\n<p>Leve: O material de nylon em si \u00e9 relativamente leve. Quando usado como um cobertor de cavalo, ele n\u00e3o colocar\u00e1 muita carga no cavalo, permitindo que ele se mova mais facilmente enquanto estiver usando o cobertor de cavalo.<\/p>\n<p>2. Resist\u00eancia a rasgos: Fios refor\u00e7ados podem evitar que rasgos se expandam ainda mais. Mesmo que o tecido esteja levemente danificado, ele n\u00e3o se espalhar\u00e1 facilmente em grandes rasgos, estendendo muito a vida \u00fatil do tecido.<\/p>\n<p>3. Caracter\u00edsticas do revestimento de PU:<\/p>\n<p>Boa impermeabiliza\u00e7\u00e3o: pode efetivamente evitar que os cavalos se molhem com a chuva ao ar livre, mant\u00ea-los secos e evitar que fiquem doentes ou se sintam desconfort\u00e1veis devido \u00e0 umidade.<\/p>\n<p>Maior resist\u00eancia ao desgaste: pode reduzir os danos ao tecido do cobertor para cavalos durante o uso e prolongar ainda mais a vida \u00fatil do cobertor para cavalos.<\/p>\n<p>Respirabilidade: al\u00e9m de ser \u00e0 prova d&#039;\u00e1gua, tamb\u00e9m permite que a pele do cavalo mantenha um certo grau de respira\u00e7\u00e3o, evitando problemas de pele causados por ficar envolto em materiais n\u00e3o respir\u00e1veis por muito tempo.<\/p>\n<p>4. Outras fun\u00e7\u00f5es:<\/p>\n<p>F\u00e1cil de limpar: A superf\u00edcie \u00e9 relativamente lisa, menos propensa a ser manchada com poeira e sujeira, e mais f\u00e1cil de limpar depois de sujar. A maioria das manchas pode ser removida simplesmente limpando com um pano \u00famido.<\/p>\n<p>Boa resist\u00eancia \u00e0s intemp\u00e9ries: pode se adaptar a diferentes condi\u00e7\u00f5es clim\u00e1ticas. Seja ver\u00e3o quente ou inverno frio, pode manter um bom desempenho e n\u00e3o \u00e9 facilmente afetado por fatores como temperatura e umidade, causando problemas como deforma\u00e7\u00e3o e envelhecimento.<\/p>\n<p>Os tecidos Ripstop de Nylon 650D s\u00e3o ideais para uma variedade de aplica\u00e7\u00f5es externas, incluindo:<\/p>\n<p>Mochilas: Alta resist\u00eancia e resist\u00eancia a rasgos fazem dele um material ideal para mochilas para atividades ao ar livre.<br \/>\nRoupas para atividades ao ar livre: Aumente a durabilidade das roupas e estenda sua vida \u00fatil.<br \/>\nTecido da barraca: Oferece boas propriedades \u00e0 prova de vento, chuva e rasgos.<\/p>\n<p>Suporte de personaliza\u00e7\u00e3o: adapte seu tecido \u00e0 perfei\u00e7\u00e3o<\/p>\n<p>Oferecemos amplas op\u00e7\u00f5es de personaliza\u00e7\u00e3o, incluindo uma ampla gama de cores, dimens\u00f5es personalizadas, espessuras variadas de revestimento de PU e impress\u00e3o para branding ou design. Adapte o tecido para atender \u00e0s suas necessidades exatas, garantindo o m\u00e1ximo impacto e satisfa\u00e7\u00e3o.<\/p>\n<p>Descubra como o Tecido Ripstop de Nylon 650D pode aprimorar seus produtos para \u00e1reas externas com durabilidade e estilo inigual\u00e1veis. Entre em contato conosco hoje mesmo para obter mais informa\u00e7\u00f5es sobre personaliza\u00e7\u00e3o e disponibilidade.<\/p>","protected":false},"excerpt":{"rendered":"<p>1200 metros (pedido m\u00ednimo)<\/p>","protected":false},"featured_media":7229,"comment_status":"closed","ping_status":"closed","template":"","meta":{"_uag_custom_page_level_css":"","site-sidebar-layout":"default","site-content-layout":"default","ast-site-content-layout":"","site-content-style":"default","site-sidebar-style":"default","ast-global-header-display":"","ast-banner-title-visibility":"","ast-main-header-display":"","ast-hfb-above-header-display":"","ast-hfb-below-header-display":"","ast-hfb-mobile-header-display":"","site-post-title":"","ast-breadcrumbs-content":"","ast-featured-img":"","footer-sml-layout":"","theme-transparent-header-meta":"default","adv-header-id-meta":"","stick-header-meta":"default","header-above-stick-meta":"","header-main-stick-meta":"","header-below-stick-meta":"","astra-migrate-meta-layouts":"default","ast-page-background-enabled":"default","ast-page-background-meta":{"desktop":{"background-color":"","background-image":"","background-repeat":"repeat","background-position":"center center","background-size":"auto","background-attachment":"scroll","background-type":"","background-media":"","overlay-type":"","overlay-color":"","overlay-opacity":"","overlay-gradient":""},"tablet":{"background-color":"","background-image":"","background-repeat":"repeat","background-position":"center center","background-size":"auto","background-attachment":"scroll","background-type":"","background-media":"","overlay-type":"","overlay-color":"","overlay-opacity":"","overlay-gradient":""},"mobile":{"background-color":"","background-image":"","background-repeat":"repeat","background-position":"center center","background-size":"auto","background-attachment":"scroll","background-type":"","background-media":"","overlay-type":"","overlay-color":"","overlay-opacity":"","overlay-gradient":""}},"ast-content-background-meta":{"desktop":{"background-color":"var(--ast-global-color-5)","background-image":"","background-repeat":"repeat","background-position":"center center","background-size":"auto","background-attachment":"scroll","background-type":"","background-media":"","overlay-type":"","overlay-color":"","overlay-opacity":"","overlay-gradient":""},"tablet":{"background-color":"var(--ast-global-color-5)","background-image":"","background-repeat":"repeat","background-position":"center center","background-size":"auto","background-attachment":"scroll","background-type":"","background-media":"","overlay-type":"","overlay-color":"","overlay-opacity":"","overlay-gradient":""},"mobile":{"background-color":"var(--ast-global-color-5)","background-image":"","background-repeat":"repeat","background-position":"center center","background-size":"auto","background-attachment":"scroll","background-type":"","background-media":"","overlay-type":"","overlay-color":"","overlay-opacity":"","overlay-gradient":""}}},"product_brand":[],"product_cat":[426,1183,432,404,433,414],"product_tag":[],"class_list":{"0":"post-7165","1":"product","2":"type-product","3":"status-publish","4":"has-post-thumbnail","6":"product_cat-constructionmining","7":"product_cat-fabric-for-horse-blankets","8":"product_cat-fabric-for-tent","9":"product_cat-nylon-fabrics","10":"product_cat-textile-for-industrial","11":"product_cat-waterproof-fabrics","12":"pa_available_colors-911052-spc","13":"desktop-align-left","14":"tablet-align-left","15":"mobile-align-left","16":"ast-product-gallery-layout-vertical-slider","17":"ast-product-tabs-layout-horizontal","19":"first","20":"instock","21":"shipping-taxable","22":"product-type-simple"},"uagb_featured_image_src":{"full":["https:\/\/www.sikortex.com\/wp-content\/uploads\/2024\/11\/Horse-Blanket-Fabric-Ripstop.jpg",600,600,false],"thumbnail":["https:\/\/www.sikortex.com\/wp-content\/uploads\/2024\/11\/Horse-Blanket-Fabric-Ripstop-150x150.jpg",150,150,true],"medium":["https:\/\/www.sikortex.com\/wp-content\/uploads\/2024\/11\/Horse-Blanket-Fabric-Ripstop-300x300.jpg",300,300,true],"medium_large":["https:\/\/www.sikortex.com\/wp-content\/uploads\/2024\/11\/Horse-Blanket-Fabric-Ripstop.jpg",600,600,false],"large":["https:\/\/www.sikortex.com\/wp-content\/uploads\/2024\/11\/Horse-Blanket-Fabric-Ripstop.jpg",600,600,false],"1536x1536":["https:\/\/www.sikortex.com\/wp-content\/uploads\/2024\/11\/Horse-Blanket-Fabric-Ripstop.jpg",600,600,false],"2048x2048":["https:\/\/www.sikortex.com\/wp-content\/uploads\/2024\/11\/Horse-Blanket-Fabric-Ripstop.jpg",600,600,false],"trp-custom-language-flag":["https:\/\/www.sikortex.com\/wp-content\/uploads\/2024\/11\/Horse-Blanket-Fabric-Ripstop-12x12.jpg",12,12,true],"woocommerce_thumbnail":["https:\/\/www.sikortex.com\/wp-content\/uploads\/2024\/11\/Horse-Blanket-Fabric-Ripstop-300x300.jpg",300,300,true],"woocommerce_single":["https:\/\/www.sikortex.com\/wp-content\/uploads\/2024\/11\/Horse-Blanket-Fabric-Ripstop.jpg",600,600,false],"woocommerce_gallery_thumbnail":["https:\/\/www.sikortex.com\/wp-content\/uploads\/2024\/11\/Horse-Blanket-Fabric-Ripstop-100x100.jpg",100,100,true]},"uagb_author_info":{"display_name":"Sandy","author_link":"https:\/\/www.sikortex.com\/pt\/author\/"},"uagb_comment_info":0,"uagb_excerpt":"1200 Meters(Min.Order)","_links":{"self":[{"href":"https:\/\/www.sikortex.com\/pt\/wp-json\/wp\/v2\/product\/7165","targetHints":{"allow":["GET"]}}],"collection":[{"href":"https:\/\/www.sikortex.com\/pt\/wp-json\/wp\/v2\/product"}],"about":[{"href":"https:\/\/www.sikortex.com\/pt\/wp-json\/wp\/v2\/types\/product"}],"replies":[{"embeddable":true,"href":"https:\/\/www.sikortex.com\/pt\/wp-json\/wp\/v2\/comments?post=7165"}],"wp:featuredmedia":[{"embeddable":true,"href":"https:\/\/www.sikortex.com\/pt\/wp-json\/wp\/v2\/media\/7229"}],"wp:attachment":[{"href":"https:\/\/www.sikortex.com\/pt\/wp-json\/wp\/v2\/media?parent=7165"}],"wp:term":[{"taxonomy":"product_brand","embeddable":true,"href":"https:\/\/www.sikortex.com\/pt\/wp-json\/wp\/v2\/product_brand?post=7165"},{"taxonomy":"product_cat","embeddable":true,"href":"https:\/\/www.sikortex.com\/pt\/wp-json\/wp\/v2\/product_cat?post=7165"},{"taxonomy":"product_tag","embeddable":true,"href":"https:\/\/www.sikortex.com\/pt\/wp-json\/wp\/v2\/product_tag?post=7165"}],"curies":[{"name":"wp","href":"https:\/\/api.w.org\/{rel}","templated":true}]}}