{"id":7109,"date":"2024-09-12T10:56:24","date_gmt":"2024-09-12T02:56:24","guid":{"rendered":"https:\/\/www.sikortex.com\/?post_type=product&#038;p=7109"},"modified":"2025-08-18T14:03:51","modified_gmt":"2025-08-18T06:03:51","slug":"sk8344-tecido-elastico-de-poliester-algodao-7","status":"publish","type":"product","link":"https:\/\/www.sikortex.com\/pt\/produtos\/sk8344-tecido-elastico-de-poliester-algodao-7\/","title":{"rendered":"Tecido acr\u00edlico tingido em solu\u00e7\u00e3o para toldo"},"content":{"rendered":"<p>Tecido acr\u00edlico tingido em solu\u00e7\u00e3o: qualidade excepcional para suas necessidades<\/p>\n<p>Quando se trata de tecidos, <a href=\"https:\/\/www.sikortex.com\/pt\/tecidos-anti-infravermelho-3\/\"><span style=\"color: #3366ff;\">tecido acr\u00edlico tingido em solu\u00e7\u00e3o<\/span><\/a> \u00e9 uma op\u00e7\u00e3o de destaque com uma s\u00e9rie de recursos que os tornam altamente desej\u00e1veis.<\/p>\n<p><strong>Vantagens<\/strong>:<\/p>\n<p>A solidez da cor do nosso <a href=\"https:\/\/www.sikortex.com\/pt\/tecidos-anti-infravermelho-3\/\"><span style=\"color: #3366ff;\">tecido acr\u00edlico tingido em solu\u00e7\u00e3o<\/span><\/a> para <a href=\"https:\/\/www.sikortex.com\/pt\/fabricante-de-tecido-para-toldos\/\"><span style=\"color: #3366ff;\">Toldo<\/span><\/a> \u00e9 realmente not\u00e1vel. Com a capacidade de <a href=\"\/pt\/tecido-tingido-em-solucao\/\"><span style=\"color: #3366ff;\">resistir a UV<\/span><\/a> testado por mais de 1500 horas sem desbotar, este tecido garante que seus tons vibrantes durar\u00e3o mais de 5 anos. Esta longevidade da cor \u00e9 uma vantagem significativa, especialmente para itens que s\u00e3o expostos \u00e0 luz solar ou ilumina\u00e7\u00e3o intensa regularmente. Seja para m\u00f3veis de exterior ou elementos decorativos, voc\u00ea pode confiar que os tecidos Para <a href=\"https:\/\/www.sikortex.com\/pt\/fabricante-de-tecido-para-toldos\/\"><span style=\"color: #3366ff;\">Toldo<\/span><\/a> manter\u00e1 seu apelo est\u00e9tico.<\/p>\n<p>Flexibilidade nos pedidos \u00e9 outra vantagem fundamental. Nossa quantidade m\u00ednima de pedido \u00e9 muito flex\u00edvel, permitindo que clientes de pequena e grande escala acessem nosso tecido de alta qualidade. A largura padr\u00e3o de 120 cm\/150 cm \u00e9 conveniente, e a op\u00e7\u00e3o de personalizar larguras e cores de acordo com requisitos espec\u00edficos d\u00e1 aos nossos clientes a liberdade de criar produtos exclusivos e personalizados.<\/p>\n<p>O acabamento em Teflon no tecido oferece excelente prote\u00e7\u00e3o. \u00c9 <a href=\"https:\/\/www.sikortex.com\/pt\/tecido-repelente-de-oleo\/\"><span style=\"color: #3366ff;\">\u00e0 prova de \u00f3leo<\/span><\/a>, \u00e0 prova de manchas e \u00e0 prova d&#039;\u00e1gua. Isso significa que derramamentos acidentais ou exposi\u00e7\u00e3o a v\u00e1rias subst\u00e2ncias podem ser facilmente resolvidos. Uma simples limpeza geralmente \u00e9 tudo o que \u00e9 preciso para remover manchas, tornando a manuten\u00e7\u00e3o muito f\u00e1cil. Esse recurso \u00e9 particularmente valioso em ambientes onde o tecido provavelmente encontrar\u00e1 sujeira ou umidade.<\/p>\n<p><strong>Aplica\u00e7\u00f5es<\/strong>:<\/p>\n<p>As aplica\u00e7\u00f5es de <span style=\"color: #3366ff;\"><a style=\"color: #3366ff;\" href=\"https:\/\/www.sikortex.com\/pt\/tecidos-anti-infravermelho-3\/\">tecido acr\u00edlico tingido em solu\u00e7\u00e3o<\/a><\/span> s\u00e3o diversos. No espa\u00e7o de vida ao ar livre, eles s\u00e3o perfeitos para almofadas de p\u00e1tio, guarda-s\u00f3is e cortinas externas. A resist\u00eancia aos raios UV e a natureza \u00e0 prova de intemp\u00e9ries do tecido garantem que seus m\u00f3veis e decora\u00e7\u00e3o de exterior permane\u00e7am com \u00f3tima apar\u00eancia, apesar dos elementos. No mundo n\u00e1utico, eles podem ser usados para capas de barcos e velas, pois podem suportar as duras condi\u00e7\u00f5es do mar. Para interiores de casas, eles s\u00e3o ideais para fazer cortinas, tapetes e estofados. A durabilidade do tecido e as propriedades f\u00e1ceis de limpar o tornam uma escolha pr\u00e1tica para resid\u00eancias. No setor comercial, eles podem ser usados em hot\u00e9is, restaurantes e caf\u00e9s para toalhas de mesa e capas de cadeiras.<\/p>\n<p>Resumindo, <a href=\"https:\/\/www.sikortex.com\/pt\/tecidos-anti-infravermelho-3\/\"><span style=\"color: #3366ff;\">tecido acr\u00edlico tingido em solu\u00e7\u00e3o<\/span><\/a> oferecem uma combina\u00e7\u00e3o \u00fanica de vantagens. Sua solidez de cor, flexibilidade em pedidos e acabamento protetor os tornam uma excelente escolha para uma ampla variedade de aplica\u00e7\u00f5es. Apesar do pequeno problema de respirabilidade em alguns casos, sua qualidade geral e desempenho s\u00e3o realmente excelentes. <a href=\"https:\/\/www.sikortex.com\/pt\/contate-nos\/\"><span style=\"color: #3366ff;\">Contate-nos<\/span><\/a> hoje para explorar como esses tecidos podem aprimorar seus projetos.<\/p>\n<h4 style=\"text-align: center;\">Tecido acr\u00edlico tingido em solu\u00e7\u00e3o SIKOR-TEX TDS<\/h4>\n<table style=\"height: 757px;\" width=\"1333\">\n<tbody>\n<tr>\n<td style=\"text-align: center;\" width=\"271\"><strong>Itens de teste<\/strong><\/td>\n<td style=\"text-align: center;\" width=\"229\"><strong>M\u00e9todo de teste<\/strong><\/td>\n<td style=\"text-align: center;\" width=\"218\"><strong>Exig\u00eancia<\/strong><\/td>\n<\/tr>\n<tr>\n<td style=\"text-align: center;\">Largura do rolo<\/td>\n<td style=\"text-align: center;\"><\/td>\n<td style=\"text-align: center;\" width=\"218\">54\u2033-61\u2033\/137-155 cm (\u00b1 2 cm)<\/td>\n<\/tr>\n<tr>\n<td style=\"text-align: center;\" width=\"271\">Comprimento do rolo (m\u00e9dia)<\/td>\n<td style=\"text-align: center;\"><\/td>\n<td style=\"text-align: center;\" width=\"218\">50m<\/td>\n<\/tr>\n<tr>\n<td style=\"text-align: center;\" width=\"271\">Composi\u00e7\u00e3o<\/td>\n<td style=\"text-align: center;\"><\/td>\n<td style=\"text-align: center;\" width=\"218\">100%Solution Acr\u00edlico Tingido<\/td>\n<\/tr>\n<tr>\n<td style=\"text-align: center;\">Peso<\/td>\n<td style=\"text-align: center;\"><\/td>\n<td style=\"text-align: center;\" width=\"218\">220-400g\/m\u00b2<\/td>\n<\/tr>\n<tr>\n<td style=\"text-align: center;\" width=\"271\">Solidez da cor \u00e0 fric\u00e7\u00e3o<\/td>\n<td style=\"text-align: center;\">ISO 105-X12:2016<\/td>\n<td style=\"text-align: center;\" width=\"218\">Colora\u00e7\u00e3o a seco 4-5<br \/>\nColora\u00e7\u00e3o \u00famida 4-5<\/td>\n<\/tr>\n<tr>\n<td style=\"text-align: center;\" width=\"271\">Solidez da cor \u00e0 luz<\/td>\n<td style=\"text-align: center;\" width=\"229\">ISO 105-B02:2014<\/td>\n<td style=\"text-align: center;\">8<\/td>\n<\/tr>\n<tr>\n<td style=\"text-align: center;\" width=\"271\">Solidez da cor \u00e0s intemp\u00e9ries<\/td>\n<td style=\"text-align: center;\">ISO 105-B04:1994<\/td>\n<td style=\"text-align: center;\">7<\/td>\n<\/tr>\n<tr>\n<td style=\"text-align: center;\" width=\"271\">Solidez da cor \u00e0 luz<br \/>\n(Ap\u00f3s 1500 horas, mudan\u00e7a em Shad)<\/td>\n<td style=\"text-align: center;\" width=\"229\">Portugu\u00eas AATCC TM 16.3-2014;<br \/>\nOp\u00e7\u00e3o 3; L\u00e2mpada de arco de xen\u00f4nio<\/td>\n<td style=\"text-align: center;\" width=\"218\">4<\/td>\n<\/tr>\n<tr>\n<td style=\"text-align: center;\" width=\"271\">Repelente de \u00e1gua<br \/>\n20\u00b12\u2103<\/td>\n<td style=\"text-align: center;\">1SO 4920:2012(E)Teste de pulveriza\u00e7\u00e3o<\/td>\n<td style=\"text-align: center;\" width=\"218\">4-5<\/td>\n<\/tr>\n<tr>\n<td style=\"text-align: center;\" width=\"271\">\u00c1lcool\/Repelente de \u00c1gua<br \/>\n0,6 cm 10s 45\u00b0<\/td>\n<td style=\"text-align: center;\">AATCC 193<\/td>\n<td style=\"text-align: center;\">4<\/td>\n<\/tr>\n<tr>\n<td style=\"text-align: center;\" width=\"271\">Repelente de \u00f3leo<br \/>\n0,6 cm 30s 45\u00b0 27,3 mN\/m<\/td>\n<td style=\"text-align: center;\">AATCC 118<\/td>\n<td style=\"text-align: center;\">3<\/td>\n<\/tr>\n<tr>\n<td style=\"text-align: center;\">Classifica\u00e7\u00e3o UPF<\/td>\n<td style=\"text-align: center;\">AATCC 183-2014<\/td>\n<td style=\"text-align: center;\" width=\"218\">50+<\/td>\n<\/tr>\n<\/tbody>\n<\/table>\n<p>&nbsp;<\/p>\n<p>&nbsp;<\/p>\n<p>&nbsp;<\/p>\n<p>&nbsp;<\/p>\n<p>&nbsp;<\/p>","protected":false},"excerpt":{"rendered":"<p><span style=\"vertical-align: inherit;\"><span style=\"vertical-align: inherit;\">1000 m (quantidade m\u00ednima de pedidos)<\/span><\/span><\/p>","protected":false},"featured_media":7107,"comment_status":"closed","ping_status":"closed","template":"","meta":{"_uag_custom_page_level_css":"","site-sidebar-layout":"default","site-content-layout":"default","ast-site-content-layout":"","site-content-style":"default","site-sidebar-style":"default","ast-global-header-display":"","ast-banner-title-visibility":"","ast-main-header-display":"","ast-hfb-above-header-display":"","ast-hfb-below-header-display":"","ast-hfb-mobile-header-display":"","site-post-title":"","ast-breadcrumbs-content":"","ast-featured-img":"","footer-sml-layout":"","theme-transparent-header-meta":"default","adv-header-id-meta":"","stick-header-meta":"default","header-above-stick-meta":"","header-main-stick-meta":"","header-below-stick-meta":"","astra-migrate-meta-layouts":"default","ast-page-background-enabled":"default","ast-page-background-meta":{"desktop":{"background-color":"","background-image":"","background-repeat":"repeat","background-position":"center center","background-size":"auto","background-attachment":"scroll","background-type":"","background-media":"","overlay-type":"","overlay-color":"","overlay-opacity":"","overlay-gradient":""},"tablet":{"background-color":"","background-image":"","background-repeat":"repeat","background-position":"center center","background-size":"auto","background-attachment":"scroll","background-type":"","background-media":"","overlay-type":"","overlay-color":"","overlay-opacity":"","overlay-gradient":""},"mobile":{"background-color":"","background-image":"","background-repeat":"repeat","background-position":"center center","background-size":"auto","background-attachment":"scroll","background-type":"","background-media":"","overlay-type":"","overlay-color":"","overlay-opacity":"","overlay-gradient":""}},"ast-content-background-meta":{"desktop":{"background-color":"var(--ast-global-color-5)","background-image":"","background-repeat":"repeat","background-position":"center center","background-size":"auto","background-attachment":"scroll","background-type":"","background-media":"","overlay-type":"","overlay-color":"","overlay-opacity":"","overlay-gradient":""},"tablet":{"background-color":"var(--ast-global-color-5)","background-image":"","background-repeat":"repeat","background-position":"center center","background-size":"auto","background-attachment":"scroll","background-type":"","background-media":"","overlay-type":"","overlay-color":"","overlay-opacity":"","overlay-gradient":""},"mobile":{"background-color":"var(--ast-global-color-5)","background-image":"","background-repeat":"repeat","background-position":"center center","background-size":"auto","background-attachment":"scroll","background-type":"","background-media":"","overlay-type":"","overlay-color":"","overlay-opacity":"","overlay-gradient":""}}},"product_brand":[],"product_cat":[1169,1126,1218,433,1697,414],"product_tag":[],"class_list":{"0":"post-7109","1":"product","2":"type-product","3":"status-publish","4":"has-post-thumbnail","6":"product_cat-solution-dyed-acrylic-fabric","7":"product_cat-fabric-for-awning","8":"product_cat-marine-fabrics","9":"product_cat-textile-for-industrial","10":"product_cat-uv-protection-fabric","11":"product_cat-waterproof-fabrics","12":"pa_available_colors-1526-03","13":"pa_available_colors-1526-07","14":"pa_available_colors-1526-39","15":"pa_available_colors-1526-42","16":"pa_available_colors-1526-43","17":"pa_available_colors-1526-48","18":"pa_available_colors-1526-49","19":"pa_available_colors-1526-50","20":"pa_available_colors-1526-51","21":"pa_available_colors-1526-52","22":"desktop-align-left","23":"tablet-align-left","24":"mobile-align-left","25":"ast-product-gallery-layout-vertical-slider","26":"ast-product-tabs-layout-horizontal","28":"first","29":"instock","30":"shipping-taxable","31":"product-type-simple"},"uagb_featured_image_src":{"full":["https:\/\/www.sikortex.com\/wp-content\/uploads\/2024\/09\/Liquid-dyed-acrylic-fabric-no-fading-for-10-years.png",800,596,false],"thumbnail":["https:\/\/www.sikortex.com\/wp-content\/uploads\/2024\/09\/Liquid-dyed-acrylic-fabric-no-fading-for-10-years-150x150.png",150,150,true],"medium":["https:\/\/www.sikortex.com\/wp-content\/uploads\/2024\/09\/Liquid-dyed-acrylic-fabric-no-fading-for-10-years-300x224.png",300,224,true],"medium_large":["https:\/\/www.sikortex.com\/wp-content\/uploads\/2024\/09\/Liquid-dyed-acrylic-fabric-no-fading-for-10-years-768x572.png",768,572,true],"large":["https:\/\/www.sikortex.com\/wp-content\/uploads\/2024\/09\/Liquid-dyed-acrylic-fabric-no-fading-for-10-years.png",800,596,false],"1536x1536":["https:\/\/www.sikortex.com\/wp-content\/uploads\/2024\/09\/Liquid-dyed-acrylic-fabric-no-fading-for-10-years.png",800,596,false],"2048x2048":["https:\/\/www.sikortex.com\/wp-content\/uploads\/2024\/09\/Liquid-dyed-acrylic-fabric-no-fading-for-10-years.png",800,596,false],"trp-custom-language-flag":["https:\/\/www.sikortex.com\/wp-content\/uploads\/2024\/09\/Liquid-dyed-acrylic-fabric-no-fading-for-10-years-16x12.png",16,12,true],"woocommerce_thumbnail":["https:\/\/www.sikortex.com\/wp-content\/uploads\/2024\/09\/Liquid-dyed-acrylic-fabric-no-fading-for-10-years-300x300.png",300,300,true],"woocommerce_single":["https:\/\/www.sikortex.com\/wp-content\/uploads\/2024\/09\/Liquid-dyed-acrylic-fabric-no-fading-for-10-years-600x447.png",600,447,true],"woocommerce_gallery_thumbnail":["https:\/\/www.sikortex.com\/wp-content\/uploads\/2024\/09\/Liquid-dyed-acrylic-fabric-no-fading-for-10-years-100x100.png",100,100,true]},"uagb_author_info":{"display_name":"Perry","author_link":"https:\/\/www.sikortex.com\/pt\/author\/"},"uagb_comment_info":0,"uagb_excerpt":"1000 m\uff08MOQ\uff09","_links":{"self":[{"href":"https:\/\/www.sikortex.com\/pt\/wp-json\/wp\/v2\/product\/7109","targetHints":{"allow":["GET"]}}],"collection":[{"href":"https:\/\/www.sikortex.com\/pt\/wp-json\/wp\/v2\/product"}],"about":[{"href":"https:\/\/www.sikortex.com\/pt\/wp-json\/wp\/v2\/types\/product"}],"replies":[{"embeddable":true,"href":"https:\/\/www.sikortex.com\/pt\/wp-json\/wp\/v2\/comments?post=7109"}],"wp:featuredmedia":[{"embeddable":true,"href":"https:\/\/www.sikortex.com\/pt\/wp-json\/wp\/v2\/media\/7107"}],"wp:attachment":[{"href":"https:\/\/www.sikortex.com\/pt\/wp-json\/wp\/v2\/media?parent=7109"}],"wp:term":[{"taxonomy":"product_brand","embeddable":true,"href":"https:\/\/www.sikortex.com\/pt\/wp-json\/wp\/v2\/product_brand?post=7109"},{"taxonomy":"product_cat","embeddable":true,"href":"https:\/\/www.sikortex.com\/pt\/wp-json\/wp\/v2\/product_cat?post=7109"},{"taxonomy":"product_tag","embeddable":true,"href":"https:\/\/www.sikortex.com\/pt\/wp-json\/wp\/v2\/product_tag?post=7109"}],"curies":[{"name":"wp","href":"https:\/\/api.w.org\/{rel}","templated":true}]}}