{"id":7090,"date":"2024-09-11T13:23:56","date_gmt":"2024-09-11T05:23:56","guid":{"rendered":"https:\/\/www.sikortex.com\/?post_type=product&#038;p=7090"},"modified":"2025-08-18T14:04:17","modified_gmt":"2025-08-18T06:04:17","slug":"sk8344-tecido-elastico-de-poliester-algodao-5","status":"publish","type":"product","link":"https:\/\/www.sikortex.com\/pt\/produtos\/sk8344-tecido-elastico-de-poliester-algodao-5\/","title":{"rendered":"Tecido acr\u00edlico tingido em solu\u00e7\u00e3o para guarda-sol"},"content":{"rendered":"<h4><span style=\"color: #3366ff;\">\u00a0<a style=\"color: #3366ff;\" href=\"https:\/\/www.sikortex.com\/pt\/tecidos-anti-infravermelho-3\/\">Fabricante de tecido acr\u00edlico tingido em solu\u00e7\u00e3o<\/a><\/span><\/h4>\n<p>O tecido acr\u00edlico tingido em solu\u00e7\u00e3o listrada com fio tingido \u00e9 a principal variedade de tecido produzida e vendida pela <a href=\"https:\/\/www.sikortex.com\/pt\/perfil-de-companhia\/\"><span style=\"color: #3366ff;\">SIKOR-TEX<\/span><\/a>.<\/p>\n<p>Vantagens:<\/p>\n<p>A solidez da cor do nosso <a href=\"https:\/\/www.sikortex.com\/pt\/tecidos-anti-infravermelho-3\/\"><span style=\"color: #3366ff;\">tecido acr\u00edlico tingido em solu\u00e7\u00e3o<\/span><\/a> \u00e9 realmente excepcional. Este tecido resiste a mais de 1500 horas de testes UV sem desbotar, garantindo que suas cores vibrantes durem mais de 5 anos. Essa durabilidade da cor \u00e9 uma vantagem significativa, especialmente para itens frequentemente expostos \u00e0 luz solar ou a luz forte. Seja para m\u00f3veis de \u00e1rea externa ou elementos decorativos, voc\u00ea pode ter certeza de que este tecido manter\u00e1 sua beleza.<\/p>\n<p>A flexibilidade de pedidos \u00e9 outra vantagem fundamental. Nossa quantidade m\u00ednima de pedidos muito generosa permite que clientes de pequena e grande escala usem nossos tecidos de alta qualidade. A largura padr\u00e3o de 120 cm \u00e9 muito conveniente, e larguras e cores personalizadas podem ser personalizadas de acordo com requisitos espec\u00edficos, dando aos nossos clientes a liberdade de criar produtos exclusivos e personalizados.<\/p>\n<p>O revestimento de Teflon no tecido fornece excelente prote\u00e7\u00e3o. \u00c9 resistente a \u00f3leo, manchas e \u00e1gua. Isso significa que derramamentos acidentais ou contato com v\u00e1rias subst\u00e2ncias podem ser facilmente manuseados. Manchas podem ser removidas com uma simples limpeza, tornando a manuten\u00e7\u00e3o muito f\u00e1cil. Esse recurso \u00e9 especialmente \u00fatil em ambientes onde o tecido pode encontrar ambientes sujos ou \u00famidos.<\/p>\n<p>Aplica\u00e7\u00f5es:<\/p>\n<p>As aplica\u00e7\u00f5es do tecido acr\u00edlico tingido em solu\u00e7\u00e3o s\u00e3o in\u00fameras e variadas. Em \u00e1reas de lazer ao ar livre, s\u00e3o ideais para a confec\u00e7\u00e3o de almofadas de p\u00e1tio, <a href=\"https:\/\/www.sikortex.com\/pt\/fabricante-de-tecido-para-toldos\/\"><span style=\"color: #3366ff;\">guarda-s\u00f3is<\/span><\/a>e cortinas para \u00e1reas externas. As propriedades de resist\u00eancia aos raios UV e \u00e0s intemp\u00e9ries deste tecido garantem que seus m\u00f3veis e decora\u00e7\u00e3o para \u00e1reas externas permane\u00e7am bonitos em todas as condi\u00e7\u00f5es. No mundo n\u00e1utico, podem ser usados como capas para barcos e velas, pois resistem \u00e0s duras condi\u00e7\u00f5es do mar. Para interiores residenciais, s\u00e3o ideais para a confec\u00e7\u00e3o de cortinas, tapetes e estofados. A durabilidade e a facilidade de limpeza deste tecido o tornam uma op\u00e7\u00e3o pr\u00e1tica para o lar. No setor comercial, podem ser usados para toalhas de mesa e capas para cadeiras em hot\u00e9is, restaurantes e caf\u00e9s.<\/p>\n<p>Em resumo, os tecidos acr\u00edlicos tingidos em solu\u00e7\u00e3o oferecem uma combina\u00e7\u00e3o \u00fanica de benef\u00edcios. Sua solidez da cor, flexibilidade de pedido e propriedades protetoras os tornam uma excelente escolha para uma variedade de aplica\u00e7\u00f5es. Apesar de pequenos problemas com a respirabilidade em alguns casos, sua qualidade e desempenho gerais s\u00e3o realmente excepcionais. <a href=\"https:\/\/www.sikortex.com\/pt\/contate-nos\/\"><span style=\"color: #3366ff;\">Contate-nos<\/span><\/a> hoje para saber como esses tecidos podem aprimorar seu projeto.<\/p>\n<p>&nbsp;<\/p>\n<h4 style=\"text-align: center;\">Tecidos acr\u00edlicos tingidos em solu\u00e7\u00e3o SIKOR-TEX TDS<\/h4>\n<table style=\"height: 679px;\" width=\"843\">\n<tbody>\n<tr>\n<td style=\"text-align: center;\" width=\"271\"><strong>Itens de teste<\/strong><\/td>\n<td style=\"text-align: center;\" width=\"229\"><strong>M\u00e9todo de teste<\/strong><\/td>\n<td style=\"text-align: center;\" width=\"218\"><strong>Exig\u00eancia<\/strong><\/td>\n<\/tr>\n<tr>\n<td style=\"text-align: center;\">Largura do rolo<\/td>\n<td style=\"text-align: center;\"><\/td>\n<td style=\"text-align: center;\" width=\"218\">54\u2033-61\u2033\/137-155 cm (\u00b1 2 cm)<\/td>\n<\/tr>\n<tr>\n<td style=\"text-align: center;\" width=\"271\">Comprimento do rolo (m\u00e9dia)<\/td>\n<td style=\"text-align: center;\"><\/td>\n<td style=\"text-align: center;\" width=\"218\">50m<\/td>\n<\/tr>\n<tr>\n<td style=\"text-align: center;\" width=\"271\">Composi\u00e7\u00e3o<\/td>\n<td style=\"text-align: center;\"><\/td>\n<td style=\"text-align: center;\" width=\"218\">100%Solution Acr\u00edlico Tingido<\/td>\n<\/tr>\n<tr>\n<td style=\"text-align: center;\">Peso<\/td>\n<td style=\"text-align: center;\"><\/td>\n<td style=\"text-align: center;\" width=\"218\">220-400g\/m\u00b2<\/td>\n<\/tr>\n<tr>\n<td style=\"text-align: center;\" width=\"271\">Solidez da cor \u00e0 fric\u00e7\u00e3o<\/td>\n<td style=\"text-align: center;\">ISO 105-X12:2016<\/td>\n<td style=\"text-align: center;\" width=\"218\">Colora\u00e7\u00e3o a seco 4-5<br \/>\nColora\u00e7\u00e3o \u00famida 4-5<\/td>\n<\/tr>\n<tr>\n<td style=\"text-align: center;\" width=\"271\">Solidez da cor \u00e0 luz<\/td>\n<td style=\"text-align: center;\" width=\"229\">ISO 105-B02:2014<\/td>\n<td style=\"text-align: center;\">8<\/td>\n<\/tr>\n<tr>\n<td style=\"text-align: center;\" width=\"271\">Solidez da cor \u00e0s intemp\u00e9ries<\/td>\n<td style=\"text-align: center;\">ISO 105-B04:1994<\/td>\n<td style=\"text-align: center;\">7<\/td>\n<\/tr>\n<tr>\n<td style=\"text-align: center;\" width=\"271\">Solidez da cor \u00e0 luz<br \/>\n(Ap\u00f3s 1500 horas, mudan\u00e7a em Shad)<\/td>\n<td style=\"text-align: center;\" width=\"229\">Portugu\u00eas AATCC TM 16.3-2014;<br \/>\nOp\u00e7\u00e3o 3; L\u00e2mpada de arco de xen\u00f4nio<\/td>\n<td style=\"text-align: center;\" width=\"218\">4<\/td>\n<\/tr>\n<tr>\n<td style=\"text-align: center;\" width=\"271\">Repelente de \u00e1gua<br \/>\n20\u00b12\u2103<\/td>\n<td style=\"text-align: center;\">1SO 4920:2012(E)Teste de pulveriza\u00e7\u00e3o<\/td>\n<td style=\"text-align: center;\" width=\"218\">4-5<\/td>\n<\/tr>\n<tr>\n<td style=\"text-align: center;\" width=\"271\">\u00c1lcool\/Repelente de \u00c1gua<br \/>\n0,6 cm 10s 45\u00b0<\/td>\n<td style=\"text-align: center;\">AATCC 193<\/td>\n<td style=\"text-align: center;\">4<\/td>\n<\/tr>\n<tr>\n<td style=\"text-align: center;\" width=\"271\">Repelente de \u00f3leo<br \/>\n0,6 cm 30s 45\u00b0 27,3 mN\/m<\/td>\n<td style=\"text-align: center;\">AATCC 118<\/td>\n<td style=\"text-align: center;\">3<\/td>\n<\/tr>\n<tr>\n<td style=\"text-align: center;\">Classifica\u00e7\u00e3o UPF<\/td>\n<td style=\"text-align: center;\">AATCC 183-2014<\/td>\n<td style=\"text-align: center;\" width=\"218\">50+<\/td>\n<\/tr>\n<\/tbody>\n<\/table>\n<p>&nbsp;<\/p>\n<p>&nbsp;<\/p>\n<p>&nbsp;<\/p>","protected":false},"excerpt":{"rendered":"<p><span style=\"vertical-align: inherit;\"><span style=\"vertical-align: inherit;\">1000 m (quantidade m\u00ednima de pedidos)<\/span><\/span><\/p>","protected":false},"featured_media":7071,"comment_status":"closed","ping_status":"closed","template":"","meta":{"_uag_custom_page_level_css":"","site-sidebar-layout":"default","site-content-layout":"default","ast-site-content-layout":"","site-content-style":"default","site-sidebar-style":"default","ast-global-header-display":"","ast-banner-title-visibility":"","ast-main-header-display":"","ast-hfb-above-header-display":"","ast-hfb-below-header-display":"","ast-hfb-mobile-header-display":"","site-post-title":"","ast-breadcrumbs-content":"","ast-featured-img":"","footer-sml-layout":"","theme-transparent-header-meta":"default","adv-header-id-meta":"","stick-header-meta":"default","header-above-stick-meta":"","header-main-stick-meta":"","header-below-stick-meta":"","astra-migrate-meta-layouts":"default","ast-page-background-enabled":"default","ast-page-background-meta":{"desktop":{"background-color":"","background-image":"","background-repeat":"repeat","background-position":"center center","background-size":"auto","background-attachment":"scroll","background-type":"","background-media":"","overlay-type":"","overlay-color":"","overlay-opacity":"","overlay-gradient":""},"tablet":{"background-color":"","background-image":"","background-repeat":"repeat","background-position":"center center","background-size":"auto","background-attachment":"scroll","background-type":"","background-media":"","overlay-type":"","overlay-color":"","overlay-opacity":"","overlay-gradient":""},"mobile":{"background-color":"","background-image":"","background-repeat":"repeat","background-position":"center center","background-size":"auto","background-attachment":"scroll","background-type":"","background-media":"","overlay-type":"","overlay-color":"","overlay-opacity":"","overlay-gradient":""}},"ast-content-background-meta":{"desktop":{"background-color":"var(--ast-global-color-5)","background-image":"","background-repeat":"repeat","background-position":"center center","background-size":"auto","background-attachment":"scroll","background-type":"","background-media":"","overlay-type":"","overlay-color":"","overlay-opacity":"","overlay-gradient":""},"tablet":{"background-color":"var(--ast-global-color-5)","background-image":"","background-repeat":"repeat","background-position":"center center","background-size":"auto","background-attachment":"scroll","background-type":"","background-media":"","overlay-type":"","overlay-color":"","overlay-opacity":"","overlay-gradient":""},"mobile":{"background-color":"var(--ast-global-color-5)","background-image":"","background-repeat":"repeat","background-position":"center center","background-size":"auto","background-attachment":"scroll","background-type":"","background-media":"","overlay-type":"","overlay-color":"","overlay-opacity":"","overlay-gradient":""}}},"product_brand":[],"product_cat":[1169,1126,433,1697,414],"product_tag":[],"class_list":{"0":"post-7090","1":"product","2":"type-product","3":"status-publish","4":"has-post-thumbnail","6":"product_cat-solution-dyed-acrylic-fabric","7":"product_cat-fabric-for-awning","8":"product_cat-textile-for-industrial","9":"product_cat-uv-protection-fabric","10":"product_cat-waterproof-fabrics","11":"pa_available_colors-1526-03","12":"pa_available_colors-1526-07","13":"pa_available_colors-1526-39","14":"pa_available_colors-1526-42","15":"pa_available_colors-1526-43","16":"pa_available_colors-1526-48","17":"pa_available_colors-1526-49","18":"pa_available_colors-1526-50","19":"pa_available_colors-1526-51","20":"pa_available_colors-1526-52","21":"desktop-align-left","22":"tablet-align-left","23":"mobile-align-left","24":"ast-product-gallery-layout-vertical-slider","25":"ast-product-tabs-layout-horizontal","27":"first","28":"instock","29":"shipping-taxable","30":"product-type-simple"},"uagb_featured_image_src":{"full":["https:\/\/www.sikortex.com\/wp-content\/uploads\/2024\/09\/O1CN01EkCWtT1HxtfJZfnti_959560825-0-cib.jpg",800,800,false],"thumbnail":["https:\/\/www.sikortex.com\/wp-content\/uploads\/2024\/09\/O1CN01EkCWtT1HxtfJZfnti_959560825-0-cib-150x150.jpg",150,150,true],"medium":["https:\/\/www.sikortex.com\/wp-content\/uploads\/2024\/09\/O1CN01EkCWtT1HxtfJZfnti_959560825-0-cib-300x300.jpg",300,300,true],"medium_large":["https:\/\/www.sikortex.com\/wp-content\/uploads\/2024\/09\/O1CN01EkCWtT1HxtfJZfnti_959560825-0-cib-768x768.jpg",768,768,true],"large":["https:\/\/www.sikortex.com\/wp-content\/uploads\/2024\/09\/O1CN01EkCWtT1HxtfJZfnti_959560825-0-cib.jpg",800,800,false],"1536x1536":["https:\/\/www.sikortex.com\/wp-content\/uploads\/2024\/09\/O1CN01EkCWtT1HxtfJZfnti_959560825-0-cib.jpg",800,800,false],"2048x2048":["https:\/\/www.sikortex.com\/wp-content\/uploads\/2024\/09\/O1CN01EkCWtT1HxtfJZfnti_959560825-0-cib.jpg",800,800,false],"trp-custom-language-flag":["https:\/\/www.sikortex.com\/wp-content\/uploads\/2024\/09\/O1CN01EkCWtT1HxtfJZfnti_959560825-0-cib-12x12.jpg",12,12,true],"woocommerce_thumbnail":["https:\/\/www.sikortex.com\/wp-content\/uploads\/2024\/09\/O1CN01EkCWtT1HxtfJZfnti_959560825-0-cib-300x300.jpg",300,300,true],"woocommerce_single":["https:\/\/www.sikortex.com\/wp-content\/uploads\/2024\/09\/O1CN01EkCWtT1HxtfJZfnti_959560825-0-cib-600x600.jpg",600,600,true],"woocommerce_gallery_thumbnail":["https:\/\/www.sikortex.com\/wp-content\/uploads\/2024\/09\/O1CN01EkCWtT1HxtfJZfnti_959560825-0-cib-100x100.jpg",100,100,true]},"uagb_author_info":{"display_name":"Perry","author_link":"https:\/\/www.sikortex.com\/pt\/author\/"},"uagb_comment_info":0,"uagb_excerpt":"1000 m\uff08MOQ\uff09","_links":{"self":[{"href":"https:\/\/www.sikortex.com\/pt\/wp-json\/wp\/v2\/product\/7090","targetHints":{"allow":["GET"]}}],"collection":[{"href":"https:\/\/www.sikortex.com\/pt\/wp-json\/wp\/v2\/product"}],"about":[{"href":"https:\/\/www.sikortex.com\/pt\/wp-json\/wp\/v2\/types\/product"}],"replies":[{"embeddable":true,"href":"https:\/\/www.sikortex.com\/pt\/wp-json\/wp\/v2\/comments?post=7090"}],"wp:featuredmedia":[{"embeddable":true,"href":"https:\/\/www.sikortex.com\/pt\/wp-json\/wp\/v2\/media\/7071"}],"wp:attachment":[{"href":"https:\/\/www.sikortex.com\/pt\/wp-json\/wp\/v2\/media?parent=7090"}],"wp:term":[{"taxonomy":"product_brand","embeddable":true,"href":"https:\/\/www.sikortex.com\/pt\/wp-json\/wp\/v2\/product_brand?post=7090"},{"taxonomy":"product_cat","embeddable":true,"href":"https:\/\/www.sikortex.com\/pt\/wp-json\/wp\/v2\/product_cat?post=7090"},{"taxonomy":"product_tag","embeddable":true,"href":"https:\/\/www.sikortex.com\/pt\/wp-json\/wp\/v2\/product_tag?post=7090"}],"curies":[{"name":"wp","href":"https:\/\/api.w.org\/{rel}","templated":true}]}}