{"id":6777,"date":"2023-11-06T09:41:55","date_gmt":"2023-11-06T01:41:55","guid":{"rendered":"https:\/\/www.sikortex.com\/?post_type=product&#038;p=6777"},"modified":"2023-11-06T10:05:01","modified_gmt":"2023-11-06T02:05:01","slug":"sk8238-3","status":"publish","type":"product","link":"https:\/\/www.sikortex.com\/pt\/produtos\/sk8238-3\/","title":{"rendered":"Tecido pr\u00e9-acolchoado dupla face recicl\u00e1vel"},"content":{"rendered":"<p>Tecido pr\u00e9-acolchoado dupla face recicl\u00e1vel da SIKOR-TEX<\/p>\n<p>A tecnologia de colagem ultrass\u00f4nica \u00e9 um m\u00e9todo sem agulha e sem fio que usa vibra\u00e7\u00e3o ultrass\u00f4nica para fundir duas ou mais camadas de materiais por meio de fric\u00e7\u00e3o de alta frequ\u00eancia. Essa tecnologia encontra amplas aplica\u00e7\u00f5es em setores como t\u00eaxteis, pl\u00e1sticos, interiores automotivos e dispositivos m\u00e9dicos.<\/p>\n<p>O algod\u00e3o de poli\u00e9ster pulverizado \u00e9 um material de enchimento com boa maciez e resili\u00eancia. Durante o processo de colagem, o algod\u00e3o de poli\u00e9ster pulverizado pode ser colocado na \u00e1rea de enchimento desejada e, em seguida, pode ser fundido com outros materiais usando vibra\u00e7\u00e3o ultrass\u00f4nica para criar uma conex\u00e3o forte. O material de enchimento pode aumentar o conforto do produto, a elasticidade e o desempenho do isolamento.<\/p>\n<p>Algod\u00e3o spray-bonded de poli\u00e9ster recicl\u00e1vel refere-se a um tipo de material de enchimento que pode ser efetivamente recuperado e reutilizado. No curso do uso, se houver necessidade de substituir o material de enchimento ou realizar manuten\u00e7\u00e3o do produto, o algod\u00e3o spray-bonded de poli\u00e9ster usado pode ser separado e reciclado usando m\u00e9todos apropriados. Essa pr\u00e1tica sustent\u00e1vel contribui para a reciclagem de recursos e reduz o impacto ambiental.<\/p>\n<p>Nosso tecido pr\u00e9-acolchoado adotou uma t\u00e9cnica conveniente para projetar padr\u00f5es no processo de colagem. Essa tecnologia atende \u00e0s necessidades criativas dos designers e tem uma quantidade m\u00ednima de pedido muito baixa, eliminando preocupa\u00e7\u00f5es sobre custos de desenvolvimento. Ela fornece aos designers uma solu\u00e7\u00e3o conveniente e econ\u00f4mica, permitindo que eles realizem suas ideias de ponta.<\/p>\n<p>&nbsp;<\/p>\n<p>&nbsp;<\/p>\n<p>&nbsp;<\/p>","protected":false},"excerpt":{"rendered":"<p>1000 metros (pedido m\u00ednimo)<\/p>","protected":false},"featured_media":6780,"comment_status":"closed","ping_status":"closed","template":"","meta":{"_uag_custom_page_level_css":"","site-sidebar-layout":"default","site-content-layout":"default","ast-site-content-layout":"","site-content-style":"default","site-sidebar-style":"default","ast-global-header-display":"","ast-banner-title-visibility":"","ast-main-header-display":"","ast-hfb-above-header-display":"","ast-hfb-below-header-display":"","ast-hfb-mobile-header-display":"","site-post-title":"","ast-breadcrumbs-content":"","ast-featured-img":"","footer-sml-layout":"","theme-transparent-header-meta":"default","adv-header-id-meta":"","stick-header-meta":"default","header-above-stick-meta":"","header-main-stick-meta":"","header-below-stick-meta":"","astra-migrate-meta-layouts":"default","ast-page-background-enabled":"default","ast-page-background-meta":{"desktop":{"background-color":"","background-image":"","background-repeat":"repeat","background-position":"center center","background-size":"auto","background-attachment":"scroll","background-type":"","background-media":"","overlay-type":"","overlay-color":"","overlay-opacity":"","overlay-gradient":""},"tablet":{"background-color":"","background-image":"","background-repeat":"repeat","background-position":"center center","background-size":"auto","background-attachment":"scroll","background-type":"","background-media":"","overlay-type":"","overlay-color":"","overlay-opacity":"","overlay-gradient":""},"mobile":{"background-color":"","background-image":"","background-repeat":"repeat","background-position":"center center","background-size":"auto","background-attachment":"scroll","background-type":"","background-media":"","overlay-type":"","overlay-color":"","overlay-opacity":"","overlay-gradient":""}},"ast-content-background-meta":{"desktop":{"background-color":"var(--ast-global-color-5)","background-image":"","background-repeat":"repeat","background-position":"center center","background-size":"auto","background-attachment":"scroll","background-type":"","background-media":"","overlay-type":"","overlay-color":"","overlay-opacity":"","overlay-gradient":""},"tablet":{"background-color":"var(--ast-global-color-5)","background-image":"","background-repeat":"repeat","background-position":"center center","background-size":"auto","background-attachment":"scroll","background-type":"","background-media":"","overlay-type":"","overlay-color":"","overlay-opacity":"","overlay-gradient":""},"mobile":{"background-color":"var(--ast-global-color-5)","background-image":"","background-repeat":"repeat","background-position":"center center","background-size":"auto","background-attachment":"scroll","background-type":"","background-media":"","overlay-type":"","overlay-color":"","overlay-opacity":"","overlay-gradient":""}}},"product_brand":[],"product_cat":[431,428,403,414],"product_tag":[],"class_list":{"0":"post-6777","1":"product","2":"type-product","3":"status-publish","4":"has-post-thumbnail","6":"product_cat-fabric-for-commuting-clothing","7":"product_cat-fabric-for-outdoor-sports","8":"product_cat-polyester-fabrics","9":"product_cat-waterproof-fabrics","10":"pa_available_colors-fluorescent-orange","11":"pa_available_colors-fluorescent-red","12":"pa_available_colors-fluorescent-yellow","13":"desktop-align-left","14":"tablet-align-left","15":"mobile-align-left","16":"ast-product-gallery-layout-vertical-slider","17":"ast-product-tabs-layout-horizontal","19":"first","20":"instock","21":"shipping-taxable","22":"product-type-simple"},"uagb_featured_image_src":{"full":["https:\/\/www.sikortex.com\/wp-content\/uploads\/2023\/11\/photobank-2023-10-31T092541.603.jpg",1000,667,false],"thumbnail":["https:\/\/www.sikortex.com\/wp-content\/uploads\/2023\/11\/photobank-2023-10-31T092541.603-150x150.jpg",150,150,true],"medium":["https:\/\/www.sikortex.com\/wp-content\/uploads\/2023\/11\/photobank-2023-10-31T092541.603-300x200.jpg",300,200,true],"medium_large":["https:\/\/www.sikortex.com\/wp-content\/uploads\/2023\/11\/photobank-2023-10-31T092541.603-768x512.jpg",768,512,true],"large":["https:\/\/www.sikortex.com\/wp-content\/uploads\/2023\/11\/photobank-2023-10-31T092541.603.jpg",1000,667,false],"1536x1536":["https:\/\/www.sikortex.com\/wp-content\/uploads\/2023\/11\/photobank-2023-10-31T092541.603.jpg",1000,667,false],"2048x2048":["https:\/\/www.sikortex.com\/wp-content\/uploads\/2023\/11\/photobank-2023-10-31T092541.603.jpg",1000,667,false],"trp-custom-language-flag":["https:\/\/www.sikortex.com\/wp-content\/uploads\/2023\/11\/photobank-2023-10-31T092541.603-18x12.jpg",18,12,true],"woocommerce_thumbnail":["https:\/\/www.sikortex.com\/wp-content\/uploads\/2023\/11\/photobank-2023-10-31T092541.603-300x300.jpg",300,300,true],"woocommerce_single":["https:\/\/www.sikortex.com\/wp-content\/uploads\/2023\/11\/photobank-2023-10-31T092541.603-600x400.jpg",600,400,true],"woocommerce_gallery_thumbnail":["https:\/\/www.sikortex.com\/wp-content\/uploads\/2023\/11\/photobank-2023-10-31T092541.603-100x100.jpg",100,100,true]},"uagb_author_info":{"display_name":"Perry","author_link":"https:\/\/www.sikortex.com\/pt\/author\/"},"uagb_comment_info":0,"uagb_excerpt":"1000 Meters(Min.Order)","_links":{"self":[{"href":"https:\/\/www.sikortex.com\/pt\/wp-json\/wp\/v2\/product\/6777","targetHints":{"allow":["GET"]}}],"collection":[{"href":"https:\/\/www.sikortex.com\/pt\/wp-json\/wp\/v2\/product"}],"about":[{"href":"https:\/\/www.sikortex.com\/pt\/wp-json\/wp\/v2\/types\/product"}],"replies":[{"embeddable":true,"href":"https:\/\/www.sikortex.com\/pt\/wp-json\/wp\/v2\/comments?post=6777"}],"wp:featuredmedia":[{"embeddable":true,"href":"https:\/\/www.sikortex.com\/pt\/wp-json\/wp\/v2\/media\/6780"}],"wp:attachment":[{"href":"https:\/\/www.sikortex.com\/pt\/wp-json\/wp\/v2\/media?parent=6777"}],"wp:term":[{"taxonomy":"product_brand","embeddable":true,"href":"https:\/\/www.sikortex.com\/pt\/wp-json\/wp\/v2\/product_brand?post=6777"},{"taxonomy":"product_cat","embeddable":true,"href":"https:\/\/www.sikortex.com\/pt\/wp-json\/wp\/v2\/product_cat?post=6777"},{"taxonomy":"product_tag","embeddable":true,"href":"https:\/\/www.sikortex.com\/pt\/wp-json\/wp\/v2\/product_tag?post=6777"}],"curies":[{"name":"wp","href":"https:\/\/api.w.org\/{rel}","templated":true}]}}