{"id":6737,"date":"2023-11-02T15:33:21","date_gmt":"2023-11-02T07:33:21","guid":{"rendered":"https:\/\/www.sikortex.com\/?post_type=product&#038;p=6737"},"modified":"2025-02-17T17:41:19","modified_gmt":"2025-02-17T09:41:19","slug":"sk8344-tecido-elastico-de-poliester-algodao-2","status":"publish","type":"product","link":"https:\/\/www.sikortex.com\/pt\/produtos\/sk8344-tecido-elastico-de-poliester-algodao-2\/","title":{"rendered":"Tecido el\u00e1stico T400 Ripstop para roupas t\u00e1ticas"},"content":{"rendered":"<p>SIKOR-TEX Fabricante de tecidos de alto desempenho<\/p>\n<p>O Tecido El\u00e1stico Ripstop T400 para Roupas T\u00e1ticas \u00e9 um material de alta qualidade, ideal para uniformes t\u00e1ticos policiais e roupas de trabalho. Confort\u00e1vel de usar e f\u00e1cil de cuidar. \u00c9 excepcionalmente dur\u00e1vel e resistente a rasgos, o que significa que pode suportar o desgaste do uso di\u00e1rio. O recurso el\u00e1stico T400 oferece conforto e flexibilidade extras, tornando-o ideal para policiais e outros profissionais que exigem uma amplitude completa de movimento.<\/p>\n<p>Al\u00e9m disso, embora o tecido seja poli\u00e9ster 100%, ele \u00e9 aplicado de forma inovadora a um novo tipo de fibra de poli\u00e9ster que imita a fibra de algod\u00e3o. \u00c9 semelhante ao algod\u00e3o em apar\u00eancia e textura, e \u00e9 lav\u00e1vel, n\u00e3o amassa facilmente e \u00e9 mais f\u00e1cil de manter e limpar.<br \/>\nTamb\u00e9m oferecemos tecidos ripstop feitos de algod\u00e3o verdadeiro e outras fibras el\u00e1sticas, adequados para usu\u00e1rios com maiores exig\u00eancias de conforto.<\/p>\n<p>No geral, o Tecido El\u00e1stico Ripstop T400 para Roupas T\u00e1ticas \u00e9 um material vers\u00e1til e dur\u00e1vel, adequado para uma ampla gama de aplica\u00e7\u00f5es. Suas caracter\u00edsticas \u00fanicas o tornam ideal para camisas e cal\u00e7as t\u00e1ticas, proporcionando conforto e durabilidade para o uso di\u00e1rio.<\/p>\n<p>Navegue mais <a href=\"https:\/\/www.sikortex.com\/pt\/military-fabric-ripstop-fabric\/\">materiais ripstop<\/a><\/p>","protected":false},"excerpt":{"rendered":"<p>1000 metros (pedido m\u00ednimo)<\/p>","protected":false},"featured_media":6739,"comment_status":"closed","ping_status":"closed","template":"","meta":{"_uag_custom_page_level_css":"","site-sidebar-layout":"default","site-content-layout":"default","ast-site-content-layout":"","site-content-style":"default","site-sidebar-style":"default","ast-global-header-display":"","ast-banner-title-visibility":"","ast-main-header-display":"","ast-hfb-above-header-display":"","ast-hfb-below-header-display":"","ast-hfb-mobile-header-display":"","site-post-title":"","ast-breadcrumbs-content":"","ast-featured-img":"","footer-sml-layout":"","theme-transparent-header-meta":"default","adv-header-id-meta":"","stick-header-meta":"default","header-above-stick-meta":"","header-main-stick-meta":"","header-below-stick-meta":"","astra-migrate-meta-layouts":"default","ast-page-background-enabled":"default","ast-page-background-meta":{"desktop":{"background-color":"","background-image":"","background-repeat":"repeat","background-position":"center center","background-size":"auto","background-attachment":"scroll","background-type":"","background-media":"","overlay-type":"","overlay-color":"","overlay-opacity":"","overlay-gradient":""},"tablet":{"background-color":"","background-image":"","background-repeat":"repeat","background-position":"center center","background-size":"auto","background-attachment":"scroll","background-type":"","background-media":"","overlay-type":"","overlay-color":"","overlay-opacity":"","overlay-gradient":""},"mobile":{"background-color":"","background-image":"","background-repeat":"repeat","background-position":"center center","background-size":"auto","background-attachment":"scroll","background-type":"","background-media":"","overlay-type":"","overlay-color":"","overlay-opacity":"","overlay-gradient":""}},"ast-content-background-meta":{"desktop":{"background-color":"var(--ast-global-color-5)","background-image":"","background-repeat":"repeat","background-position":"center center","background-size":"auto","background-attachment":"scroll","background-type":"","background-media":"","overlay-type":"","overlay-color":"","overlay-opacity":"","overlay-gradient":""},"tablet":{"background-color":"var(--ast-global-color-5)","background-image":"","background-repeat":"repeat","background-position":"center center","background-size":"auto","background-attachment":"scroll","background-type":"","background-media":"","overlay-type":"","overlay-color":"","overlay-opacity":"","overlay-gradient":""},"mobile":{"background-color":"var(--ast-global-color-5)","background-image":"","background-repeat":"repeat","background-position":"center center","background-size":"auto","background-attachment":"scroll","background-type":"","background-media":"","overlay-type":"","overlay-color":"","overlay-opacity":"","overlay-gradient":""}}},"product_brand":[],"product_cat":[423,1206,403],"product_tag":[],"class_list":{"0":"post-6737","1":"product","2":"type-product","3":"status-publish","4":"has-post-thumbnail","6":"product_cat-fabric-for-military-police","7":"product_cat-fabric-for-bag","8":"product_cat-polyester-fabrics","9":"pa_available_colors-h-black","10":"desktop-align-left","11":"tablet-align-left","12":"mobile-align-left","13":"ast-product-gallery-layout-vertical-slider","14":"ast-product-tabs-layout-horizontal","16":"first","17":"instock","18":"shipping-taxable","19":"product-type-simple"},"uagb_featured_image_src":{"full":["https:\/\/www.sikortex.com\/wp-content\/uploads\/2023\/11\/2.jpg",1920,1920,false],"thumbnail":["https:\/\/www.sikortex.com\/wp-content\/uploads\/2023\/11\/2-150x150.jpg",150,150,true],"medium":["https:\/\/www.sikortex.com\/wp-content\/uploads\/2023\/11\/2-300x300.jpg",300,300,true],"medium_large":["https:\/\/www.sikortex.com\/wp-content\/uploads\/2023\/11\/2-768x768.jpg",768,768,true],"large":["https:\/\/www.sikortex.com\/wp-content\/uploads\/2023\/11\/2-1024x1024.jpg",1024,1024,true],"1536x1536":["https:\/\/www.sikortex.com\/wp-content\/uploads\/2023\/11\/2-1536x1536.jpg",1536,1536,true],"2048x2048":["https:\/\/www.sikortex.com\/wp-content\/uploads\/2023\/11\/2.jpg",1920,1920,false],"trp-custom-language-flag":["https:\/\/www.sikortex.com\/wp-content\/uploads\/2023\/11\/2-12x12.jpg",12,12,true],"woocommerce_thumbnail":["https:\/\/www.sikortex.com\/wp-content\/uploads\/2023\/11\/2-300x300.jpg",300,300,true],"woocommerce_single":["https:\/\/www.sikortex.com\/wp-content\/uploads\/2023\/11\/2-600x600.jpg",600,600,true],"woocommerce_gallery_thumbnail":["https:\/\/www.sikortex.com\/wp-content\/uploads\/2023\/11\/2-100x100.jpg",100,100,true]},"uagb_author_info":{"display_name":"Perry","author_link":"https:\/\/www.sikortex.com\/pt\/author\/"},"uagb_comment_info":0,"uagb_excerpt":"1000 Meters(Min.Order)","_links":{"self":[{"href":"https:\/\/www.sikortex.com\/pt\/wp-json\/wp\/v2\/product\/6737","targetHints":{"allow":["GET"]}}],"collection":[{"href":"https:\/\/www.sikortex.com\/pt\/wp-json\/wp\/v2\/product"}],"about":[{"href":"https:\/\/www.sikortex.com\/pt\/wp-json\/wp\/v2\/types\/product"}],"replies":[{"embeddable":true,"href":"https:\/\/www.sikortex.com\/pt\/wp-json\/wp\/v2\/comments?post=6737"}],"wp:featuredmedia":[{"embeddable":true,"href":"https:\/\/www.sikortex.com\/pt\/wp-json\/wp\/v2\/media\/6739"}],"wp:attachment":[{"href":"https:\/\/www.sikortex.com\/pt\/wp-json\/wp\/v2\/media?parent=6737"}],"wp:term":[{"taxonomy":"product_brand","embeddable":true,"href":"https:\/\/www.sikortex.com\/pt\/wp-json\/wp\/v2\/product_brand?post=6737"},{"taxonomy":"product_cat","embeddable":true,"href":"https:\/\/www.sikortex.com\/pt\/wp-json\/wp\/v2\/product_cat?post=6737"},{"taxonomy":"product_tag","embeddable":true,"href":"https:\/\/www.sikortex.com\/pt\/wp-json\/wp\/v2\/product_tag?post=6737"}],"curies":[{"name":"wp","href":"https:\/\/api.w.org\/{rel}","templated":true}]}}