{"id":6445,"date":"2023-10-19T17:10:53","date_gmt":"2023-10-19T09:10:53","guid":{"rendered":"https:\/\/www.sikortex.com\/?post_type=product&#038;p=6445"},"modified":"2025-08-18T14:04:42","modified_gmt":"2025-08-18T06:04:42","slug":"sk8362-oxford-flame-retardant-tecido-3","status":"publish","type":"product","link":"https:\/\/www.sikortex.com\/pt\/produtos\/sk8362-oxford-flame-retardant-tecido-3\/","title":{"rendered":"Tecido de poli\u00e9ster tingido em solu\u00e7\u00e3o 450D Tecido revestido de PU para toldo"},"content":{"rendered":"<h4>Tecido de poli\u00e9ster tingido em solu\u00e7\u00e3o 450D com revestimento de PU para toldo: a mistura perfeita de durabilidade e estilo<\/h4>\n<p>Quando se trata de solu\u00e7\u00f5es para exteriores, o tecido de poli\u00e9ster tingido a l\u00edquido 450D com revestimento de poliuretano (PU) \u00e9 a melhor escolha para <a href=\"https:\/\/www.sikortex.com\/pt\/fabricante-de-tecido-para-toldos\/\"><span style=\"color: #3366ff;\">toldos<\/span><\/a>. Combinando for\u00e7a, resist\u00eancia \u00e0s intemp\u00e9ries e est\u00e9tica vibrante, este tecido foi projetado para oferecer desempenho duradouro em todos os ambientes.<\/p>\n<p>Caracter\u00edsticas do material: qualidade superior para durabilidade ao ar livre<\/p>\n<p>1. Profundidade e uniformidade de cor aprimoradas:<br \/>\n<a href=\"https:\/\/www.sikortex.com\/pt\/tecidos-anti-infravermelho-3\/\"><span style=\"color: #3366ff;\">O processo de tingimento l\u00edquido<\/span><\/a> penetra profundamente nas fibras, produzindo uma cor rica e uniforme que resiste ao desbotamento causado pela luz solar e exposi\u00e7\u00e3o ao clima. Isso garante que seu <a href=\"https:\/\/www.sikortex.com\/pt\/fabricante-de-tecido-para-toldos\/\"><span style=\"color: #3366ff;\">toldos<\/span><\/a> mant\u00eam seu apelo visual por anos.<\/p>\n<p>2. 450<a href=\"https:\/\/www.sikortex.com\/pt\/2025\/01\/10\/o-que-e-negador\/\"><span style=\"color: #3366ff;\">Negador<\/span><\/a> Resist\u00eancia do poli\u00e9ster:<br \/>\nCom uma classifica\u00e7\u00e3o de 450D, este tecido oferece alta resist\u00eancia \u00e0 tra\u00e7\u00e3o e durabilidade, perfeito para aplica\u00e7\u00f5es externas que suportam as tens\u00f5es do vento, chuva e sol.<\/p>\n<p>3. Revestimento de PU para prote\u00e7\u00e3o m\u00e1xima:<br \/>\nO revestimento de poliuretano acrescenta resist\u00eancia \u00e0 \u00e1gua, previne o crescimento de mofo e protege contra manchas. Isso garante que o tecido permane\u00e7a resiliente em condi\u00e7\u00f5es adversas, fornecendo abrigo e sombra confi\u00e1veis.<\/p>\n<p>4. Resist\u00eancia a UV e mofo:<br \/>\nO tecido \u00e9 especialmente projetado para <a href=\"\/pt\/tecido-tingido-em-solucao\/\"><span style=\"color: #3366ff;\">resistir aos raios ultravioleta (UV)<\/span><\/a>, reduzindo o risco de desbotamento e degrada\u00e7\u00e3o. Al\u00e9m disso, seu <a href=\"https:\/\/www.sikortex.com\/pt\/tecidos-antimicrobianos\/\"><span style=\"color: #3366ff;\">resist\u00eancia ao mofo<\/span><\/a> mant\u00e9m-no limpo e higi\u00eanico mesmo em ambientes \u00famidos.<\/p>\n<p>Usos principais: vers\u00e1til e confi\u00e1vel para todas as aplica\u00e7\u00f5es externas<\/p>\n<p>O tecido de poli\u00e9ster tingido com solu\u00e7\u00e3o 450D \u00e9 ideal para diversas aplica\u00e7\u00f5es externas, incluindo:<\/p>\n<p>Tecido para <a href=\"https:\/\/www.sikortex.com\/pt\/fabricante-de-tecido-para-toldos\/\"><span style=\"color: #3366ff;\">Toldo<\/span><\/a>: para uso residencial e comercial, proporcionando prote\u00e7\u00e3o solar dur\u00e1vel e elegante.<br \/>\nTecido para capas de m\u00f3veis para \u00e1reas externas: que resistem a danos clim\u00e1ticos e mant\u00eam a cor.<br \/>\nTecido para capas mar\u00edtimas e <a href=\"https:\/\/www.sikortex.com\/pt\/fabricantes-de-tecidos-para-tendas\/\"><span style=\"color: #3366ff;\">Tendas<\/span><\/a>: onde a resist\u00eancia \u00e0 \u00e1gua e a prote\u00e7\u00e3o UV s\u00e3o cruciais.<\/p>\n<p>Suporte de personaliza\u00e7\u00e3o: adapte seu tecido \u00e0 perfei\u00e7\u00e3o<\/p>\n<p>Oferecemos amplas op\u00e7\u00f5es de personaliza\u00e7\u00e3o, incluindo uma ampla gama de cores, dimens\u00f5es personalizadas, espessuras variadas de revestimento de PU e impress\u00e3o para branding ou design. Adapte o tecido para atender \u00e0s suas necessidades exatas, garantindo o m\u00e1ximo impacto e satisfa\u00e7\u00e3o.<\/p>\n<p>Descubra como o tecido de poli\u00e9ster tingido l\u00edquido 450D pode valorizar seus produtos para atividades ao ar livre com durabilidade e estilo inigual\u00e1veis. <span style=\"color: #3366ff;\"><a style=\"color: #3366ff;\" href=\"https:\/\/www.sikortex.com\/pt\/contate-nos\/\">Contate-nos<\/a><\/span> hoje para obter mais informa\u00e7\u00f5es sobre personaliza\u00e7\u00e3o e disponibilidade.<\/p>","protected":false},"excerpt":{"rendered":"<p>1200 metros (pedido m\u00ednimo)<\/p>","protected":false},"featured_media":7070,"comment_status":"closed","ping_status":"closed","template":"","meta":{"_uag_custom_page_level_css":"","site-sidebar-layout":"default","site-content-layout":"default","ast-site-content-layout":"","site-content-style":"default","site-sidebar-style":"default","ast-global-header-display":"","ast-banner-title-visibility":"","ast-main-header-display":"","ast-hfb-above-header-display":"","ast-hfb-below-header-display":"","ast-hfb-mobile-header-display":"","site-post-title":"","ast-breadcrumbs-content":"","ast-featured-img":"","footer-sml-layout":"","theme-transparent-header-meta":"default","adv-header-id-meta":"","stick-header-meta":"default","header-above-stick-meta":"","header-main-stick-meta":"","header-below-stick-meta":"","astra-migrate-meta-layouts":"default","ast-page-background-enabled":"default","ast-page-background-meta":{"desktop":{"background-color":"","background-image":"","background-repeat":"repeat","background-position":"center center","background-size":"auto","background-attachment":"scroll","background-type":"","background-media":"","overlay-type":"","overlay-color":"","overlay-opacity":"","overlay-gradient":""},"tablet":{"background-color":"","background-image":"","background-repeat":"repeat","background-position":"center center","background-size":"auto","background-attachment":"scroll","background-type":"","background-media":"","overlay-type":"","overlay-color":"","overlay-opacity":"","overlay-gradient":""},"mobile":{"background-color":"","background-image":"","background-repeat":"repeat","background-position":"center center","background-size":"auto","background-attachment":"scroll","background-type":"","background-media":"","overlay-type":"","overlay-color":"","overlay-opacity":"","overlay-gradient":""}},"ast-content-background-meta":{"desktop":{"background-color":"var(--ast-global-color-5)","background-image":"","background-repeat":"repeat","background-position":"center center","background-size":"auto","background-attachment":"scroll","background-type":"","background-media":"","overlay-type":"","overlay-color":"","overlay-opacity":"","overlay-gradient":""},"tablet":{"background-color":"var(--ast-global-color-5)","background-image":"","background-repeat":"repeat","background-position":"center center","background-size":"auto","background-attachment":"scroll","background-type":"","background-media":"","overlay-type":"","overlay-color":"","overlay-opacity":"","overlay-gradient":""},"mobile":{"background-color":"var(--ast-global-color-5)","background-image":"","background-repeat":"repeat","background-position":"center center","background-size":"auto","background-attachment":"scroll","background-type":"","background-media":"","overlay-type":"","overlay-color":"","overlay-opacity":"","overlay-gradient":""}}},"product_brand":[],"product_cat":[1126,1169,433,1697,414],"product_tag":[],"class_list":{"0":"post-6445","1":"product","2":"type-product","3":"status-publish","4":"has-post-thumbnail","6":"product_cat-fabric-for-awning","7":"product_cat-solution-dyed-acrylic-fabric","8":"product_cat-textile-for-industrial","9":"product_cat-uv-protection-fabric","10":"product_cat-waterproof-fabrics","11":"pa_available_colors-911052-spc","12":"desktop-align-left","13":"tablet-align-left","14":"mobile-align-left","15":"ast-product-gallery-layout-vertical-slider","16":"ast-product-tabs-layout-horizontal","18":"first","19":"instock","20":"shipping-taxable","21":"product-type-simple"},"uagb_featured_image_src":{"full":["https:\/\/www.sikortex.com\/wp-content\/uploads\/2024\/09\/O1CN01AJNxka1HxtfJZgfy9_959560825-0-cib.jpg",800,800,false],"thumbnail":["https:\/\/www.sikortex.com\/wp-content\/uploads\/2024\/09\/O1CN01AJNxka1HxtfJZgfy9_959560825-0-cib-150x150.jpg",150,150,true],"medium":["https:\/\/www.sikortex.com\/wp-content\/uploads\/2024\/09\/O1CN01AJNxka1HxtfJZgfy9_959560825-0-cib-300x300.jpg",300,300,true],"medium_large":["https:\/\/www.sikortex.com\/wp-content\/uploads\/2024\/09\/O1CN01AJNxka1HxtfJZgfy9_959560825-0-cib-768x768.jpg",768,768,true],"large":["https:\/\/www.sikortex.com\/wp-content\/uploads\/2024\/09\/O1CN01AJNxka1HxtfJZgfy9_959560825-0-cib.jpg",800,800,false],"1536x1536":["https:\/\/www.sikortex.com\/wp-content\/uploads\/2024\/09\/O1CN01AJNxka1HxtfJZgfy9_959560825-0-cib.jpg",800,800,false],"2048x2048":["https:\/\/www.sikortex.com\/wp-content\/uploads\/2024\/09\/O1CN01AJNxka1HxtfJZgfy9_959560825-0-cib.jpg",800,800,false],"trp-custom-language-flag":["https:\/\/www.sikortex.com\/wp-content\/uploads\/2024\/09\/O1CN01AJNxka1HxtfJZgfy9_959560825-0-cib-12x12.jpg",12,12,true],"woocommerce_thumbnail":["https:\/\/www.sikortex.com\/wp-content\/uploads\/2024\/09\/O1CN01AJNxka1HxtfJZgfy9_959560825-0-cib-300x300.jpg",300,300,true],"woocommerce_single":["https:\/\/www.sikortex.com\/wp-content\/uploads\/2024\/09\/O1CN01AJNxka1HxtfJZgfy9_959560825-0-cib-600x600.jpg",600,600,true],"woocommerce_gallery_thumbnail":["https:\/\/www.sikortex.com\/wp-content\/uploads\/2024\/09\/O1CN01AJNxka1HxtfJZgfy9_959560825-0-cib-100x100.jpg",100,100,true]},"uagb_author_info":{"display_name":"Perry","author_link":"https:\/\/www.sikortex.com\/pt\/author\/"},"uagb_comment_info":0,"uagb_excerpt":"1200 Meters(Min.Order)","_links":{"self":[{"href":"https:\/\/www.sikortex.com\/pt\/wp-json\/wp\/v2\/product\/6445","targetHints":{"allow":["GET"]}}],"collection":[{"href":"https:\/\/www.sikortex.com\/pt\/wp-json\/wp\/v2\/product"}],"about":[{"href":"https:\/\/www.sikortex.com\/pt\/wp-json\/wp\/v2\/types\/product"}],"replies":[{"embeddable":true,"href":"https:\/\/www.sikortex.com\/pt\/wp-json\/wp\/v2\/comments?post=6445"}],"wp:featuredmedia":[{"embeddable":true,"href":"https:\/\/www.sikortex.com\/pt\/wp-json\/wp\/v2\/media\/7070"}],"wp:attachment":[{"href":"https:\/\/www.sikortex.com\/pt\/wp-json\/wp\/v2\/media?parent=6445"}],"wp:term":[{"taxonomy":"product_brand","embeddable":true,"href":"https:\/\/www.sikortex.com\/pt\/wp-json\/wp\/v2\/product_brand?post=6445"},{"taxonomy":"product_cat","embeddable":true,"href":"https:\/\/www.sikortex.com\/pt\/wp-json\/wp\/v2\/product_cat?post=6445"},{"taxonomy":"product_tag","embeddable":true,"href":"https:\/\/www.sikortex.com\/pt\/wp-json\/wp\/v2\/product_tag?post=6445"}],"curies":[{"name":"wp","href":"https:\/\/api.w.org\/{rel}","templated":true}]}}