{"id":6365,"date":"2023-10-08T13:15:27","date_gmt":"2023-10-08T05:15:27","guid":{"rendered":"https:\/\/www.sikortex.com\/?post_type=product&#038;p=6365"},"modified":"2025-01-08T12:32:06","modified_gmt":"2025-01-08T04:32:06","slug":"sk8238-2","status":"publish","type":"product","link":"https:\/\/www.sikortex.com\/pt\/produtos\/sk8238-2\/","title":{"rendered":"Revestimento de poliuretano de tecido Oxford 210D de poli\u00e9ster Hi Vis"},"content":{"rendered":"<h5>Fabricante de tecido SIKOR-TEX Hi Vis<\/h5>\n<p>Poli\u00e9ster 210D\u00a0<a href=\"https:\/\/www.sikortex.com\/pt\/tecido-nylon-algodao-tecido-corta-vento-ripstop-5\/\">Oxford<\/a>\u00a0Revestimento de poliuretano Hi Vis Fabric, um tecido de alta visibilidade projetado para desempenho ideal em v\u00e1rios ambientes de trabalho. Este tecido combina funcionalidade, durabilidade e visibilidade para garantir a seguran\u00e7a dos trabalhadores em condi\u00e7\u00f5es exigentes.<\/p>\n<p>A cor fluorescente aumenta a visibilidade, tornando-a ideal para resgate em estradas, pessoal de servi\u00e7os rodovi\u00e1rios, pol\u00edcia de tr\u00e2nsito, transporte log\u00edstico e trabalhadores externos. O revestimento PU proporciona repel\u00eancia \u00e0 \u00e1gua, protegendo-o da chuva e mantendo-o seco. Al\u00e9m disso, a tecnologia inovadora e a alta respirabilidade do revestimento de PU permitem a remo\u00e7\u00e3o eficiente do suor, garantindo seu conforto mesmo em condi\u00e7\u00f5es clim\u00e1ticas adversas.<\/p>\n<p>Nossa cor fluorescente 210D <a href=\"https:\/\/www.sikortex.com\/pt\/2025\/01\/03\/fabricantes-de-tecidos-revestidos\/\"><span style=\"color: #3366ff;\">PU revestido<\/span><\/a> Oxford n\u00e3o \u00e9 apenas pr\u00e1tico, mas tamb\u00e9m f\u00e1cil de limpar, garantindo longevidade e mantendo suas propriedades de alta visibilidade. Escolha este tecido para suas roupas de trabalho e experimente seu desempenho superior e confiabilidade em ambientes de trabalho exigentes.<\/p>\n<p><img loading=\"lazy\" decoding=\"async\" class=\"alignnone size-medium wp-image-4778\" src=\"https:\/\/www.sikortex.com\/wp-content\/uploads\/2023\/06\/a1f3d5740680e6f6215505bc277b42fc178f21951d8e9-AScfKp_fw658webp-e1693106541583-300x300.webp\" alt=\"\" width=\"300\" height=\"300\" title=\"\" srcset=\"https:\/\/www.sikortex.com\/wp-content\/uploads\/2023\/06\/a1f3d5740680e6f6215505bc277b42fc178f21951d8e9-AScfKp_fw658webp-e1693106541583-300x300.webp 300w, https:\/\/www.sikortex.com\/wp-content\/uploads\/2023\/06\/a1f3d5740680e6f6215505bc277b42fc178f21951d8e9-AScfKp_fw658webp-e1693106541583-150x150.webp 150w, https:\/\/www.sikortex.com\/wp-content\/uploads\/2023\/06\/a1f3d5740680e6f6215505bc277b42fc178f21951d8e9-AScfKp_fw658webp-e1693106541583-768x768.webp 768w, https:\/\/www.sikortex.com\/wp-content\/uploads\/2023\/06\/a1f3d5740680e6f6215505bc277b42fc178f21951d8e9-AScfKp_fw658webp-e1693106541583-600x600.webp 600w, https:\/\/www.sikortex.com\/wp-content\/uploads\/2023\/06\/a1f3d5740680e6f6215505bc277b42fc178f21951d8e9-AScfKp_fw658webp-e1693106541583-100x100.webp 100w, https:\/\/www.sikortex.com\/wp-content\/uploads\/2023\/06\/a1f3d5740680e6f6215505bc277b42fc178f21951d8e9-AScfKp_fw658webp-e1693106541583-12x12.webp 12w, https:\/\/www.sikortex.com\/wp-content\/uploads\/2023\/06\/a1f3d5740680e6f6215505bc277b42fc178f21951d8e9-AScfKp_fw658webp-e1693106541583.webp 800w\" sizes=\"auto, (max-width: 300px) 100vw, 300px\" \/><\/p>\n<p><img loading=\"lazy\" decoding=\"async\" class=\"size-medium wp-image-4771\" src=\"https:\/\/www.sikortex.com\/wp-content\/uploads\/2023\/06\/istockphoto-494206291-612x612-2-e1693106599677-300x300.jpg\" alt=\"\" width=\"300\" height=\"300\" title=\"\" srcset=\"https:\/\/www.sikortex.com\/wp-content\/uploads\/2023\/06\/istockphoto-494206291-612x612-2-e1693106599677-300x300.jpg 300w, https:\/\/www.sikortex.com\/wp-content\/uploads\/2023\/06\/istockphoto-494206291-612x612-2-e1693106599677-150x150.jpg 150w, https:\/\/www.sikortex.com\/wp-content\/uploads\/2023\/06\/istockphoto-494206291-612x612-2-e1693106599677-768x768.jpg 768w, https:\/\/www.sikortex.com\/wp-content\/uploads\/2023\/06\/istockphoto-494206291-612x612-2-e1693106599677-600x600.jpg 600w, https:\/\/www.sikortex.com\/wp-content\/uploads\/2023\/06\/istockphoto-494206291-612x612-2-e1693106599677-100x100.jpg 100w, https:\/\/www.sikortex.com\/wp-content\/uploads\/2023\/06\/istockphoto-494206291-612x612-2-e1693106599677-12x12.jpg 12w, https:\/\/www.sikortex.com\/wp-content\/uploads\/2023\/06\/istockphoto-494206291-612x612-2-e1693106599677.jpg 800w\" sizes=\"auto, (max-width: 300px) 100vw, 300px\" \/><\/p>\n<p>&nbsp;<\/p>","protected":false},"excerpt":{"rendered":"<p>1000 metros (pedido m\u00ednimo)<\/p>","protected":false},"featured_media":3758,"comment_status":"closed","ping_status":"closed","template":"","meta":{"_uag_custom_page_level_css":"","site-sidebar-layout":"default","site-content-layout":"default","ast-site-content-layout":"","site-content-style":"default","site-sidebar-style":"default","ast-global-header-display":"","ast-banner-title-visibility":"","ast-main-header-display":"","ast-hfb-above-header-display":"","ast-hfb-below-header-display":"","ast-hfb-mobile-header-display":"","site-post-title":"","ast-breadcrumbs-content":"","ast-featured-img":"","footer-sml-layout":"","theme-transparent-header-meta":"default","adv-header-id-meta":"","stick-header-meta":"default","header-above-stick-meta":"","header-main-stick-meta":"","header-below-stick-meta":"","astra-migrate-meta-layouts":"default","ast-page-background-enabled":"default","ast-page-background-meta":{"desktop":{"background-color":"","background-image":"","background-repeat":"repeat","background-position":"center center","background-size":"auto","background-attachment":"scroll","background-type":"","background-media":"","overlay-type":"","overlay-color":"","overlay-opacity":"","overlay-gradient":""},"tablet":{"background-color":"","background-image":"","background-repeat":"repeat","background-position":"center center","background-size":"auto","background-attachment":"scroll","background-type":"","background-media":"","overlay-type":"","overlay-color":"","overlay-opacity":"","overlay-gradient":""},"mobile":{"background-color":"","background-image":"","background-repeat":"repeat","background-position":"center center","background-size":"auto","background-attachment":"scroll","background-type":"","background-media":"","overlay-type":"","overlay-color":"","overlay-opacity":"","overlay-gradient":""}},"ast-content-background-meta":{"desktop":{"background-color":"var(--ast-global-color-5)","background-image":"","background-repeat":"repeat","background-position":"center center","background-size":"auto","background-attachment":"scroll","background-type":"","background-media":"","overlay-type":"","overlay-color":"","overlay-opacity":"","overlay-gradient":""},"tablet":{"background-color":"var(--ast-global-color-5)","background-image":"","background-repeat":"repeat","background-position":"center center","background-size":"auto","background-attachment":"scroll","background-type":"","background-media":"","overlay-type":"","overlay-color":"","overlay-opacity":"","overlay-gradient":""},"mobile":{"background-color":"var(--ast-global-color-5)","background-image":"","background-repeat":"repeat","background-position":"center center","background-size":"auto","background-attachment":"scroll","background-type":"","background-media":"","overlay-type":"","overlay-color":"","overlay-opacity":"","overlay-gradient":""}}},"product_brand":[],"product_cat":[426,1184,427,403,425,414],"product_tag":[],"class_list":{"0":"post-6365","1":"product","2":"type-product","3":"status-publish","4":"has-post-thumbnail","6":"product_cat-constructionmining","7":"product_cat-oxford-fabric","8":"product_cat-petroleum-and-petrochemical","9":"product_cat-polyester-fabrics","10":"product_cat-security-emergencies-road-services","11":"product_cat-waterproof-fabrics","12":"pa_available_colors-fluorescent-orange","13":"pa_available_colors-fluorescent-red","14":"pa_available_colors-fluorescent-yellow","15":"desktop-align-left","16":"tablet-align-left","17":"mobile-align-left","18":"ast-product-gallery-layout-vertical-slider","19":"ast-product-tabs-layout-horizontal","21":"first","22":"instock","23":"shipping-taxable","24":"product-type-simple"},"uagb_featured_image_src":{"full":["https:\/\/www.sikortex.com\/wp-content\/uploads\/2023\/06\/11050437838_1388178709-1.jpg",1024,1024,false],"thumbnail":["https:\/\/www.sikortex.com\/wp-content\/uploads\/2023\/06\/11050437838_1388178709-1-150x150.jpg",150,150,true],"medium":["https:\/\/www.sikortex.com\/wp-content\/uploads\/2023\/06\/11050437838_1388178709-1-300x300.jpg",300,300,true],"medium_large":["https:\/\/www.sikortex.com\/wp-content\/uploads\/2023\/06\/11050437838_1388178709-1-768x768.jpg",768,768,true],"large":["https:\/\/www.sikortex.com\/wp-content\/uploads\/2023\/06\/11050437838_1388178709-1.jpg",1024,1024,false],"1536x1536":["https:\/\/www.sikortex.com\/wp-content\/uploads\/2023\/06\/11050437838_1388178709-1.jpg",1024,1024,false],"2048x2048":["https:\/\/www.sikortex.com\/wp-content\/uploads\/2023\/06\/11050437838_1388178709-1.jpg",1024,1024,false],"trp-custom-language-flag":["https:\/\/www.sikortex.com\/wp-content\/uploads\/2023\/06\/11050437838_1388178709-1.jpg",12,12,false],"woocommerce_thumbnail":["https:\/\/www.sikortex.com\/wp-content\/uploads\/2023\/06\/11050437838_1388178709-1-300x300.jpg",300,300,true],"woocommerce_single":["https:\/\/www.sikortex.com\/wp-content\/uploads\/2023\/06\/11050437838_1388178709-1-600x600.jpg",600,600,true],"woocommerce_gallery_thumbnail":["https:\/\/www.sikortex.com\/wp-content\/uploads\/2023\/06\/11050437838_1388178709-1-100x100.jpg",100,100,true]},"uagb_author_info":{"display_name":"Perry","author_link":"https:\/\/www.sikortex.com\/pt\/author\/"},"uagb_comment_info":0,"uagb_excerpt":"1000 Meters(Min.Order)","_links":{"self":[{"href":"https:\/\/www.sikortex.com\/pt\/wp-json\/wp\/v2\/product\/6365","targetHints":{"allow":["GET"]}}],"collection":[{"href":"https:\/\/www.sikortex.com\/pt\/wp-json\/wp\/v2\/product"}],"about":[{"href":"https:\/\/www.sikortex.com\/pt\/wp-json\/wp\/v2\/types\/product"}],"replies":[{"embeddable":true,"href":"https:\/\/www.sikortex.com\/pt\/wp-json\/wp\/v2\/comments?post=6365"}],"wp:featuredmedia":[{"embeddable":true,"href":"https:\/\/www.sikortex.com\/pt\/wp-json\/wp\/v2\/media\/3758"}],"wp:attachment":[{"href":"https:\/\/www.sikortex.com\/pt\/wp-json\/wp\/v2\/media?parent=6365"}],"wp:term":[{"taxonomy":"product_brand","embeddable":true,"href":"https:\/\/www.sikortex.com\/pt\/wp-json\/wp\/v2\/product_brand?post=6365"},{"taxonomy":"product_cat","embeddable":true,"href":"https:\/\/www.sikortex.com\/pt\/wp-json\/wp\/v2\/product_cat?post=6365"},{"taxonomy":"product_tag","embeddable":true,"href":"https:\/\/www.sikortex.com\/pt\/wp-json\/wp\/v2\/product_tag?post=6365"}],"curies":[{"name":"wp","href":"https:\/\/api.w.org\/{rel}","templated":true}]}}