{"id":6250,"date":"2023-09-24T12:03:36","date_gmt":"2023-09-24T04:03:36","guid":{"rendered":"https:\/\/www.sikortex.com\/?post_type=product&#038;p=6250"},"modified":"2023-11-05T14:30:55","modified_gmt":"2023-11-05T06:30:55","slug":"sk8263-nylon-algodao-roupas-de-trabalho-tecido-2","status":"publish","type":"product","link":"https:\/\/www.sikortex.com\/pt\/produtos\/sk8263-nylon-algodao-roupas-de-trabalho-tecido-2\/","title":{"rendered":"Tecido de nylon e algod\u00e3o para corta-vento"},"content":{"rendered":"<p>O tecido de algod\u00e3o e nylon SIKOR-TEX para corta-ventos oferece uma mistura \u00fanica de resist\u00eancia, conforto e estilo. O tecido combina o melhor dos dois mundos, usando fibras de nylon na dire\u00e7\u00e3o da urdidura e fios de algod\u00e3o na dire\u00e7\u00e3o da trama, criando uma estrutura de entrela\u00e7amento \u00fanica que o diferencia dos tecidos mistos tradicionais.<br \/>\nFornecemos tecidos el\u00e1sticos de n\u00e1ilon e algod\u00e3o com espessuras de 80 g\/m\u00b2 a 350 g\/m\u00b2, em trama simples, sarja e maquinetado, e oferecemos suporte \u00e0 personaliza\u00e7\u00e3o de amostras.<\/p>\n<p>Experimente a sensa\u00e7\u00e3o de superf\u00edcie superior do nosso tecido, que exibe a maciez e a resist\u00eancia \u00e0 abras\u00e3o do nylon, ao mesmo tempo em que fornece dicas sutis da textura natural do fio de algod\u00e3o. Ele incorpora as melhores qualidades de ambos os materiais, oferecendo alta resist\u00eancia, propriedades antirrugas, bem como propriedades respir\u00e1veis e amig\u00e1veis \u00e0 pele, semelhantes ao algod\u00e3o.<\/p>\n<p>Este tecido especial \u00e9 perfeito para fazer roupas vers\u00e1teis, corta-ventos, jaquetas e itens de moda. Ele oferece durabilidade, garantindo que suas roupas possam suportar uso rigoroso, ao mesmo tempo em que fornece um n\u00edvel de conforto que mant\u00e9m voc\u00ea se sentindo \u00e0 vontade durante todo o dia.<\/p>","protected":false},"excerpt":{"rendered":"<p>1000 metros (pedido m\u00ednimo)<\/p>","protected":false},"featured_media":6264,"comment_status":"closed","ping_status":"closed","template":"","meta":{"_uag_custom_page_level_css":"","site-sidebar-layout":"default","site-content-layout":"default","ast-site-content-layout":"","site-content-style":"default","site-sidebar-style":"default","ast-global-header-display":"","ast-banner-title-visibility":"","ast-main-header-display":"","ast-hfb-above-header-display":"","ast-hfb-below-header-display":"","ast-hfb-mobile-header-display":"","site-post-title":"","ast-breadcrumbs-content":"","ast-featured-img":"","footer-sml-layout":"","theme-transparent-header-meta":"default","adv-header-id-meta":"","stick-header-meta":"default","header-above-stick-meta":"","header-main-stick-meta":"","header-below-stick-meta":"","astra-migrate-meta-layouts":"default","ast-page-background-enabled":"default","ast-page-background-meta":{"desktop":{"background-color":"","background-image":"","background-repeat":"repeat","background-position":"center center","background-size":"auto","background-attachment":"scroll","background-type":"","background-media":"","overlay-type":"","overlay-color":"","overlay-opacity":"","overlay-gradient":""},"tablet":{"background-color":"","background-image":"","background-repeat":"repeat","background-position":"center center","background-size":"auto","background-attachment":"scroll","background-type":"","background-media":"","overlay-type":"","overlay-color":"","overlay-opacity":"","overlay-gradient":""},"mobile":{"background-color":"","background-image":"","background-repeat":"repeat","background-position":"center center","background-size":"auto","background-attachment":"scroll","background-type":"","background-media":"","overlay-type":"","overlay-color":"","overlay-opacity":"","overlay-gradient":""}},"ast-content-background-meta":{"desktop":{"background-color":"var(--ast-global-color-5)","background-image":"","background-repeat":"repeat","background-position":"center center","background-size":"auto","background-attachment":"scroll","background-type":"","background-media":"","overlay-type":"","overlay-color":"","overlay-opacity":"","overlay-gradient":""},"tablet":{"background-color":"var(--ast-global-color-5)","background-image":"","background-repeat":"repeat","background-position":"center center","background-size":"auto","background-attachment":"scroll","background-type":"","background-media":"","overlay-type":"","overlay-color":"","overlay-opacity":"","overlay-gradient":""},"mobile":{"background-color":"var(--ast-global-color-5)","background-image":"","background-repeat":"repeat","background-position":"center center","background-size":"auto","background-attachment":"scroll","background-type":"","background-media":"","overlay-type":"","overlay-color":"","overlay-opacity":"","overlay-gradient":""}}},"product_brand":[],"product_cat":[426,431,406,425],"product_tag":[],"class_list":{"0":"post-6250","1":"product","2":"type-product","3":"status-publish","4":"has-post-thumbnail","6":"product_cat-constructionmining","7":"product_cat-fabric-for-commuting-clothing","8":"product_cat-nylon-cotton","9":"product_cat-security-emergencies-road-services","10":"pa_available_colors-911052-spc","11":"desktop-align-left","12":"tablet-align-left","13":"mobile-align-left","14":"ast-product-gallery-layout-vertical-slider","15":"ast-product-tabs-layout-horizontal","17":"first","18":"instock","19":"shipping-taxable","20":"product-type-simple"},"uagb_featured_image_src":{"full":["https:\/\/www.sikortex.com\/wp-content\/uploads\/2023\/09\/Nylon-cotton-fabric-for-jacket.jpg",1920,1920,false],"thumbnail":["https:\/\/www.sikortex.com\/wp-content\/uploads\/2023\/09\/Nylon-cotton-fabric-for-jacket-150x150.jpg",150,150,true],"medium":["https:\/\/www.sikortex.com\/wp-content\/uploads\/2023\/09\/Nylon-cotton-fabric-for-jacket-300x300.jpg",300,300,true],"medium_large":["https:\/\/www.sikortex.com\/wp-content\/uploads\/2023\/09\/Nylon-cotton-fabric-for-jacket-768x768.jpg",768,768,true],"large":["https:\/\/www.sikortex.com\/wp-content\/uploads\/2023\/09\/Nylon-cotton-fabric-for-jacket-1024x1024.jpg",1024,1024,true],"1536x1536":["https:\/\/www.sikortex.com\/wp-content\/uploads\/2023\/09\/Nylon-cotton-fabric-for-jacket-1536x1536.jpg",1536,1536,true],"2048x2048":["https:\/\/www.sikortex.com\/wp-content\/uploads\/2023\/09\/Nylon-cotton-fabric-for-jacket.jpg",1920,1920,false],"trp-custom-language-flag":["https:\/\/www.sikortex.com\/wp-content\/uploads\/2023\/09\/Nylon-cotton-fabric-for-jacket-12x12.jpg",12,12,true],"woocommerce_thumbnail":["https:\/\/www.sikortex.com\/wp-content\/uploads\/2023\/09\/Nylon-cotton-fabric-for-jacket-300x300.jpg",300,300,true],"woocommerce_single":["https:\/\/www.sikortex.com\/wp-content\/uploads\/2023\/09\/Nylon-cotton-fabric-for-jacket-600x600.jpg",600,600,true],"woocommerce_gallery_thumbnail":["https:\/\/www.sikortex.com\/wp-content\/uploads\/2023\/09\/Nylon-cotton-fabric-for-jacket-100x100.jpg",100,100,true]},"uagb_author_info":{"display_name":"Perry","author_link":"https:\/\/www.sikortex.com\/pt\/author\/"},"uagb_comment_info":0,"uagb_excerpt":"1000 Meters(Min.Order)","_links":{"self":[{"href":"https:\/\/www.sikortex.com\/pt\/wp-json\/wp\/v2\/product\/6250","targetHints":{"allow":["GET"]}}],"collection":[{"href":"https:\/\/www.sikortex.com\/pt\/wp-json\/wp\/v2\/product"}],"about":[{"href":"https:\/\/www.sikortex.com\/pt\/wp-json\/wp\/v2\/types\/product"}],"replies":[{"embeddable":true,"href":"https:\/\/www.sikortex.com\/pt\/wp-json\/wp\/v2\/comments?post=6250"}],"wp:featuredmedia":[{"embeddable":true,"href":"https:\/\/www.sikortex.com\/pt\/wp-json\/wp\/v2\/media\/6264"}],"wp:attachment":[{"href":"https:\/\/www.sikortex.com\/pt\/wp-json\/wp\/v2\/media?parent=6250"}],"wp:term":[{"taxonomy":"product_brand","embeddable":true,"href":"https:\/\/www.sikortex.com\/pt\/wp-json\/wp\/v2\/product_brand?post=6250"},{"taxonomy":"product_cat","embeddable":true,"href":"https:\/\/www.sikortex.com\/pt\/wp-json\/wp\/v2\/product_cat?post=6250"},{"taxonomy":"product_tag","embeddable":true,"href":"https:\/\/www.sikortex.com\/pt\/wp-json\/wp\/v2\/product_tag?post=6250"}],"curies":[{"name":"wp","href":"https:\/\/api.w.org\/{rel}","templated":true}]}}