{"id":6169,"date":"2023-09-05T17:50:15","date_gmt":"2023-09-05T09:50:15","guid":{"rendered":"https:\/\/www.sikortex.com\/?post_type=product&#038;p=6169"},"modified":"2025-01-08T12:36:28","modified_gmt":"2025-01-08T04:36:28","slug":"300d-cor-fluorescente-oxford-3","status":"publish","type":"product","link":"https:\/\/www.sikortex.com\/pt\/produtos\/300d-cor-fluorescente-oxford-3\/","title":{"rendered":"Fabricante de tecido Hi Vis Softshell"},"content":{"rendered":"<h5>Fabricante de tecido SIKOR-TEX Hi Vis<\/h5>\n<p>O Hi Vis mais leve <a href=\"https:\/\/www.sikortex.com\/pt\/tecido-respiravel-impermeavel\/\"><span style=\"color: #3366ff;\">Casca mole<\/span><\/a> Tecido dispon\u00edvel, este tecido consiste em 3 camadas de poli\u00e9ster ultrafino laminado com TPU para durabilidade e resist\u00eancia para ambientes externos adversos. Cores fluorescentes vibrantes aumentam a visibilidade e garantem f\u00e1cil visualiza\u00e7\u00e3o em condi\u00e7\u00f5es de pouca luz ou ambientes perigosos, o que aumenta a seguran\u00e7a para viajantes ou trabalhadores ao ar livre, mas \u00e9 extremamente <a href=\"https:\/\/www.sikortex.com\/pt\/tecido-nylon-algodao-tecido-corta-vento-ripstop-3\/\"><span style=\"color: #3366ff;\">leve<\/span><\/a>.<\/p>\n<p>Tecido Hi Vis de cor fluorescente, um tecido de alta visibilidade projetado para desempenho ideal em v\u00e1rios ambientes de trabalho. Este tecido combina funcionalidade, durabilidade e visibilidade para garantir a seguran\u00e7a dos trabalhadores em condi\u00e7\u00f5es exigentes.<\/p>\n<p>A cor fluorescente melhora a visibilidade, tornando-a ideal para resgate em estrada, pessoal de servi\u00e7o rodovi\u00e1rio, pol\u00edcia de tr\u00e2nsito, transporte log\u00edstico e trabalhadores ao ar livre. O revestimento de PU fornece <a href=\"\/pt\/sobre-o-tecido-oxford-a-prova-dagua\/\"><span style=\"color: #3366ff;\">repel\u00eancia \u00e0 \u00e1gua<\/span><\/a>, protegendo voc\u00ea da chuva e mantendo voc\u00ea seco. Al\u00e9m disso, a tecnologia inovadora e a alta respirabilidade do <a href=\"https:\/\/www.sikortex.com\/pt\/2025\/01\/03\/fabricantes-de-tecidos-revestidos\/\"><span style=\"color: #3366ff;\">Revestimento PU<\/span><\/a> permitem a remo\u00e7\u00e3o eficiente do suor, garantindo seu conforto mesmo em condi\u00e7\u00f5es clim\u00e1ticas adversas.<\/p>\n<p>Nosso Tecido Softshell Hi Vis n\u00e3o \u00e9 apenas pr\u00e1tico, mas tamb\u00e9m f\u00e1cil de limpar, garantindo longevidade e mantendo suas propriedades de alta visibilidade. Escolha este tecido para suas roupas de trabalho e experimente seu desempenho e confiabilidade superiores em ambientes de trabalho exigentes.<\/p>","protected":false},"excerpt":{"rendered":"<p>1500 metros (pedido m\u00ednimo)<\/p>","protected":false},"featured_media":6170,"comment_status":"closed","ping_status":"closed","template":"","meta":{"_uag_custom_page_level_css":"","site-sidebar-layout":"default","site-content-layout":"default","ast-site-content-layout":"","site-content-style":"default","site-sidebar-style":"default","ast-global-header-display":"","ast-banner-title-visibility":"","ast-main-header-display":"","ast-hfb-above-header-display":"","ast-hfb-below-header-display":"","ast-hfb-mobile-header-display":"","site-post-title":"","ast-breadcrumbs-content":"","ast-featured-img":"","footer-sml-layout":"","theme-transparent-header-meta":"default","adv-header-id-meta":"","stick-header-meta":"default","header-above-stick-meta":"","header-main-stick-meta":"","header-below-stick-meta":"","astra-migrate-meta-layouts":"default","ast-page-background-enabled":"default","ast-page-background-meta":{"desktop":{"background-color":"","background-image":"","background-repeat":"repeat","background-position":"center center","background-size":"auto","background-attachment":"scroll","background-type":"","background-media":"","overlay-type":"","overlay-color":"","overlay-opacity":"","overlay-gradient":""},"tablet":{"background-color":"","background-image":"","background-repeat":"repeat","background-position":"center center","background-size":"auto","background-attachment":"scroll","background-type":"","background-media":"","overlay-type":"","overlay-color":"","overlay-opacity":"","overlay-gradient":""},"mobile":{"background-color":"","background-image":"","background-repeat":"repeat","background-position":"center center","background-size":"auto","background-attachment":"scroll","background-type":"","background-media":"","overlay-type":"","overlay-color":"","overlay-opacity":"","overlay-gradient":""}},"ast-content-background-meta":{"desktop":{"background-color":"var(--ast-global-color-5)","background-image":"","background-repeat":"repeat","background-position":"center center","background-size":"auto","background-attachment":"scroll","background-type":"","background-media":"","overlay-type":"","overlay-color":"","overlay-opacity":"","overlay-gradient":""},"tablet":{"background-color":"var(--ast-global-color-5)","background-image":"","background-repeat":"repeat","background-position":"center center","background-size":"auto","background-attachment":"scroll","background-type":"","background-media":"","overlay-type":"","overlay-color":"","overlay-opacity":"","overlay-gradient":""},"mobile":{"background-color":"var(--ast-global-color-5)","background-image":"","background-repeat":"repeat","background-position":"center center","background-size":"auto","background-attachment":"scroll","background-type":"","background-media":"","overlay-type":"","overlay-color":"","overlay-opacity":"","overlay-gradient":""}}},"product_brand":[],"product_cat":[426,421,427,403,425,414],"product_tag":[],"class_list":{"0":"post-6169","1":"product","2":"type-product","3":"status-publish","4":"has-post-thumbnail","6":"product_cat-constructionmining","7":"product_cat-foul-weather-fabrics","8":"product_cat-petroleum-and-petrochemical","9":"product_cat-polyester-fabrics","10":"product_cat-security-emergencies-road-services","11":"product_cat-waterproof-fabrics","12":"pa_available_colors-fluorescent-orange","13":"pa_available_colors-fluorescent-yellow","14":"desktop-align-left","15":"tablet-align-left","16":"mobile-align-left","17":"ast-product-gallery-layout-vertical-slider","18":"ast-product-tabs-layout-horizontal","20":"first","21":"instock","22":"shipping-taxable","23":"product-type-simple"},"uagb_featured_image_src":{"full":["https:\/\/www.sikortex.com\/wp-content\/uploads\/2023\/09\/High-visibility-softshell-fabric.jpg",800,800,false],"thumbnail":["https:\/\/www.sikortex.com\/wp-content\/uploads\/2023\/09\/High-visibility-softshell-fabric-150x150.jpg",150,150,true],"medium":["https:\/\/www.sikortex.com\/wp-content\/uploads\/2023\/09\/High-visibility-softshell-fabric-300x300.jpg",300,300,true],"medium_large":["https:\/\/www.sikortex.com\/wp-content\/uploads\/2023\/09\/High-visibility-softshell-fabric-768x768.jpg",768,768,true],"large":["https:\/\/www.sikortex.com\/wp-content\/uploads\/2023\/09\/High-visibility-softshell-fabric.jpg",800,800,false],"1536x1536":["https:\/\/www.sikortex.com\/wp-content\/uploads\/2023\/09\/High-visibility-softshell-fabric.jpg",800,800,false],"2048x2048":["https:\/\/www.sikortex.com\/wp-content\/uploads\/2023\/09\/High-visibility-softshell-fabric.jpg",800,800,false],"trp-custom-language-flag":["https:\/\/www.sikortex.com\/wp-content\/uploads\/2023\/09\/High-visibility-softshell-fabric-12x12.jpg",12,12,true],"woocommerce_thumbnail":["https:\/\/www.sikortex.com\/wp-content\/uploads\/2023\/09\/High-visibility-softshell-fabric-300x300.jpg",300,300,true],"woocommerce_single":["https:\/\/www.sikortex.com\/wp-content\/uploads\/2023\/09\/High-visibility-softshell-fabric-600x600.jpg",600,600,true],"woocommerce_gallery_thumbnail":["https:\/\/www.sikortex.com\/wp-content\/uploads\/2023\/09\/High-visibility-softshell-fabric-100x100.jpg",100,100,true]},"uagb_author_info":{"display_name":"Perry","author_link":"https:\/\/www.sikortex.com\/pt\/author\/"},"uagb_comment_info":0,"uagb_excerpt":"1500 Meters(Min.Order)","_links":{"self":[{"href":"https:\/\/www.sikortex.com\/pt\/wp-json\/wp\/v2\/product\/6169","targetHints":{"allow":["GET"]}}],"collection":[{"href":"https:\/\/www.sikortex.com\/pt\/wp-json\/wp\/v2\/product"}],"about":[{"href":"https:\/\/www.sikortex.com\/pt\/wp-json\/wp\/v2\/types\/product"}],"replies":[{"embeddable":true,"href":"https:\/\/www.sikortex.com\/pt\/wp-json\/wp\/v2\/comments?post=6169"}],"wp:featuredmedia":[{"embeddable":true,"href":"https:\/\/www.sikortex.com\/pt\/wp-json\/wp\/v2\/media\/6170"}],"wp:attachment":[{"href":"https:\/\/www.sikortex.com\/pt\/wp-json\/wp\/v2\/media?parent=6169"}],"wp:term":[{"taxonomy":"product_brand","embeddable":true,"href":"https:\/\/www.sikortex.com\/pt\/wp-json\/wp\/v2\/product_brand?post=6169"},{"taxonomy":"product_cat","embeddable":true,"href":"https:\/\/www.sikortex.com\/pt\/wp-json\/wp\/v2\/product_cat?post=6169"},{"taxonomy":"product_tag","embeddable":true,"href":"https:\/\/www.sikortex.com\/pt\/wp-json\/wp\/v2\/product_tag?post=6169"}],"curies":[{"name":"wp","href":"https:\/\/api.w.org\/{rel}","templated":true}]}}