{"id":4881,"date":"2023-06-29T11:13:27","date_gmt":"2023-06-29T03:13:27","guid":{"rendered":"http:\/\/shihan.vihsu.com\/?post_type=product&#038;p=4881"},"modified":"2023-10-23T11:18:42","modified_gmt":"2023-10-23T03:18:42","slug":"novo-fibra-algodao-sentimento-poliester-tecido","status":"publish","type":"product","link":"https:\/\/www.sikortex.com\/pt\/produtos\/novo-fibra-algodao-sentimento-poliester-tecido\/","title":{"rendered":"Novo tecido de poli\u00e9ster de fibra de algod\u00e3o com sensa\u00e7\u00e3o"},"content":{"rendered":"<h3><a href=\"https:\/\/www.sikortex.com\/pt\/revista\/functional-fabric\/tecidos-impermeaveis\/\">Tecido de poli\u00e9ster \u00e0 prova d&#039;\u00e1gua<\/a><\/h3>\n<p><a href=\"https:\/\/www.sikortex.com\/pt\/\" target=\"_blank\" rel=\"noopener\">SIKOR-TEX<\/a> O tecido de poli\u00e9ster Neofiber Cotton Touch \u00e9 um material premium que tem a apar\u00eancia e a sensa\u00e7\u00e3o do algod\u00e3o, al\u00e9m de ser excepcionalmente dur\u00e1vel, repelente \u00e0 \u00e1gua e respir\u00e1vel. Este tecido vers\u00e1til \u00e9 adequado para uma variedade de aplica\u00e7\u00f5es, incluindo agasalhos, roupas casuais e roupas de trabalho ao ar livre.<br \/>\nO tecido usa um entrela\u00e7amento exclusivo de poli\u00e9ster e novas fibras para dar uma textura e apar\u00eancia de algod\u00e3o, al\u00e9m de oferecer excelente resist\u00eancia \u00e0 abras\u00e3o. Isso o torna ideal para roupas que precisam suportar ambientes hostis e desafios f\u00edsicos. A repel\u00eancia \u00e0 \u00e1gua do tecido tamb\u00e9m o torna adequado para atividades ao ar livre, proporcionando prote\u00e7\u00e3o contra chuva e umidade.<\/p>","protected":false},"excerpt":{"rendered":"<p>1200 metros (pedido m\u00ednimo)<\/p>","protected":false},"featured_media":4555,"comment_status":"closed","ping_status":"closed","template":"","meta":{"_uag_custom_page_level_css":"","site-sidebar-layout":"default","site-content-layout":"default","ast-site-content-layout":"","site-content-style":"default","site-sidebar-style":"default","ast-global-header-display":"","ast-banner-title-visibility":"","ast-main-header-display":"","ast-hfb-above-header-display":"","ast-hfb-below-header-display":"","ast-hfb-mobile-header-display":"","site-post-title":"","ast-breadcrumbs-content":"","ast-featured-img":"","footer-sml-layout":"","theme-transparent-header-meta":"default","adv-header-id-meta":"","stick-header-meta":"default","header-above-stick-meta":"","header-main-stick-meta":"","header-below-stick-meta":"","astra-migrate-meta-layouts":"default","ast-page-background-enabled":"default","ast-page-background-meta":{"desktop":{"background-color":"","background-image":"","background-repeat":"repeat","background-position":"center center","background-size":"auto","background-attachment":"scroll","background-type":"","background-media":"","overlay-type":"","overlay-color":"","overlay-opacity":"","overlay-gradient":""},"tablet":{"background-color":"","background-image":"","background-repeat":"repeat","background-position":"center center","background-size":"auto","background-attachment":"scroll","background-type":"","background-media":"","overlay-type":"","overlay-color":"","overlay-opacity":"","overlay-gradient":""},"mobile":{"background-color":"","background-image":"","background-repeat":"repeat","background-position":"center center","background-size":"auto","background-attachment":"scroll","background-type":"","background-media":"","overlay-type":"","overlay-color":"","overlay-opacity":"","overlay-gradient":""}},"ast-content-background-meta":{"desktop":{"background-color":"var(--ast-global-color-5)","background-image":"","background-repeat":"repeat","background-position":"center center","background-size":"auto","background-attachment":"scroll","background-type":"","background-media":"","overlay-type":"","overlay-color":"","overlay-opacity":"","overlay-gradient":""},"tablet":{"background-color":"var(--ast-global-color-5)","background-image":"","background-repeat":"repeat","background-position":"center center","background-size":"auto","background-attachment":"scroll","background-type":"","background-media":"","overlay-type":"","overlay-color":"","overlay-opacity":"","overlay-gradient":""},"mobile":{"background-color":"var(--ast-global-color-5)","background-image":"","background-repeat":"repeat","background-position":"center center","background-size":"auto","background-attachment":"scroll","background-type":"","background-media":"","overlay-type":"","overlay-color":"","overlay-opacity":"","overlay-gradient":""}}},"product_brand":[],"product_cat":[403],"product_tag":[],"class_list":{"0":"post-4881","1":"product","2":"type-product","3":"status-publish","4":"has-post-thumbnail","6":"product_cat-polyester-fabrics","7":"pa_available_colors-h-black","8":"desktop-align-left","9":"tablet-align-left","10":"mobile-align-left","11":"ast-product-gallery-layout-vertical-slider","12":"ast-product-tabs-layout-horizontal","14":"first","15":"instock","16":"shipping-taxable","17":"product-type-simple"},"uagb_featured_image_src":{"full":["https:\/\/www.sikortex.com\/wp-content\/uploads\/2023\/06\/3-10.jpg",1024,1024,false],"thumbnail":["https:\/\/www.sikortex.com\/wp-content\/uploads\/2023\/06\/3-10-150x150.jpg",150,150,true],"medium":["https:\/\/www.sikortex.com\/wp-content\/uploads\/2023\/06\/3-10-300x300.jpg",300,300,true],"medium_large":["https:\/\/www.sikortex.com\/wp-content\/uploads\/2023\/06\/3-10-768x768.jpg",768,768,true],"large":["https:\/\/www.sikortex.com\/wp-content\/uploads\/2023\/06\/3-10.jpg",1024,1024,false],"1536x1536":["https:\/\/www.sikortex.com\/wp-content\/uploads\/2023\/06\/3-10.jpg",1024,1024,false],"2048x2048":["https:\/\/www.sikortex.com\/wp-content\/uploads\/2023\/06\/3-10.jpg",1024,1024,false],"trp-custom-language-flag":["https:\/\/www.sikortex.com\/wp-content\/uploads\/2023\/06\/3-10.jpg",12,12,false],"woocommerce_thumbnail":["https:\/\/www.sikortex.com\/wp-content\/uploads\/2023\/06\/3-10-300x300.jpg",300,300,true],"woocommerce_single":["https:\/\/www.sikortex.com\/wp-content\/uploads\/2023\/06\/3-10-600x600.jpg",600,600,true],"woocommerce_gallery_thumbnail":["https:\/\/www.sikortex.com\/wp-content\/uploads\/2023\/06\/3-10-100x100.jpg",100,100,true]},"uagb_author_info":{"display_name":"Perry","author_link":"https:\/\/www.sikortex.com\/pt\/author\/"},"uagb_comment_info":0,"uagb_excerpt":"1200 Meters(Min.Order)","_links":{"self":[{"href":"https:\/\/www.sikortex.com\/pt\/wp-json\/wp\/v2\/product\/4881","targetHints":{"allow":["GET"]}}],"collection":[{"href":"https:\/\/www.sikortex.com\/pt\/wp-json\/wp\/v2\/product"}],"about":[{"href":"https:\/\/www.sikortex.com\/pt\/wp-json\/wp\/v2\/types\/product"}],"replies":[{"embeddable":true,"href":"https:\/\/www.sikortex.com\/pt\/wp-json\/wp\/v2\/comments?post=4881"}],"wp:featuredmedia":[{"embeddable":true,"href":"https:\/\/www.sikortex.com\/pt\/wp-json\/wp\/v2\/media\/4555"}],"wp:attachment":[{"href":"https:\/\/www.sikortex.com\/pt\/wp-json\/wp\/v2\/media?parent=4881"}],"wp:term":[{"taxonomy":"product_brand","embeddable":true,"href":"https:\/\/www.sikortex.com\/pt\/wp-json\/wp\/v2\/product_brand?post=4881"},{"taxonomy":"product_cat","embeddable":true,"href":"https:\/\/www.sikortex.com\/pt\/wp-json\/wp\/v2\/product_cat?post=4881"},{"taxonomy":"product_tag","embeddable":true,"href":"https:\/\/www.sikortex.com\/pt\/wp-json\/wp\/v2\/product_tag?post=4881"}],"curies":[{"name":"wp","href":"https:\/\/api.w.org\/{rel}","templated":true}]}}