{"id":4768,"date":"2023-06-28T16:49:33","date_gmt":"2023-06-28T08:49:33","guid":{"rendered":"http:\/\/shihan.vihsu.com\/?post_type=product&#038;p=4768"},"modified":"2023-10-25T13:19:09","modified_gmt":"2023-10-25T05:19:09","slug":"tecido-retardante-de-chama-de-poliester","status":"publish","type":"product","link":"https:\/\/www.sikortex.com\/pt\/produtos\/tecido-retardante-de-chama-de-poliester\/","title":{"rendered":"Xadrez de tecido antiest\u00e1tico de poli\u00e9ster retardador de chama"},"content":{"rendered":"<p>Fabricante de tecido de alto desempenho SIKOR-TEX<\/p>\n<p>Tecido Antiest\u00e1tico de Poli\u00e9ster <a href=\"https:\/\/www.sikortex.com\/pt\/revista\/functional-fabric\/tecidos-ignifugos\/\">Tecido retardador de chamas<\/a>, uma solu\u00e7\u00e3o confi\u00e1vel e econ\u00f4mica para diversos setores. Este tecido \u00e9 composto por poli\u00e9ster 98% e fibra de carbono 2%, garantindo excelentes propriedades antiest\u00e1ticas e retardantes de chamas. Voc\u00ea tem a op\u00e7\u00e3o de escolher entre fibras condutoras pretas ou cinzas, dependendo da sua prefer\u00eancia.<\/p>\n<p>Nosso tecido n\u00e3o apenas oferece desempenho de alta qualidade, mas tamb\u00e9m versatilidade em processos de p\u00f3s-acabamento, como tratamentos e revestimentos repelentes de \u00e1gua. Isso aumenta sua funcionalidade e durabilidade. \u00c9 particularmente adequado para criar roupas de trabalho ou roupas de prote\u00e7\u00e3o para funcion\u00e1rios em f\u00e1bricas de eletr\u00f4nicos, operadores de instrumentos de precis\u00e3o, pessoal em salas limpas sem poeira e at\u00e9 mesmo pessoal em salas de cirurgia.<\/p>\n<p>Experimente a combina\u00e7\u00e3o perfeita de qualidade, acessibilidade e funcionalidade com nosso tecido xadrez retardador de chama antiest\u00e1tico de poli\u00e9ster. Priorize a seguran\u00e7a e o conforto de sua for\u00e7a de trabalho escolhendo este tecido para seu pr\u00f3ximo projeto.<\/p>","protected":false},"excerpt":{"rendered":"<p>2.000 metros (pedido m\u00ednimo)<\/p>","protected":false},"featured_media":1620,"comment_status":"closed","ping_status":"closed","template":"","meta":{"_uag_custom_page_level_css":"","site-sidebar-layout":"default","site-content-layout":"default","ast-site-content-layout":"","site-content-style":"default","site-sidebar-style":"default","ast-global-header-display":"","ast-banner-title-visibility":"","ast-main-header-display":"","ast-hfb-above-header-display":"","ast-hfb-below-header-display":"","ast-hfb-mobile-header-display":"","site-post-title":"","ast-breadcrumbs-content":"","ast-featured-img":"","footer-sml-layout":"","theme-transparent-header-meta":"default","adv-header-id-meta":"","stick-header-meta":"default","header-above-stick-meta":"","header-main-stick-meta":"","header-below-stick-meta":"","astra-migrate-meta-layouts":"default","ast-page-background-enabled":"default","ast-page-background-meta":{"desktop":{"background-color":"","background-image":"","background-repeat":"repeat","background-position":"center center","background-size":"auto","background-attachment":"scroll","background-type":"","background-media":"","overlay-type":"","overlay-color":"","overlay-opacity":"","overlay-gradient":""},"tablet":{"background-color":"","background-image":"","background-repeat":"repeat","background-position":"center center","background-size":"auto","background-attachment":"scroll","background-type":"","background-media":"","overlay-type":"","overlay-color":"","overlay-opacity":"","overlay-gradient":""},"mobile":{"background-color":"","background-image":"","background-repeat":"repeat","background-position":"center center","background-size":"auto","background-attachment":"scroll","background-type":"","background-media":"","overlay-type":"","overlay-color":"","overlay-opacity":"","overlay-gradient":""}},"ast-content-background-meta":{"desktop":{"background-color":"var(--ast-global-color-5)","background-image":"","background-repeat":"repeat","background-position":"center center","background-size":"auto","background-attachment":"scroll","background-type":"","background-media":"","overlay-type":"","overlay-color":"","overlay-opacity":"","overlay-gradient":""},"tablet":{"background-color":"var(--ast-global-color-5)","background-image":"","background-repeat":"repeat","background-position":"center center","background-size":"auto","background-attachment":"scroll","background-type":"","background-media":"","overlay-type":"","overlay-color":"","overlay-opacity":"","overlay-gradient":""},"mobile":{"background-color":"var(--ast-global-color-5)","background-image":"","background-repeat":"repeat","background-position":"center center","background-size":"auto","background-attachment":"scroll","background-type":"","background-media":"","overlay-type":"","overlay-color":"","overlay-opacity":"","overlay-gradient":""}}},"product_brand":[],"product_cat":[413,424,427,403],"product_tag":[],"class_list":{"0":"post-4768","1":"product","2":"type-product","3":"status-publish","4":"has-post-thumbnail","6":"product_cat-antistatic-fabrics","7":"product_cat-medical-protection-product","8":"product_cat-petroleum-and-petrochemical","9":"product_cat-polyester-fabrics","10":"pa_available_colors-h-black","11":"desktop-align-left","12":"tablet-align-left","13":"mobile-align-left","14":"ast-product-gallery-layout-vertical-slider","15":"ast-product-tabs-layout-horizontal","17":"first","18":"instock","19":"shipping-taxable","20":"product-type-simple"},"uagb_featured_image_src":{"full":["https:\/\/www.sikortex.com\/wp-content\/uploads\/2023\/05\/O1CN01U9e7za2054is14LY0_2210428336797-0-cib.jpg",790,717,false],"thumbnail":["https:\/\/www.sikortex.com\/wp-content\/uploads\/2023\/05\/O1CN01U9e7za2054is14LY0_2210428336797-0-cib-150x150.jpg",150,150,true],"medium":["https:\/\/www.sikortex.com\/wp-content\/uploads\/2023\/05\/O1CN01U9e7za2054is14LY0_2210428336797-0-cib-300x272.jpg",300,272,true],"medium_large":["https:\/\/www.sikortex.com\/wp-content\/uploads\/2023\/05\/O1CN01U9e7za2054is14LY0_2210428336797-0-cib-768x697.jpg",768,697,true],"large":["https:\/\/www.sikortex.com\/wp-content\/uploads\/2023\/05\/O1CN01U9e7za2054is14LY0_2210428336797-0-cib.jpg",790,717,false],"1536x1536":["https:\/\/www.sikortex.com\/wp-content\/uploads\/2023\/05\/O1CN01U9e7za2054is14LY0_2210428336797-0-cib.jpg",790,717,false],"2048x2048":["https:\/\/www.sikortex.com\/wp-content\/uploads\/2023\/05\/O1CN01U9e7za2054is14LY0_2210428336797-0-cib.jpg",790,717,false],"trp-custom-language-flag":["https:\/\/www.sikortex.com\/wp-content\/uploads\/2023\/05\/O1CN01U9e7za2054is14LY0_2210428336797-0-cib.jpg",13,12,false],"woocommerce_thumbnail":["https:\/\/www.sikortex.com\/wp-content\/uploads\/2023\/05\/O1CN01U9e7za2054is14LY0_2210428336797-0-cib-300x300.jpg",300,300,true],"woocommerce_single":["https:\/\/www.sikortex.com\/wp-content\/uploads\/2023\/05\/O1CN01U9e7za2054is14LY0_2210428336797-0-cib-600x545.jpg",600,545,true],"woocommerce_gallery_thumbnail":["https:\/\/www.sikortex.com\/wp-content\/uploads\/2023\/05\/O1CN01U9e7za2054is14LY0_2210428336797-0-cib-100x100.jpg",100,100,true]},"uagb_author_info":{"display_name":"Perry","author_link":"https:\/\/www.sikortex.com\/pt\/author\/"},"uagb_comment_info":0,"uagb_excerpt":"2000 Meters(Min.Order)","_links":{"self":[{"href":"https:\/\/www.sikortex.com\/pt\/wp-json\/wp\/v2\/product\/4768","targetHints":{"allow":["GET"]}}],"collection":[{"href":"https:\/\/www.sikortex.com\/pt\/wp-json\/wp\/v2\/product"}],"about":[{"href":"https:\/\/www.sikortex.com\/pt\/wp-json\/wp\/v2\/types\/product"}],"replies":[{"embeddable":true,"href":"https:\/\/www.sikortex.com\/pt\/wp-json\/wp\/v2\/comments?post=4768"}],"wp:featuredmedia":[{"embeddable":true,"href":"https:\/\/www.sikortex.com\/pt\/wp-json\/wp\/v2\/media\/1620"}],"wp:attachment":[{"href":"https:\/\/www.sikortex.com\/pt\/wp-json\/wp\/v2\/media?parent=4768"}],"wp:term":[{"taxonomy":"product_brand","embeddable":true,"href":"https:\/\/www.sikortex.com\/pt\/wp-json\/wp\/v2\/product_brand?post=4768"},{"taxonomy":"product_cat","embeddable":true,"href":"https:\/\/www.sikortex.com\/pt\/wp-json\/wp\/v2\/product_cat?post=4768"},{"taxonomy":"product_tag","embeddable":true,"href":"https:\/\/www.sikortex.com\/pt\/wp-json\/wp\/v2\/product_tag?post=4768"}],"curies":[{"name":"wp","href":"https:\/\/api.w.org\/{rel}","templated":true}]}}