{"id":4758,"date":"2023-06-28T16:09:41","date_gmt":"2023-06-28T08:09:41","guid":{"rendered":"http:\/\/shihan.vihsu.com\/?post_type=product&#038;p=4758"},"modified":"2025-02-17T17:43:37","modified_gmt":"2025-02-17T09:43:37","slug":"tecidos-antibacterianos-600d-dty-oxford","status":"publish","type":"product","link":"https:\/\/www.sikortex.com\/pt\/produtos\/tecidos-antibacterianos-600d-dty-oxford\/","title":{"rendered":"Tecidos industriais de poli\u00e9ster 1200D de alta resist\u00eancia"},"content":{"rendered":"<p>O tecido de poli\u00e9ster 1200D tem usos industriais. Ele pode ser revestido para ser \u00e0 prova d&#039;\u00e1gua e respir\u00e1vel, ou pode ser transformado em tecido retardante de chamas.<br \/>\nComo tecido industrial, ele tem uma ampla gama de utiliza\u00e7\u00f5es em prote\u00e7\u00e3o industrial.<\/p>\n<p>Lona industrial:<br \/>\nEm campos industriais como constru\u00e7\u00e3o e transporte de carga, o tecido de poli\u00e9ster 1200D pode ser transformado em lona industrial ap\u00f3s ser revestido com propriedades imperme\u00e1veis e respir\u00e1veis. Para cobrir materiais de constru\u00e7\u00e3o, ele pode efetivamente evitar que a chuva danifique os materiais, e a respirabilidade ajuda a evitar que os materiais sob a lona fiquem mofados. No transporte de carga, ele pode proteger as mercadorias do clima de forma confi\u00e1vel, e a respirabilidade pode evitar que as mercadorias sejam danificadas devido \u00e0 veda\u00e7\u00e3o de longo prazo.<\/p>\n<p>Capa protetora do equipamento:<br \/>\nUsado para cobrir e proteger v\u00e1rios tipos de m\u00e1quinas e equipamentos industriais, como grandes m\u00e1quinas-ferramentas, motores, compressores, etc. O desempenho \u00e0 prova d&#039;\u00e1gua pode evitar que a chuva e a umidade corroam os principais componentes do equipamento, e a respirabilidade pode evitar que a superf\u00edcie ou o metal interno do equipamento enferrujem e corroam devido \u00e0 falta de circula\u00e7\u00e3o de ar na capa, estendendo a vida \u00fatil do equipamento e garantindo sua opera\u00e7\u00e3o est\u00e1vel.<\/p>\n<p>Instala\u00e7\u00f5es ao ar livre<br \/>\nToldos externos e toldos de chuva: podem ser usados para fabricar instala\u00e7\u00f5es externas, como toldos fora de edif\u00edcios e toldos de chuva em estacionamentos ao ar livre. Sua impermeabilidade pode bloquear efetivamente a invas\u00e3o de \u00e1gua da chuva e fornecer espa\u00e7o seco para a \u00e1rea abaixo na esta\u00e7\u00e3o chuvosa; a fun\u00e7\u00e3o respir\u00e1vel pode reduzir os problemas de condensa\u00e7\u00e3o e mofo que podem ocorrer em um ambiente fechado de longo prazo, manter a estabilidade do pr\u00f3prio desempenho da lona e fornecer \u00e0s pessoas um abrigo externo confort\u00e1vel por um longo tempo.<\/p>\n<p>Armazenamento e embalagem<br \/>\nMateriais de embalagem de carga grande: No armazenamento e transporte de alguns produtos industriais grandes ou mat\u00e9rias-primas com altos requisitos de resist\u00eancia \u00e0 umidade, este tecido de poli\u00e9ster 1200D imperme\u00e1vel e respir\u00e1vel pode ser usado como material de embalagem. Ele pode evitar que a umidade externa penetre na embalagem e cause danos \u00e0s mercadorias, e pode garantir um certo grau de circula\u00e7\u00e3o de ar na embalagem, evitando o ac\u00famulo de vapor de \u00e1gua e a deteriora\u00e7\u00e3o das mercadorias causadas pela veda\u00e7\u00e3o completa, e garantindo a qualidade e a seguran\u00e7a das mercadorias durante o armazenamento e transporte.<br \/>\nUso da fun\u00e7\u00e3o retardante de chamas<\/p>\n<p>Combate a inc\u00eandios e resgate de emerg\u00eancia<br \/>\nMateriais auxiliares de equipamentos de combate a inc\u00eandio: como grandes capas protetoras de equipamentos de extin\u00e7\u00e3o de inc\u00eandio no local de resgate de inc\u00eandio e os materiais de prote\u00e7\u00e3o externos de mangueiras de inc\u00eandio. No ambiente complexo e perigoso da cena do inc\u00eandio, o tecido de poli\u00e9ster 1200D retardante de chamas pode resistir efetivamente \u00e0 invas\u00e3o de chamas, evitar que o equipamento seja danificado pela propaga\u00e7\u00e3o das chamas, garantir o uso normal do equipamento de combate a inc\u00eandio em momentos cr\u00edticos e fornecer forte suporte para o bom andamento do trabalho de combate a inc\u00eandio e resgate.<\/p>\n<p>Instala\u00e7\u00f5es tempor\u00e1rias para resgate de emerg\u00eancia:<br \/>\nNo local do inc\u00eandio ou em outras cenas de resgate de desastres, instala\u00e7\u00f5es tempor\u00e1rias, como tendas de centro de comando tempor\u00e1rio e tendas de armazenamento de material de resgate feitas de tecidos de poli\u00e9ster 1200D retardantes de chamas. Pode evitar que as tendas sejam incendiadas pelas chamas ao redor, garantir o desenvolvimento seguro do trabalho de resgate, fornecer espa\u00e7o relativamente seguro para socorristas e v\u00edtimas de desastres e garantir a condu\u00e7\u00e3o ordenada das opera\u00e7\u00f5es de resgate.<\/p>\n<p>Transporte<br \/>\nProte\u00e7\u00e3o de interiores de ve\u00edculos: Usar tecidos Heavy Weight retardantes de chamas nas partes internas de ve\u00edculos grandes, como navios e trens, como capas de assento e materiais de revestimento de pain\u00e9is internos, pode melhorar a seguran\u00e7a geral dos ve\u00edculos. Em caso de emerg\u00eancia, como inc\u00eandio, tecidos retardantes de chamas podem atrasar a propaga\u00e7\u00e3o do fogo, dar mais tempo de evacua\u00e7\u00e3o para passageiros e reduzir v\u00edtimas e perdas de propriedade causadas por inc\u00eandios.<\/p>\n<p>Seguran\u00e7a industrial<br \/>\nInstala\u00e7\u00f5es de prote\u00e7\u00e3o em \u00e1reas de alto risco: Instala\u00e7\u00f5es de prote\u00e7\u00e3o em alguns locais industriais com riscos de inc\u00eandio extremamente altos, como \u00e1reas de opera\u00e7\u00e3o de alta temperatura e \u00e1reas de armazenamento de inflam\u00e1veis e explosivos em ind\u00fastrias como petroqu\u00edmica e fundi\u00e7\u00e3o de metais. Por exemplo, cortinas de isolamento, materiais de cobertura de parede de fogo, etc. Quando os funcion\u00e1rios trabalham nessas \u00e1reas, essas instala\u00e7\u00f5es de prote\u00e7\u00e3o feitas de tecidos industriais de poli\u00e9ster 1200D retardantes de chamas podem efetivamente reduzir o risco de propaga\u00e7\u00e3o de inc\u00eandio causado por inc\u00eandio, garantir a seguran\u00e7a do pessoal e a opera\u00e7\u00e3o est\u00e1vel das instala\u00e7\u00f5es de produ\u00e7\u00e3o e reduzir perdas em larga escala causadas por acidentes de inc\u00eandio.<\/p>\n<p>Ind\u00fastria de energia<br \/>\nCapas protetoras para equipamentos de energia: Capas protetoras feitas de tecidos Heavy Weight retardantes de chamas podem ser usadas para equipamentos de energia, como grandes transformadores e gabinetes de distribui\u00e7\u00e3o em subesta\u00e7\u00f5es. Quando um inc\u00eandio ocorre devido a uma falha de equipamento de energia, a capa protetora pode impedir a propaga\u00e7\u00e3o do fogo, proteger equipamentos e instala\u00e7\u00f5es ao redor, reduzir perdas causadas pelo fogo, evitar rea\u00e7\u00f5es em cadeia causadas por um inc\u00eandio em uma pe\u00e7a do equipamento e paralisar todo o sistema de energia e garantir a estabilidade e a seguran\u00e7a do fornecimento de energia.<\/p>","protected":false},"excerpt":{"rendered":"<p>1000 metros (pedido m\u00ednimo)<\/p>","protected":false},"featured_media":4901,"comment_status":"closed","ping_status":"closed","template":"","meta":{"_uag_custom_page_level_css":"","site-sidebar-layout":"default","site-content-layout":"default","ast-site-content-layout":"","site-content-style":"default","site-sidebar-style":"default","ast-global-header-display":"","ast-banner-title-visibility":"","ast-main-header-display":"","ast-hfb-above-header-display":"","ast-hfb-below-header-display":"","ast-hfb-mobile-header-display":"","site-post-title":"","ast-breadcrumbs-content":"","ast-featured-img":"","footer-sml-layout":"","theme-transparent-header-meta":"default","adv-header-id-meta":"","stick-header-meta":"default","header-above-stick-meta":"","header-main-stick-meta":"","header-below-stick-meta":"","astra-migrate-meta-layouts":"default","ast-page-background-enabled":"default","ast-page-background-meta":{"desktop":{"background-color":"","background-image":"","background-repeat":"repeat","background-position":"center center","background-size":"auto","background-attachment":"scroll","background-type":"","background-media":"","overlay-type":"","overlay-color":"","overlay-opacity":"","overlay-gradient":""},"tablet":{"background-color":"","background-image":"","background-repeat":"repeat","background-position":"center center","background-size":"auto","background-attachment":"scroll","background-type":"","background-media":"","overlay-type":"","overlay-color":"","overlay-opacity":"","overlay-gradient":""},"mobile":{"background-color":"","background-image":"","background-repeat":"repeat","background-position":"center center","background-size":"auto","background-attachment":"scroll","background-type":"","background-media":"","overlay-type":"","overlay-color":"","overlay-opacity":"","overlay-gradient":""}},"ast-content-background-meta":{"desktop":{"background-color":"var(--ast-global-color-5)","background-image":"","background-repeat":"repeat","background-position":"center center","background-size":"auto","background-attachment":"scroll","background-type":"","background-media":"","overlay-type":"","overlay-color":"","overlay-opacity":"","overlay-gradient":""},"tablet":{"background-color":"var(--ast-global-color-5)","background-image":"","background-repeat":"repeat","background-position":"center center","background-size":"auto","background-attachment":"scroll","background-type":"","background-media":"","overlay-type":"","overlay-color":"","overlay-opacity":"","overlay-gradient":""},"mobile":{"background-color":"var(--ast-global-color-5)","background-image":"","background-repeat":"repeat","background-position":"center center","background-size":"auto","background-attachment":"scroll","background-type":"","background-media":"","overlay-type":"","overlay-color":"","overlay-opacity":"","overlay-gradient":""}}},"product_brand":[],"product_cat":[417,1206,1183,432,1184,403,433,414],"product_tag":[],"class_list":{"0":"post-4758","1":"product","2":"type-product","3":"status-publish","4":"has-post-thumbnail","6":"product_cat-anti-bacterial-fabrics","7":"product_cat-fabric-for-bag","8":"product_cat-fabric-for-horse-blankets","9":"product_cat-fabric-for-tent","10":"product_cat-oxford-fabric","11":"product_cat-polyester-fabrics","12":"product_cat-textile-for-industrial","13":"product_cat-waterproof-fabrics","14":"pa_available_colors-911052-spc","15":"desktop-align-left","16":"tablet-align-left","17":"mobile-align-left","18":"ast-product-gallery-layout-vertical-slider","19":"ast-product-tabs-layout-horizontal","21":"first","22":"instock","23":"shipping-taxable","24":"product-type-simple"},"uagb_featured_image_src":{"full":["https:\/\/www.sikortex.com\/wp-content\/uploads\/2023\/06\/1-18.jpg",800,800,false],"thumbnail":["https:\/\/www.sikortex.com\/wp-content\/uploads\/2023\/06\/1-18-150x150.jpg",150,150,true],"medium":["https:\/\/www.sikortex.com\/wp-content\/uploads\/2023\/06\/1-18-300x300.jpg",300,300,true],"medium_large":["https:\/\/www.sikortex.com\/wp-content\/uploads\/2023\/06\/1-18-768x768.jpg",768,768,true],"large":["https:\/\/www.sikortex.com\/wp-content\/uploads\/2023\/06\/1-18.jpg",800,800,false],"1536x1536":["https:\/\/www.sikortex.com\/wp-content\/uploads\/2023\/06\/1-18.jpg",800,800,false],"2048x2048":["https:\/\/www.sikortex.com\/wp-content\/uploads\/2023\/06\/1-18.jpg",800,800,false],"trp-custom-language-flag":["https:\/\/www.sikortex.com\/wp-content\/uploads\/2023\/06\/1-18.jpg",12,12,false],"woocommerce_thumbnail":["https:\/\/www.sikortex.com\/wp-content\/uploads\/2023\/06\/1-18-300x300.jpg",300,300,true],"woocommerce_single":["https:\/\/www.sikortex.com\/wp-content\/uploads\/2023\/06\/1-18-600x600.jpg",600,600,true],"woocommerce_gallery_thumbnail":["https:\/\/www.sikortex.com\/wp-content\/uploads\/2023\/06\/1-18-100x100.jpg",100,100,true]},"uagb_author_info":{"display_name":"Perry","author_link":"https:\/\/www.sikortex.com\/pt\/author\/"},"uagb_comment_info":0,"uagb_excerpt":"1000 Meters(Min.Order)","_links":{"self":[{"href":"https:\/\/www.sikortex.com\/pt\/wp-json\/wp\/v2\/product\/4758","targetHints":{"allow":["GET"]}}],"collection":[{"href":"https:\/\/www.sikortex.com\/pt\/wp-json\/wp\/v2\/product"}],"about":[{"href":"https:\/\/www.sikortex.com\/pt\/wp-json\/wp\/v2\/types\/product"}],"replies":[{"embeddable":true,"href":"https:\/\/www.sikortex.com\/pt\/wp-json\/wp\/v2\/comments?post=4758"}],"wp:featuredmedia":[{"embeddable":true,"href":"https:\/\/www.sikortex.com\/pt\/wp-json\/wp\/v2\/media\/4901"}],"wp:attachment":[{"href":"https:\/\/www.sikortex.com\/pt\/wp-json\/wp\/v2\/media?parent=4758"}],"wp:term":[{"taxonomy":"product_brand","embeddable":true,"href":"https:\/\/www.sikortex.com\/pt\/wp-json\/wp\/v2\/product_brand?post=4758"},{"taxonomy":"product_cat","embeddable":true,"href":"https:\/\/www.sikortex.com\/pt\/wp-json\/wp\/v2\/product_cat?post=4758"},{"taxonomy":"product_tag","embeddable":true,"href":"https:\/\/www.sikortex.com\/pt\/wp-json\/wp\/v2\/product_tag?post=4758"}],"curies":[{"name":"wp","href":"https:\/\/api.w.org\/{rel}","templated":true}]}}