{"id":4687,"date":"2023-06-28T11:33:49","date_gmt":"2023-06-28T03:33:49","guid":{"rendered":"http:\/\/shihan.vihsu.com\/?post_type=product&#038;p=4687"},"modified":"2023-10-20T13:30:53","modified_gmt":"2023-10-20T05:30:53","slug":"grafeno-50d-tecido-multifuncional","status":"publish","type":"product","link":"https:\/\/www.sikortex.com\/pt\/produtos\/grafeno-50d-tecido-multifuncional\/","title":{"rendered":"Tecido multifuncional de grafeno 50D"},"content":{"rendered":"<p>Tecido multifuncional de grafeno SIKOR-TEX 50D \u2013 a escolha perfeita para quem exige funcionalidade e estilo em suas roupas. Este tecido \u00e9 feito de poli\u00e9ster 55% e fibra de grafeno 45%, resultando em uma mistura \u00fanica que oferece uma s\u00e9rie de benef\u00edcios para o usu\u00e1rio.<br \/>\nO tecido Graphene Fabric n\u00e3o se trata apenas de apar\u00eancia. Tamb\u00e9m \u00e9 incrivelmente resistente e pode suportar at\u00e9 as condi\u00e7\u00f5es mais adversas. Seu design r\u00edgido o torna adequado para uma variedade de atividades ao ar livre, desde roupas casuais at\u00e9 roupas esportivas de alto desempenho. O tecido \u00e9 imperme\u00e1vel e respir\u00e1vel, garantindo que voc\u00ea fique seco e confort\u00e1vel em qualquer clima. A sua excelente respirabilidade significa que pode us\u00e1-lo em altas temperaturas sem se sentir abafado ou desconfort\u00e1vel.<br \/>\nAl\u00e9m de suas caracter\u00edsticas pr\u00e1ticas, o Tecido Grafeno tamb\u00e9m oferece uma s\u00e9rie de benef\u00edcios \u00e0 sa\u00fade. \u00c9 antibacteriano e antiviral, evitando o crescimento de bact\u00e9rias e v\u00edrus nocivos. Sua radia\u00e7\u00e3o infravermelha e propriedades de libera\u00e7\u00e3o de \u00edons negativos promovem melhor circula\u00e7\u00e3o sangu\u00ednea e sa\u00fade geral. Suas propriedades antiest\u00e1ticas e resistentes aos raios UV protegem o usu\u00e1rio contra radia\u00e7\u00f5es nocivas e descargas est\u00e1ticas.<br \/>\nEste tecido \u00e9 perfeito para criar jaquetas duras, roupas de lazer, roupas de algod\u00e3o e jaquetas que s\u00e3o estilosas e pr\u00e1ticas. Suas propriedades \u00fanicas e design dur\u00e1vel o destacam de outros tecidos comumente usados em roupas ao ar livre.<\/p>","protected":false},"excerpt":{"rendered":"<p>600 metros (Pedido m\u00edn.)<\/p>","protected":false},"featured_media":4623,"comment_status":"closed","ping_status":"closed","template":"","meta":{"_uag_custom_page_level_css":"","site-sidebar-layout":"default","site-content-layout":"default","ast-site-content-layout":"","site-content-style":"default","site-sidebar-style":"default","ast-global-header-display":"","ast-banner-title-visibility":"","ast-main-header-display":"","ast-hfb-above-header-display":"","ast-hfb-below-header-display":"","ast-hfb-mobile-header-display":"","site-post-title":"","ast-breadcrumbs-content":"","ast-featured-img":"","footer-sml-layout":"","theme-transparent-header-meta":"default","adv-header-id-meta":"","stick-header-meta":"default","header-above-stick-meta":"","header-main-stick-meta":"","header-below-stick-meta":"","astra-migrate-meta-layouts":"default","ast-page-background-enabled":"default","ast-page-background-meta":{"desktop":{"background-color":"","background-image":"","background-repeat":"repeat","background-position":"center center","background-size":"auto","background-attachment":"scroll","background-type":"","background-media":"","overlay-type":"","overlay-color":"","overlay-opacity":"","overlay-gradient":""},"tablet":{"background-color":"","background-image":"","background-repeat":"repeat","background-position":"center center","background-size":"auto","background-attachment":"scroll","background-type":"","background-media":"","overlay-type":"","overlay-color":"","overlay-opacity":"","overlay-gradient":""},"mobile":{"background-color":"","background-image":"","background-repeat":"repeat","background-position":"center center","background-size":"auto","background-attachment":"scroll","background-type":"","background-media":"","overlay-type":"","overlay-color":"","overlay-opacity":"","overlay-gradient":""}},"ast-content-background-meta":{"desktop":{"background-color":"var(--ast-global-color-5)","background-image":"","background-repeat":"repeat","background-position":"center center","background-size":"auto","background-attachment":"scroll","background-type":"","background-media":"","overlay-type":"","overlay-color":"","overlay-opacity":"","overlay-gradient":""},"tablet":{"background-color":"var(--ast-global-color-5)","background-image":"","background-repeat":"repeat","background-position":"center center","background-size":"auto","background-attachment":"scroll","background-type":"","background-media":"","overlay-type":"","overlay-color":"","overlay-opacity":"","overlay-gradient":""},"mobile":{"background-color":"var(--ast-global-color-5)","background-image":"","background-repeat":"repeat","background-position":"center center","background-size":"auto","background-attachment":"scroll","background-type":"","background-media":"","overlay-type":"","overlay-color":"","overlay-opacity":"","overlay-gradient":""}}},"product_brand":[],"product_cat":[431,428,1145,424,403],"product_tag":[],"class_list":{"0":"post-4687","1":"product","2":"type-product","3":"status-publish","4":"has-post-thumbnail","6":"product_cat-fabric-for-commuting-clothing","7":"product_cat-fabric-for-outdoor-sports","8":"product_cat-lightweight-fabric","9":"product_cat-medical-protection-product","10":"product_cat-polyester-fabrics","11":"pa_available_colors-911052-spc","12":"desktop-align-left","13":"tablet-align-left","14":"mobile-align-left","15":"ast-product-gallery-layout-vertical-slider","16":"ast-product-tabs-layout-horizontal","18":"first","19":"instock","20":"shipping-taxable","21":"product-type-simple"},"uagb_featured_image_src":{"full":["https:\/\/www.sikortex.com\/wp-content\/uploads\/2023\/06\/O1CN01Fj9Gsu1fGQmZMBIRP_2215713353979-0-cib.jpg",800,800,false],"thumbnail":["https:\/\/www.sikortex.com\/wp-content\/uploads\/2023\/06\/O1CN01Fj9Gsu1fGQmZMBIRP_2215713353979-0-cib-150x150.jpg",150,150,true],"medium":["https:\/\/www.sikortex.com\/wp-content\/uploads\/2023\/06\/O1CN01Fj9Gsu1fGQmZMBIRP_2215713353979-0-cib-300x300.jpg",300,300,true],"medium_large":["https:\/\/www.sikortex.com\/wp-content\/uploads\/2023\/06\/O1CN01Fj9Gsu1fGQmZMBIRP_2215713353979-0-cib-768x768.jpg",768,768,true],"large":["https:\/\/www.sikortex.com\/wp-content\/uploads\/2023\/06\/O1CN01Fj9Gsu1fGQmZMBIRP_2215713353979-0-cib.jpg",800,800,false],"1536x1536":["https:\/\/www.sikortex.com\/wp-content\/uploads\/2023\/06\/O1CN01Fj9Gsu1fGQmZMBIRP_2215713353979-0-cib.jpg",800,800,false],"2048x2048":["https:\/\/www.sikortex.com\/wp-content\/uploads\/2023\/06\/O1CN01Fj9Gsu1fGQmZMBIRP_2215713353979-0-cib.jpg",800,800,false],"trp-custom-language-flag":["https:\/\/www.sikortex.com\/wp-content\/uploads\/2023\/06\/O1CN01Fj9Gsu1fGQmZMBIRP_2215713353979-0-cib.jpg",12,12,false],"woocommerce_thumbnail":["https:\/\/www.sikortex.com\/wp-content\/uploads\/2023\/06\/O1CN01Fj9Gsu1fGQmZMBIRP_2215713353979-0-cib-300x300.jpg",300,300,true],"woocommerce_single":["https:\/\/www.sikortex.com\/wp-content\/uploads\/2023\/06\/O1CN01Fj9Gsu1fGQmZMBIRP_2215713353979-0-cib-600x600.jpg",600,600,true],"woocommerce_gallery_thumbnail":["https:\/\/www.sikortex.com\/wp-content\/uploads\/2023\/06\/O1CN01Fj9Gsu1fGQmZMBIRP_2215713353979-0-cib-100x100.jpg",100,100,true]},"uagb_author_info":{"display_name":"Perry","author_link":"https:\/\/www.sikortex.com\/pt\/author\/"},"uagb_comment_info":0,"uagb_excerpt":"600 Meters(Min.Order)","_links":{"self":[{"href":"https:\/\/www.sikortex.com\/pt\/wp-json\/wp\/v2\/product\/4687","targetHints":{"allow":["GET"]}}],"collection":[{"href":"https:\/\/www.sikortex.com\/pt\/wp-json\/wp\/v2\/product"}],"about":[{"href":"https:\/\/www.sikortex.com\/pt\/wp-json\/wp\/v2\/types\/product"}],"replies":[{"embeddable":true,"href":"https:\/\/www.sikortex.com\/pt\/wp-json\/wp\/v2\/comments?post=4687"}],"wp:featuredmedia":[{"embeddable":true,"href":"https:\/\/www.sikortex.com\/pt\/wp-json\/wp\/v2\/media\/4623"}],"wp:attachment":[{"href":"https:\/\/www.sikortex.com\/pt\/wp-json\/wp\/v2\/media?parent=4687"}],"wp:term":[{"taxonomy":"product_brand","embeddable":true,"href":"https:\/\/www.sikortex.com\/pt\/wp-json\/wp\/v2\/product_brand?post=4687"},{"taxonomy":"product_cat","embeddable":true,"href":"https:\/\/www.sikortex.com\/pt\/wp-json\/wp\/v2\/product_cat?post=4687"},{"taxonomy":"product_tag","embeddable":true,"href":"https:\/\/www.sikortex.com\/pt\/wp-json\/wp\/v2\/product_tag?post=4687"}],"curies":[{"name":"wp","href":"https:\/\/api.w.org\/{rel}","templated":true}]}}